{"id":231,"date":"2025-08-02T14:17:24","date_gmt":"2025-08-02T14:17:24","guid":{"rendered":"https:\/\/tennisbet.net\/domov\/"},"modified":"2025-08-02T14:17:24","modified_gmt":"2025-08-02T14:17:24","slug":"domov","status":"publish","type":"page","link":"https:\/\/tennisbet.net\/cs\/","title":{"rendered":"Domov"},"content":{"rendered":"<h2>Tipy na s\u00e1zen\u00ed na tenis<\/h2>\n<p><span style=\"font-size: 14pt;\">Tak\u017ee jste fanou\u0161kem tenisu a z\u00e1rove\u0148 sportovn\u00edho s\u00e1zen\u00ed? Pokud ano, jste na spr\u00e1vn\u00e9m m\u00edst\u011b. Na\u0161e webov\u00e9 str\u00e1nky si kladou za c\u00edl poskytnout v\u00e1m podrobn\u00e9 informace o:<\/span><\/p>\n<ul>\n<li><span style=\"font-size: 14pt;\"><em><strong>aktu\u00e1ln\u00edch tenisov\u00fdch ud\u00e1lostech, na kter\u00e9 m\u016f\u017eete s\u00e1zet<\/strong><\/em><\/span><\/li>\n<li><span style=\"font-size: 14pt;\"><em><strong>recenz\u00edch nejlep\u0161\u00edch s\u00e1zkov\u00fdch kancel\u00e1\u0159\u00ed pro tenisov\u00e9 s\u00e1zky<\/strong><\/em><\/span><\/li>\n<li><span style=\"font-size: 14pt;\"><em><strong>tipech a tipech na nadch\u00e1zej\u00edc\u00ed tenisov\u00e9 z\u00e1pasy<\/strong><\/em><\/span><\/li>\n<li><span style=\"font-size: 14pt;\"><em><strong>a, co je obzvl\u00e1\u0161t\u011b d\u016fle\u017eit\u00e9: tipech pro s\u00e1zen\u00ed b\u011bhem tenisov\u00fdch z\u00e1pas\u016f<\/strong><\/em><\/span><\/li>\n<\/ul>\n<p>Spr\u00e1vce webu je b\u00fdval\u00fd tenisov\u00fd profesion\u00e1l s des\u00edtkami let zku\u0161enost\u00ed v tren\u00e9rstv\u00ed. Jeho specializac\u00ed je anal\u00fdza her a tak\u00e9 hled\u00e1n\u00ed siln\u00fdch a slab\u00fdch str\u00e1nek konkr\u00e9tn\u00edho hr\u00e1\u010de. Vyu\u017e\u00edv\u00e1 sv\u00fdch dlouholet\u00fdch zku\u0161enost\u00ed s poradenstv\u00edm v oblasti z\u00e1pasov\u00e9 strategie a sledov\u00e1n\u00edm zm\u011bn v chov\u00e1n\u00ed hr\u00e1\u010d\u016f b\u011bhem hry, aby dal s\u00e1zka\u0159\u016fm v\u00fdhodu proti \u201ekasin\u011b\u201c, nap\u0159. s\u00e1zkov\u00e9 kancel\u00e1\u0159i.<\/p>\n<p>Jeho **tipy na s\u00e1zen\u00ed na tenis** v\u00e1m jako s\u00e1zka\u0159i pomohou naj\u00edt ziskov\u00e9 pozice pro s\u00e1zen\u00ed na ur\u010dit\u00e9 ud\u00e1losti b\u011bhem z\u00e1pasu, nap\u0159\u00edklad p\u0159i p\u0159edpov\u00edd\u00e1n\u00ed, kdo bude dal\u0161\u00edm hr\u00e1\u010dem, kter\u00fd prohraje sv\u016fj servis. Nebo si p\u0159edstavte, \u017ee dok\u00e1\u017eete poznat, \u017ee se z\u00e1pas chyst\u00e1 obr\u00e1tit \u2013 m\u016f\u017eete vsadit na hr\u00e1\u010de, kter\u00fd se v danou chv\u00edli zd\u00e1 b\u00fdt velk\u00fdm outsiderem, kdy\u017e je \u0161ance na jeho comeback skv\u011bl\u00e1.<br \/>\n**Recenze s\u00e1zkov\u00fdch kancel\u00e1\u0159\u00ed na tenis**<\/p>\n<p>Samoz\u0159ejm\u011b je d\u016fle\u017eit\u00e9, kterou s\u00e1zkovou kancel\u00e1\u0159 pou\u017eijete k pod\u00e1n\u00ed sv\u00e9 tenisov\u00e9 s\u00e1zky. Str\u00e1nka by m\u011bla m\u00edt skv\u011bl\u00e9 kurzy, m\u011bla by b\u00fdt snadno ovladateln\u00e1, nab\u00edzet vynikaj\u00edc\u00ed bonus za v\u00e1\u0161 prvn\u00ed vklad a tak\u00e9 skv\u011bl\u00e9 propaga\u010dn\u00ed akce pro st\u00e1vaj\u00edc\u00ed z\u00e1kazn\u00edky. D\u016fle\u017eit\u00e9 jsou tak\u00e9 pohodln\u00e9 a bezpe\u010dn\u00e9 mo\u017enosti vkladu a v\u00fdb\u011bru, stejn\u011b jako vynikaj\u00edc\u00ed a kompetentn\u00ed z\u00e1kaznick\u00fd servis.<\/p>\n<p><strong>A tady je ten nejd\u016fle\u017eit\u011bj\u0161\u00ed prvek:<\/strong> Jak\u00e9 druhy s\u00e1zek na tenis nab\u00edzej\u00ed? Prov\u011b\u0159ili jsme mnoho s\u00e1zkov\u00fdch web\u016f a jen velmi m\u00e1lo z nich je skute\u010dn\u011b dobr\u00fdch, pokud jde o s\u00e1zen\u00ed na tenis. Pokud chcete skute\u010dn\u011b co nejl\u00e9pe vyu\u017e\u00edt sv\u00e9 st\u00e1vaj\u00edc\u00ed znalosti o tomto sportu a maxim\u00e1ln\u011b vyu\u017e\u00edt tenisov\u00e9 tipy, kter\u00e9 zde na na\u0161ich webov\u00fdch str\u00e1nk\u00e1ch z\u00edsk\u00e1te, pak je tu jeden web, kter\u00fd m\u016f\u017eeme obzvl\u00e1\u0161t\u011b doporu\u010dit.<\/p>\n<p><strong>Podle na\u0161eho n\u00e1zoru neexistuje lep\u0161\u00ed m\u00edsto ne\u017e Bet365<\/strong>. Jedn\u00e1 se o web sv\u011btov\u00e9 t\u0159\u00eddy pro v\u0161echny druhy hazardn\u00edch her, jako je online kasino, automaty o skute\u010dn\u00e9 pen\u00edze, online poker, dokonce i online bingo. Pr\u00e1v\u011b jejich sekce sportovn\u00edch s\u00e1zek vynik\u00e1 skv\u011bl\u00fdmi kurzy a \u0161irokou \u0161k\u00e1lou sport\u016f, na kter\u00e9 m\u016f\u017eete s\u00e1zet. <a href=\"index.php?option=com_content&amp;view=article&amp;id=58&amp;Itemid=220\"><span style=\"text-decoration: underline;\">P\u0159e\u010dt\u011bte si recenzi Bet365 zde<\/span><\/a> nebo <span style=\"text-decoration: underline;\"><a href=\"go\/bet365.html\" target=\"_blank\" rel=\"noopener\">klikn\u011bte sem pro p\u0159\u00edm\u00fd p\u0159echod na jejich webov\u00e9 str\u00e1nky.<\/a><\/span><\/p>\n<p><strong>Nejd\u016fle\u017eit\u011bj\u0161\u00ed pro v\u00e1s:<\/strong>\u00a0Bet365 m\u00e1 zdaleka nejlep\u0161\u00ed program s\u00e1zen\u00ed na tenis b\u011bhem hry. M\u016f\u017eete s\u00e1zet nejen na to, kdo vyhraje dal\u0161\u00ed gem, set nebo z\u00e1pas. M\u016f\u017eete vsadit na to, kolik gem\u016f bude m\u00edt aktu\u00e1ln\u00ed (nebo dal\u0161\u00ed) set, tipovat v\u00fdsledek n\u00e1sleduj\u00edc\u00edch t\u0159\u00ed gem\u016f a mnoho dal\u0161\u00edch mo\u017enost\u00ed a m\u00edst, kde m\u016f\u017eete vsadit ziskovou s\u00e1zku. Toto je str\u00e1nka, kde m\u016f\u017eete vyu\u017e\u00edt na\u0161e tipy na s\u00e1zen\u00ed na tenis a dos\u00e1hnout nejlep\u0161\u00edch v\u00fdsledk\u016f!<\/p>\n<h2>Sledujte sv\u016fj z\u00e1pas &#8211; \u017eiv\u00e9 p\u0159enosy na Bet365<\/h2>\n<p>Chcete-li pou\u017e\u00edvat slu\u017ebu \u017eiv\u00e9ho vys\u00edl\u00e1n\u00ed tenisov\u00fdch z\u00e1pas\u016f, mus\u00edte b\u00fdt p\u0159ihl\u00e1\u0161eni ke sv\u00e9mu \u00fa\u010dtu Bet365 a m\u00edt vlo\u017een\u00fd \u00fa\u010det nebo mus\u00edte na dan\u00fd z\u00e1pas v posledn\u00edch 24 hodin\u00e1ch vsadit. Jak\u00e1koli ud\u00e1lost na webov\u00fdch str\u00e1nk\u00e1ch Bet365, kter\u00e1 m\u00e1 vedle sebe ikonu P\u0159ehr\u00e1t nebo Video, bude vys\u00edl\u00e1na prost\u0159ednictv\u00edm \u017eiv\u00e9ho vys\u00edl\u00e1n\u00ed. To samoz\u0159ejm\u011b funguje i pro fotbalov\u00e9 z\u00e1pasy a mnoho dal\u0161\u00edch sport\u016f.<\/p>\n<p>Toto najdete pouze na Bet365 a je to typ s\u00e1zky, kter\u00e1 je opravdu zaj\u00edmav\u00e1 &#8211; pokud v\u00edte, na co si d\u00e1t pozor a jak\u00e9 faktory je t\u0159eba zv\u00e1\u017eit p\u0159ed pod\u00e1n\u00edm takov\u00e9 tenisov\u00e9 s\u00e1zky. Nezapome\u0148te si p\u0159e\u010d\u00edst \u010dl\u00e1nky na na\u0161ich webov\u00fdch str\u00e1nk\u00e1ch, pomohou v\u00e1m z\u00edskat dobr\u00fd p\u0159ehled o prob\u00edhaj\u00edc\u00edm tenisov\u00e9m z\u00e1pase.<\/p>\n<h2>Alternativn\u00ed s\u00e1zkov\u00e9 str\u00e1nky na tenis, pokud s\u00eddl\u00edte v USA<\/h2>\n<p>Bet365 nep\u0159ij\u00edm\u00e1 s\u00e1zky od obyvatel USA, ale zjistil jsem, \u017ee Intertops je vynikaj\u00edc\u00ed alternativou. D\u00edky s\u00e1zk\u00e1m ve h\u0159e, kter\u00e9 jsou t\u00e9m\u011b\u0159 stejn\u011b dobr\u00e9 jako u Bet365, a \u0161irok\u00e9mu v\u00fdb\u011bru s\u00e1zek na tenis obecn\u011b, by to byla moje nejobl\u00edben\u011bj\u0161\u00ed s\u00e1zkov\u00e1 kancel\u00e1\u0159 na americk\u00e9m trhu. <strong><span style=\"text-decoration: underline;\"><a href=\"go\/intertopsen.html\" target=\"_blank\" rel=\"noopener\">Pod\u00edvejte se na n\u011b zde.<\/a><\/span><\/strong><\/p>\n<h2>S\u00e1zen\u00ed na v\u00edt\u011bze tenisov\u00fdch z\u00e1pas\u016f a celkov\u00e9 v\u00edt\u011bze turnaj\u016f<\/h2>\n<p>A\u0165 u\u017e se jedn\u00e1 o mu\u017esk\u00fd okruh ATP, \u017eensk\u00fd turnaj WTA, Davis Cup nebo Fed Cup: Pod\u00edv\u00e1me se na v\u0161echny hlavn\u00ed ud\u00e1losti t\u011bchto okruh\u016f, prov\u011b\u0159\u00edme jejich losov\u00e1n\u00ed a vybereme pro v\u00e1s pravd\u011bpodobn\u00e9 v\u00edt\u011bze s dobr\u00fdmi kurzy. ExistujeNem\u00e1 moc smysl s\u00e1zet na to, \u017ee Novak Djokovi\u0107 vyhraje z\u00e1pas, kde s\u00e1zkou 100 dolar\u016f vyd\u011bl\u00e1te 2 dolary. Ale s\u00e1zka s v\u00fdborn\u00fdm kurzem na outsidera v prvn\u00edm kole tenisov\u00e9ho z\u00e1pasu, kter\u00fd v p\u0159edchoz\u00edch turnaj\u00edch p\u0159edvedl vynikaj\u00edc\u00ed formu, je p\u0159esn\u011b ten typ s\u00e1zky, kterou bych vsadil j\u00e1.<\/p>\n<p>Vybrat v\u00edt\u011bze tenisov\u00e9ho turnaje je ze v\u0161ech nejt\u011b\u017e\u0161\u00ed \u00fakol. M\u016f\u017ee se st\u00e1t tolik v\u011bc\u00ed \u2013 nap\u0159\u00edklad \u0161pi\u010dkov\u00fd hr\u00e1\u010d se m\u016f\u017ee zranit nebo m\u00edt \u0161patn\u00fd den. A ani tenisov\u00e1 jedni\u010dka na sv\u011bt\u011b nem\u00e1 zaru\u010deno, \u017ee vyhraje ka\u017ed\u00fd turnaj, kter\u00e9ho se z\u00fa\u010dastn\u00ed. Na\u0161e tipy na s\u00e1zen\u00ed na tenis v\u00e1m pomohou vyhnout se drah\u00fdm s\u00e1zk\u00e1m s mal\u00fdm ziskem a zlep\u0161it va\u0161e s\u00e1zkov\u00e9 v\u00fdsledky.<\/p>\n","protected":false},"excerpt":{"rendered":"<p>Tipy na s\u00e1zen\u00ed na tenis Tak\u017ee jste fanou\u0161kem tenisu a z\u00e1rove\u0148 sportovn\u00edho s\u00e1zen\u00ed? Pokud ano, jste na spr\u00e1vn\u00e9m m\u00edst\u011b. Na\u0161e webov\u00e9 str\u00e1nky si kladou za c\u00edl poskytnout v\u00e1m podrobn\u00e9 informace o: aktu\u00e1ln\u00edch tenisov\u00fdch ud\u00e1lostech, na kter\u00e9 m\u016f\u017eete s\u00e1zet recenz\u00edch nejlep\u0161\u00edch s\u00e1zkov\u00fdch kancel\u00e1\u0159\u00ed pro tenisov\u00e9 s\u00e1zky tipech a tipech na nadch\u00e1zej\u00edc\u00ed tenisov\u00e9 z\u00e1pasy a, co je &#8230; <a title=\"Domov\" class=\"read-more\" href=\"https:\/\/tennisbet.net\/cs\/\" aria-label=\"\u010c\u00edst v\u00edce o Domov\">\u010c\u00edst d\u00e1l<\/a><\/p>\n","protected":false},"author":1,"featured_media":0,"parent":0,"menu_order":0,"comment_status":"closed","ping_status":"closed","template":"","meta":{"footnotes":""},"class_list":["post-231","page","type-page","status-publish"],"yoast_head":"<!-- This site is optimized with the Yoast SEO plugin v27.5 - https:\/\/yoast.com\/product\/yoast-seo-wordpress\/ -->\n<title>S\u00e1zka na dom\u00e1c\u00ed tenis<\/title>\n<meta name=\"robots\" content=\"index, follow, max-snippet:-1, max-image-preview:large, max-video-preview:-1\" \/>\n<link rel=\"canonical\" href=\"https:\/\/tennisbet.net\/cs\/\" \/>\n<meta property=\"og:locale\" content=\"cs_CZ\" \/>\n<meta property=\"og:type\" content=\"article\" \/>\n<meta property=\"og:title\" content=\"S\u00e1zka na dom\u00e1c\u00ed tenis\" \/>\n<meta property=\"og:description\" content=\"Tipy na s\u00e1zen\u00ed na tenis Tak\u017ee jste fanou\u0161kem tenisu a z\u00e1rove\u0148 sportovn\u00edho s\u00e1zen\u00ed? Pokud ano, jste na spr\u00e1vn\u00e9m m\u00edst\u011b. Na\u0161e webov\u00e9 str\u00e1nky si kladou za c\u00edl poskytnout v\u00e1m podrobn\u00e9 informace o: aktu\u00e1ln\u00edch tenisov\u00fdch ud\u00e1lostech, na kter\u00e9 m\u016f\u017eete s\u00e1zet recenz\u00edch nejlep\u0161\u00edch s\u00e1zkov\u00fdch kancel\u00e1\u0159\u00ed pro tenisov\u00e9 s\u00e1zky tipech a tipech na nadch\u00e1zej\u00edc\u00ed tenisov\u00e9 z\u00e1pasy a, co je ... \u010c\u00edst d\u00e1l\" \/>\n<meta property=\"og:url\" content=\"https:\/\/tennisbet.net\/cs\/\" \/>\n<meta name=\"twitter:card\" content=\"summary_large_image\" \/>\n<meta name=\"twitter:label1\" content=\"Odhadovan\u00e1 doba \u010dten\u00ed\" \/>\n\t<meta name=\"twitter:data1\" content=\"6 minut\" \/>\n<script type=\"application\/ld+json\" class=\"yoast-schema-graph\">{\"@context\":\"https:\\\/\\\/schema.org\",\"@graph\":[{\"@type\":\"WebPage\",\"@id\":\"https:\\\/\\\/tennisbet.net\\\/cs\\\/\",\"url\":\"https:\\\/\\\/tennisbet.net\\\/cs\\\/\",\"name\":\"S\u00e1zka na dom\u00e1c\u00ed tenis\",\"isPartOf\":{\"@id\":\"https:\\\/\\\/tennisbet.net\\\/cs\\\/#website\"},\"datePublished\":\"2025-08-02T14:17:24+00:00\",\"breadcrumb\":{\"@id\":\"https:\\\/\\\/tennisbet.net\\\/cs\\\/#breadcrumb\"},\"inLanguage\":\"cs\",\"potentialAction\":[{\"@type\":\"ReadAction\",\"target\":[\"https:\\\/\\\/tennisbet.net\\\/cs\\\/\"]}]},{\"@type\":\"BreadcrumbList\",\"@id\":\"https:\\\/\\\/tennisbet.net\\\/cs\\\/#breadcrumb\",\"itemListElement\":[{\"@type\":\"ListItem\",\"position\":1,\"name\":\"Home\",\"item\":\"https:\\\/\\\/tennisbet.net\\\/cs\\\/\"},{\"@type\":\"ListItem\",\"position\":2,\"name\":\"Domov\"}]},{\"@type\":\"WebSite\",\"@id\":\"https:\\\/\\\/tennisbet.net\\\/cs\\\/#website\",\"url\":\"https:\\\/\\\/tennisbet.net\\\/cs\\\/\",\"name\":\"\",\"description\":\"\",\"potentialAction\":[{\"@type\":\"SearchAction\",\"target\":{\"@type\":\"EntryPoint\",\"urlTemplate\":\"https:\\\/\\\/tennisbet.net\\\/cs\\\/?s={search_term_string}\"},\"query-input\":{\"@type\":\"PropertyValueSpecification\",\"valueRequired\":true,\"valueName\":\"search_term_string\"}}],\"inLanguage\":\"cs\"}]}<\/script>\n<!-- \/ Yoast SEO plugin. -->","yoast_head_json":{"title":"S\u00e1zka na dom\u00e1c\u00ed tenis","robots":{"index":"index","follow":"follow","max-snippet":"max-snippet:-1","max-image-preview":"max-image-preview:large","max-video-preview":"max-video-preview:-1"},"canonical":"https:\/\/tennisbet.net\/cs\/","og_locale":"cs_CZ","og_type":"article","og_title":"S\u00e1zka na dom\u00e1c\u00ed tenis","og_description":"Tipy na s\u00e1zen\u00ed na tenis Tak\u017ee jste fanou\u0161kem tenisu a z\u00e1rove\u0148 sportovn\u00edho s\u00e1zen\u00ed? Pokud ano, jste na spr\u00e1vn\u00e9m m\u00edst\u011b. Na\u0161e webov\u00e9 str\u00e1nky si kladou za c\u00edl poskytnout v\u00e1m podrobn\u00e9 informace o: aktu\u00e1ln\u00edch tenisov\u00fdch ud\u00e1lostech, na kter\u00e9 m\u016f\u017eete s\u00e1zet recenz\u00edch nejlep\u0161\u00edch s\u00e1zkov\u00fdch kancel\u00e1\u0159\u00ed pro tenisov\u00e9 s\u00e1zky tipech a tipech na nadch\u00e1zej\u00edc\u00ed tenisov\u00e9 z\u00e1pasy a, co je ... \u010c\u00edst d\u00e1l","og_url":"https:\/\/tennisbet.net\/cs\/","twitter_card":"summary_large_image","twitter_misc":{"Odhadovan\u00e1 doba \u010dten\u00ed":"6 minut"},"schema":{"@context":"https:\/\/schema.org","@graph":[{"@type":"WebPage","@id":"https:\/\/tennisbet.net\/cs\/","url":"https:\/\/tennisbet.net\/cs\/","name":"S\u00e1zka na dom\u00e1c\u00ed tenis","isPartOf":{"@id":"https:\/\/tennisbet.net\/cs\/#website"},"datePublished":"2025-08-02T14:17:24+00:00","breadcrumb":{"@id":"https:\/\/tennisbet.net\/cs\/#breadcrumb"},"inLanguage":"cs","potentialAction":[{"@type":"ReadAction","target":["https:\/\/tennisbet.net\/cs\/"]}]},{"@type":"BreadcrumbList","@id":"https:\/\/tennisbet.net\/cs\/#breadcrumb","itemListElement":[{"@type":"ListItem","position":1,"name":"Home","item":"https:\/\/tennisbet.net\/cs\/"},{"@type":"ListItem","position":2,"name":"Domov"}]},{"@type":"WebSite","@id":"https:\/\/tennisbet.net\/cs\/#website","url":"https:\/\/tennisbet.net\/cs\/","name":"","description":"","potentialAction":[{"@type":"SearchAction","target":{"@type":"EntryPoint","urlTemplate":"https:\/\/tennisbet.net\/cs\/?s={search_term_string}"},"query-input":{"@type":"PropertyValueSpecification","valueRequired":true,"valueName":"search_term_string"}}],"inLanguage":"cs"}]}},"_links":{"self":[{"href":"https:\/\/tennisbet.net\/cs\/wp-json\/wp\/v2\/pages\/231","targetHints":{"allow":["GET"]}}],"collection":[{"href":"https:\/\/tennisbet.net\/cs\/wp-json\/wp\/v2\/pages"}],"about":[{"href":"https:\/\/tennisbet.net\/cs\/wp-json\/wp\/v2\/types\/page"}],"author":[{"embeddable":true,"href":"https:\/\/tennisbet.net\/cs\/wp-json\/wp\/v2\/users\/1"}],"replies":[{"embeddable":true,"href":"https:\/\/tennisbet.net\/cs\/wp-json\/wp\/v2\/comments?post=231"}],"version-history":[{"count":0,"href":"https:\/\/tennisbet.net\/cs\/wp-json\/wp\/v2\/pages\/231\/revisions"}],"wp:attachment":[{"href":"https:\/\/tennisbet.net\/cs\/wp-json\/wp\/v2\/media?parent=231"}],"curies":[{"name":"wp","href":"https:\/\/api.w.org\/{rel}","templated":true}]}}