{"id":232,"date":"2025-08-02T14:17:24","date_gmt":"2025-08-02T14:17:24","guid":{"rendered":"https:\/\/tennisbet.net\/hjem\/"},"modified":"2025-08-02T14:17:24","modified_gmt":"2025-08-02T14:17:24","slug":"hjem","status":"publish","type":"page","link":"https:\/\/tennisbet.net\/da\/","title":{"rendered":"Hjem"},"content":{"rendered":"<h2>Tips til tennisv\u00e6ddem\u00e5l<\/h2>\n<p><span style=\"font-size: 14pt;\">S\u00e5 du er tennisfan og ogs\u00e5 interesseret i sportsv\u00e6ddem\u00e5l? Hvis ja, er du kommet til det rette sted. Vores hjemmeside har til form\u00e5l at give dig dybdeg\u00e5ende information om:<\/span><\/p>\n<ul>\n<li><span style=\"font-size: 14pt;\"><em><strong>aktuelle tennisbegivenheder, du kan placere v\u00e6ddem\u00e5l p\u00e5<\/strong><\/em><\/span><\/li>\n<li><span style=\"font-size: 14pt;\"><em><strong>anmeldelser af den bedste sportsbook-side for tennisv\u00e6ddem\u00e5l<\/strong><\/em><\/span><\/li>\n<li><span style=\"font-size: 14pt;\"><em><strong>tips og valg til kommende tenniskampe<\/strong><\/em><\/span><\/li>\n<li><span style=\"font-size: 14pt;\"><em><strong>og, is\u00e6r vigtigt: tips til in-game betting under tenniskampe<\/strong><\/em><\/span><\/li>\n<\/ul>\n<p>Webmasteren er en tidligere tennisprofessionel med \u00e5rtiers erfaring som coach. Hans speciale er spilanalyse samt at finde styrker og svagheder hos en specifik spiller. Han bruger sin mange\u00e5rige erfaring med at r\u00e5dgive om kampstrategi og observere adf\u00e6rds\u00e6ndringer hos spillere under en kamp for at give sportsbettere en fordel i forhold til &#8220;huset&#8221;, f.eks. sportsbook-siden.<\/p>\n<p>Hans **tennis-v\u00e6ddem\u00e5lstips** vil hj\u00e6lpe dig som sportsbetter med at finde profitable steder at spille p\u00e5 bestemte begivenheder under en kamp, \u200b\u200bfor eksempel med at forudsige, hvem der bliver den n\u00e6ste spiller, der taber sin serve. Eller forestil dig at kunne se, at en kamp er ved at vende &#8211; du kunne spille p\u00e5 en spiller, der ser ud til at v\u00e6re den store underdog i \u00f8jeblikket, n\u00e5r oddsene for, at han g\u00f8r comeback, er store.<\/p>\n<p>**Anmeldelser af tennis-v\u00e6ddem\u00e5lssider**<br \/>\nDet er selvf\u00f8lgelig vigtigt, hvilken sportsbook-side du bruger til at placere dit tennisv\u00e6ddem\u00e5l. Siden skal have gode odds, v\u00e6re nem at navigere p\u00e5, tilbyde en fremragende bonus p\u00e5 din f\u00f8rste indbetaling samt gode kampagner for eksisterende kunder. Komfortable og sikre ind- og udbetalingsmuligheder er ogs\u00e5 vigtige, og det samme er fremragende og kompetent kundeservice.<\/p>\n<p><strong>Og her er det mest afg\u00f8rende element:<\/strong> Hvilke slags v\u00e6ddem\u00e5l tilbyder de p\u00e5 tennis? Vi har tjekket mange bettingsider, og kun meget f\u00e5 er rigtig gode, hvad ang\u00e5r tennisv\u00e6ddem\u00e5l. Hvis du virkelig vil f\u00e5 mest muligt ud af din eksisterende viden om sporten og drage maksimal fordel af de tennistips, du f\u00e5r her p\u00e5 vores hjemmeside, s\u00e5 er der is\u00e6r \u00e9n hjemmeside, som vi kan anbefale.<\/p>\n<p><strong>Efter vores mening er der intet bedre sted end Bet365<\/strong>. En verdensklasseside for alle former for gambling, som online casino, spilleautomater med rigtige penge, online poker, selv online bingo, er det deres sportsbook-sektion, der skiller sig ud med fantastiske odds og et bredt udvalg af sportsgrene, du kan spille p\u00e5. <a href=\"index.php?option=com_content&amp;view=article&amp;id=58&amp;Itemid=220\"><span style=\"text-decoration: underline;\">L\u00e6s anmeldelsen af \u200b\u200bBet365 her<\/span><\/a>, eller <span style=\"text-decoration: underline;\"><a href=\"go\/bet365.html\" target=\"_blank\" rel=\"noopener\">klik her for at g\u00e5 direkte til deres hjemmeside.<\/a><\/span><\/p>\n<p><strong>Vigtigst for dig:<\/strong>\u00a0Hos Bet365 har de det absolut bedste in-game betting-program til tennis. Du kan placere v\u00e6ddem\u00e5l, der ikke kun forudsiger, hvem der vinder den n\u00e6ste kamp, \u200b\u200beller det n\u00e6ste s\u00e6t eller kampen. Du kan spille p\u00e5, hvor mange kampe det nuv\u00e6rende (eller n\u00e6ste) s\u00e6t vil have, v\u00e6lge resultatet af de n\u00e6ste tre kampe og mange flere muligheder og steder, hvor du kan placere et profitabelt v\u00e6ddem\u00e5l. Dette er siden, hvor du kan bruge vores tennis-v\u00e6ddem\u00e5lstips og opn\u00e5 de bedste resultater!<\/p>\n<h2>Se din kamp &#8211; livestreams hos Bet365<\/h2>\n<p>For at bruge livestreamingtjenesten til tenniskampe skal du v\u00e6re logget ind p\u00e5 din Bet365-konto og have en konto med penge eller have placeret et v\u00e6ddem\u00e5l p\u00e5 den kamp inden for de sidste 24 timer. Enhver begivenhed p\u00e5 Bet365-webstedet, der har ikonet Afspil eller Video ved siden af, er planlagt til at blive vist via livestreaming. Dette fungerer selvf\u00f8lgelig ogs\u00e5 for fodboldkampe og mange andre sportsgrene.<\/p>\n<p>Dette er noget, du kun finder hos Bet365, og det er den slags v\u00e6ddem\u00e5l, der er virkelig interessant &#8211; hvis du ved, hvad du skal v\u00e6re opm\u00e6rksom p\u00e5, og hvilke faktorer der skal overvejes, f\u00f8r du foretager et s\u00e5dant tennisv\u00e6ddem\u00e5l. S\u00f8rg for at l\u00e6se artiklerne p\u00e5 vores hjemmeside, de vil hj\u00e6lpe dig med at f\u00e5 en god &#8220;forst\u00e5else&#8221; af en igangv\u00e6rende tenniskamp.<\/p>\n<h2>Alternative tennisv\u00e6ddem\u00e5lssider, hvis du er bosiddende i USA<\/h2>\n<p>Bet365 tager ikke imod v\u00e6ddem\u00e5l fra amerikanske indbyggere, men jeg har fundet Intertops at v\u00e6re et fremragende alternativ. Med n\u00e6sten lige s\u00e5 gode in-game betting-muligheder som Bet365, og et bredt udvalg af tennisbetting generelt, ville de v\u00e6re min foretrukne sportsbook p\u00e5 det amerikanske marked. <strong><span style=\"text-decoration: underline;\"><a href=\"go\/intertopsen.html\" target=\"_blank\" rel=\"noopener\">Tjek dem ud her.<\/a><\/span><\/strong><\/p>\n<h2>Betting p\u00e5 vindere af tenniskampe og direkte turneringsvindere<\/h2>\n<p>Uanset om det er herre-ATP, dame-WTA, Davis Cup eller Fed Cup: Vi vil se p\u00e5 alle de vigtigste begivenheder p\u00e5 disse kredsl\u00f8b, tjekke deres lodtr\u00e6kninger og v\u00e6lge sandsynlige vindere med gode odds til dig. Der erDet giver ikke meget mening at spille p\u00e5, at Novak Djokovic vinder en kamp, \u200b\u200bhvor du tjener 2 dollars med et v\u00e6ddem\u00e5l p\u00e5 100 dollars. Men ved at placere et v\u00e6ddem\u00e5l med gode odds p\u00e5 en underdog i en f\u00f8rste runde af en tenniskamp, \u200b\u200bn\u00e5r den p\u00e5g\u00e6ldende underdog har vist fremragende form i tidligere turneringer &#8211; det er den slags v\u00e6ddem\u00e5l, jeg ville placere.<\/p>\n<p>At v\u00e6lge en vinder i en tennisturnering er den sv\u00e6reste opgave af dem alle. S\u00e5 mange ting kan ske &#8211; en topspiller kan for eksempel blive skadet eller have en d\u00e5rlig dag. Og selv den #1-rangerede tennisspiller i verden er ikke garanteret at vinde hver turnering, han deltager i. Vores tennisv\u00e6ddem\u00e5lstips vil hj\u00e6lpe dig med at undg\u00e5 dyre v\u00e6ddem\u00e5l med lille gevinst og forbedre dine v\u00e6ddem\u00e5lsresultater.<\/p>\n","protected":false},"excerpt":{"rendered":"<p>Tips til tennisv\u00e6ddem\u00e5l S\u00e5 du er tennisfan og ogs\u00e5 interesseret i sportsv\u00e6ddem\u00e5l? Hvis ja, er du kommet til det rette sted. Vores hjemmeside har til form\u00e5l at give dig dybdeg\u00e5ende information om: aktuelle tennisbegivenheder, du kan placere v\u00e6ddem\u00e5l p\u00e5 anmeldelser af den bedste sportsbook-side for tennisv\u00e6ddem\u00e5l tips og valg til kommende tenniskampe og, is\u00e6r vigtigt: &#8230; <a title=\"Hjem\" class=\"read-more\" href=\"https:\/\/tennisbet.net\/da\/\" aria-label=\"Read more about Hjem\">L\u00e6s mere <\/a><\/p>\n","protected":false},"author":1,"featured_media":0,"parent":0,"menu_order":0,"comment_status":"closed","ping_status":"closed","template":"","meta":{"footnotes":""},"class_list":["post-232","page","type-page","status-publish"],"yoast_head":"<!-- This site is optimized with the Yoast SEO plugin v27.3 - https:\/\/yoast.com\/product\/yoast-seo-wordpress\/ -->\n<title>Hjemme Tennis-v\u00e6ddem\u00e5l<\/title>\n<meta name=\"robots\" content=\"index, follow, max-snippet:-1, max-image-preview:large, max-video-preview:-1\" \/>\n<link rel=\"canonical\" href=\"https:\/\/tennisbet.net\/da\/\" \/>\n<meta property=\"og:locale\" content=\"da_DK\" \/>\n<meta property=\"og:type\" content=\"article\" \/>\n<meta property=\"og:title\" content=\"Hjemme Tennis-v\u00e6ddem\u00e5l\" \/>\n<meta property=\"og:description\" content=\"Tips til tennisv\u00e6ddem\u00e5l S\u00e5 du er tennisfan og ogs\u00e5 interesseret i sportsv\u00e6ddem\u00e5l? Hvis ja, er du kommet til det rette sted. Vores hjemmeside har til form\u00e5l at give dig dybdeg\u00e5ende information om: aktuelle tennisbegivenheder, du kan placere v\u00e6ddem\u00e5l p\u00e5 anmeldelser af den bedste sportsbook-side for tennisv\u00e6ddem\u00e5l tips og valg til kommende tenniskampe og, is\u00e6r vigtigt: ... L\u00e6s mere\" \/>\n<meta property=\"og:url\" content=\"https:\/\/tennisbet.net\/da\/\" \/>\n<meta name=\"twitter:card\" content=\"summary_large_image\" \/>\n<meta name=\"twitter:label1\" content=\"Estimeret l\u00e6setid\" \/>\n\t<meta name=\"twitter:data1\" content=\"5 minutter\" \/>\n<script type=\"application\/ld+json\" class=\"yoast-schema-graph\">{\"@context\":\"https:\\\/\\\/schema.org\",\"@graph\":[{\"@type\":\"WebPage\",\"@id\":\"https:\\\/\\\/tennisbet.net\\\/da\\\/\",\"url\":\"https:\\\/\\\/tennisbet.net\\\/da\\\/\",\"name\":\"Hjemme Tennis-v\u00e6ddem\u00e5l\",\"isPartOf\":{\"@id\":\"https:\\\/\\\/tennisbet.net\\\/da\\\/#website\"},\"datePublished\":\"2025-08-02T14:17:24+00:00\",\"breadcrumb\":{\"@id\":\"https:\\\/\\\/tennisbet.net\\\/da\\\/#breadcrumb\"},\"inLanguage\":\"da-DK\",\"potentialAction\":[{\"@type\":\"ReadAction\",\"target\":[\"https:\\\/\\\/tennisbet.net\\\/da\\\/\"]}]},{\"@type\":\"BreadcrumbList\",\"@id\":\"https:\\\/\\\/tennisbet.net\\\/da\\\/#breadcrumb\",\"itemListElement\":[{\"@type\":\"ListItem\",\"position\":1,\"name\":\"Home\",\"item\":\"https:\\\/\\\/tennisbet.net\\\/da\\\/\"},{\"@type\":\"ListItem\",\"position\":2,\"name\":\"Hjem\"}]},{\"@type\":\"WebSite\",\"@id\":\"https:\\\/\\\/tennisbet.net\\\/da\\\/#website\",\"url\":\"https:\\\/\\\/tennisbet.net\\\/da\\\/\",\"name\":\"\",\"description\":\"\",\"potentialAction\":[{\"@type\":\"SearchAction\",\"target\":{\"@type\":\"EntryPoint\",\"urlTemplate\":\"https:\\\/\\\/tennisbet.net\\\/da\\\/?s={search_term_string}\"},\"query-input\":{\"@type\":\"PropertyValueSpecification\",\"valueRequired\":true,\"valueName\":\"search_term_string\"}}],\"inLanguage\":\"da-DK\"}]}<\/script>\n<!-- \/ Yoast SEO plugin. -->","yoast_head_json":{"title":"Hjemme Tennis-v\u00e6ddem\u00e5l","robots":{"index":"index","follow":"follow","max-snippet":"max-snippet:-1","max-image-preview":"max-image-preview:large","max-video-preview":"max-video-preview:-1"},"canonical":"https:\/\/tennisbet.net\/da\/","og_locale":"da_DK","og_type":"article","og_title":"Hjemme Tennis-v\u00e6ddem\u00e5l","og_description":"Tips til tennisv\u00e6ddem\u00e5l S\u00e5 du er tennisfan og ogs\u00e5 interesseret i sportsv\u00e6ddem\u00e5l? Hvis ja, er du kommet til det rette sted. Vores hjemmeside har til form\u00e5l at give dig dybdeg\u00e5ende information om: aktuelle tennisbegivenheder, du kan placere v\u00e6ddem\u00e5l p\u00e5 anmeldelser af den bedste sportsbook-side for tennisv\u00e6ddem\u00e5l tips og valg til kommende tenniskampe og, is\u00e6r vigtigt: ... L\u00e6s mere","og_url":"https:\/\/tennisbet.net\/da\/","twitter_card":"summary_large_image","twitter_misc":{"Estimeret l\u00e6setid":"5 minutter"},"schema":{"@context":"https:\/\/schema.org","@graph":[{"@type":"WebPage","@id":"https:\/\/tennisbet.net\/da\/","url":"https:\/\/tennisbet.net\/da\/","name":"Hjemme Tennis-v\u00e6ddem\u00e5l","isPartOf":{"@id":"https:\/\/tennisbet.net\/da\/#website"},"datePublished":"2025-08-02T14:17:24+00:00","breadcrumb":{"@id":"https:\/\/tennisbet.net\/da\/#breadcrumb"},"inLanguage":"da-DK","potentialAction":[{"@type":"ReadAction","target":["https:\/\/tennisbet.net\/da\/"]}]},{"@type":"BreadcrumbList","@id":"https:\/\/tennisbet.net\/da\/#breadcrumb","itemListElement":[{"@type":"ListItem","position":1,"name":"Home","item":"https:\/\/tennisbet.net\/da\/"},{"@type":"ListItem","position":2,"name":"Hjem"}]},{"@type":"WebSite","@id":"https:\/\/tennisbet.net\/da\/#website","url":"https:\/\/tennisbet.net\/da\/","name":"","description":"","potentialAction":[{"@type":"SearchAction","target":{"@type":"EntryPoint","urlTemplate":"https:\/\/tennisbet.net\/da\/?s={search_term_string}"},"query-input":{"@type":"PropertyValueSpecification","valueRequired":true,"valueName":"search_term_string"}}],"inLanguage":"da-DK"}]}},"_links":{"self":[{"href":"https:\/\/tennisbet.net\/da\/wp-json\/wp\/v2\/pages\/232","targetHints":{"allow":["GET"]}}],"collection":[{"href":"https:\/\/tennisbet.net\/da\/wp-json\/wp\/v2\/pages"}],"about":[{"href":"https:\/\/tennisbet.net\/da\/wp-json\/wp\/v2\/types\/page"}],"author":[{"embeddable":true,"href":"https:\/\/tennisbet.net\/da\/wp-json\/wp\/v2\/users\/1"}],"replies":[{"embeddable":true,"href":"https:\/\/tennisbet.net\/da\/wp-json\/wp\/v2\/comments?post=232"}],"version-history":[{"count":0,"href":"https:\/\/tennisbet.net\/da\/wp-json\/wp\/v2\/pages\/232\/revisions"}],"wp:attachment":[{"href":"https:\/\/tennisbet.net\/da\/wp-json\/wp\/v2\/media?parent=232"}],"curies":[{"name":"wp","href":"https:\/\/api.w.org\/{rel}","templated":true}]}}