{"id":41,"date":"2025-08-02T14:15:42","date_gmt":"2025-08-02T14:15:42","guid":{"rendered":"https:\/\/tennisbet.net\/atp-turniere\/"},"modified":"2025-08-02T14:15:42","modified_gmt":"2025-08-02T14:15:42","slug":"atp-turniere","status":"publish","type":"page","link":"https:\/\/tennisbet.net\/de\/atp-turniere\/","title":{"rendered":"ATP-Turniere"},"content":{"rendered":"<h1>Online-Wetten auf ATP-Tennisturniere<\/h1>\n<p>Die ATP (Association of Tennis Professionals) wurde 1972 gegr\u00fcndet und betreut seitdem die professionellen Aspekte des Herrentennis. Sie bietet ein offizielles Ranglistensystem und ist als professioneller Dachverband f\u00fcr Spieler bei verschiedenen Turnieren weltweit verantwortlich.<\/p>\n<p>Der Verband selbst umfasste Mitglieder des MTC (Men&#8217;s Tennis Council), Vertreter anderer Dachverb\u00e4nde wie der ITF (International Tennis Federation) und zahlreiche Turnierdirektoren. Daraus entstand die ATP-Tour, die eine Reihe von Ranglistenturnieren mit Preisgeldern von 100.000 US-Dollar und mehr umfasst.<br \/>ATP-Turniere<\/p>\n<p>Der H\u00f6hepunkt der ATP-Tour sind die ATP World Tour Finals in der O2 Arena in London. Das Turnier bildet das Saisonfinale der Tour und umfasst die acht bestplatzierten Spieler im Herreneinzel und -doppel. Das Preisgeld betr\u00e4gt \u00fcber 4 Millionen US-Dollar und ist das h\u00f6chstdotierte Event au\u00dferhalb der vier gro\u00dfen Turniere.<\/p>\n<p>Das ATP World Tour Masters 1000 ist eine Serie mit neun Events, die weltweit in St\u00e4dten wie Kalifornien, Florida, Monte Carlo, Madrid, Rom, Toronto, Ohio, Shanghai und Paris ausgetragen wird. Mit Preisgeldern zwischen 2 und 3 Millionen US-Dollar und bis zu 1000 Weltranglistenpunkten f\u00fcr den Sieger ist der Wettbewerb eine der lukrativsten Serien im Tenniskalender und wird nur von den ATP World Tour Finals und den vier Majors \u00fcbertroffen.<\/p>\n<p>Weitere von der ATP veranstaltete Turniere sind die World Tour 500 Series, die World Tour 250 Series und die Challenger Tour. Jedes Turnier bietet im Laufe des Jahres eine gr\u00f6\u00dfere Anzahl an Wettbewerben, hat aber mit zunehmender Exklusivit\u00e4t weniger Preisgelder und Ranglistenpunkte.<\/p>\n<h2>Die besten ATP-Tour-Wettseiten<\/h2>\n<h3>Bet365 \u2013 Nicht-US-Anbieter<\/h3>\n<p>Bet365 hat sich schnell zu einem der gr\u00f6\u00dften Buchmacher der Welt entwickelt. Einer der Hauptgr\u00fcnde daf\u00fcr ist die gro\u00dfe Bandbreite an Sportarten, zu denen auch Tennis geh\u00f6rt. Der Tenniswettenbereich ist in der Branche konkurrenzlos und umfasst alle Events der ATP-Tour. Die Wettm\u00e4rkte f\u00fcr jedes Spiel k\u00f6nnen zwischen 5 und 100 f\u00fcr die hochkar\u00e4tigen Spiele variieren.<\/p>\n<p><a href=\"go\/bet365.html\" target=\"_blank\"><span style=\"text-decoration: underline;\">Nutzen Sie einfach diesen Link, um ein Konto bei Bet365 zu er\u00f6ffnen.<\/span><\/a>&nbsp;<\/p>\n<h3>Intertops \u2013 US-freundlich<\/h3>\n<p>Intertops ist einer der angesehensten Buchmacher der Welt und bietet jedem Tenniswettenden aus den USA eine mehr als geeignete Anlaufstelle. Die Marktabdeckung ist hervorragend und umfasst alle wichtigen Spiele der ATP-Tour. Dar\u00fcber hinaus bietet die Website eine umfassende Berichterstattung zu allen vier gro\u00dfen Tennisturnieren. Diese finden Sie hier.<\/span><\/a><\/p>\n<p>Intertops bietet au\u00dferdem einen der lukrativsten Willkommensboni von bis zu 200 US-Dollar. Und das Beste: Sie k\u00f6nnen w\u00e4hrend eines Spiels auch auf mehrere Ereignisse wetten.<\/p>\n","protected":false},"excerpt":{"rendered":"<p>Online-Wetten auf ATP-Tennisturniere Die ATP (Association of Tennis Professionals) wurde 1972 gegr\u00fcndet und betreut seitdem die professionellen Aspekte des Herrentennis. Sie bietet ein offizielles Ranglistensystem und ist als professioneller Dachverband f\u00fcr Spieler bei verschiedenen Turnieren weltweit verantwortlich. Der Verband selbst umfasste Mitglieder des MTC (Men&#8217;s Tennis Council), Vertreter anderer Dachverb\u00e4nde wie der ITF (International Tennis &#8230; <a title=\"ATP-Turniere\" class=\"read-more\" href=\"https:\/\/tennisbet.net\/de\/atp-turniere\/\" aria-label=\"Mehr Informationen \u00fcber ATP-Turniere\">Weiterlesen<\/a><\/p>\n","protected":false},"author":1,"featured_media":0,"parent":0,"menu_order":0,"comment_status":"closed","ping_status":"closed","template":"","meta":{"footnotes":""},"class_list":["post-41","page","type-page","status-publish"],"yoast_head":"<!-- This site is optimized with the Yoast SEO plugin v27.3 - https:\/\/yoast.com\/product\/yoast-seo-wordpress\/ -->\n<title>Wetten auf ATP-Turniere<\/title>\n<meta name=\"robots\" content=\"index, follow, max-snippet:-1, max-image-preview:large, max-video-preview:-1\" \/>\n<link rel=\"canonical\" href=\"https:\/\/tennisbet.net\/de\/atp-turniere\/\" \/>\n<meta property=\"og:locale\" content=\"de_DE\" \/>\n<meta property=\"og:type\" content=\"article\" \/>\n<meta property=\"og:title\" content=\"Wetten auf ATP-Turniere\" \/>\n<meta property=\"og:description\" content=\"Online-Wetten auf ATP-Tennisturniere Die ATP (Association of Tennis Professionals) wurde 1972 gegr\u00fcndet und betreut seitdem die professionellen Aspekte des Herrentennis. Sie bietet ein offizielles Ranglistensystem und ist als professioneller Dachverband f\u00fcr Spieler bei verschiedenen Turnieren weltweit verantwortlich. Der Verband selbst umfasste Mitglieder des MTC (Men&#8217;s Tennis Council), Vertreter anderer Dachverb\u00e4nde wie der ITF (International Tennis ... Weiterlesen\" \/>\n<meta property=\"og:url\" content=\"https:\/\/tennisbet.net\/de\/atp-turniere\/\" \/>\n<meta name=\"twitter:card\" content=\"summary_large_image\" \/>\n<meta name=\"twitter:label1\" content=\"Gesch\u00e4tzte Lesezeit\" \/>\n\t<meta name=\"twitter:data1\" content=\"2\u00a0Minuten\" \/>\n<script type=\"application\/ld+json\" class=\"yoast-schema-graph\">{\"@context\":\"https:\\\/\\\/schema.org\",\"@graph\":[{\"@type\":\"WebPage\",\"@id\":\"https:\\\/\\\/tennisbet.net\\\/de\\\/atp-turniere\\\/\",\"url\":\"https:\\\/\\\/tennisbet.net\\\/de\\\/atp-turniere\\\/\",\"name\":\"Wetten auf ATP-Turniere\",\"isPartOf\":{\"@id\":\"https:\\\/\\\/tennisbet.net\\\/de\\\/#website\"},\"datePublished\":\"2025-08-02T14:15:42+00:00\",\"breadcrumb\":{\"@id\":\"https:\\\/\\\/tennisbet.net\\\/de\\\/atp-turniere\\\/#breadcrumb\"},\"inLanguage\":\"de\",\"potentialAction\":[{\"@type\":\"ReadAction\",\"target\":[\"https:\\\/\\\/tennisbet.net\\\/de\\\/atp-turniere\\\/\"]}]},{\"@type\":\"BreadcrumbList\",\"@id\":\"https:\\\/\\\/tennisbet.net\\\/de\\\/atp-turniere\\\/#breadcrumb\",\"itemListElement\":[{\"@type\":\"ListItem\",\"position\":1,\"name\":\"Home\",\"item\":\"https:\\\/\\\/tennisbet.net\\\/de\\\/\"},{\"@type\":\"ListItem\",\"position\":2,\"name\":\"ATP-Turniere\"}]},{\"@type\":\"WebSite\",\"@id\":\"https:\\\/\\\/tennisbet.net\\\/de\\\/#website\",\"url\":\"https:\\\/\\\/tennisbet.net\\\/de\\\/\",\"name\":\"\",\"description\":\"\",\"potentialAction\":[{\"@type\":\"SearchAction\",\"target\":{\"@type\":\"EntryPoint\",\"urlTemplate\":\"https:\\\/\\\/tennisbet.net\\\/de\\\/?s={search_term_string}\"},\"query-input\":{\"@type\":\"PropertyValueSpecification\",\"valueRequired\":true,\"valueName\":\"search_term_string\"}}],\"inLanguage\":\"de\"}]}<\/script>\n<!-- \/ Yoast SEO plugin. -->","yoast_head_json":{"title":"Wetten auf ATP-Turniere","robots":{"index":"index","follow":"follow","max-snippet":"max-snippet:-1","max-image-preview":"max-image-preview:large","max-video-preview":"max-video-preview:-1"},"canonical":"https:\/\/tennisbet.net\/de\/atp-turniere\/","og_locale":"de_DE","og_type":"article","og_title":"Wetten auf ATP-Turniere","og_description":"Online-Wetten auf ATP-Tennisturniere Die ATP (Association of Tennis Professionals) wurde 1972 gegr\u00fcndet und betreut seitdem die professionellen Aspekte des Herrentennis. Sie bietet ein offizielles Ranglistensystem und ist als professioneller Dachverband f\u00fcr Spieler bei verschiedenen Turnieren weltweit verantwortlich. Der Verband selbst umfasste Mitglieder des MTC (Men&#8217;s Tennis Council), Vertreter anderer Dachverb\u00e4nde wie der ITF (International Tennis ... Weiterlesen","og_url":"https:\/\/tennisbet.net\/de\/atp-turniere\/","twitter_card":"summary_large_image","twitter_misc":{"Gesch\u00e4tzte Lesezeit":"2\u00a0Minuten"},"schema":{"@context":"https:\/\/schema.org","@graph":[{"@type":"WebPage","@id":"https:\/\/tennisbet.net\/de\/atp-turniere\/","url":"https:\/\/tennisbet.net\/de\/atp-turniere\/","name":"Wetten auf ATP-Turniere","isPartOf":{"@id":"https:\/\/tennisbet.net\/de\/#website"},"datePublished":"2025-08-02T14:15:42+00:00","breadcrumb":{"@id":"https:\/\/tennisbet.net\/de\/atp-turniere\/#breadcrumb"},"inLanguage":"de","potentialAction":[{"@type":"ReadAction","target":["https:\/\/tennisbet.net\/de\/atp-turniere\/"]}]},{"@type":"BreadcrumbList","@id":"https:\/\/tennisbet.net\/de\/atp-turniere\/#breadcrumb","itemListElement":[{"@type":"ListItem","position":1,"name":"Home","item":"https:\/\/tennisbet.net\/de\/"},{"@type":"ListItem","position":2,"name":"ATP-Turniere"}]},{"@type":"WebSite","@id":"https:\/\/tennisbet.net\/de\/#website","url":"https:\/\/tennisbet.net\/de\/","name":"","description":"","potentialAction":[{"@type":"SearchAction","target":{"@type":"EntryPoint","urlTemplate":"https:\/\/tennisbet.net\/de\/?s={search_term_string}"},"query-input":{"@type":"PropertyValueSpecification","valueRequired":true,"valueName":"search_term_string"}}],"inLanguage":"de"}]}},"_links":{"self":[{"href":"https:\/\/tennisbet.net\/de\/wp-json\/wp\/v2\/pages\/41","targetHints":{"allow":["GET"]}}],"collection":[{"href":"https:\/\/tennisbet.net\/de\/wp-json\/wp\/v2\/pages"}],"about":[{"href":"https:\/\/tennisbet.net\/de\/wp-json\/wp\/v2\/types\/page"}],"author":[{"embeddable":true,"href":"https:\/\/tennisbet.net\/de\/wp-json\/wp\/v2\/users\/1"}],"replies":[{"embeddable":true,"href":"https:\/\/tennisbet.net\/de\/wp-json\/wp\/v2\/comments?post=41"}],"version-history":[{"count":0,"href":"https:\/\/tennisbet.net\/de\/wp-json\/wp\/v2\/pages\/41\/revisions"}],"wp:attachment":[{"href":"https:\/\/tennisbet.net\/de\/wp-json\/wp\/v2\/media?parent=41"}],"curies":[{"name":"wp","href":"https:\/\/api.w.org\/{rel}","templated":true}]}}