{"id":43,"date":"2025-08-02T13:40:31","date_gmt":"2025-08-02T13:40:31","guid":{"rendered":"https:\/\/tennisbet.net\/die-besten-seiten-fuer-tenniswetten\/"},"modified":"2025-08-02T13:40:31","modified_gmt":"2025-08-02T13:40:31","slug":"die-besten-seiten-fuer-tenniswetten","status":"publish","type":"page","link":"https:\/\/tennisbet.net\/de\/die-besten-seiten-fuer-tenniswetten\/","title":{"rendered":"Die besten Seiten f\u00fcr Tenniswetten"},"content":{"rendered":"<h1>Die besten Seiten f\u00fcr Tenniswetten<\/h1>\n<p>Praktisch alle Online-Sportwetten-Seiten bieten die M\u00f6glichkeit, auf Tennisereignisse zu wetten. Doch nicht alle sind die ideale Wahl f\u00fcr Tenniswetten. Gute Einzahlungsm\u00f6glichkeiten, ein guter Kundenservice und ein Einzahlungsbonus sind f\u00fcr jeden Sportwetter wichtig. Wer sich jedoch auf Tenniswetten spezialisieren m\u00f6chte, muss ganz bestimmte Aspekte beachten.<\/p>\n<h2>Welche Funktionen muss eine Website f\u00fcr Tennis-Onlinewetten bieten?<\/h2>\n<p><em><span style=\"text-decoration: underline;\">Dies sind die Funktionen, die wir f\u00fcr Tenniswetten als unverzichtbar erachten:<\/span><\/em><\/p>\n<ul>\n<li>Alle ATP- und WTA-Turniere sowie Davis Cup und Fed Cup m\u00fcssen abgedeckt sein.<\/li>\n<li>Wetten auf den Matchsieger und den Gesamtsieger m\u00fcssen m\u00f6glich sein.<\/li>\n<\/ul>\n<p>Alle von uns empfohlenen Websites (Bet365, Intertops und MyBet) bieten diese Optionen. Wenn Ihre Tenniswetten \u00fcber die oben genannten Funktionen hinausgehen, sollten Sie sich f\u00fcr die Wettwebsite mit dem besten Einzahlungsbonus entscheiden. Wir empfehlen Ihnen, die Sportwetten-Bewertungen (siehe oberes Men\u00fc) zu lesen, um mehr zu erfahren.<\/p>\n<h2>Mehr Optionen f\u00fcr fortgeschrittene Tenniswettende<\/h2>\n<p>Wenn Sie es mit Ihren Online-Tenniswetten wirklich ernst meinen, ben\u00f6tigen Sie zus\u00e4tzliche Funktionen. Diese Optionen sind bei keinem Online-Sportwettenanbieter verf\u00fcgbar.<br \/><span style=\"text-decoration: underline;\"><em>Das bieten nur die besten Tennis-Wettanbieter:<\/em><\/span><\/p>\n<ul>\n<li>Wetten auf ITF-Challenger und Futures<\/li>\n<li>Wetten auf Davis Cup, Fed Cup, WTA- und ATP-Events<\/li>\n<li>Live-Wetten<\/li>\n<li>Mehrere sichere Ein- und Auszahlungsm\u00f6glichkeiten<\/li>\n<li>Hervorragender Kundenservice<\/li>\n<\/ul>\n<p>Wenn Sie sich diese Optionen w\u00fcnschen, sind Ihre Optionen etwas eingeschr\u00e4nkt.<\/p>\n<ul>\n<li><strong>Intertops<\/strong> beispielsweise bietet einen hervorragenden Tennisbereich, Live-Wetten und eine gro\u00dfe Auswahl an Futures und Challengers. Leider ist dies der einzige empfehlenswerte Anbieter f\u00fcr Tennis-Wetten aus den USA. Besuchen Sie die Website von <a href=\"go\/intertopsen.html\" target=\"_blank\">intertopsen.html<\/a><\/li>\n<li><strong>Bet365<\/strong> bietet alles. Eine umfassende Berichterstattung \u00fcber alle Tennis-Events ist hier Standard. Au\u00dferdem k\u00f6nnen Sie Live-Streams verschiedener Sportereignisse, einschlie\u00dflich aller Tennisspiele, ansehen. Die In-Game-Optionen sind vielf\u00e4ltig. Sie k\u00f6nnen auf den Sieg des aktuellen Satzes, des n\u00e4chsten Spiels, den Spielstand der n\u00e4chsten drei oder f\u00fcnf Spiele (\u201eRace to Game\u201c-Tenniswette), die Gesamtzahl der Spiele in einem Satz oder Match, Handicap-Wetten und vieles mehr wetten. Einziger Nachteil: Wenn Sie in den USA ans\u00e4ssig sind, k\u00f6nnen Sie hier keine Wetten platzieren.<\/li>\n<\/ul>\n<h2>Beste Website f\u00fcr Tenniswetten<\/h2>\n<p>Die beste Website ist nat\u00fcrlich Bet365. Wenn diese Website f\u00fcr Sie verf\u00fcgbar ist, ist sie Ihre erste Wahl. Wenn Sie aus den USA kommen, haben Sie leider keine Wahl \u2013 Sie werden keine bessere Website als BetOnline finden (<a href=\"go\/betonline.html\" target=\"_blank\"><span style=\"text-decoration: underline;\">Klicken Sie hier, um sich anzumelden<\/span><\/a>).<\/p>\n<p><a href=\"go\/bet365.html\" target=\"_blank\"><span style=\"text-decoration: underline;\">Klicken Sie hier, um zur Bet365-Website zu gelangen.<\/span><\/a><\/p>\n<p><span id='tag20190325103443'><\/span><script type=\"text\/javascript\" src='https:\/\/imstore.bet365affiliates.com\/PopulateText.aspx?AffiliateId=16831&#038;AffiliateCode=365_168143&#038;TagName=tag20190325103443&#038;CID=690&#038;PID=149&#038;LNG=1&#038;NewWindow=Y&#038;Mask=N'><\/script><script type=\"text\/javascript\">document.getElementById('tag20190325103443').innerHTML = returnText_tag20190325103443();<\/script><\/p>\n<p>Die Aktionen enden \u00fcbrigens nicht mit dem Einzahlungsbonus. Sie erhalten zus\u00e4tzliche Bonusangebote f\u00fcr erneute Einzahlungen und andere Sonderangebote. Stellen Sie sicher, dass Sie die Werbe-E-Mails erhalten, indem Sie sie zu Ihrer Liste vertrauensw\u00fcrdiger E-Mail-Absender hinzuf\u00fcgen!<\/p>\n","protected":false},"excerpt":{"rendered":"<p>Die besten Seiten f\u00fcr Tenniswetten Praktisch alle Online-Sportwetten-Seiten bieten die M\u00f6glichkeit, auf Tennisereignisse zu wetten. Doch nicht alle sind die ideale Wahl f\u00fcr Tenniswetten. Gute Einzahlungsm\u00f6glichkeiten, ein guter Kundenservice und ein Einzahlungsbonus sind f\u00fcr jeden Sportwetter wichtig. Wer sich jedoch auf Tenniswetten spezialisieren m\u00f6chte, muss ganz bestimmte Aspekte beachten. Welche Funktionen muss eine Website f\u00fcr &#8230; <a title=\"Die besten Seiten f\u00fcr Tenniswetten\" class=\"read-more\" href=\"https:\/\/tennisbet.net\/de\/die-besten-seiten-fuer-tenniswetten\/\" aria-label=\"Mehr Informationen \u00fcber Die besten Seiten f\u00fcr Tenniswetten\">Weiterlesen<\/a><\/p>\n","protected":false},"author":1,"featured_media":0,"parent":0,"menu_order":0,"comment_status":"closed","ping_status":"closed","template":"","meta":{"footnotes":""},"class_list":["post-43","page","type-page","status-publish"],"yoast_head":"<!-- This site is optimized with the Yoast SEO plugin v27.4 - https:\/\/yoast.com\/product\/yoast-seo-wordpress\/ -->\n<title>Die besten Seiten f\u00fcr Tenniswetten<\/title>\n<meta name=\"robots\" content=\"index, follow, max-snippet:-1, max-image-preview:large, max-video-preview:-1\" \/>\n<link rel=\"canonical\" href=\"https:\/\/tennisbet.net\/de\/die-besten-seiten-fuer-tenniswetten\/\" \/>\n<meta property=\"og:locale\" content=\"de_DE\" \/>\n<meta property=\"og:type\" content=\"article\" \/>\n<meta property=\"og:title\" content=\"Die besten Seiten f\u00fcr Tenniswetten\" \/>\n<meta property=\"og:description\" content=\"Die besten Seiten f\u00fcr Tenniswetten Praktisch alle Online-Sportwetten-Seiten bieten die M\u00f6glichkeit, auf Tennisereignisse zu wetten. Doch nicht alle sind die ideale Wahl f\u00fcr Tenniswetten. Gute Einzahlungsm\u00f6glichkeiten, ein guter Kundenservice und ein Einzahlungsbonus sind f\u00fcr jeden Sportwetter wichtig. Wer sich jedoch auf Tenniswetten spezialisieren m\u00f6chte, muss ganz bestimmte Aspekte beachten. Welche Funktionen muss eine Website f\u00fcr ... Weiterlesen\" \/>\n<meta property=\"og:url\" content=\"https:\/\/tennisbet.net\/de\/die-besten-seiten-fuer-tenniswetten\/\" \/>\n<meta name=\"twitter:card\" content=\"summary_large_image\" \/>\n<meta name=\"twitter:label1\" content=\"Gesch\u00e4tzte Lesezeit\" \/>\n\t<meta name=\"twitter:data1\" content=\"2\u00a0Minuten\" \/>\n<script type=\"application\/ld+json\" class=\"yoast-schema-graph\">{\"@context\":\"https:\\\/\\\/schema.org\",\"@graph\":[{\"@type\":\"WebPage\",\"@id\":\"https:\\\/\\\/tennisbet.net\\\/de\\\/die-besten-seiten-fuer-tenniswetten\\\/\",\"url\":\"https:\\\/\\\/tennisbet.net\\\/de\\\/die-besten-seiten-fuer-tenniswetten\\\/\",\"name\":\"Die besten Seiten f\u00fcr Tenniswetten\",\"isPartOf\":{\"@id\":\"https:\\\/\\\/tennisbet.net\\\/de\\\/#website\"},\"datePublished\":\"2025-08-02T13:40:31+00:00\",\"breadcrumb\":{\"@id\":\"https:\\\/\\\/tennisbet.net\\\/de\\\/die-besten-seiten-fuer-tenniswetten\\\/#breadcrumb\"},\"inLanguage\":\"de\",\"potentialAction\":[{\"@type\":\"ReadAction\",\"target\":[\"https:\\\/\\\/tennisbet.net\\\/de\\\/die-besten-seiten-fuer-tenniswetten\\\/\"]}]},{\"@type\":\"BreadcrumbList\",\"@id\":\"https:\\\/\\\/tennisbet.net\\\/de\\\/die-besten-seiten-fuer-tenniswetten\\\/#breadcrumb\",\"itemListElement\":[{\"@type\":\"ListItem\",\"position\":1,\"name\":\"Home\",\"item\":\"https:\\\/\\\/tennisbet.net\\\/de\\\/\"},{\"@type\":\"ListItem\",\"position\":2,\"name\":\"Die besten Seiten f\u00fcr Tenniswetten\"}]},{\"@type\":\"WebSite\",\"@id\":\"https:\\\/\\\/tennisbet.net\\\/de\\\/#website\",\"url\":\"https:\\\/\\\/tennisbet.net\\\/de\\\/\",\"name\":\"\",\"description\":\"\",\"potentialAction\":[{\"@type\":\"SearchAction\",\"target\":{\"@type\":\"EntryPoint\",\"urlTemplate\":\"https:\\\/\\\/tennisbet.net\\\/de\\\/?s={search_term_string}\"},\"query-input\":{\"@type\":\"PropertyValueSpecification\",\"valueRequired\":true,\"valueName\":\"search_term_string\"}}],\"inLanguage\":\"de\"}]}<\/script>\n<!-- \/ Yoast SEO plugin. -->","yoast_head_json":{"title":"Die besten Seiten f\u00fcr Tenniswetten","robots":{"index":"index","follow":"follow","max-snippet":"max-snippet:-1","max-image-preview":"max-image-preview:large","max-video-preview":"max-video-preview:-1"},"canonical":"https:\/\/tennisbet.net\/de\/die-besten-seiten-fuer-tenniswetten\/","og_locale":"de_DE","og_type":"article","og_title":"Die besten Seiten f\u00fcr Tenniswetten","og_description":"Die besten Seiten f\u00fcr Tenniswetten Praktisch alle Online-Sportwetten-Seiten bieten die M\u00f6glichkeit, auf Tennisereignisse zu wetten. Doch nicht alle sind die ideale Wahl f\u00fcr Tenniswetten. Gute Einzahlungsm\u00f6glichkeiten, ein guter Kundenservice und ein Einzahlungsbonus sind f\u00fcr jeden Sportwetter wichtig. Wer sich jedoch auf Tenniswetten spezialisieren m\u00f6chte, muss ganz bestimmte Aspekte beachten. Welche Funktionen muss eine Website f\u00fcr ... Weiterlesen","og_url":"https:\/\/tennisbet.net\/de\/die-besten-seiten-fuer-tenniswetten\/","twitter_card":"summary_large_image","twitter_misc":{"Gesch\u00e4tzte Lesezeit":"2\u00a0Minuten"},"schema":{"@context":"https:\/\/schema.org","@graph":[{"@type":"WebPage","@id":"https:\/\/tennisbet.net\/de\/die-besten-seiten-fuer-tenniswetten\/","url":"https:\/\/tennisbet.net\/de\/die-besten-seiten-fuer-tenniswetten\/","name":"Die besten Seiten f\u00fcr Tenniswetten","isPartOf":{"@id":"https:\/\/tennisbet.net\/de\/#website"},"datePublished":"2025-08-02T13:40:31+00:00","breadcrumb":{"@id":"https:\/\/tennisbet.net\/de\/die-besten-seiten-fuer-tenniswetten\/#breadcrumb"},"inLanguage":"de","potentialAction":[{"@type":"ReadAction","target":["https:\/\/tennisbet.net\/de\/die-besten-seiten-fuer-tenniswetten\/"]}]},{"@type":"BreadcrumbList","@id":"https:\/\/tennisbet.net\/de\/die-besten-seiten-fuer-tenniswetten\/#breadcrumb","itemListElement":[{"@type":"ListItem","position":1,"name":"Home","item":"https:\/\/tennisbet.net\/de\/"},{"@type":"ListItem","position":2,"name":"Die besten Seiten f\u00fcr Tenniswetten"}]},{"@type":"WebSite","@id":"https:\/\/tennisbet.net\/de\/#website","url":"https:\/\/tennisbet.net\/de\/","name":"","description":"","potentialAction":[{"@type":"SearchAction","target":{"@type":"EntryPoint","urlTemplate":"https:\/\/tennisbet.net\/de\/?s={search_term_string}"},"query-input":{"@type":"PropertyValueSpecification","valueRequired":true,"valueName":"search_term_string"}}],"inLanguage":"de"}]}},"_links":{"self":[{"href":"https:\/\/tennisbet.net\/de\/wp-json\/wp\/v2\/pages\/43","targetHints":{"allow":["GET"]}}],"collection":[{"href":"https:\/\/tennisbet.net\/de\/wp-json\/wp\/v2\/pages"}],"about":[{"href":"https:\/\/tennisbet.net\/de\/wp-json\/wp\/v2\/types\/page"}],"author":[{"embeddable":true,"href":"https:\/\/tennisbet.net\/de\/wp-json\/wp\/v2\/users\/1"}],"replies":[{"embeddable":true,"href":"https:\/\/tennisbet.net\/de\/wp-json\/wp\/v2\/comments?post=43"}],"version-history":[{"count":0,"href":"https:\/\/tennisbet.net\/de\/wp-json\/wp\/v2\/pages\/43\/revisions"}],"wp:attachment":[{"href":"https:\/\/tennisbet.net\/de\/wp-json\/wp\/v2\/media?parent=43"}],"curies":[{"name":"wp","href":"https:\/\/api.w.org\/{rel}","templated":true}]}}