{"id":45,"date":"2025-08-02T13:45:37","date_gmt":"2025-08-02T13:45:37","guid":{"rendered":"https:\/\/tennisbet.net\/die-besten-seiten-fuer-tenniswetten\/davis-cup-wett-tipps\/"},"modified":"2025-08-02T13:45:37","modified_gmt":"2025-08-02T13:45:37","slug":"davis-cup-wett-tipps","status":"publish","type":"page","link":"https:\/\/tennisbet.net\/de\/die-besten-seiten-fuer-tenniswetten\/davis-cup-wett-tipps\/","title":{"rendered":"Davis Cup Wett-Tipps"},"content":{"rendered":"<h1>Wetten auf den Davis Cup<\/h1>\n<p>Der Davis Cup ist der H\u00f6hepunkt der Mannschaftswettbewerbe im internationalen Tenniskalender. Das Turnier wurde 1900 ins Leben gerufen und hat sich seitdem zu einem der H\u00f6hepunkte des Sportkalenders entwickelt. Der Wettbewerb wird ausschlie\u00dflich von der ITF veranstaltet, wobei die Mannschaften (nur M\u00e4nner) die Gruppenphase durchlaufen m\u00fcssen, bevor sie das Finale erreichen. <strong>Die meisten Sportwetten-Websites bieten Wetten auf den Davis Cup an<\/strong>, aber nat\u00fcrlich sollte man sich bewusst sein, dass diese Veranstaltungen nicht jede Woche stattfinden.<\/p>\n<p>Anfangs waren nur Gro\u00dfbritannien und Amerika am Turnier beteiligt, bevor es erweitert wurde und mittlerweile bis zu 137 Nationen in der Qualifikationsphase vertreten sind. Das erfolgreichste Team in diesem Zeitraum war Amerika mit nicht weniger als 32 Siegen und sage und schreibe 29 Vizemeistertiteln. Der Wettbewerb umfasst Einzel- und Doppelspiele, wobei f\u00fcr jeden Sieg Punkte vergeben werden.<\/p>\n<h2>Format des Davis Cups<\/h2>\n<p>Der Wettbewerb umfasst drei Qualifikationsgruppen, die sich nach den Austragungsorten richten: Amerika, Europa\/Afrika und Asien\/Ozeanien. Jede Zone hat vier Gruppen, die Europa\/Afrika-Zone hingegen nur drei. Die Startgruppe eines Landes richtet sich nach der Weltrangliste. Um sich f\u00fcr den eigentlichen Wettbewerb zu qualifizieren, muss sich ein Land in die Weltgruppe hocharbeiten.<\/p>\n<p>Die Weltgruppe umfasst 16 Teams. Zum ersten Mal werden die L\u00e4nder gemischt und verlassen ihre regionalen Zonen. Diese 16 Teams gelten als die besten der Welt und bilden im Wesentlichen die Endrunde des Davis Cups. Es liegt in der Natur dieses Wettbewerbs, dass nicht immer von Anfang an klar ist, welcher der nominierten Spieler f\u00fcr die beiden konkurrierenden Nationen spielt. Da der Mannschaftskapit\u00e4n die Spieler erst kurz vor dem Spiel nominiert, sollten Sie sich vor dem Wetten auf ein Davis-Cup-Spiel \u00fcber die Spielreihenfolge informieren.<\/p>\n<p>Die Punktevergabe h\u00e4ngt vom Spielformat ab. Einzelspiele beginnen mit 5 Punkten f\u00fcr Play-off-Siege, gefolgt von 75 Punkten f\u00fcr einen Finalsieg. Insgesamt gibt es in den Einzelspielen 500 Punkte zu gewinnen. Zus\u00e4tzlich k\u00f6nnen Spieler Team- und Leistungspr\u00e4mien f\u00fcr gewonnene Finalspiele erhalten. Die Doppelspiele funktionieren \u00e4hnlich: F\u00fcr einen Play-off-Sieg gibt es 10 Punkte, f\u00fcr einen Finalsieg hingegen 95 Punkte. F\u00fcr Doppelspiele gibt es einen kleineren Teambonus von bis zu 35 Punkten.<\/p>\n<h2>Beste Davis-Cup-Wettseiten<\/h2>\n<h3>Bet365 \u2013 Nicht-US-Anbieter<\/h3>\n<p>Bet365 deckt eine breite Palette von Spielen im gesamten Davis Cup ab. Ein gro\u00dfer Vorteil dieser Website ist die Einbindung von M\u00e4rkten aus vielen Qualifikations- und Zonenphasen des Wettbewerbs. Diese sind zwar begrenzt, aber mit Fortschreiten der Weltgruppenphase werden weitere Spiele und letztendlich M\u00e4rkte er\u00f6ffnet.<br \/><a href=\"index.php?option=com_content&amp;view=article&amp;id=33&amp;Itemid=188\"><span style=\"text-decoration: underline;\">Eine vollst\u00e4ndige Bewertung von Bet365 finden Sie hier<\/span><\/a>.<\/p>\n<h3>Intertops \u2013 US-Freundschaftsspiel<\/h3>\n<p>Intertops entwickelt sich schnell zum bevorzugten Sportwettenanbieter f\u00fcr US-Wetter. Die Berichterstattung zum Davis Cup ist hervorragend. Wenn Sie Wert auf Einfachheit und einen attraktiven Willkommensbonus von 200 $ legen, ist Intertops m\u00f6glicherweise die richtige Adresse f\u00fcr Sie.<\/p>\n<p style=\"text-align: center;\"><a href=\"http:\/\/link.intertops.eu\/c\/393496\/297309\" target=\"_blank\" rel=\"noopener\"><img decoding=\"async\" src=\"https:\/\/affiliate.intertops.eu\/393496\/uploads\/468x60_itsb_signupbonus_tennis_en.jpg\" alt=\"\" \/><\/a><\/p>\n<p>Der einzige Vorteil von Intertops gegen\u00fcber der Konkurrenz bei Tenniswetten ist die Tatsache, dass sie die einzige Website sind, die In-Game-Wetten anbietet. Bei anderen US-freundlichen Online-Sportwettenanbietern k\u00f6nnen Sie zwar auf den Spielsieger wetten, aber das ist auch schon alles.<\/p>\n","protected":false},"excerpt":{"rendered":"<p>Wetten auf den Davis Cup Der Davis Cup ist der H\u00f6hepunkt der Mannschaftswettbewerbe im internationalen Tenniskalender. Das Turnier wurde 1900 ins Leben gerufen und hat sich seitdem zu einem der H\u00f6hepunkte des Sportkalenders entwickelt. Der Wettbewerb wird ausschlie\u00dflich von der ITF veranstaltet, wobei die Mannschaften (nur M\u00e4nner) die Gruppenphase durchlaufen m\u00fcssen, bevor sie das Finale &#8230; <a title=\"Davis Cup Wett-Tipps\" class=\"read-more\" href=\"https:\/\/tennisbet.net\/de\/die-besten-seiten-fuer-tenniswetten\/davis-cup-wett-tipps\/\" aria-label=\"Mehr Informationen \u00fcber Davis Cup Wett-Tipps\">Weiterlesen<\/a><\/p>\n","protected":false},"author":1,"featured_media":0,"parent":43,"menu_order":0,"comment_status":"closed","ping_status":"closed","template":"","meta":{"footnotes":""},"class_list":["post-45","page","type-page","status-publish"],"yoast_head":"<!-- This site is optimized with the Yoast SEO plugin v27.3 - https:\/\/yoast.com\/product\/yoast-seo-wordpress\/ -->\n<title>Wetten auf den Davis Cup<\/title>\n<meta name=\"robots\" content=\"index, follow, max-snippet:-1, max-image-preview:large, max-video-preview:-1\" \/>\n<link rel=\"canonical\" href=\"https:\/\/tennisbet.net\/de\/die-besten-seiten-fuer-tenniswetten\/davis-cup-wett-tipps\/\" \/>\n<meta property=\"og:locale\" content=\"de_DE\" \/>\n<meta property=\"og:type\" content=\"article\" \/>\n<meta property=\"og:title\" content=\"Wetten auf den Davis Cup\" \/>\n<meta property=\"og:description\" content=\"Wetten auf den Davis Cup Der Davis Cup ist der H\u00f6hepunkt der Mannschaftswettbewerbe im internationalen Tenniskalender. Das Turnier wurde 1900 ins Leben gerufen und hat sich seitdem zu einem der H\u00f6hepunkte des Sportkalenders entwickelt. Der Wettbewerb wird ausschlie\u00dflich von der ITF veranstaltet, wobei die Mannschaften (nur M\u00e4nner) die Gruppenphase durchlaufen m\u00fcssen, bevor sie das Finale ... Weiterlesen\" \/>\n<meta property=\"og:url\" content=\"https:\/\/tennisbet.net\/de\/die-besten-seiten-fuer-tenniswetten\/davis-cup-wett-tipps\/\" \/>\n<meta property=\"og:image\" content=\"https:\/\/affiliate.intertops.eu\/393496\/uploads\/468x60_itsb_signupbonus_tennis_en.jpg\" \/>\n<meta name=\"twitter:card\" content=\"summary_large_image\" \/>\n<meta name=\"twitter:label1\" content=\"Gesch\u00e4tzte Lesezeit\" \/>\n\t<meta name=\"twitter:data1\" content=\"3\u00a0Minuten\" \/>\n<script type=\"application\/ld+json\" class=\"yoast-schema-graph\">{\"@context\":\"https:\\\/\\\/schema.org\",\"@graph\":[{\"@type\":\"WebPage\",\"@id\":\"https:\\\/\\\/tennisbet.net\\\/de\\\/die-besten-seiten-fuer-tenniswetten\\\/davis-cup-wett-tipps\\\/\",\"url\":\"https:\\\/\\\/tennisbet.net\\\/de\\\/die-besten-seiten-fuer-tenniswetten\\\/davis-cup-wett-tipps\\\/\",\"name\":\"Wetten auf den Davis Cup\",\"isPartOf\":{\"@id\":\"https:\\\/\\\/tennisbet.net\\\/de\\\/#website\"},\"primaryImageOfPage\":{\"@id\":\"https:\\\/\\\/tennisbet.net\\\/de\\\/die-besten-seiten-fuer-tenniswetten\\\/davis-cup-wett-tipps\\\/#primaryimage\"},\"image\":{\"@id\":\"https:\\\/\\\/tennisbet.net\\\/de\\\/die-besten-seiten-fuer-tenniswetten\\\/davis-cup-wett-tipps\\\/#primaryimage\"},\"thumbnailUrl\":\"https:\\\/\\\/affiliate.intertops.eu\\\/393496\\\/uploads\\\/468x60_itsb_signupbonus_tennis_en.jpg\",\"datePublished\":\"2025-08-02T13:45:37+00:00\",\"breadcrumb\":{\"@id\":\"https:\\\/\\\/tennisbet.net\\\/de\\\/die-besten-seiten-fuer-tenniswetten\\\/davis-cup-wett-tipps\\\/#breadcrumb\"},\"inLanguage\":\"de\",\"potentialAction\":[{\"@type\":\"ReadAction\",\"target\":[\"https:\\\/\\\/tennisbet.net\\\/de\\\/die-besten-seiten-fuer-tenniswetten\\\/davis-cup-wett-tipps\\\/\"]}]},{\"@type\":\"ImageObject\",\"inLanguage\":\"de\",\"@id\":\"https:\\\/\\\/tennisbet.net\\\/de\\\/die-besten-seiten-fuer-tenniswetten\\\/davis-cup-wett-tipps\\\/#primaryimage\",\"url\":\"https:\\\/\\\/affiliate.intertops.eu\\\/393496\\\/uploads\\\/468x60_itsb_signupbonus_tennis_en.jpg\",\"contentUrl\":\"https:\\\/\\\/affiliate.intertops.eu\\\/393496\\\/uploads\\\/468x60_itsb_signupbonus_tennis_en.jpg\"},{\"@type\":\"BreadcrumbList\",\"@id\":\"https:\\\/\\\/tennisbet.net\\\/de\\\/die-besten-seiten-fuer-tenniswetten\\\/davis-cup-wett-tipps\\\/#breadcrumb\",\"itemListElement\":[{\"@type\":\"ListItem\",\"position\":1,\"name\":\"Home\",\"item\":\"https:\\\/\\\/tennisbet.net\\\/de\\\/\"},{\"@type\":\"ListItem\",\"position\":2,\"name\":\"Die besten Seiten f\u00fcr Tenniswetten\",\"item\":\"https:\\\/\\\/tennisbet.net\\\/de\\\/betting-sites\\\/\"},{\"@type\":\"ListItem\",\"position\":3,\"name\":\"Davis Cup Wett-Tipps\"}]},{\"@type\":\"WebSite\",\"@id\":\"https:\\\/\\\/tennisbet.net\\\/de\\\/#website\",\"url\":\"https:\\\/\\\/tennisbet.net\\\/de\\\/\",\"name\":\"\",\"description\":\"\",\"potentialAction\":[{\"@type\":\"SearchAction\",\"target\":{\"@type\":\"EntryPoint\",\"urlTemplate\":\"https:\\\/\\\/tennisbet.net\\\/de\\\/?s={search_term_string}\"},\"query-input\":{\"@type\":\"PropertyValueSpecification\",\"valueRequired\":true,\"valueName\":\"search_term_string\"}}],\"inLanguage\":\"de\"}]}<\/script>\n<!-- \/ Yoast SEO plugin. -->","yoast_head_json":{"title":"Wetten auf den Davis Cup","robots":{"index":"index","follow":"follow","max-snippet":"max-snippet:-1","max-image-preview":"max-image-preview:large","max-video-preview":"max-video-preview:-1"},"canonical":"https:\/\/tennisbet.net\/de\/die-besten-seiten-fuer-tenniswetten\/davis-cup-wett-tipps\/","og_locale":"de_DE","og_type":"article","og_title":"Wetten auf den Davis Cup","og_description":"Wetten auf den Davis Cup Der Davis Cup ist der H\u00f6hepunkt der Mannschaftswettbewerbe im internationalen Tenniskalender. Das Turnier wurde 1900 ins Leben gerufen und hat sich seitdem zu einem der H\u00f6hepunkte des Sportkalenders entwickelt. Der Wettbewerb wird ausschlie\u00dflich von der ITF veranstaltet, wobei die Mannschaften (nur M\u00e4nner) die Gruppenphase durchlaufen m\u00fcssen, bevor sie das Finale ... Weiterlesen","og_url":"https:\/\/tennisbet.net\/de\/die-besten-seiten-fuer-tenniswetten\/davis-cup-wett-tipps\/","og_image":[{"url":"https:\/\/affiliate.intertops.eu\/393496\/uploads\/468x60_itsb_signupbonus_tennis_en.jpg","type":"","width":"","height":""}],"twitter_card":"summary_large_image","twitter_misc":{"Gesch\u00e4tzte Lesezeit":"3\u00a0Minuten"},"schema":{"@context":"https:\/\/schema.org","@graph":[{"@type":"WebPage","@id":"https:\/\/tennisbet.net\/de\/die-besten-seiten-fuer-tenniswetten\/davis-cup-wett-tipps\/","url":"https:\/\/tennisbet.net\/de\/die-besten-seiten-fuer-tenniswetten\/davis-cup-wett-tipps\/","name":"Wetten auf den Davis Cup","isPartOf":{"@id":"https:\/\/tennisbet.net\/de\/#website"},"primaryImageOfPage":{"@id":"https:\/\/tennisbet.net\/de\/die-besten-seiten-fuer-tenniswetten\/davis-cup-wett-tipps\/#primaryimage"},"image":{"@id":"https:\/\/tennisbet.net\/de\/die-besten-seiten-fuer-tenniswetten\/davis-cup-wett-tipps\/#primaryimage"},"thumbnailUrl":"https:\/\/affiliate.intertops.eu\/393496\/uploads\/468x60_itsb_signupbonus_tennis_en.jpg","datePublished":"2025-08-02T13:45:37+00:00","breadcrumb":{"@id":"https:\/\/tennisbet.net\/de\/die-besten-seiten-fuer-tenniswetten\/davis-cup-wett-tipps\/#breadcrumb"},"inLanguage":"de","potentialAction":[{"@type":"ReadAction","target":["https:\/\/tennisbet.net\/de\/die-besten-seiten-fuer-tenniswetten\/davis-cup-wett-tipps\/"]}]},{"@type":"ImageObject","inLanguage":"de","@id":"https:\/\/tennisbet.net\/de\/die-besten-seiten-fuer-tenniswetten\/davis-cup-wett-tipps\/#primaryimage","url":"https:\/\/affiliate.intertops.eu\/393496\/uploads\/468x60_itsb_signupbonus_tennis_en.jpg","contentUrl":"https:\/\/affiliate.intertops.eu\/393496\/uploads\/468x60_itsb_signupbonus_tennis_en.jpg"},{"@type":"BreadcrumbList","@id":"https:\/\/tennisbet.net\/de\/die-besten-seiten-fuer-tenniswetten\/davis-cup-wett-tipps\/#breadcrumb","itemListElement":[{"@type":"ListItem","position":1,"name":"Home","item":"https:\/\/tennisbet.net\/de\/"},{"@type":"ListItem","position":2,"name":"Die besten Seiten f\u00fcr Tenniswetten","item":"https:\/\/tennisbet.net\/de\/betting-sites\/"},{"@type":"ListItem","position":3,"name":"Davis Cup Wett-Tipps"}]},{"@type":"WebSite","@id":"https:\/\/tennisbet.net\/de\/#website","url":"https:\/\/tennisbet.net\/de\/","name":"","description":"","potentialAction":[{"@type":"SearchAction","target":{"@type":"EntryPoint","urlTemplate":"https:\/\/tennisbet.net\/de\/?s={search_term_string}"},"query-input":{"@type":"PropertyValueSpecification","valueRequired":true,"valueName":"search_term_string"}}],"inLanguage":"de"}]}},"_links":{"self":[{"href":"https:\/\/tennisbet.net\/de\/wp-json\/wp\/v2\/pages\/45","targetHints":{"allow":["GET"]}}],"collection":[{"href":"https:\/\/tennisbet.net\/de\/wp-json\/wp\/v2\/pages"}],"about":[{"href":"https:\/\/tennisbet.net\/de\/wp-json\/wp\/v2\/types\/page"}],"author":[{"embeddable":true,"href":"https:\/\/tennisbet.net\/de\/wp-json\/wp\/v2\/users\/1"}],"replies":[{"embeddable":true,"href":"https:\/\/tennisbet.net\/de\/wp-json\/wp\/v2\/comments?post=45"}],"version-history":[{"count":0,"href":"https:\/\/tennisbet.net\/de\/wp-json\/wp\/v2\/pages\/45\/revisions"}],"up":[{"embeddable":true,"href":"https:\/\/tennisbet.net\/de\/wp-json\/wp\/v2\/pages\/43"}],"wp:attachment":[{"href":"https:\/\/tennisbet.net\/de\/wp-json\/wp\/v2\/media?parent=45"}],"curies":[{"name":"wp","href":"https:\/\/api.w.org\/{rel}","templated":true}]}}