{"id":49,"date":"2025-08-02T14:10:58","date_gmt":"2025-08-02T14:10:58","guid":{"rendered":"https:\/\/tennisbet.net\/moeglichkeiten-mega-millions-tickets-zu-erhalten\/"},"modified":"2025-08-02T14:10:58","modified_gmt":"2025-08-02T14:10:58","slug":"moeglichkeiten-mega-millions-tickets-zu-erhalten","status":"publish","type":"page","link":"https:\/\/tennisbet.net\/de\/moeglichkeiten-mega-millions-tickets-zu-erhalten\/","title":{"rendered":"M\u00f6glichkeiten, Mega Millions-Tickets zu erhalten"},"content":{"rendered":"<h1>So kommen Sie an Mega Millions-Lose<\/h1>\n<p>Wenn Sie an Mega Millions teilnehmen m\u00f6chten, m\u00f6chten Sie wissen, wie Sie an ein Los kommen und die Chance auf einen Millionengewinn haben. Es wird Sie freuen zu h\u00f6ren, dass es ganz einfach ist, <a href=\"https:\/\/redfoxlotto.com\/lotteries\/\" target=\"_blank\" rel=\"noopener\">ein Los zu kaufen<\/a> \u2013 insbesondere, wenn Sie Lottoscheine online kaufen.<\/p>\n<h2>Los kaufen<\/h2>\n<p>Wenn Sie bereit sind, ein Los zu kaufen, m\u00fcssen Sie lediglich <a href=\"https:\/\/redfoxlotto.com\/\" target=\"_blank\" rel=\"noopener\">RedFoxLotto.com<\/a> besuchen und ein Konto erstellen. Sobald Sie ein Konto haben, k\u00f6nnen Sie Ihre gew\u00fcnschten Lose f\u00fcr <a href=\"https:\/\/redfoxlotto.com\/lotteries\/powerball\" target=\"_blank\" rel=\"noopener\">Powerball<\/a>, <a href=\"https:\/\/redfoxlotto.com\/lotteries\/euromillions\" target=\"_blank\" rel=\"noopener\">EuroMillions<\/a> oder Mega Millions kaufen. Sie m\u00fcssen sich nur noch f\u00fcr die Zahlen entscheiden, die Sie spielen m\u00f6chten.<\/p>\n<p>Schauen Sie sich die verschiedenen verf\u00fcgbaren Losoptionen und Spiele an und w\u00e4hlen Sie dann Ihre <a href=\"https:\/\/redfoxlotto.com\/results\/\" target=\"_blank\" rel=\"noopener\">Lottozahlen<\/a>. Sie w\u00e4hlen die f\u00fcnf regul\u00e4ren Zahlen zwischen 1 und 70. Anschlie\u00dfend w\u00e4hlen Sie eine Mega Ball-Zahl zwischen 1 und 25. Alternativ k\u00f6nnen Sie Quick Pick oder Easy Pick w\u00e4hlen, bei denen die Zahlen automatisch ausgew\u00e4hlt werden.<\/p>\n<p>Sobald Sie Ihre Zahlen haben, k\u00f6nnen Sie den Megaplier aktivieren, um Ihre Gewinne (au\u00dfer Jackpot) zu erh\u00f6hen, oder die Multidraw-Option w\u00e4hlen, um Ihr Los f\u00fcr mehrere Ziehungen g\u00fcltig zu machen. Anschlie\u00dfend durchlaufen Sie den Kaufprozess, um Ihr Los zu erhalten. Bei RedFoxLotto.com ist das alles, was Sie tun m\u00fcssen.<\/p>\n<h2>Warten auf die Ergebnisse<\/h2>\n<p>Das Schwierigste beim Loskauf ist wahrscheinlich das Warten auf die Ergebnisse. Hier ist Geduld gefragt. Sobald die Ziehung vorbei ist, sehen Sie die Ergebnisse und k\u00f6nnen Ihre Zahlen sofort mit den Gewinnzahlen vergleichen. Denn RedFoxLotto.com zeigt Ihnen alle Zahlen direkt in Ihrem Konto an.<\/p>\n<p>Wenn Sie etwas gewonnen haben, erhalten Sie es sofort und k\u00f6nnen sehen, was und wie Sie gewonnen haben. Falls nicht, k\u00f6nnen Sie Ihre Zahlen trotzdem mit den Gewinnzahlen im <a href=\"http:\/\/lottomax24.com\/\" target=\"_blank\" rel=\"noopener\">Lotto<\/a> vergleichen. Und wenn Sie einen gro\u00dfen Gewinn erzielen, erhalten Sie Informationen dar\u00fcber, wie Sie ihn einl\u00f6sen k\u00f6nnen.<\/p>\n<h2>Der Vorgang ist ganz einfach.<\/h2>\n<p>Wer die gro\u00dfen Gewinne der <a href=\"https:\/\/redfoxlotto.com\/lotteries\/mega-millions\" target=\"_blank\" rel=\"noopener\">Mega Millions<\/a> mitnehmen m\u00f6chte, sollte sich unbedingt ansehen, wie man online Lotto spielt. Das vereinfacht den gesamten Vorgang.<\/p>\n","protected":false},"excerpt":{"rendered":"<p>So kommen Sie an Mega Millions-Lose Wenn Sie an Mega Millions teilnehmen m\u00f6chten, m\u00f6chten Sie wissen, wie Sie an ein Los kommen und die Chance auf einen Millionengewinn haben. Es wird Sie freuen zu h\u00f6ren, dass es ganz einfach ist, ein Los zu kaufen \u2013 insbesondere, wenn Sie Lottoscheine online kaufen. Los kaufen Wenn Sie &#8230; <a title=\"M\u00f6glichkeiten, Mega Millions-Tickets zu erhalten\" class=\"read-more\" href=\"https:\/\/tennisbet.net\/de\/moeglichkeiten-mega-millions-tickets-zu-erhalten\/\" aria-label=\"Mehr Informationen \u00fcber M\u00f6glichkeiten, Mega Millions-Tickets zu erhalten\">Weiterlesen<\/a><\/p>\n","protected":false},"author":1,"featured_media":0,"parent":0,"menu_order":0,"comment_status":"closed","ping_status":"closed","template":"","meta":{"footnotes":""},"class_list":["post-49","page","type-page","status-publish"],"yoast_head":"<!-- This site is optimized with the Yoast SEO plugin v27.4 - https:\/\/yoast.com\/product\/yoast-seo-wordpress\/ -->\n<title>M\u00f6glichkeiten, Mega Millions-Tickets zu erhalten<\/title>\n<meta name=\"robots\" content=\"index, follow, max-snippet:-1, max-image-preview:large, max-video-preview:-1\" \/>\n<link rel=\"canonical\" href=\"https:\/\/tennisbet.net\/de\/moeglichkeiten-mega-millions-tickets-zu-erhalten\/\" \/>\n<meta property=\"og:locale\" content=\"de_DE\" \/>\n<meta property=\"og:type\" content=\"article\" \/>\n<meta property=\"og:title\" content=\"M\u00f6glichkeiten, Mega Millions-Tickets zu erhalten\" \/>\n<meta property=\"og:description\" content=\"So kommen Sie an Mega Millions-Lose Wenn Sie an Mega Millions teilnehmen m\u00f6chten, m\u00f6chten Sie wissen, wie Sie an ein Los kommen und die Chance auf einen Millionengewinn haben. Es wird Sie freuen zu h\u00f6ren, dass es ganz einfach ist, ein Los zu kaufen \u2013 insbesondere, wenn Sie Lottoscheine online kaufen. Los kaufen Wenn Sie ... Weiterlesen\" \/>\n<meta property=\"og:url\" content=\"https:\/\/tennisbet.net\/de\/moeglichkeiten-mega-millions-tickets-zu-erhalten\/\" \/>\n<meta name=\"twitter:card\" content=\"summary_large_image\" \/>\n<meta name=\"twitter:label1\" content=\"Gesch\u00e4tzte Lesezeit\" \/>\n\t<meta name=\"twitter:data1\" content=\"2\u00a0Minuten\" \/>\n<script type=\"application\/ld+json\" class=\"yoast-schema-graph\">{\"@context\":\"https:\\\/\\\/schema.org\",\"@graph\":[{\"@type\":\"WebPage\",\"@id\":\"https:\\\/\\\/tennisbet.net\\\/de\\\/moeglichkeiten-mega-millions-tickets-zu-erhalten\\\/\",\"url\":\"https:\\\/\\\/tennisbet.net\\\/de\\\/moeglichkeiten-mega-millions-tickets-zu-erhalten\\\/\",\"name\":\"M\u00f6glichkeiten, Mega Millions-Tickets zu erhalten\",\"isPartOf\":{\"@id\":\"https:\\\/\\\/tennisbet.net\\\/de\\\/#website\"},\"datePublished\":\"2025-08-02T14:10:58+00:00\",\"breadcrumb\":{\"@id\":\"https:\\\/\\\/tennisbet.net\\\/de\\\/moeglichkeiten-mega-millions-tickets-zu-erhalten\\\/#breadcrumb\"},\"inLanguage\":\"de\",\"potentialAction\":[{\"@type\":\"ReadAction\",\"target\":[\"https:\\\/\\\/tennisbet.net\\\/de\\\/moeglichkeiten-mega-millions-tickets-zu-erhalten\\\/\"]}]},{\"@type\":\"BreadcrumbList\",\"@id\":\"https:\\\/\\\/tennisbet.net\\\/de\\\/moeglichkeiten-mega-millions-tickets-zu-erhalten\\\/#breadcrumb\",\"itemListElement\":[{\"@type\":\"ListItem\",\"position\":1,\"name\":\"Home\",\"item\":\"https:\\\/\\\/tennisbet.net\\\/de\\\/\"},{\"@type\":\"ListItem\",\"position\":2,\"name\":\"M\u00f6glichkeiten, Mega Millions-Tickets zu erhalten\"}]},{\"@type\":\"WebSite\",\"@id\":\"https:\\\/\\\/tennisbet.net\\\/de\\\/#website\",\"url\":\"https:\\\/\\\/tennisbet.net\\\/de\\\/\",\"name\":\"\",\"description\":\"\",\"potentialAction\":[{\"@type\":\"SearchAction\",\"target\":{\"@type\":\"EntryPoint\",\"urlTemplate\":\"https:\\\/\\\/tennisbet.net\\\/de\\\/?s={search_term_string}\"},\"query-input\":{\"@type\":\"PropertyValueSpecification\",\"valueRequired\":true,\"valueName\":\"search_term_string\"}}],\"inLanguage\":\"de\"}]}<\/script>\n<!-- \/ Yoast SEO plugin. -->","yoast_head_json":{"title":"M\u00f6glichkeiten, Mega Millions-Tickets zu erhalten","robots":{"index":"index","follow":"follow","max-snippet":"max-snippet:-1","max-image-preview":"max-image-preview:large","max-video-preview":"max-video-preview:-1"},"canonical":"https:\/\/tennisbet.net\/de\/moeglichkeiten-mega-millions-tickets-zu-erhalten\/","og_locale":"de_DE","og_type":"article","og_title":"M\u00f6glichkeiten, Mega Millions-Tickets zu erhalten","og_description":"So kommen Sie an Mega Millions-Lose Wenn Sie an Mega Millions teilnehmen m\u00f6chten, m\u00f6chten Sie wissen, wie Sie an ein Los kommen und die Chance auf einen Millionengewinn haben. Es wird Sie freuen zu h\u00f6ren, dass es ganz einfach ist, ein Los zu kaufen \u2013 insbesondere, wenn Sie Lottoscheine online kaufen. Los kaufen Wenn Sie ... Weiterlesen","og_url":"https:\/\/tennisbet.net\/de\/moeglichkeiten-mega-millions-tickets-zu-erhalten\/","twitter_card":"summary_large_image","twitter_misc":{"Gesch\u00e4tzte Lesezeit":"2\u00a0Minuten"},"schema":{"@context":"https:\/\/schema.org","@graph":[{"@type":"WebPage","@id":"https:\/\/tennisbet.net\/de\/moeglichkeiten-mega-millions-tickets-zu-erhalten\/","url":"https:\/\/tennisbet.net\/de\/moeglichkeiten-mega-millions-tickets-zu-erhalten\/","name":"M\u00f6glichkeiten, Mega Millions-Tickets zu erhalten","isPartOf":{"@id":"https:\/\/tennisbet.net\/de\/#website"},"datePublished":"2025-08-02T14:10:58+00:00","breadcrumb":{"@id":"https:\/\/tennisbet.net\/de\/moeglichkeiten-mega-millions-tickets-zu-erhalten\/#breadcrumb"},"inLanguage":"de","potentialAction":[{"@type":"ReadAction","target":["https:\/\/tennisbet.net\/de\/moeglichkeiten-mega-millions-tickets-zu-erhalten\/"]}]},{"@type":"BreadcrumbList","@id":"https:\/\/tennisbet.net\/de\/moeglichkeiten-mega-millions-tickets-zu-erhalten\/#breadcrumb","itemListElement":[{"@type":"ListItem","position":1,"name":"Home","item":"https:\/\/tennisbet.net\/de\/"},{"@type":"ListItem","position":2,"name":"M\u00f6glichkeiten, Mega Millions-Tickets zu erhalten"}]},{"@type":"WebSite","@id":"https:\/\/tennisbet.net\/de\/#website","url":"https:\/\/tennisbet.net\/de\/","name":"","description":"","potentialAction":[{"@type":"SearchAction","target":{"@type":"EntryPoint","urlTemplate":"https:\/\/tennisbet.net\/de\/?s={search_term_string}"},"query-input":{"@type":"PropertyValueSpecification","valueRequired":true,"valueName":"search_term_string"}}],"inLanguage":"de"}]}},"_links":{"self":[{"href":"https:\/\/tennisbet.net\/de\/wp-json\/wp\/v2\/pages\/49","targetHints":{"allow":["GET"]}}],"collection":[{"href":"https:\/\/tennisbet.net\/de\/wp-json\/wp\/v2\/pages"}],"about":[{"href":"https:\/\/tennisbet.net\/de\/wp-json\/wp\/v2\/types\/page"}],"author":[{"embeddable":true,"href":"https:\/\/tennisbet.net\/de\/wp-json\/wp\/v2\/users\/1"}],"replies":[{"embeddable":true,"href":"https:\/\/tennisbet.net\/de\/wp-json\/wp\/v2\/comments?post=49"}],"version-history":[{"count":0,"href":"https:\/\/tennisbet.net\/de\/wp-json\/wp\/v2\/pages\/49\/revisions"}],"wp:attachment":[{"href":"https:\/\/tennisbet.net\/de\/wp-json\/wp\/v2\/media?parent=49"}],"curies":[{"name":"wp","href":"https:\/\/api.w.org\/{rel}","templated":true}]}}