{"id":51,"date":"2025-08-02T14:09:37","date_gmt":"2025-08-02T14:09:37","guid":{"rendered":"https:\/\/tennisbet.net\/der-richtige-griff-fuer-deine-vorhand-und-rueckhand\/"},"modified":"2025-08-04T14:14:23","modified_gmt":"2025-08-04T14:14:23","slug":"der-richtige-griff-fuer-deine-vorhand-und-rueckhand","status":"publish","type":"page","link":"https:\/\/tennisbet.net\/de\/comment-devenir-un-joueur-de-tennis-professionnel\/der-richtige-griff-fuer-deine-vorhand-und-rueckhand\/","title":{"rendered":"Der richtige Griff f\u00fcr deine Vorhand und R\u00fcckhand"},"content":{"rendered":"<h1>Ist Ihr Vorhand- und R\u00fcckhandgriff korrekt?<\/h1>\n<p>Als Trainer wurde ich immer wieder gefragt: \u201eK\u00f6nnen Sie meine Vorhand oder R\u00fcckhand verbessern, ohne dass ich meinen Griff \u00e4ndern muss?\u201c Die Antwort ist immer dieselbe: \u201eJa, ich kann Ihre Vorhand oder R\u00fcckhand verbessern, aber wenn Sie einen Griff verwenden, der f\u00fcr den gew\u00fcnschten Schlag ungeeignet ist, wird die Verbesserung nur marginal sein.\u201c In einer solchen Situation kann ein Trainer nur zwei Dinge tun:<\/p>\n<ol>\n<li>Er kann Ihnen zeigen, wie Sie Ihre bestehende Technik intelligenter einsetzen k\u00f6nnen. Nehmen wir an, Sie spielen Ihre Vorhand mit einem Continental- (\u201eHammer-\u201c) Griff. Mit diesem Griff werden Sie Schwierigkeiten haben, einen Topspin-Schlag zu schlagen. Aber es gibt Dinge, die Sie tun k\u00f6nnen, wie zum Beispiel eher \u201egerade\u201c Schl\u00e4ge (mit wenig oder keiner Vorw\u00e4rtsrotation des Balls). Au\u00dferdem kann man den Ball am h\u00f6chsten Punkt (idealerweise \u00fcber dem Netz) angreifen und einen tiefen Slice spielen.<\/li>\n<li>Er kann an der Qualit\u00e4t des Schlags arbeiten, indem man versucht (in dieser Reihenfolge): mehr Konstanz, mehr Schlagtiefe und h\u00f6here Genauigkeit. Er w\u00fcrde das tun, indem er den Schlag einfach mit dem Ziel einer bestimmten Verbesserung \u00fcbt. Zum Beispiel, indem er versucht, den Ball zuerst innerhalb von zwei Metern von der Grundlinie zu platzieren, dann innerhalb von einem Meter und dann noch n\u00e4her; oder indem er verschiedene Winkel \u00fcbt oder bestimmte Torbereiche trifft usw.<\/li>\n<\/ol>\n<h2>Solltest du deinen Griff \u00e4ndern?<\/h2>\n<p>Wenn dein Trainer dir sagt, dass dein Griff f\u00fcr das, was du erreichen willst, nicht gut ist, solltest du wahrscheinlich auf ihn h\u00f6ren. Den Griff zu \u00e4ndern, um einen Schlag zu verbessern, ist ein langwieriger Prozess, und die meisten Spieler scheuen davor zur\u00fcck. Wenn du jedoch mit einem kontinentalen Griff f\u00fcr Vorhand und R\u00fcckhand spielst, ist es wahrscheinlich, dass du mit dem Tennisspielen in&#8230; in den 1970er oder 1980er Jahren, oder der Tennistrainer, der Sie zum Tennisspielen gebracht hat, war in den 70er oder 80er Jahren steckengeblieben, oder Sie hatten nie einen Trainer.<\/p>\n<p>In diesem Fall m\u00fcssen Sie eine Entscheidung treffen: Bleiben Sie bei Ihrer Technik und akzeptieren Sie, dass Sie nie eine wirklich kraftvolle Vorhand oder R\u00fcckhand haben werden, oder fangen Sie von vorne an und akzeptieren Sie, dass Ihr Spiel eine ganze Weile schlechter sein wird, bevor es sich verbessert. Es wird mindestens ein Jahr dauern, bis die neue Technik konstant genug ist. Damit meine ich konstant in einer Spielsituation, in der Sie unter Druck stehen. In der Zwischenzeit werden Ihre Spielergebnisse wahrscheinlich schlechter sein als zuvor. Sie m\u00fcssen die neue Technik viel \u00fcben. Aber sobald Sie dem neuen Schlag vertrauen, werden Sie feststellen, dass sich Ihr Spiel \u00fcber das hinaus verbessert hat, was Sie vorher konnten.<\/p>\n<p>Hier ein guter Tipp: Sobald der neue Schlag einigerma\u00dfen stabil erscheint, ist das Beste, was Ihnen passieren kann, ein Match gegen jemanden zu spielen, den Sie nie besiegen k\u00f6nnen. Setzen Sie sich ein anderes Ziel: Nicht den Sieg, sondern die neue Technik in jeder erdenklichen Situation anzuwenden, egal wie der Spielstand ist. Dasselbe k\u00f6nnen Sie auch tun, wenn Sie gegen einen Spieler antreten, den Sie immer schlagen werden, egal was passiert.<\/p>\n<p>Solche Spiele k\u00f6nnen Ihnen helfen, das n\u00f6tige Vertrauen aufzubauen, damit eine neue Technik auch unter Druck funktioniert. Und genau daf\u00fcr sind Trainingseinheiten da. Es geht darum, zu wissen, dass Sie diesen speziellen Schlag oder diese spezielle Situation ge\u00fcbt haben. Sie wissen, dass Sie darauf vorbereitet sind, und m\u00fcssen ihn nur noch ausf\u00fchren, ohne dar\u00fcber nachdenken zu m\u00fcssen. \u00dcberlassen Sie einfach dem motorischen Ged\u00e4chtnis Ihres K\u00f6rpers die Kontrolle, dann sollte alles gut gehen.<\/p>\n<h2>Welche Griffe sind also f\u00fcr eine \u201emoderne\u201c Technik tats\u00e4chlich empfehlenswert?<\/h2>\n<p>Bevor wir uns Techniken und Griffe ansehen, m\u00f6chte ich zwei Dinge erkl\u00e4ren:<\/p>\n<ol>\n<li>Im modernen Tennis wird ein kraftvoller Grundlinienschlag, anders als noch vor 30 Jahren, nicht mehr durch Muskelkraft erreicht, sondern durch koordinierte Anspannung und Rotation des gesamten K\u00f6rpers und eine Bewegung, die einem dynamischen \u201eWerfen\u201c des Schl\u00e4gers in Richtung Ball \u00e4hnelt. Die wichtigste Ver\u00e4nderung kam, als die Spieler aufh\u00f6rten, eine geschlossene Haltung einzunehmen (Vorhandhaltung eines Rechtsh\u00e4nders mit dem linken Fu\u00df nach vorne). Bei dieser Technik erfolgt die K\u00f6rperrotation gering, und der Ball wird relativ sp\u00e4t und nicht vor dem K\u00f6rper getroffen.<\/li>\n<li>Diese \u00e4lteren Techniken ignorierten die grundlegenden Tatsachen des Tennis: n\u00e4mlich, dass man auf einem Platz spielt, der a) ein Hindernis in der Mitte hat und b) eine Grundlinie hat, die den hinteren Teil des gegnerischen Feldes begrenzt. Was ist also die logischste L\u00f6sung f\u00fcr diese beiden Probleme? Nun, das w\u00e4re ein Ball, der das Netz in einer bestimmten Mindesth\u00f6he passiert und dann dazu neigt, mit zunehmender Geschwindigkeit nach unten zu fallen, je n\u00e4her er der Grundlinie kommt.<\/li>\n<\/ol>\n<p>Verstehen Sie, worauf wir hinauswollen? Man muss Vorhand und R\u00fcckhand mit zumindest einer gewissen Vorw\u00e4rtsrotation, z. B. Topspin, schlagen k\u00f6nnen. Ich sage jetzt nicht, dass man st\u00e4ndig enorm viel Topspin braucht. Aber man sollte die L\u00e4nge des Schlags kontrollieren k\u00f6nnen, indem man gen\u00fcgend Topspin hinzuf\u00fcgt, um in der gew\u00fcnschten Zone zu landen. Und tats\u00e4chlich m\u00f6chten Sie in bestimmten SituationenUm den Topspin zu reduzieren und dem Schlag maximale Geschwindigkeit f\u00fcr einen Winner zu verleihen, ist es jedoch viel einfacher, von mehr zu weniger Spin zu wechseln, als von einem schnellen, geraden Schlag zu einem sichereren Schlag zu wechseln, indem man die Geschwindigkeit reduziert.<\/p>\n<h2>Okay, wie lerne ich also, einen Topspin mit Vorhand und R\u00fcckhand zu spielen?<\/h2>\n<p>Bei beiden Schl\u00e4gen muss man den Ball weit vor dem K\u00f6rper treffen k\u00f6nnen. Achten Sie auf die Bewegung des Schl\u00e4gers beim Schlag. An welchem Punkt beginnt der Schl\u00e4ger seine nat\u00fcrliche Aufw\u00e4rtsbewegung? Das ist der Bereich, in dem Sie den Ball treffen m\u00fcssen. Dieser Bereich befindet sich mindestens 40 bis 50 cm vor Ihrer K\u00f6rpermitte, sonst k\u00f6nnen Sie Ihren K\u00f6rper nicht in Richtung Ball drehen.<\/p>\n<p>Das wichtigste Konzept hierbei ist der \u201eKontaktpunkt\u201c. Wenn Sie einen Ball mit Vorw\u00e4rtsrotation schlagen m\u00f6chten, m\u00fcssen beim Kontakt zwei Dinge passieren:<\/p>\n<ol>\n<li>Der Schl\u00e4ger muss eine Aufw\u00e4rtsbewegung in Richtung des Kontaktpunkts begonnen haben. Eine steilere Aufw\u00e4rtsbewegung bedeutet mehr Spin.<\/li>\n<li>Der gew\u00e4hlte Griff muss es erm\u00f6glichen, den Ball senkrecht zu treffen. Wenn sich der Schl\u00e4ger \u00f6ffnet und Sie den Ball mit einer Aufw\u00e4rtsbewegung treffen, fliegt der Ball unkontrolliert hoch und weit. Bei einem dynamischen Schlag k\u00f6nnen Sie diesen Winkel nicht durch aktive Korrekturen aus dem Handgelenk kontrollieren. Daf\u00fcr brauchen Sie einen guten Griff und lassen das Handgelenk einfach folgen \u2013 blockieren Sie Ihr Handgelenk nicht. W\u00fcrden Sie beim Werfen versuchen, Ihr Handgelenk zu blockieren? Sicher nicht.<\/li>\n<\/ol>\n<h2>So definieren Sie den richtigen Griff:<\/h2>\n<p>Nehmen Sie die Haltung ein, die Sie in der jeweiligen Situation einnehmen w\u00fcrden. Bringen Sie den Schl\u00e4ger zum Kontaktpunkt (deutlich vor Ihren K\u00f6rper). Verwenden Sie nun einen Griff, der Ihren Schl\u00e4ger an diesem Punkt \u201egerade\u201c (senkrecht) h\u00e4lt. So haben Sie Ihren richtigen Griff.<\/p>\n<p>Wie Sie sehen, h\u00e4ngt der Griff auch von Ihrer K\u00f6rpergr\u00f6\u00dfe, der H\u00f6he des Ballabsprungs vor dem Schlag und sogar von Ihrer Arml\u00e4nge ab. Deshalb verwenden Kinder f\u00fcr Topspin-Schl\u00e4ge tendenziell extremere Griffe. Ein durchschnittlicher Ballabsprung, der bei Erwachsenen auf H\u00fcfth\u00f6he w\u00e4re, entspricht bei ihnen Kopfh\u00f6he! Das ist \u00fcbrigens einer der Gr\u00fcnde, warum Kinder heutzutage mit weicheren B\u00e4llen trainieren.<\/p>\n<p>Ein letzter Tipp: Wenn Sie versuchen, sich einen besseren Vorhand- und R\u00fcckhandgriff anzugew\u00f6hnen, achten Sie auf die Position und den Winkel Ihres Schl\u00e4gers nach dem R\u00fcckschwung. Pr\u00e4gen Sie sich diese Position ein. Damit Ihr Schl\u00e4ger in der R\u00fcckw\u00e4rtsposition, kurz bevor Sie den Schl\u00e4ger nach vorne schwingen, einen senkrechten Winkel zum Ball hat, sollte die Seite des Schl\u00e4gers, mit der Sie den Ball treffen m\u00f6chten, mehr oder weniger zum Boden zeigen. Wenn Sie dann nach vorne und schlie\u00dflich nach oben schwingen, wird der Winkel korrigiert, bis er am Kontaktpunkt gerade ist, wodurch Sie dem Ball die gew\u00fcnschte Vorw\u00e4rtsrotation verleihen k\u00f6nnen.<\/p>\n","protected":false},"excerpt":{"rendered":"<p>Ist Ihr Vorhand- und R\u00fcckhandgriff korrekt? Als Trainer wurde ich immer wieder gefragt: \u201eK\u00f6nnen Sie meine Vorhand oder R\u00fcckhand verbessern, ohne dass ich meinen Griff \u00e4ndern muss?\u201c Die Antwort ist immer dieselbe: \u201eJa, ich kann Ihre Vorhand oder R\u00fcckhand verbessern, aber wenn Sie einen Griff verwenden, der f\u00fcr den gew\u00fcnschten Schlag ungeeignet ist, wird die &#8230; <a title=\"Der richtige Griff f\u00fcr deine Vorhand und R\u00fcckhand\" class=\"read-more\" href=\"https:\/\/tennisbet.net\/de\/comment-devenir-un-joueur-de-tennis-professionnel\/der-richtige-griff-fuer-deine-vorhand-und-rueckhand\/\" aria-label=\"Mehr Informationen \u00fcber Der richtige Griff f\u00fcr deine Vorhand und R\u00fcckhand\">Weiterlesen<\/a><\/p>\n","protected":false},"author":1,"featured_media":0,"parent":74,"menu_order":0,"comment_status":"closed","ping_status":"closed","template":"","meta":{"footnotes":""},"class_list":["post-51","page","type-page","status-publish"],"yoast_head":"<!-- This site is optimized with the Yoast SEO plugin v27.4 - https:\/\/yoast.com\/product\/yoast-seo-wordpress\/ -->\n<title>Wie wichtig ist der richtige Griff f\u00fcr Ihre Vorhand und R\u00fcckhand beim Tennis?<\/title>\n<meta name=\"robots\" content=\"index, follow, max-snippet:-1, max-image-preview:large, max-video-preview:-1\" \/>\n<link rel=\"canonical\" href=\"https:\/\/tennisbet.net\/de\/comment-devenir-un-joueur-de-tennis-professionnel\/der-richtige-griff-fuer-deine-vorhand-und-rueckhand\/\" \/>\n<meta property=\"og:locale\" content=\"de_DE\" \/>\n<meta property=\"og:type\" content=\"article\" \/>\n<meta property=\"og:title\" content=\"Wie wichtig ist der richtige Griff f\u00fcr Ihre Vorhand und R\u00fcckhand beim Tennis?\" \/>\n<meta property=\"og:description\" content=\"Ist Ihr Vorhand- und R\u00fcckhandgriff korrekt? Als Trainer wurde ich immer wieder gefragt: \u201eK\u00f6nnen Sie meine Vorhand oder R\u00fcckhand verbessern, ohne dass ich meinen Griff \u00e4ndern muss?\u201c Die Antwort ist immer dieselbe: \u201eJa, ich kann Ihre Vorhand oder R\u00fcckhand verbessern, aber wenn Sie einen Griff verwenden, der f\u00fcr den gew\u00fcnschten Schlag ungeeignet ist, wird die ... Weiterlesen\" \/>\n<meta property=\"og:url\" content=\"https:\/\/tennisbet.net\/de\/comment-devenir-un-joueur-de-tennis-professionnel\/der-richtige-griff-fuer-deine-vorhand-und-rueckhand\/\" \/>\n<meta property=\"article:modified_time\" content=\"2025-08-04T14:14:23+00:00\" \/>\n<meta name=\"twitter:card\" content=\"summary_large_image\" \/>\n<meta name=\"twitter:label1\" content=\"Gesch\u00e4tzte Lesezeit\" \/>\n\t<meta name=\"twitter:data1\" content=\"7\u00a0Minuten\" \/>\n<script type=\"application\/ld+json\" class=\"yoast-schema-graph\">{\"@context\":\"https:\\\/\\\/schema.org\",\"@graph\":[{\"@type\":\"WebPage\",\"@id\":\"https:\\\/\\\/tennisbet.net\\\/de\\\/comment-devenir-un-joueur-de-tennis-professionnel\\\/der-richtige-griff-fuer-deine-vorhand-und-rueckhand\\\/\",\"url\":\"https:\\\/\\\/tennisbet.net\\\/de\\\/comment-devenir-un-joueur-de-tennis-professionnel\\\/der-richtige-griff-fuer-deine-vorhand-und-rueckhand\\\/\",\"name\":\"Wie wichtig ist der richtige Griff f\u00fcr Ihre Vorhand und R\u00fcckhand beim Tennis?\",\"isPartOf\":{\"@id\":\"https:\\\/\\\/tennisbet.net\\\/de\\\/#website\"},\"datePublished\":\"2025-08-02T14:09:37+00:00\",\"dateModified\":\"2025-08-04T14:14:23+00:00\",\"breadcrumb\":{\"@id\":\"https:\\\/\\\/tennisbet.net\\\/de\\\/comment-devenir-un-joueur-de-tennis-professionnel\\\/der-richtige-griff-fuer-deine-vorhand-und-rueckhand\\\/#breadcrumb\"},\"inLanguage\":\"de\",\"potentialAction\":[{\"@type\":\"ReadAction\",\"target\":[\"https:\\\/\\\/tennisbet.net\\\/de\\\/comment-devenir-un-joueur-de-tennis-professionnel\\\/der-richtige-griff-fuer-deine-vorhand-und-rueckhand\\\/\"]}]},{\"@type\":\"BreadcrumbList\",\"@id\":\"https:\\\/\\\/tennisbet.net\\\/de\\\/comment-devenir-un-joueur-de-tennis-professionnel\\\/der-richtige-griff-fuer-deine-vorhand-und-rueckhand\\\/#breadcrumb\",\"itemListElement\":[{\"@type\":\"ListItem\",\"position\":1,\"name\":\"Home\",\"item\":\"https:\\\/\\\/tennisbet.net\\\/de\\\/\"},{\"@type\":\"ListItem\",\"position\":2,\"name\":\"Comment devenir un joueur de tennis professionnel\",\"item\":\"https:\\\/\\\/tennisbet.net\\\/de\\\/how-to-become-a-professional-tennis-player\\\/\"},{\"@type\":\"ListItem\",\"position\":3,\"name\":\"Der richtige Griff f\u00fcr deine Vorhand und R\u00fcckhand\"}]},{\"@type\":\"WebSite\",\"@id\":\"https:\\\/\\\/tennisbet.net\\\/de\\\/#website\",\"url\":\"https:\\\/\\\/tennisbet.net\\\/de\\\/\",\"name\":\"\",\"description\":\"\",\"potentialAction\":[{\"@type\":\"SearchAction\",\"target\":{\"@type\":\"EntryPoint\",\"urlTemplate\":\"https:\\\/\\\/tennisbet.net\\\/de\\\/?s={search_term_string}\"},\"query-input\":{\"@type\":\"PropertyValueSpecification\",\"valueRequired\":true,\"valueName\":\"search_term_string\"}}],\"inLanguage\":\"de\"}]}<\/script>\n<!-- \/ Yoast SEO plugin. -->","yoast_head_json":{"title":"Wie wichtig ist der richtige Griff f\u00fcr Ihre Vorhand und R\u00fcckhand beim Tennis?","robots":{"index":"index","follow":"follow","max-snippet":"max-snippet:-1","max-image-preview":"max-image-preview:large","max-video-preview":"max-video-preview:-1"},"canonical":"https:\/\/tennisbet.net\/de\/comment-devenir-un-joueur-de-tennis-professionnel\/der-richtige-griff-fuer-deine-vorhand-und-rueckhand\/","og_locale":"de_DE","og_type":"article","og_title":"Wie wichtig ist der richtige Griff f\u00fcr Ihre Vorhand und R\u00fcckhand beim Tennis?","og_description":"Ist Ihr Vorhand- und R\u00fcckhandgriff korrekt? Als Trainer wurde ich immer wieder gefragt: \u201eK\u00f6nnen Sie meine Vorhand oder R\u00fcckhand verbessern, ohne dass ich meinen Griff \u00e4ndern muss?\u201c Die Antwort ist immer dieselbe: \u201eJa, ich kann Ihre Vorhand oder R\u00fcckhand verbessern, aber wenn Sie einen Griff verwenden, der f\u00fcr den gew\u00fcnschten Schlag ungeeignet ist, wird die ... Weiterlesen","og_url":"https:\/\/tennisbet.net\/de\/comment-devenir-un-joueur-de-tennis-professionnel\/der-richtige-griff-fuer-deine-vorhand-und-rueckhand\/","article_modified_time":"2025-08-04T14:14:23+00:00","twitter_card":"summary_large_image","twitter_misc":{"Gesch\u00e4tzte Lesezeit":"7\u00a0Minuten"},"schema":{"@context":"https:\/\/schema.org","@graph":[{"@type":"WebPage","@id":"https:\/\/tennisbet.net\/de\/comment-devenir-un-joueur-de-tennis-professionnel\/der-richtige-griff-fuer-deine-vorhand-und-rueckhand\/","url":"https:\/\/tennisbet.net\/de\/comment-devenir-un-joueur-de-tennis-professionnel\/der-richtige-griff-fuer-deine-vorhand-und-rueckhand\/","name":"Wie wichtig ist der richtige Griff f\u00fcr Ihre Vorhand und R\u00fcckhand beim Tennis?","isPartOf":{"@id":"https:\/\/tennisbet.net\/de\/#website"},"datePublished":"2025-08-02T14:09:37+00:00","dateModified":"2025-08-04T14:14:23+00:00","breadcrumb":{"@id":"https:\/\/tennisbet.net\/de\/comment-devenir-un-joueur-de-tennis-professionnel\/der-richtige-griff-fuer-deine-vorhand-und-rueckhand\/#breadcrumb"},"inLanguage":"de","potentialAction":[{"@type":"ReadAction","target":["https:\/\/tennisbet.net\/de\/comment-devenir-un-joueur-de-tennis-professionnel\/der-richtige-griff-fuer-deine-vorhand-und-rueckhand\/"]}]},{"@type":"BreadcrumbList","@id":"https:\/\/tennisbet.net\/de\/comment-devenir-un-joueur-de-tennis-professionnel\/der-richtige-griff-fuer-deine-vorhand-und-rueckhand\/#breadcrumb","itemListElement":[{"@type":"ListItem","position":1,"name":"Home","item":"https:\/\/tennisbet.net\/de\/"},{"@type":"ListItem","position":2,"name":"Comment devenir un joueur de tennis professionnel","item":"https:\/\/tennisbet.net\/de\/how-to-become-a-professional-tennis-player\/"},{"@type":"ListItem","position":3,"name":"Der richtige Griff f\u00fcr deine Vorhand und R\u00fcckhand"}]},{"@type":"WebSite","@id":"https:\/\/tennisbet.net\/de\/#website","url":"https:\/\/tennisbet.net\/de\/","name":"","description":"","potentialAction":[{"@type":"SearchAction","target":{"@type":"EntryPoint","urlTemplate":"https:\/\/tennisbet.net\/de\/?s={search_term_string}"},"query-input":{"@type":"PropertyValueSpecification","valueRequired":true,"valueName":"search_term_string"}}],"inLanguage":"de"}]}},"_links":{"self":[{"href":"https:\/\/tennisbet.net\/de\/wp-json\/wp\/v2\/pages\/51","targetHints":{"allow":["GET"]}}],"collection":[{"href":"https:\/\/tennisbet.net\/de\/wp-json\/wp\/v2\/pages"}],"about":[{"href":"https:\/\/tennisbet.net\/de\/wp-json\/wp\/v2\/types\/page"}],"author":[{"embeddable":true,"href":"https:\/\/tennisbet.net\/de\/wp-json\/wp\/v2\/users\/1"}],"replies":[{"embeddable":true,"href":"https:\/\/tennisbet.net\/de\/wp-json\/wp\/v2\/comments?post=51"}],"version-history":[{"count":1,"href":"https:\/\/tennisbet.net\/de\/wp-json\/wp\/v2\/pages\/51\/revisions"}],"predecessor-version":[{"id":79,"href":"https:\/\/tennisbet.net\/de\/wp-json\/wp\/v2\/pages\/51\/revisions\/79"}],"up":[{"embeddable":true,"href":"https:\/\/tennisbet.net\/de\/wp-json\/wp\/v2\/pages\/74"}],"wp:attachment":[{"href":"https:\/\/tennisbet.net\/de\/wp-json\/wp\/v2\/media?parent=51"}],"curies":[{"name":"wp","href":"https:\/\/api.w.org\/{rel}","templated":true}]}}