{"id":53,"date":"2025-08-02T13:46:51","date_gmt":"2025-08-02T13:46:51","guid":{"rendered":"https:\/\/tennisbet.net\/die-besten-seiten-fuer-tenniswetten\/fed-cup-wett-tipps\/"},"modified":"2025-08-02T13:46:51","modified_gmt":"2025-08-02T13:46:51","slug":"fed-cup-wett-tipps","status":"publish","type":"page","link":"https:\/\/tennisbet.net\/de\/die-besten-seiten-fuer-tenniswetten\/fed-cup-wett-tipps\/","title":{"rendered":"Fed Cup Wett-Tipps"},"content":{"rendered":"<h1>Wetten auf den Fed Cup<\/h1>\n<p>Der Fed Cup ist der H\u00f6hepunkt der Damen-Mannschaftsturniere im Tennis und wird seit 1963 ausgetragen. Das Turnier wurde urspr\u00fcnglich anl\u00e4sslich des 50-j\u00e4hrigen Jubil\u00e4ums der ITF (International Tennis Federation) ins Leben gerufen, wird heute aber neben dem Herren-Mannschaftsturnier, dem <a href=\"index.php?option=com_content&amp;view=article&amp;id=56:betting-on-the-davis-cup&amp;catid=31:other-current-tennis-events\">Davis Cup<\/a>, ausgetragen.<\/p>\n<p>Das Konzept des Fed Cups (bis 1995 offiziell als Federation Cup bekannt) wurde erstmals 1919 entworfen, aber urspr\u00fcnglich von der ITF verworfen. Die Unterst\u00fctzung f\u00fcr den Wettbewerb wuchs jedoch unter den Profis weiter, bevor 1963 ein Probelauf stattfand. Die Popularit\u00e4t des Wettbewerbs war so gro\u00df, dass er seitdem jedes Jahr stattfindet und heute zu den lukrativsten Veranstaltungen im Damentennis z\u00e4hlt.<\/p>\n<p><strong>Wetten auf den Fed Cup werden von den meisten Sportwettenanbietern angeboten<\/strong>. Sie sollten sich vor der Wettabgabe \u00fcber die Spielreihenfolge informieren \u2013 insbesondere, wenn Sie auf die Siegernation wetten m\u00f6chten. Es kommt sehr h\u00e4ufig vor, dass die besten Spielerinnen kurzfristig aus dem Wettbewerb aussteigen. Der Mannschaftskapit\u00e4n muss dann eine Ersatzspielerin nominieren, was die Chancen seines Teams nat\u00fcrlich verringert.<\/p>\n<h2>Format des Fed Cups<\/h2>\n<p>Es gibt drei territoriale Qualifikationszonen f\u00fcr den Fed Cup: die Amerika-Zone, die Europa\/Afrika-Zone und die Asien\/Ozeanien-Zone. Die L\u00e4nder jeder Zone werden basierend auf ihrer Platzierung in den Fed-Cup-Spielen des Vorjahres in zwei Gruppen eingeteilt. Die Qualifikanten jeder Zone spielen in der Weltgruppe II, bevor sie sich aufteilen und in die eigentliche Weltgruppe I einziehen.<\/p>\n<p>Der Fed Cup selbst besteht aus den acht besten L\u00e4ndern der Welt. Diese L\u00e4nder spielen im Laufe der Saison gegeneinander, bevor sie das Halbfinale und das Finale erreichen. Je nach Ergebnis werden Punkte vergeben, die Spiele umfassen jedoch sowohl Einzel- als auch Doppelspiele der Damen.<\/p>\n<p>Jedes Jahr wird im Fed Cup eine Spielerin mit dem Heart Award ausgezeichnet. Diese Spielerin wird von ihren Mitspielern nominiert, nachdem sie sich durch \u201eAuszeichnungen, au\u00dfergew\u00f6hnlichen Mut auf dem Platz und herausragendes Engagement f\u00fcr das Team bei Fed-Cup-Veranstaltungen\u201c hervorgetan hat.<\/p>\n<h2>Beste Fed-Cup-Wettseiten<\/h2>\n<h2>Bet365 \u2013 Nicht-USA<\/h2>\n<p>Bei so vielen Spielen im Fed Cup im Laufe des Jahres ist es oft schwer, den \u00dcberblick zu behalten. Bet365 bietet einen so umfangreichen Tenniswettbereich, dass Wetten auf diese Spiele sehr einfach sind. W\u00e4hrend die Spiele der unteren Qualifikationsrunden bei keinem Buchmacher, geschweige denn bei bet365, zu finden sind, gibt es die Spiele der letzten Qualifikationsrunden und des Fed Cups in H\u00fclle und F\u00fclle.<br \/><span style=\"text-decoration: underline;\"><a href=\"index.php?option=com_content&amp;view=article&amp;id=33&amp;Itemid=188\">Klicken Sie hier, um mehr \u00fcber Bet365 zu erfahren<\/a>.<\/span><\/p>\n<h3>Intertops \u2013 Freundschaftsspiel in den USA<\/h3>\n<p>Intertops bietet derzeit die beste Tennis-Berichterstattung in den USA. Ein Grund daf\u00fcr ist die Abdeckung der Fed-Cup-Wettm\u00e4rkte. Sie bieten zwar nicht die gleiche Auswahl an Wettm\u00e4rkten wie manche Buchmacher, bieten aber f\u00fcr die meisten Tenniswettenden eine sehr solide Basis, darunter eine Vielzahl von Wettbewerben und Turnieren aus aller Welt.<\/p>\n<p>Sie k\u00f6nnen einen Bonus von 200 $ erhalten, wenn Sie sich <strong><span style=\"text-decoration: underline;\"><a href=\"go\/intertopsen.html\" target=\"_blank\">noch heute bei BetOnline registrieren, indem Sie auf diesen Bonuslink klicken.&nbsp;<\/a><\/span><\/strong><\/p>\n","protected":false},"excerpt":{"rendered":"<p>Wetten auf den Fed Cup Der Fed Cup ist der H\u00f6hepunkt der Damen-Mannschaftsturniere im Tennis und wird seit 1963 ausgetragen. Das Turnier wurde urspr\u00fcnglich anl\u00e4sslich des 50-j\u00e4hrigen Jubil\u00e4ums der ITF (International Tennis Federation) ins Leben gerufen, wird heute aber neben dem Herren-Mannschaftsturnier, dem Davis Cup, ausgetragen. Das Konzept des Fed Cups (bis 1995 offiziell als &#8230; <a title=\"Fed Cup Wett-Tipps\" class=\"read-more\" href=\"https:\/\/tennisbet.net\/de\/die-besten-seiten-fuer-tenniswetten\/fed-cup-wett-tipps\/\" aria-label=\"Mehr Informationen \u00fcber Fed Cup Wett-Tipps\">Weiterlesen<\/a><\/p>\n","protected":false},"author":1,"featured_media":0,"parent":43,"menu_order":0,"comment_status":"closed","ping_status":"closed","template":"","meta":{"footnotes":""},"class_list":["post-53","page","type-page","status-publish"],"yoast_head":"<!-- This site is optimized with the Yoast SEO plugin v27.5 - https:\/\/yoast.com\/product\/yoast-seo-wordpress\/ -->\n<title>Fed Cup Wett-Tipps<\/title>\n<meta name=\"robots\" content=\"index, follow, max-snippet:-1, max-image-preview:large, max-video-preview:-1\" \/>\n<link rel=\"canonical\" href=\"https:\/\/tennisbet.net\/de\/die-besten-seiten-fuer-tenniswetten\/fed-cup-wett-tipps\/\" \/>\n<meta property=\"og:locale\" content=\"de_DE\" \/>\n<meta property=\"og:type\" content=\"article\" \/>\n<meta property=\"og:title\" content=\"Fed Cup Wett-Tipps\" \/>\n<meta property=\"og:description\" content=\"Wetten auf den Fed Cup Der Fed Cup ist der H\u00f6hepunkt der Damen-Mannschaftsturniere im Tennis und wird seit 1963 ausgetragen. Das Turnier wurde urspr\u00fcnglich anl\u00e4sslich des 50-j\u00e4hrigen Jubil\u00e4ums der ITF (International Tennis Federation) ins Leben gerufen, wird heute aber neben dem Herren-Mannschaftsturnier, dem Davis Cup, ausgetragen. Das Konzept des Fed Cups (bis 1995 offiziell als ... Weiterlesen\" \/>\n<meta property=\"og:url\" content=\"https:\/\/tennisbet.net\/de\/die-besten-seiten-fuer-tenniswetten\/fed-cup-wett-tipps\/\" \/>\n<meta name=\"twitter:card\" content=\"summary_large_image\" \/>\n<meta name=\"twitter:label1\" content=\"Gesch\u00e4tzte Lesezeit\" \/>\n\t<meta name=\"twitter:data1\" content=\"2\u00a0Minuten\" \/>\n<script type=\"application\/ld+json\" class=\"yoast-schema-graph\">{\"@context\":\"https:\\\/\\\/schema.org\",\"@graph\":[{\"@type\":\"WebPage\",\"@id\":\"https:\\\/\\\/tennisbet.net\\\/de\\\/die-besten-seiten-fuer-tenniswetten\\\/fed-cup-wett-tipps\\\/\",\"url\":\"https:\\\/\\\/tennisbet.net\\\/de\\\/die-besten-seiten-fuer-tenniswetten\\\/fed-cup-wett-tipps\\\/\",\"name\":\"Fed Cup Wett-Tipps\",\"isPartOf\":{\"@id\":\"https:\\\/\\\/tennisbet.net\\\/de\\\/#website\"},\"datePublished\":\"2025-08-02T13:46:51+00:00\",\"breadcrumb\":{\"@id\":\"https:\\\/\\\/tennisbet.net\\\/de\\\/die-besten-seiten-fuer-tenniswetten\\\/fed-cup-wett-tipps\\\/#breadcrumb\"},\"inLanguage\":\"de\",\"potentialAction\":[{\"@type\":\"ReadAction\",\"target\":[\"https:\\\/\\\/tennisbet.net\\\/de\\\/die-besten-seiten-fuer-tenniswetten\\\/fed-cup-wett-tipps\\\/\"]}]},{\"@type\":\"BreadcrumbList\",\"@id\":\"https:\\\/\\\/tennisbet.net\\\/de\\\/die-besten-seiten-fuer-tenniswetten\\\/fed-cup-wett-tipps\\\/#breadcrumb\",\"itemListElement\":[{\"@type\":\"ListItem\",\"position\":1,\"name\":\"Home\",\"item\":\"https:\\\/\\\/tennisbet.net\\\/de\\\/\"},{\"@type\":\"ListItem\",\"position\":2,\"name\":\"Die besten Seiten f\u00fcr Tenniswetten\",\"item\":\"https:\\\/\\\/tennisbet.net\\\/de\\\/betting-sites\\\/\"},{\"@type\":\"ListItem\",\"position\":3,\"name\":\"Fed Cup Wett-Tipps\"}]},{\"@type\":\"WebSite\",\"@id\":\"https:\\\/\\\/tennisbet.net\\\/de\\\/#website\",\"url\":\"https:\\\/\\\/tennisbet.net\\\/de\\\/\",\"name\":\"\",\"description\":\"\",\"potentialAction\":[{\"@type\":\"SearchAction\",\"target\":{\"@type\":\"EntryPoint\",\"urlTemplate\":\"https:\\\/\\\/tennisbet.net\\\/de\\\/?s={search_term_string}\"},\"query-input\":{\"@type\":\"PropertyValueSpecification\",\"valueRequired\":true,\"valueName\":\"search_term_string\"}}],\"inLanguage\":\"de\"}]}<\/script>\n<!-- \/ Yoast SEO plugin. -->","yoast_head_json":{"title":"Fed Cup Wett-Tipps","robots":{"index":"index","follow":"follow","max-snippet":"max-snippet:-1","max-image-preview":"max-image-preview:large","max-video-preview":"max-video-preview:-1"},"canonical":"https:\/\/tennisbet.net\/de\/die-besten-seiten-fuer-tenniswetten\/fed-cup-wett-tipps\/","og_locale":"de_DE","og_type":"article","og_title":"Fed Cup Wett-Tipps","og_description":"Wetten auf den Fed Cup Der Fed Cup ist der H\u00f6hepunkt der Damen-Mannschaftsturniere im Tennis und wird seit 1963 ausgetragen. Das Turnier wurde urspr\u00fcnglich anl\u00e4sslich des 50-j\u00e4hrigen Jubil\u00e4ums der ITF (International Tennis Federation) ins Leben gerufen, wird heute aber neben dem Herren-Mannschaftsturnier, dem Davis Cup, ausgetragen. Das Konzept des Fed Cups (bis 1995 offiziell als ... Weiterlesen","og_url":"https:\/\/tennisbet.net\/de\/die-besten-seiten-fuer-tenniswetten\/fed-cup-wett-tipps\/","twitter_card":"summary_large_image","twitter_misc":{"Gesch\u00e4tzte Lesezeit":"2\u00a0Minuten"},"schema":{"@context":"https:\/\/schema.org","@graph":[{"@type":"WebPage","@id":"https:\/\/tennisbet.net\/de\/die-besten-seiten-fuer-tenniswetten\/fed-cup-wett-tipps\/","url":"https:\/\/tennisbet.net\/de\/die-besten-seiten-fuer-tenniswetten\/fed-cup-wett-tipps\/","name":"Fed Cup Wett-Tipps","isPartOf":{"@id":"https:\/\/tennisbet.net\/de\/#website"},"datePublished":"2025-08-02T13:46:51+00:00","breadcrumb":{"@id":"https:\/\/tennisbet.net\/de\/die-besten-seiten-fuer-tenniswetten\/fed-cup-wett-tipps\/#breadcrumb"},"inLanguage":"de","potentialAction":[{"@type":"ReadAction","target":["https:\/\/tennisbet.net\/de\/die-besten-seiten-fuer-tenniswetten\/fed-cup-wett-tipps\/"]}]},{"@type":"BreadcrumbList","@id":"https:\/\/tennisbet.net\/de\/die-besten-seiten-fuer-tenniswetten\/fed-cup-wett-tipps\/#breadcrumb","itemListElement":[{"@type":"ListItem","position":1,"name":"Home","item":"https:\/\/tennisbet.net\/de\/"},{"@type":"ListItem","position":2,"name":"Die besten Seiten f\u00fcr Tenniswetten","item":"https:\/\/tennisbet.net\/de\/betting-sites\/"},{"@type":"ListItem","position":3,"name":"Fed Cup Wett-Tipps"}]},{"@type":"WebSite","@id":"https:\/\/tennisbet.net\/de\/#website","url":"https:\/\/tennisbet.net\/de\/","name":"","description":"","potentialAction":[{"@type":"SearchAction","target":{"@type":"EntryPoint","urlTemplate":"https:\/\/tennisbet.net\/de\/?s={search_term_string}"},"query-input":{"@type":"PropertyValueSpecification","valueRequired":true,"valueName":"search_term_string"}}],"inLanguage":"de"}]}},"_links":{"self":[{"href":"https:\/\/tennisbet.net\/de\/wp-json\/wp\/v2\/pages\/53","targetHints":{"allow":["GET"]}}],"collection":[{"href":"https:\/\/tennisbet.net\/de\/wp-json\/wp\/v2\/pages"}],"about":[{"href":"https:\/\/tennisbet.net\/de\/wp-json\/wp\/v2\/types\/page"}],"author":[{"embeddable":true,"href":"https:\/\/tennisbet.net\/de\/wp-json\/wp\/v2\/users\/1"}],"replies":[{"embeddable":true,"href":"https:\/\/tennisbet.net\/de\/wp-json\/wp\/v2\/comments?post=53"}],"version-history":[{"count":0,"href":"https:\/\/tennisbet.net\/de\/wp-json\/wp\/v2\/pages\/53\/revisions"}],"up":[{"embeddable":true,"href":"https:\/\/tennisbet.net\/de\/wp-json\/wp\/v2\/pages\/43"}],"wp:attachment":[{"href":"https:\/\/tennisbet.net\/de\/wp-json\/wp\/v2\/media?parent=53"}],"curies":[{"name":"wp","href":"https:\/\/api.w.org\/{rel}","templated":true}]}}