{"id":55,"date":"2025-08-02T14:07:37","date_gmt":"2025-08-02T14:07:37","guid":{"rendered":"https:\/\/tennisbet.net\/ueben-sie-ihre-grundlinienschlaege-im-tennis-richtig\/"},"modified":"2025-08-04T14:14:23","modified_gmt":"2025-08-04T14:14:23","slug":"ueben-sie-ihre-grundlinienschlaege-im-tennis-richtig","status":"publish","type":"page","link":"https:\/\/tennisbet.net\/de\/comment-devenir-un-joueur-de-tennis-professionnel\/ueben-sie-ihre-grundlinienschlaege-im-tennis-richtig\/","title":{"rendered":"\u00dcben Sie Ihre Grundlinienschl\u00e4ge im Tennis richtig"},"content":{"rendered":"<h1>So trainieren Sie Ihre Grundlinienschl\u00e4ge<\/h1>\n<p>Um die Qualit\u00e4t Ihrer Grundlinienschl\u00e4ge zu verbessern, sollten Sie einige Grundregeln beachten:<\/p>\n<ol>\n<li>Um eine Verbesserung zu erzielen, sollten Sie eine Serie von mindestens 80\u2013120 Schl\u00e4gen absolvieren. \u00dcben Sie etwa zehn identische Schl\u00e4ge, machen Sie dann eine kurze Pause und wiederholen Sie die \u00dcbung, bis Sie insgesamt mindestens 80 Schl\u00e4ge absolviert haben. Das mag langweilig erscheinen, ist aber notwendig.<\/li>\n<li>\u00dcben Sie nicht zu viele verschiedene Schl\u00e4ge in einer Einheit. Konzentrieren Sie sich in der Regel auf eine oder zwei Techniken, wenn Sie wirklich Ergebnisse erzielen m\u00f6chten.<\/li>\n<li>Beurteilen Sie die Qualit\u00e4t Ihres Schlags anhand von: Konstanz, Tiefe, Pr\u00e4zision und Geschwindigkeit (in dieser Reihenfolge!). Setzen Sie sich beim Training ein entsprechendes Ziel: Versuchen Sie zun\u00e4chst, den Ball konstant ins Feld zu schlagen, und versuchen Sie dann, ihn immer in der zweiten H\u00e4lfte des Feldes zu landen (oder w\u00e4hlen Sie einen Bereich n\u00e4her an der Grundlinie). Wenn die Ergebnisse gut sind, markieren Sie einen kleineren Bereich auf dem Feld und versuchen Sie, diesen Bereich zu treffen. Die Ballgeschwindigkeit ist eigentlich das Letzte, woran Sie denken sollten, es sei denn, Sie spielen bereits auf einem sehr hohen Niveau. Die meisten Spieler denken zuerst an die Geschwindigkeit, und das ist ein gro\u00dfer Fehler. Haben Sie sich jemals gefragt, warum diese jungen Spieler so oft gegen erfahrene Spieler verlieren, die nur halb so schnell spielen wie sie? Erfahrene Spieler wissen, dass Tiefe, Pr\u00e4zision und die richtige Strategie wichtiger sind, als zu versuchen, jeden Ball mit maximaler Kraft zu treffen. Selbst ein Ball, der mit m\u00e4\u00dfiger Geschwindigkeit geschlagen wird, fliegt immer noch schneller, als Ihr Gegner laufen kann.<\/li>\n<li>\u00dcben Sie Ihren Schlag von verschiedenen Positionen auf dem Feld aus, und wenn Sie mit Ihrem Trainer trainieren, lassen Sie sich auch von ihm B\u00e4lle von verschiedenen Stellen des Feldes zuspielen. So \u00fcben Sie alle Variationen: Crossshot, nachdem der Gegner einen Sch\u00fcsse entlang der Linie, entlang der Linie nach einem Crossshot, tiefe Sch\u00fcsse aus der Mitte des Feldes, konstante Sch\u00fcsse aus 3 Metern hinter der Grundlinie, Passschl\u00e4ge aus verschiedenen Positionen, wenn sich der Gegner in Netzn\u00e4he befindet \u2013 um nur einige zu nennen. Denken Sie einfach an eine m\u00f6gliche Spielsituation, und Sie k\u00f6nnen eine \u00dcbungsroutine entwickeln.<\/li>\n<\/ol>\n","protected":false},"excerpt":{"rendered":"<p>So trainieren Sie Ihre Grundlinienschl\u00e4ge Um die Qualit\u00e4t Ihrer Grundlinienschl\u00e4ge zu verbessern, sollten Sie einige Grundregeln beachten: Um eine Verbesserung zu erzielen, sollten Sie eine Serie von mindestens 80\u2013120 Schl\u00e4gen absolvieren. \u00dcben Sie etwa zehn identische Schl\u00e4ge, machen Sie dann eine kurze Pause und wiederholen Sie die \u00dcbung, bis Sie insgesamt mindestens 80 Schl\u00e4ge absolviert &#8230; <a title=\"\u00dcben Sie Ihre Grundlinienschl\u00e4ge im Tennis richtig\" class=\"read-more\" href=\"https:\/\/tennisbet.net\/de\/comment-devenir-un-joueur-de-tennis-professionnel\/ueben-sie-ihre-grundlinienschlaege-im-tennis-richtig\/\" aria-label=\"Mehr Informationen \u00fcber \u00dcben Sie Ihre Grundlinienschl\u00e4ge im Tennis richtig\">Weiterlesen<\/a><\/p>\n","protected":false},"author":1,"featured_media":0,"parent":74,"menu_order":0,"comment_status":"closed","ping_status":"closed","template":"","meta":{"footnotes":""},"class_list":["post-55","page","type-page","status-publish"],"yoast_head":"<!-- This site is optimized with the Yoast SEO plugin v27.4 - https:\/\/yoast.com\/product\/yoast-seo-wordpress\/ -->\n<title>So \u00fcben Sie Ihre Grundlinienschl\u00e4ge im Tennis<\/title>\n<meta name=\"robots\" content=\"index, follow, max-snippet:-1, max-image-preview:large, max-video-preview:-1\" \/>\n<link rel=\"canonical\" href=\"https:\/\/tennisbet.net\/de\/comment-devenir-un-joueur-de-tennis-professionnel\/ueben-sie-ihre-grundlinienschlaege-im-tennis-richtig\/\" \/>\n<meta property=\"og:locale\" content=\"de_DE\" \/>\n<meta property=\"og:type\" content=\"article\" \/>\n<meta property=\"og:title\" content=\"So \u00fcben Sie Ihre Grundlinienschl\u00e4ge im Tennis\" \/>\n<meta property=\"og:description\" content=\"So trainieren Sie Ihre Grundlinienschl\u00e4ge Um die Qualit\u00e4t Ihrer Grundlinienschl\u00e4ge zu verbessern, sollten Sie einige Grundregeln beachten: Um eine Verbesserung zu erzielen, sollten Sie eine Serie von mindestens 80\u2013120 Schl\u00e4gen absolvieren. \u00dcben Sie etwa zehn identische Schl\u00e4ge, machen Sie dann eine kurze Pause und wiederholen Sie die \u00dcbung, bis Sie insgesamt mindestens 80 Schl\u00e4ge absolviert ... Weiterlesen\" \/>\n<meta property=\"og:url\" content=\"https:\/\/tennisbet.net\/de\/comment-devenir-un-joueur-de-tennis-professionnel\/ueben-sie-ihre-grundlinienschlaege-im-tennis-richtig\/\" \/>\n<meta property=\"article:modified_time\" content=\"2025-08-04T14:14:23+00:00\" \/>\n<meta name=\"twitter:card\" content=\"summary_large_image\" \/>\n<meta name=\"twitter:label1\" content=\"Gesch\u00e4tzte Lesezeit\" \/>\n\t<meta name=\"twitter:data1\" content=\"2\u00a0Minuten\" \/>\n<script type=\"application\/ld+json\" class=\"yoast-schema-graph\">{\"@context\":\"https:\\\/\\\/schema.org\",\"@graph\":[{\"@type\":\"WebPage\",\"@id\":\"https:\\\/\\\/tennisbet.net\\\/de\\\/comment-devenir-un-joueur-de-tennis-professionnel\\\/ueben-sie-ihre-grundlinienschlaege-im-tennis-richtig\\\/\",\"url\":\"https:\\\/\\\/tennisbet.net\\\/de\\\/comment-devenir-un-joueur-de-tennis-professionnel\\\/ueben-sie-ihre-grundlinienschlaege-im-tennis-richtig\\\/\",\"name\":\"So \u00fcben Sie Ihre Grundlinienschl\u00e4ge im Tennis\",\"isPartOf\":{\"@id\":\"https:\\\/\\\/tennisbet.net\\\/de\\\/#website\"},\"datePublished\":\"2025-08-02T14:07:37+00:00\",\"dateModified\":\"2025-08-04T14:14:23+00:00\",\"breadcrumb\":{\"@id\":\"https:\\\/\\\/tennisbet.net\\\/de\\\/comment-devenir-un-joueur-de-tennis-professionnel\\\/ueben-sie-ihre-grundlinienschlaege-im-tennis-richtig\\\/#breadcrumb\"},\"inLanguage\":\"de\",\"potentialAction\":[{\"@type\":\"ReadAction\",\"target\":[\"https:\\\/\\\/tennisbet.net\\\/de\\\/comment-devenir-un-joueur-de-tennis-professionnel\\\/ueben-sie-ihre-grundlinienschlaege-im-tennis-richtig\\\/\"]}]},{\"@type\":\"BreadcrumbList\",\"@id\":\"https:\\\/\\\/tennisbet.net\\\/de\\\/comment-devenir-un-joueur-de-tennis-professionnel\\\/ueben-sie-ihre-grundlinienschlaege-im-tennis-richtig\\\/#breadcrumb\",\"itemListElement\":[{\"@type\":\"ListItem\",\"position\":1,\"name\":\"Home\",\"item\":\"https:\\\/\\\/tennisbet.net\\\/de\\\/\"},{\"@type\":\"ListItem\",\"position\":2,\"name\":\"Comment devenir un joueur de tennis professionnel\",\"item\":\"https:\\\/\\\/tennisbet.net\\\/de\\\/how-to-become-a-professional-tennis-player\\\/\"},{\"@type\":\"ListItem\",\"position\":3,\"name\":\"\u00dcben Sie Ihre Grundlinienschl\u00e4ge im Tennis richtig\"}]},{\"@type\":\"WebSite\",\"@id\":\"https:\\\/\\\/tennisbet.net\\\/de\\\/#website\",\"url\":\"https:\\\/\\\/tennisbet.net\\\/de\\\/\",\"name\":\"\",\"description\":\"\",\"potentialAction\":[{\"@type\":\"SearchAction\",\"target\":{\"@type\":\"EntryPoint\",\"urlTemplate\":\"https:\\\/\\\/tennisbet.net\\\/de\\\/?s={search_term_string}\"},\"query-input\":{\"@type\":\"PropertyValueSpecification\",\"valueRequired\":true,\"valueName\":\"search_term_string\"}}],\"inLanguage\":\"de\"}]}<\/script>\n<!-- \/ Yoast SEO plugin. -->","yoast_head_json":{"title":"So \u00fcben Sie Ihre Grundlinienschl\u00e4ge im Tennis","robots":{"index":"index","follow":"follow","max-snippet":"max-snippet:-1","max-image-preview":"max-image-preview:large","max-video-preview":"max-video-preview:-1"},"canonical":"https:\/\/tennisbet.net\/de\/comment-devenir-un-joueur-de-tennis-professionnel\/ueben-sie-ihre-grundlinienschlaege-im-tennis-richtig\/","og_locale":"de_DE","og_type":"article","og_title":"So \u00fcben Sie Ihre Grundlinienschl\u00e4ge im Tennis","og_description":"So trainieren Sie Ihre Grundlinienschl\u00e4ge Um die Qualit\u00e4t Ihrer Grundlinienschl\u00e4ge zu verbessern, sollten Sie einige Grundregeln beachten: Um eine Verbesserung zu erzielen, sollten Sie eine Serie von mindestens 80\u2013120 Schl\u00e4gen absolvieren. \u00dcben Sie etwa zehn identische Schl\u00e4ge, machen Sie dann eine kurze Pause und wiederholen Sie die \u00dcbung, bis Sie insgesamt mindestens 80 Schl\u00e4ge absolviert ... Weiterlesen","og_url":"https:\/\/tennisbet.net\/de\/comment-devenir-un-joueur-de-tennis-professionnel\/ueben-sie-ihre-grundlinienschlaege-im-tennis-richtig\/","article_modified_time":"2025-08-04T14:14:23+00:00","twitter_card":"summary_large_image","twitter_misc":{"Gesch\u00e4tzte Lesezeit":"2\u00a0Minuten"},"schema":{"@context":"https:\/\/schema.org","@graph":[{"@type":"WebPage","@id":"https:\/\/tennisbet.net\/de\/comment-devenir-un-joueur-de-tennis-professionnel\/ueben-sie-ihre-grundlinienschlaege-im-tennis-richtig\/","url":"https:\/\/tennisbet.net\/de\/comment-devenir-un-joueur-de-tennis-professionnel\/ueben-sie-ihre-grundlinienschlaege-im-tennis-richtig\/","name":"So \u00fcben Sie Ihre Grundlinienschl\u00e4ge im Tennis","isPartOf":{"@id":"https:\/\/tennisbet.net\/de\/#website"},"datePublished":"2025-08-02T14:07:37+00:00","dateModified":"2025-08-04T14:14:23+00:00","breadcrumb":{"@id":"https:\/\/tennisbet.net\/de\/comment-devenir-un-joueur-de-tennis-professionnel\/ueben-sie-ihre-grundlinienschlaege-im-tennis-richtig\/#breadcrumb"},"inLanguage":"de","potentialAction":[{"@type":"ReadAction","target":["https:\/\/tennisbet.net\/de\/comment-devenir-un-joueur-de-tennis-professionnel\/ueben-sie-ihre-grundlinienschlaege-im-tennis-richtig\/"]}]},{"@type":"BreadcrumbList","@id":"https:\/\/tennisbet.net\/de\/comment-devenir-un-joueur-de-tennis-professionnel\/ueben-sie-ihre-grundlinienschlaege-im-tennis-richtig\/#breadcrumb","itemListElement":[{"@type":"ListItem","position":1,"name":"Home","item":"https:\/\/tennisbet.net\/de\/"},{"@type":"ListItem","position":2,"name":"Comment devenir un joueur de tennis professionnel","item":"https:\/\/tennisbet.net\/de\/how-to-become-a-professional-tennis-player\/"},{"@type":"ListItem","position":3,"name":"\u00dcben Sie Ihre Grundlinienschl\u00e4ge im Tennis richtig"}]},{"@type":"WebSite","@id":"https:\/\/tennisbet.net\/de\/#website","url":"https:\/\/tennisbet.net\/de\/","name":"","description":"","potentialAction":[{"@type":"SearchAction","target":{"@type":"EntryPoint","urlTemplate":"https:\/\/tennisbet.net\/de\/?s={search_term_string}"},"query-input":{"@type":"PropertyValueSpecification","valueRequired":true,"valueName":"search_term_string"}}],"inLanguage":"de"}]}},"_links":{"self":[{"href":"https:\/\/tennisbet.net\/de\/wp-json\/wp\/v2\/pages\/55","targetHints":{"allow":["GET"]}}],"collection":[{"href":"https:\/\/tennisbet.net\/de\/wp-json\/wp\/v2\/pages"}],"about":[{"href":"https:\/\/tennisbet.net\/de\/wp-json\/wp\/v2\/types\/page"}],"author":[{"embeddable":true,"href":"https:\/\/tennisbet.net\/de\/wp-json\/wp\/v2\/users\/1"}],"replies":[{"embeddable":true,"href":"https:\/\/tennisbet.net\/de\/wp-json\/wp\/v2\/comments?post=55"}],"version-history":[{"count":1,"href":"https:\/\/tennisbet.net\/de\/wp-json\/wp\/v2\/pages\/55\/revisions"}],"predecessor-version":[{"id":78,"href":"https:\/\/tennisbet.net\/de\/wp-json\/wp\/v2\/pages\/55\/revisions\/78"}],"up":[{"embeddable":true,"href":"https:\/\/tennisbet.net\/de\/wp-json\/wp\/v2\/pages\/74"}],"wp:attachment":[{"href":"https:\/\/tennisbet.net\/de\/wp-json\/wp\/v2\/media?parent=55"}],"curies":[{"name":"wp","href":"https:\/\/api.w.org\/{rel}","templated":true}]}}