{"id":57,"date":"2025-08-02T13:41:43","date_gmt":"2025-08-02T13:41:43","guid":{"rendered":"https:\/\/tennisbet.net\/die-besten-seiten-fuer-tenniswetten\/bewertung-bet365\/"},"modified":"2025-08-02T13:41:43","modified_gmt":"2025-08-02T13:41:43","slug":"bewertung-bet365","status":"publish","type":"page","link":"https:\/\/tennisbet.net\/de\/die-besten-seiten-fuer-tenniswetten\/bewertung-bet365\/","title":{"rendered":"Bewertung Bet365"},"content":{"rendered":"<h1>Tenniswetten bei Bet365 im Test<\/h1>\n<p>Wie bereits auf unserer Homepage erw\u00e4hnt, ist Bet365 unserer Meinung nach die beste Option, wenn Sie auf Tennisspiele wetten m\u00f6chten. Bet365 bietet nicht nur Tenniswetten an, sondern hat alle m\u00f6glichen Sportarten im Programm. Wir fanden auch, dass die Quoten deutlich besser sind als bei anderen Sportwettenanbietern. Was Tenniswetten angeht, bietet Bet365 zahlreiche Optionen f\u00fcr In-Game-Wetten \u2013 mehr als jede andere Sportwetten-Website, die wir bisher gesehen haben.<\/p>\n<p>Der einzige Nachteil ist, dass keine Kunden aus den USA akzeptiert werden \u2013 f\u00fcr US-B\u00fcrger sind die Online-Wettoptionen leider etwas eingeschr\u00e4nkt. Die beste Option f\u00fcr US-Spieler ist BetOnline (<span style=\"text-decoration: underline;\"><a href=\"index.php?option=com_content&amp;view=article&amp;id=37&amp;Itemid=221&amp;lang=en\">Bewertung hier lesen<\/a><\/span>).<\/p>\n<h2>Allgemeine Merkmale von Bet365<\/h2>\n<ul>\n<li>Jahrzehntelange Erfahrung in allen Bereichen des Online-Gl\u00fccksspiels<\/li>\n<li>Attraktiver Bonus \u2013 Details siehe unten<\/li>\n<li>Hervorragender Kundenservice<\/li>\n<li>Live-Streaming aller Arten von Sportereignissen nach dem Login auf der Website (mindestens 0,01 \u20ac Guthaben auf dem Konto erforderlich, um Live-Streams anzusehen)<\/li>\n<li>Gro\u00dfe Auswahl an Ein- und Auszahlungsm\u00f6glichkeiten (von Kreditkarte bis Bank\u00fcberweisung sowie verschiedene E-Wallet-L\u00f6sungen wie Skrill (Moneybookers), Neteller usw.<\/li>\n<li>Beste Quoten f\u00fcr alle Events, auf die Sie wetten k\u00f6nnen<\/li>\n<li>Viele Aktionen<\/li>\n<\/ul>\n<p><span id='tag20190325103443'><\/span><script type=\"text\/javascript\" src='https:\/\/imstore.bet365affiliates.com\/PopulateText.aspx?AffiliateId=16831&#038;AffiliateCode=365_168143&#038;TagName=tag20190325103443&#038;CID=690&#038;PID=149&#038;LNG=1&#038;NewWindow=Y&#038;Mask=N'><\/script><script type=\"text\/javascript\">document.getElementById('tag20190325103443').innerHTML = returnText_tag20190325103443();<\/script><\/p>\n<h2>Einzahlung bei Bet365<\/h2>\n<p>Alles, was Sie tun m\u00fcssen, ist <a href=\"go\/bet365.html\" target=\"_blank\"><span style=\"text-decoration: underline;\">hier klicken, um zur Website zu gelangen<\/span><\/a> und anschlie\u00dfend ein Kundenkonto zu erstellen. Nach der Anmeldung m\u00fcssen Sie die E-Mail-Adresse best\u00e4tigen, die Sie f\u00fcr Ihr neues Konto verwendet haben. \u00dcberpr\u00fcfen Sie dazu Ihr E-Mail-Konto nach der Anmeldung und suchen Sie nach der E-Mail mit dem Best\u00e4tigungslink. F\u00fcgen Sie Bet365 jetzt zu Ihrer Liste vertrauensw\u00fcrdiger E-Mail-Absender hinzu. Bet365 bietet viele tolle Sonderangebote, die Sie sich nicht entgehen lassen sollten. \u00dcberpr\u00fcfen Sie regelm\u00e4\u00dfig die E-Mails, die Ihnen Bet365 sendet.<\/p>\n<p>Jetzt ist es Zeit f\u00fcr eine Einzahlung. W\u00e4hlen Sie die f\u00fcr Sie bequemste Methode. Bei Bet365 m\u00fcssen Sie sich keine Sorgen um die Offenlegung Ihrer Kreditkartendaten machen. kompromittiert. Bet365 verwendet modernste Verschl\u00fcsselungsprotokolle, um sichere Transaktionen zu gew\u00e4hrleisten.<\/p>\n<h2>Tenniswette bei Bet365 platzieren<\/h2>\n<p>Um eine Wette zu platzieren, \u00f6ffnen Sie das Men\u00fc mit den verschiedenen Sportarten, w\u00e4hlen Sie eine aus und navigieren Sie dann zu dem gew\u00fcnschten Ereignis. F\u00fcr eine Kombiwette (Kombination mehrerer Ereignisse auf einem Wettschein) w\u00e4hlen Sie einen Bereich wie Tennis\/Australian Open 2013 und klicken Sie oben rechts auf \u201eWettschein erstellen\u201c. Anschlie\u00dfend k\u00f6nnen Sie beliebig viele Spiele zu Ihrem Wettschein hinzuf\u00fcgen.<\/p>\n<h2>Andere Produkte von Bet365 nutzen<\/h2>\n<p>Wenn Sie Online-Casino, Poker oder Bingo ausprobieren m\u00f6chten, \u00fcberweisen Sie einfach Geld von Ihrem Wettkonto. Klicken Sie oben rechts auf \u201eEinzahlen\u201c, w\u00e4hlen Sie \u201e\u00dcberweisen\u201c und legen Sie den gew\u00fcnschten Betrag fest. Sie m\u00fcssen nicht f\u00fcr jede Wettaktivit\u00e4t eine Einzahlung t\u00e4tigen, sondern k\u00f6nnen ein einziges Wallet verwenden. f\u00fcr alles, was Bet365 zu bieten hat.<\/p>\n<p>&nbsp;<\/p>\n","protected":false},"excerpt":{"rendered":"<p>Tenniswetten bei Bet365 im Test Wie bereits auf unserer Homepage erw\u00e4hnt, ist Bet365 unserer Meinung nach die beste Option, wenn Sie auf Tennisspiele wetten m\u00f6chten. Bet365 bietet nicht nur Tenniswetten an, sondern hat alle m\u00f6glichen Sportarten im Programm. Wir fanden auch, dass die Quoten deutlich besser sind als bei anderen Sportwettenanbietern. Was Tenniswetten angeht, bietet &#8230; <a title=\"Bewertung Bet365\" class=\"read-more\" href=\"https:\/\/tennisbet.net\/de\/die-besten-seiten-fuer-tenniswetten\/bewertung-bet365\/\" aria-label=\"Mehr Informationen \u00fcber Bewertung Bet365\">Weiterlesen<\/a><\/p>\n","protected":false},"author":1,"featured_media":0,"parent":43,"menu_order":0,"comment_status":"closed","ping_status":"closed","template":"","meta":{"footnotes":""},"class_list":["post-57","page","type-page","status-publish"],"yoast_head":"<!-- This site is optimized with the Yoast SEO plugin v27.4 - https:\/\/yoast.com\/product\/yoast-seo-wordpress\/ -->\n<title>Bewertung Bet365<\/title>\n<meta name=\"robots\" content=\"index, follow, max-snippet:-1, max-image-preview:large, max-video-preview:-1\" \/>\n<link rel=\"canonical\" href=\"https:\/\/tennisbet.net\/de\/die-besten-seiten-fuer-tenniswetten\/bewertung-bet365\/\" \/>\n<meta property=\"og:locale\" content=\"de_DE\" \/>\n<meta property=\"og:type\" content=\"article\" \/>\n<meta property=\"og:title\" content=\"Bewertung Bet365\" \/>\n<meta property=\"og:description\" content=\"Tenniswetten bei Bet365 im Test Wie bereits auf unserer Homepage erw\u00e4hnt, ist Bet365 unserer Meinung nach die beste Option, wenn Sie auf Tennisspiele wetten m\u00f6chten. Bet365 bietet nicht nur Tenniswetten an, sondern hat alle m\u00f6glichen Sportarten im Programm. Wir fanden auch, dass die Quoten deutlich besser sind als bei anderen Sportwettenanbietern. Was Tenniswetten angeht, bietet ... Weiterlesen\" \/>\n<meta property=\"og:url\" content=\"https:\/\/tennisbet.net\/de\/die-besten-seiten-fuer-tenniswetten\/bewertung-bet365\/\" \/>\n<meta name=\"twitter:card\" content=\"summary_large_image\" \/>\n<meta name=\"twitter:label1\" content=\"Gesch\u00e4tzte Lesezeit\" \/>\n\t<meta name=\"twitter:data1\" content=\"2\u00a0Minuten\" \/>\n<script type=\"application\/ld+json\" class=\"yoast-schema-graph\">{\"@context\":\"https:\\\/\\\/schema.org\",\"@graph\":[{\"@type\":\"WebPage\",\"@id\":\"https:\\\/\\\/tennisbet.net\\\/de\\\/die-besten-seiten-fuer-tenniswetten\\\/bewertung-bet365\\\/\",\"url\":\"https:\\\/\\\/tennisbet.net\\\/de\\\/die-besten-seiten-fuer-tenniswetten\\\/bewertung-bet365\\\/\",\"name\":\"Bewertung Bet365\",\"isPartOf\":{\"@id\":\"https:\\\/\\\/tennisbet.net\\\/de\\\/#website\"},\"datePublished\":\"2025-08-02T13:41:43+00:00\",\"breadcrumb\":{\"@id\":\"https:\\\/\\\/tennisbet.net\\\/de\\\/die-besten-seiten-fuer-tenniswetten\\\/bewertung-bet365\\\/#breadcrumb\"},\"inLanguage\":\"de\",\"potentialAction\":[{\"@type\":\"ReadAction\",\"target\":[\"https:\\\/\\\/tennisbet.net\\\/de\\\/die-besten-seiten-fuer-tenniswetten\\\/bewertung-bet365\\\/\"]}]},{\"@type\":\"BreadcrumbList\",\"@id\":\"https:\\\/\\\/tennisbet.net\\\/de\\\/die-besten-seiten-fuer-tenniswetten\\\/bewertung-bet365\\\/#breadcrumb\",\"itemListElement\":[{\"@type\":\"ListItem\",\"position\":1,\"name\":\"Home\",\"item\":\"https:\\\/\\\/tennisbet.net\\\/de\\\/\"},{\"@type\":\"ListItem\",\"position\":2,\"name\":\"Die besten Seiten f\u00fcr Tenniswetten\",\"item\":\"https:\\\/\\\/tennisbet.net\\\/de\\\/betting-sites\\\/\"},{\"@type\":\"ListItem\",\"position\":3,\"name\":\"Bewertung Bet365\"}]},{\"@type\":\"WebSite\",\"@id\":\"https:\\\/\\\/tennisbet.net\\\/de\\\/#website\",\"url\":\"https:\\\/\\\/tennisbet.net\\\/de\\\/\",\"name\":\"\",\"description\":\"\",\"potentialAction\":[{\"@type\":\"SearchAction\",\"target\":{\"@type\":\"EntryPoint\",\"urlTemplate\":\"https:\\\/\\\/tennisbet.net\\\/de\\\/?s={search_term_string}\"},\"query-input\":{\"@type\":\"PropertyValueSpecification\",\"valueRequired\":true,\"valueName\":\"search_term_string\"}}],\"inLanguage\":\"de\"}]}<\/script>\n<!-- \/ Yoast SEO plugin. -->","yoast_head_json":{"title":"Bewertung Bet365","robots":{"index":"index","follow":"follow","max-snippet":"max-snippet:-1","max-image-preview":"max-image-preview:large","max-video-preview":"max-video-preview:-1"},"canonical":"https:\/\/tennisbet.net\/de\/die-besten-seiten-fuer-tenniswetten\/bewertung-bet365\/","og_locale":"de_DE","og_type":"article","og_title":"Bewertung Bet365","og_description":"Tenniswetten bei Bet365 im Test Wie bereits auf unserer Homepage erw\u00e4hnt, ist Bet365 unserer Meinung nach die beste Option, wenn Sie auf Tennisspiele wetten m\u00f6chten. Bet365 bietet nicht nur Tenniswetten an, sondern hat alle m\u00f6glichen Sportarten im Programm. Wir fanden auch, dass die Quoten deutlich besser sind als bei anderen Sportwettenanbietern. Was Tenniswetten angeht, bietet ... Weiterlesen","og_url":"https:\/\/tennisbet.net\/de\/die-besten-seiten-fuer-tenniswetten\/bewertung-bet365\/","twitter_card":"summary_large_image","twitter_misc":{"Gesch\u00e4tzte Lesezeit":"2\u00a0Minuten"},"schema":{"@context":"https:\/\/schema.org","@graph":[{"@type":"WebPage","@id":"https:\/\/tennisbet.net\/de\/die-besten-seiten-fuer-tenniswetten\/bewertung-bet365\/","url":"https:\/\/tennisbet.net\/de\/die-besten-seiten-fuer-tenniswetten\/bewertung-bet365\/","name":"Bewertung Bet365","isPartOf":{"@id":"https:\/\/tennisbet.net\/de\/#website"},"datePublished":"2025-08-02T13:41:43+00:00","breadcrumb":{"@id":"https:\/\/tennisbet.net\/de\/die-besten-seiten-fuer-tenniswetten\/bewertung-bet365\/#breadcrumb"},"inLanguage":"de","potentialAction":[{"@type":"ReadAction","target":["https:\/\/tennisbet.net\/de\/die-besten-seiten-fuer-tenniswetten\/bewertung-bet365\/"]}]},{"@type":"BreadcrumbList","@id":"https:\/\/tennisbet.net\/de\/die-besten-seiten-fuer-tenniswetten\/bewertung-bet365\/#breadcrumb","itemListElement":[{"@type":"ListItem","position":1,"name":"Home","item":"https:\/\/tennisbet.net\/de\/"},{"@type":"ListItem","position":2,"name":"Die besten Seiten f\u00fcr Tenniswetten","item":"https:\/\/tennisbet.net\/de\/betting-sites\/"},{"@type":"ListItem","position":3,"name":"Bewertung Bet365"}]},{"@type":"WebSite","@id":"https:\/\/tennisbet.net\/de\/#website","url":"https:\/\/tennisbet.net\/de\/","name":"","description":"","potentialAction":[{"@type":"SearchAction","target":{"@type":"EntryPoint","urlTemplate":"https:\/\/tennisbet.net\/de\/?s={search_term_string}"},"query-input":{"@type":"PropertyValueSpecification","valueRequired":true,"valueName":"search_term_string"}}],"inLanguage":"de"}]}},"_links":{"self":[{"href":"https:\/\/tennisbet.net\/de\/wp-json\/wp\/v2\/pages\/57","targetHints":{"allow":["GET"]}}],"collection":[{"href":"https:\/\/tennisbet.net\/de\/wp-json\/wp\/v2\/pages"}],"about":[{"href":"https:\/\/tennisbet.net\/de\/wp-json\/wp\/v2\/types\/page"}],"author":[{"embeddable":true,"href":"https:\/\/tennisbet.net\/de\/wp-json\/wp\/v2\/users\/1"}],"replies":[{"embeddable":true,"href":"https:\/\/tennisbet.net\/de\/wp-json\/wp\/v2\/comments?post=57"}],"version-history":[{"count":0,"href":"https:\/\/tennisbet.net\/de\/wp-json\/wp\/v2\/pages\/57\/revisions"}],"up":[{"embeddable":true,"href":"https:\/\/tennisbet.net\/de\/wp-json\/wp\/v2\/pages\/43"}],"wp:attachment":[{"href":"https:\/\/tennisbet.net\/de\/wp-json\/wp\/v2\/media?parent=57"}],"curies":[{"name":"wp","href":"https:\/\/api.w.org\/{rel}","templated":true}]}}