{"id":59,"date":"2025-08-02T14:06:11","date_gmt":"2025-08-02T14:06:11","guid":{"rendered":"https:\/\/tennisbet.net\/einhaendige-tennis-rueckhand-topspin-oder-slice\/"},"modified":"2025-08-04T14:14:23","modified_gmt":"2025-08-04T14:14:23","slug":"einhaendige-tennis-rueckhand-topspin-oder-slice","status":"publish","type":"page","link":"https:\/\/tennisbet.net\/de\/comment-devenir-un-joueur-de-tennis-professionnel\/einhaendige-tennis-rueckhand-topspin-oder-slice\/","title":{"rendered":"Einh\u00e4ndige Tennis-R\u00fcckhand \u2013 Topspin oder Slice?"},"content":{"rendered":"<h1>Topspin oder Slice-R\u00fcckhand?<\/h1>\n<p>Viele Tennisspieler haben Probleme mit ihrer R\u00fcckhand. Da es viele Techniken zur Auswahl gibt \u2013 beidh\u00e4ndiger, einh\u00e4ndiger Slice, einh\u00e4ndiger Topspin \u2013 experimentieren sie st\u00e4ndig mit ihrer R\u00fcckhand, was ihnen jedoch nicht viel n\u00fctzt. Ich m\u00f6chte ein paar Grundlagen zusammenstellen, die Ihnen helfen sollen, die richtige Entscheidung zu treffen.<br \/>Vielleicht ist Ihnen aufgefallen, dass in meiner Auflistung der Techniken eine gerade R\u00fcckhand oder ein \u201eDrive\u201c-Schlag fehlt. Das hat einen Grund: In Wirklichkeit kommt dieser Schlag so gut wie nicht vor. Ihr R\u00fcckhandball hat in 99 % der F\u00e4lle entweder eine Vorw\u00e4rts- oder eine R\u00fcckw\u00e4rtsrotation, daher sollten Sie sich immer klar entscheiden, in welche Richtung Sie spielen m\u00f6chten.<\/p>\n<p>Es ist nichts falsch daran, nur eine Slice-R\u00fcckhand zu spielen. Die \u00fcberwiegende Mehrheit der Tennisspieler weltweit kommt mit einem Slice-R\u00fcckhandschlag gut zurecht, solange sie die Grenzen dieses Schlags kennen (siehe unten).<br \/>Versuchen Sie beim R\u00fcckhand-Slice nicht, den Ball zu schnell zu schlagen. Der Slice-Schlag muss kontrolliert sein \u2013 er sollte hochpr\u00e4zise, aber nicht zu schnell sein. Bedenken Sie, dass selbst ein Slice-Ball mit relativ geringer Geschwindigkeit schwer zur\u00fcckzuschlagen ist, wenn er nicht zu hoch springt, tief ins gegnerische Feld eindringt und gut platziert ist.<br \/>Eine Topspin-R\u00fcckhand im Repertoire ist nat\u00fcrlich sehr gut. Wenn Sie sowohl Slice als auch Topspin beherrschen, haben Sie einen gro\u00dfen Vorteil. Sie werden jedoch nie jeden Ball mit Topspin schlagen k\u00f6nnen.<\/p>\n<p>Der Topspin-Schlag erfordert eine solide, ausbalancierte Position. Sie sollten den Ball in einer H\u00f6he treffen, die etwa halb so hoch ist, und Sie brauchen gen\u00fcgend Zeit, um eine hohe K\u00f6rperspannung aufzubauen. In einem Spiel gegen einen gleichwertigen Gegner sind die Situationen, in denen all diese Bedingungen zutreffen, jedoch m\u00f6glicherweise etwas eingeschr\u00e4nkt, und Sie werden feststellen, dass Sie den Slice ziemlich h\u00e4ufig einsetzen. Es w\u00e4re ein Fehler, diese Technik zu ignorieren oder den Topspin-Schlag zu verwenden, wenn die Situation ihn nicht erfordert.<\/p>\n<p>Wenn Sie beide Schl\u00e4ge beherrschen, ist es wichtig, sich fr\u00fchzeitig f\u00fcr die jeweilige Technik zu entscheiden. Ich w\u00fcrde den Topspin-Schlag empfehlen, wenn Sie den Gegner unter Druck setzen, einen Winner erzielen oder sich in einer aussichtslosen Situation befinden m\u00f6chten. F\u00fcr einen Passierschlag ist der Topspin-Schlag aufgrund seiner h\u00f6heren Geschwindigkeit und weil Sie manchmal auf die F\u00fc\u00dfe des Gegners zielen m\u00f6chten, meist besser geeignet.<\/p>\n<p>Sie sollten den Slice-Schlag verwenden, wenn Sie auf Konstanz setzen m\u00f6chten (vorausgesetzt, Ihr Slice ist konstanter als Ihr Topspin), wenn Sie den Ball zu sp\u00e4t treffen, ein schlechtes Gleichgewicht haben oder wenn der Ball sehr hoch oder sehr niedrig springt. Und dann gibt es noch eine Situation, in der der Slice sehr aggressiv gespielt werden kann: wenn man den Ball sehr fr\u00fch aus dem Feld schl\u00e4gt und dem Gegner so nicht die M\u00f6glichkeit gibt, sich rechtzeitig neu zu positionieren. Bei einem Topspin-Schlag muss man meist etwas l\u00e4nger warten, bis der Ball auf der richtigen H\u00f6he ist. Das kann man zwar durch eine h\u00f6here Ballgeschwindigkeit ausgleichen, aber oft f\u00fchrt ein fr\u00fcher und langsamerer Slice-Schlag zu einem besseren Ergebnis und erh\u00f6ht den Druck auf den Gegner.<\/p>\n","protected":false},"excerpt":{"rendered":"<p>Topspin oder Slice-R\u00fcckhand? Viele Tennisspieler haben Probleme mit ihrer R\u00fcckhand. Da es viele Techniken zur Auswahl gibt \u2013 beidh\u00e4ndiger, einh\u00e4ndiger Slice, einh\u00e4ndiger Topspin \u2013 experimentieren sie st\u00e4ndig mit ihrer R\u00fcckhand, was ihnen jedoch nicht viel n\u00fctzt. Ich m\u00f6chte ein paar Grundlagen zusammenstellen, die Ihnen helfen sollen, die richtige Entscheidung zu treffen.Vielleicht ist Ihnen aufgefallen, dass &#8230; <a title=\"Einh\u00e4ndige Tennis-R\u00fcckhand \u2013 Topspin oder Slice?\" class=\"read-more\" href=\"https:\/\/tennisbet.net\/de\/comment-devenir-un-joueur-de-tennis-professionnel\/einhaendige-tennis-rueckhand-topspin-oder-slice\/\" aria-label=\"Mehr Informationen \u00fcber Einh\u00e4ndige Tennis-R\u00fcckhand \u2013 Topspin oder Slice?\">Weiterlesen<\/a><\/p>\n","protected":false},"author":1,"featured_media":0,"parent":74,"menu_order":0,"comment_status":"closed","ping_status":"closed","template":"","meta":{"footnotes":""},"class_list":["post-59","page","type-page","status-publish"],"yoast_head":"<!-- This site is optimized with the Yoast SEO plugin v27.4 - https:\/\/yoast.com\/product\/yoast-seo-wordpress\/ -->\n<title>Einh\u00e4ndige Tennis-R\u00fcckhand \u2013 Topspin oder Slice?<\/title>\n<meta name=\"robots\" content=\"index, follow, max-snippet:-1, max-image-preview:large, max-video-preview:-1\" \/>\n<link rel=\"canonical\" href=\"https:\/\/tennisbet.net\/de\/comment-devenir-un-joueur-de-tennis-professionnel\/einhaendige-tennis-rueckhand-topspin-oder-slice\/\" \/>\n<meta property=\"og:locale\" content=\"de_DE\" \/>\n<meta property=\"og:type\" content=\"article\" \/>\n<meta property=\"og:title\" content=\"Einh\u00e4ndige Tennis-R\u00fcckhand \u2013 Topspin oder Slice?\" \/>\n<meta property=\"og:description\" content=\"Topspin oder Slice-R\u00fcckhand? Viele Tennisspieler haben Probleme mit ihrer R\u00fcckhand. Da es viele Techniken zur Auswahl gibt \u2013 beidh\u00e4ndiger, einh\u00e4ndiger Slice, einh\u00e4ndiger Topspin \u2013 experimentieren sie st\u00e4ndig mit ihrer R\u00fcckhand, was ihnen jedoch nicht viel n\u00fctzt. Ich m\u00f6chte ein paar Grundlagen zusammenstellen, die Ihnen helfen sollen, die richtige Entscheidung zu treffen.Vielleicht ist Ihnen aufgefallen, dass ... Weiterlesen\" \/>\n<meta property=\"og:url\" content=\"https:\/\/tennisbet.net\/de\/comment-devenir-un-joueur-de-tennis-professionnel\/einhaendige-tennis-rueckhand-topspin-oder-slice\/\" \/>\n<meta property=\"article:modified_time\" content=\"2025-08-04T14:14:23+00:00\" \/>\n<meta name=\"twitter:card\" content=\"summary_large_image\" \/>\n<meta name=\"twitter:label1\" content=\"Gesch\u00e4tzte Lesezeit\" \/>\n\t<meta name=\"twitter:data1\" content=\"3\u00a0Minuten\" \/>\n<script type=\"application\/ld+json\" class=\"yoast-schema-graph\">{\"@context\":\"https:\\\/\\\/schema.org\",\"@graph\":[{\"@type\":\"WebPage\",\"@id\":\"https:\\\/\\\/tennisbet.net\\\/de\\\/comment-devenir-un-joueur-de-tennis-professionnel\\\/einhaendige-tennis-rueckhand-topspin-oder-slice\\\/\",\"url\":\"https:\\\/\\\/tennisbet.net\\\/de\\\/comment-devenir-un-joueur-de-tennis-professionnel\\\/einhaendige-tennis-rueckhand-topspin-oder-slice\\\/\",\"name\":\"Einh\u00e4ndige Tennis-R\u00fcckhand \u2013 Topspin oder Slice?\",\"isPartOf\":{\"@id\":\"https:\\\/\\\/tennisbet.net\\\/de\\\/#website\"},\"datePublished\":\"2025-08-02T14:06:11+00:00\",\"dateModified\":\"2025-08-04T14:14:23+00:00\",\"breadcrumb\":{\"@id\":\"https:\\\/\\\/tennisbet.net\\\/de\\\/comment-devenir-un-joueur-de-tennis-professionnel\\\/einhaendige-tennis-rueckhand-topspin-oder-slice\\\/#breadcrumb\"},\"inLanguage\":\"de\",\"potentialAction\":[{\"@type\":\"ReadAction\",\"target\":[\"https:\\\/\\\/tennisbet.net\\\/de\\\/comment-devenir-un-joueur-de-tennis-professionnel\\\/einhaendige-tennis-rueckhand-topspin-oder-slice\\\/\"]}]},{\"@type\":\"BreadcrumbList\",\"@id\":\"https:\\\/\\\/tennisbet.net\\\/de\\\/comment-devenir-un-joueur-de-tennis-professionnel\\\/einhaendige-tennis-rueckhand-topspin-oder-slice\\\/#breadcrumb\",\"itemListElement\":[{\"@type\":\"ListItem\",\"position\":1,\"name\":\"Home\",\"item\":\"https:\\\/\\\/tennisbet.net\\\/de\\\/\"},{\"@type\":\"ListItem\",\"position\":2,\"name\":\"Comment devenir un joueur de tennis professionnel\",\"item\":\"https:\\\/\\\/tennisbet.net\\\/de\\\/how-to-become-a-professional-tennis-player\\\/\"},{\"@type\":\"ListItem\",\"position\":3,\"name\":\"Einh\u00e4ndige Tennis-R\u00fcckhand \u2013 Topspin oder Slice?\"}]},{\"@type\":\"WebSite\",\"@id\":\"https:\\\/\\\/tennisbet.net\\\/de\\\/#website\",\"url\":\"https:\\\/\\\/tennisbet.net\\\/de\\\/\",\"name\":\"\",\"description\":\"\",\"potentialAction\":[{\"@type\":\"SearchAction\",\"target\":{\"@type\":\"EntryPoint\",\"urlTemplate\":\"https:\\\/\\\/tennisbet.net\\\/de\\\/?s={search_term_string}\"},\"query-input\":{\"@type\":\"PropertyValueSpecification\",\"valueRequired\":true,\"valueName\":\"search_term_string\"}}],\"inLanguage\":\"de\"}]}<\/script>\n<!-- \/ Yoast SEO plugin. -->","yoast_head_json":{"title":"Einh\u00e4ndige Tennis-R\u00fcckhand \u2013 Topspin oder Slice?","robots":{"index":"index","follow":"follow","max-snippet":"max-snippet:-1","max-image-preview":"max-image-preview:large","max-video-preview":"max-video-preview:-1"},"canonical":"https:\/\/tennisbet.net\/de\/comment-devenir-un-joueur-de-tennis-professionnel\/einhaendige-tennis-rueckhand-topspin-oder-slice\/","og_locale":"de_DE","og_type":"article","og_title":"Einh\u00e4ndige Tennis-R\u00fcckhand \u2013 Topspin oder Slice?","og_description":"Topspin oder Slice-R\u00fcckhand? Viele Tennisspieler haben Probleme mit ihrer R\u00fcckhand. Da es viele Techniken zur Auswahl gibt \u2013 beidh\u00e4ndiger, einh\u00e4ndiger Slice, einh\u00e4ndiger Topspin \u2013 experimentieren sie st\u00e4ndig mit ihrer R\u00fcckhand, was ihnen jedoch nicht viel n\u00fctzt. Ich m\u00f6chte ein paar Grundlagen zusammenstellen, die Ihnen helfen sollen, die richtige Entscheidung zu treffen.Vielleicht ist Ihnen aufgefallen, dass ... Weiterlesen","og_url":"https:\/\/tennisbet.net\/de\/comment-devenir-un-joueur-de-tennis-professionnel\/einhaendige-tennis-rueckhand-topspin-oder-slice\/","article_modified_time":"2025-08-04T14:14:23+00:00","twitter_card":"summary_large_image","twitter_misc":{"Gesch\u00e4tzte Lesezeit":"3\u00a0Minuten"},"schema":{"@context":"https:\/\/schema.org","@graph":[{"@type":"WebPage","@id":"https:\/\/tennisbet.net\/de\/comment-devenir-un-joueur-de-tennis-professionnel\/einhaendige-tennis-rueckhand-topspin-oder-slice\/","url":"https:\/\/tennisbet.net\/de\/comment-devenir-un-joueur-de-tennis-professionnel\/einhaendige-tennis-rueckhand-topspin-oder-slice\/","name":"Einh\u00e4ndige Tennis-R\u00fcckhand \u2013 Topspin oder Slice?","isPartOf":{"@id":"https:\/\/tennisbet.net\/de\/#website"},"datePublished":"2025-08-02T14:06:11+00:00","dateModified":"2025-08-04T14:14:23+00:00","breadcrumb":{"@id":"https:\/\/tennisbet.net\/de\/comment-devenir-un-joueur-de-tennis-professionnel\/einhaendige-tennis-rueckhand-topspin-oder-slice\/#breadcrumb"},"inLanguage":"de","potentialAction":[{"@type":"ReadAction","target":["https:\/\/tennisbet.net\/de\/comment-devenir-un-joueur-de-tennis-professionnel\/einhaendige-tennis-rueckhand-topspin-oder-slice\/"]}]},{"@type":"BreadcrumbList","@id":"https:\/\/tennisbet.net\/de\/comment-devenir-un-joueur-de-tennis-professionnel\/einhaendige-tennis-rueckhand-topspin-oder-slice\/#breadcrumb","itemListElement":[{"@type":"ListItem","position":1,"name":"Home","item":"https:\/\/tennisbet.net\/de\/"},{"@type":"ListItem","position":2,"name":"Comment devenir un joueur de tennis professionnel","item":"https:\/\/tennisbet.net\/de\/how-to-become-a-professional-tennis-player\/"},{"@type":"ListItem","position":3,"name":"Einh\u00e4ndige Tennis-R\u00fcckhand \u2013 Topspin oder Slice?"}]},{"@type":"WebSite","@id":"https:\/\/tennisbet.net\/de\/#website","url":"https:\/\/tennisbet.net\/de\/","name":"","description":"","potentialAction":[{"@type":"SearchAction","target":{"@type":"EntryPoint","urlTemplate":"https:\/\/tennisbet.net\/de\/?s={search_term_string}"},"query-input":{"@type":"PropertyValueSpecification","valueRequired":true,"valueName":"search_term_string"}}],"inLanguage":"de"}]}},"_links":{"self":[{"href":"https:\/\/tennisbet.net\/de\/wp-json\/wp\/v2\/pages\/59","targetHints":{"allow":["GET"]}}],"collection":[{"href":"https:\/\/tennisbet.net\/de\/wp-json\/wp\/v2\/pages"}],"about":[{"href":"https:\/\/tennisbet.net\/de\/wp-json\/wp\/v2\/types\/page"}],"author":[{"embeddable":true,"href":"https:\/\/tennisbet.net\/de\/wp-json\/wp\/v2\/users\/1"}],"replies":[{"embeddable":true,"href":"https:\/\/tennisbet.net\/de\/wp-json\/wp\/v2\/comments?post=59"}],"version-history":[{"count":1,"href":"https:\/\/tennisbet.net\/de\/wp-json\/wp\/v2\/pages\/59\/revisions"}],"predecessor-version":[{"id":77,"href":"https:\/\/tennisbet.net\/de\/wp-json\/wp\/v2\/pages\/59\/revisions\/77"}],"up":[{"embeddable":true,"href":"https:\/\/tennisbet.net\/de\/wp-json\/wp\/v2\/pages\/74"}],"wp:attachment":[{"href":"https:\/\/tennisbet.net\/de\/wp-json\/wp\/v2\/media?parent=59"}],"curies":[{"name":"wp","href":"https:\/\/api.w.org\/{rel}","templated":true}]}}