{"id":61,"date":"2025-08-02T13:43:25","date_gmt":"2025-08-02T13:43:25","guid":{"rendered":"https:\/\/tennisbet.net\/die-besten-seiten-fuer-tenniswetten\/bewertung-betonline-us-freundlich\/"},"modified":"2025-08-02T13:43:25","modified_gmt":"2025-08-02T13:43:25","slug":"bewertung-betonline-us-freundlich","status":"publish","type":"page","link":"https:\/\/tennisbet.net\/de\/die-besten-seiten-fuer-tenniswetten\/bewertung-betonline-us-freundlich\/","title":{"rendered":"Bewertung BetOnline (US-freundlich!)"},"content":{"rendered":"<h1>BetOnline Sportwetten-Rezension<\/h1>\n<p>BetOnline entwickelt sich schnell zu einem der besten US-amerikanischen Sportwettenanbieter. Seit seinem Einstieg in die Sportwettenbranche im Jahr 2001 bietet das Unternehmen nicht nur f\u00fcr Tenniswetten, sondern f\u00fcr eine Vielzahl von Sportarten eine der besten Plattformen.<\/p>\n<p>Einer der gr\u00f6\u00dften Pluspunkte von BetOnline ist die M\u00f6glichkeit, US-Sportwettende zu bedienen. In einer Branche, die f\u00fcr US-Wetter gelinde gesagt eine Herausforderung darstellt, ist ein so zuverl\u00e4ssiger und umfassender Anbieter wie BetOnline ein gro\u00dfer Vorteil.<\/p>\n<p>Der Tenniswetten-Bereich von BetOnline wird wahrscheinlich keine Preise f\u00fcr seine Spitzenposition im Tenniswettenbereich gewinnen, deckt aber die meisten gro\u00dfen Turniere und bevorstehenden Spiele ab und bietet Quoten, die zu den wettbewerbsf\u00e4higsten der Branche geh\u00f6ren. Au\u00dferdem wird es, wie wir geh\u00f6rt haben, bald Verbesserungen f\u00fcr mehr Live-Wettoptionen geben.<\/p>\n<h2>Boni und Aktionen<\/h2>\n<p>Bei der Registrierung eines neuen Kontos bei BetOnline erhalten Sie einen Willkommensbonus von bis zu 1.000 $ auf Ihre erste Einzahlung. Der Bonus besteht im Wesentlichen aus 25 % Ihrer Einzahlung. Das bedeutet, dass Sie 4.000 $ einzahlen m\u00fcssen, um die vollen 900 $ freizuschalten. Um den vollen Bonus freizuschalten, m\u00fcssen Sie Ihren Einzahlungsbetrag sechsmal umsetzen.<\/p>\n<p>Beachten Sie au\u00dferdem, dass Sie zus\u00e4tzlich denselben 25 %-Bonus auf jede Einzahlung erhalten, lebenslang. Die Zahlungsbedingungen bleiben unver\u00e4ndert, aber wenn Sie mehr als 4.000 $ auf Ihr Konto einzahlen m\u00f6chten, lohnt es sich, jede Einzahlung aufzuteilen, um sicherzustellen, dass Sie f\u00fcr jede Einzahlung einen Bonus erhalten.<\/p>\n<p><a href=\"go\/betonline.html\" target=\"_blank\"><strong><span style=\"text-decoration: underline;\">Klicken Sie auf diesen Bonus-Link, um BetOnline zu besuchen<\/span><\/strong><\/a>, wenn Sie die h\u00f6chste Bonusaktion voll ausnutzen m\u00f6chten.<\/p>\n<h2>Bankoptionen<\/h2>\n<p>Die Bankoptionen von BetOnline sind in Bezug auf die Anzahl der Ein- und Auszahlungsm\u00f6glichkeiten so umfassend wie bei den f\u00fchrenden Buchmachern. Visa, MasterCard, MoneyGram, Western Union, Moneybookers (Skrill), Neteller, Bank\u00fcberweisungen und sogar Schecks sind m\u00f6glich.<\/p>\n<p>Einige Nachteile gibt es bei den \u00dcberweisungslimits und Geb\u00fchren. Je nach verwendeter Methode ist Ihre Einzahlungsh\u00f6he begrenzt. Die Einzahlungslimits liegen zwischen 10 und 50.000 US-Dollar. Sollten Sie jedoch h\u00f6here Einzahlungslimits w\u00fcnschen, wenden Sie sich bitte direkt an BetOnline, um die beste Methode f\u00fcr Sie zu besprechen.<\/p>\n<p>Einzahlungen sind in der Regel kostenlos oder erstatten zumindest die meisten Geb\u00fchren. Bei manchen Anbietern m\u00fcssen Sie Ihre urspr\u00fcngliche Einzahlung jedoch mindestens einmal umsetzen, bevor Sie eine Auszahlung vornehmen k\u00f6nnen. F\u00fcr die meisten E-Wallet-Auszahlungsoptionen f\u00e4llt eine Geb\u00fchr zwischen 15 und 75 US-Dollar an.<\/p>\n<h2>Kundenservice<\/h2>\n<p>Der Kundenservice ist sehr gut. Sie erreichen BetOnline nicht nur per Telefon und E-Mail, sondern auch per Live-Chat, der rund um die Uhr an 7 Tagen die Woche erreichbar ist. Da Telefonwetten immer noch einen gro\u00dfen Teil der Kundenbasis ausmachen, ist diese Art der Unterst\u00fctzung unerl\u00e4sslich. Beachten Sie jedoch, dass die Limits f\u00fcr Wettm\u00e4rkte au\u00dferhalb der Gesch\u00e4ftszeiten reduziert werden.<\/p>\n<h2>Fazit<\/h2>\n<p>BetOnline hat alle Voraussetzungen, um eine sehr gute Tennis-Wettseite zu werden. Sie sind zwar nicht die gr\u00f6\u00dfte Website f\u00fcr Tenniswettende, erf\u00fcllen aber ihren Zweck und bieten den meisten Wettenden mehr als genug M\u00f6glichkeiten.<\/p>\n<p>Ein Kritikpunkt an BetOnlines Tenniswettenbereich ist, dass keine Wettm\u00e4rkte f\u00fcr zuk\u00fcnftige Tennisereignisse angeboten werden. Damit ist gemeint, dass die live gesendeten Wettm\u00e4rkte in der Regel f\u00fcr Turniere in der gleichen Woche gelten und nicht etwa einen Monat oder sogar l\u00e4nger im Voraus, wie bei einigen Konkurrenten.<\/p>\n<p>Abgesehen davon hebt sich BetOnline durch seine Einfachheit in einem mittlerweile \u00fcberf\u00fcllten Markt deutlich ab. Das Design ist sehr \u00fcbersichtlich und die textbasierte Marktansicht erm\u00f6glicht es Ihnen, schnell zu sehen, auf welche Spiele Sie wetten k\u00f6nnen und wie hoch die Wettpreise sind. Manchmal ist weniger mehr in der Wettbranche, und diese Philosophie hat BetOnline \u00fcbernommen und ist darin herausragend.<\/p>\n","protected":false},"excerpt":{"rendered":"<p>BetOnline Sportwetten-Rezension BetOnline entwickelt sich schnell zu einem der besten US-amerikanischen Sportwettenanbieter. Seit seinem Einstieg in die Sportwettenbranche im Jahr 2001 bietet das Unternehmen nicht nur f\u00fcr Tenniswetten, sondern f\u00fcr eine Vielzahl von Sportarten eine der besten Plattformen. Einer der gr\u00f6\u00dften Pluspunkte von BetOnline ist die M\u00f6glichkeit, US-Sportwettende zu bedienen. In einer Branche, die f\u00fcr &#8230; <a title=\"Bewertung BetOnline (US-freundlich!)\" class=\"read-more\" href=\"https:\/\/tennisbet.net\/de\/die-besten-seiten-fuer-tenniswetten\/bewertung-betonline-us-freundlich\/\" aria-label=\"Mehr Informationen \u00fcber Bewertung BetOnline (US-freundlich!)\">Weiterlesen<\/a><\/p>\n","protected":false},"author":1,"featured_media":0,"parent":43,"menu_order":0,"comment_status":"closed","ping_status":"closed","template":"","meta":{"footnotes":""},"class_list":["post-61","page","type-page","status-publish"],"yoast_head":"<!-- This site is optimized with the Yoast SEO plugin v27.4 - https:\/\/yoast.com\/product\/yoast-seo-wordpress\/ -->\n<title>BetOnline Tenniswetten Bewertung<\/title>\n<meta name=\"robots\" content=\"index, follow, max-snippet:-1, max-image-preview:large, max-video-preview:-1\" \/>\n<link rel=\"canonical\" href=\"https:\/\/tennisbet.net\/de\/die-besten-seiten-fuer-tenniswetten\/bewertung-betonline-us-freundlich\/\" \/>\n<meta property=\"og:locale\" content=\"de_DE\" \/>\n<meta property=\"og:type\" content=\"article\" \/>\n<meta property=\"og:title\" content=\"BetOnline Tenniswetten Bewertung\" \/>\n<meta property=\"og:description\" content=\"BetOnline Sportwetten-Rezension BetOnline entwickelt sich schnell zu einem der besten US-amerikanischen Sportwettenanbieter. Seit seinem Einstieg in die Sportwettenbranche im Jahr 2001 bietet das Unternehmen nicht nur f\u00fcr Tenniswetten, sondern f\u00fcr eine Vielzahl von Sportarten eine der besten Plattformen. Einer der gr\u00f6\u00dften Pluspunkte von BetOnline ist die M\u00f6glichkeit, US-Sportwettende zu bedienen. In einer Branche, die f\u00fcr ... Weiterlesen\" \/>\n<meta property=\"og:url\" content=\"https:\/\/tennisbet.net\/de\/die-besten-seiten-fuer-tenniswetten\/bewertung-betonline-us-freundlich\/\" \/>\n<meta name=\"twitter:card\" content=\"summary_large_image\" \/>\n<meta name=\"twitter:label1\" content=\"Gesch\u00e4tzte Lesezeit\" \/>\n\t<meta name=\"twitter:data1\" content=\"3\u00a0Minuten\" \/>\n<script type=\"application\/ld+json\" class=\"yoast-schema-graph\">{\"@context\":\"https:\\\/\\\/schema.org\",\"@graph\":[{\"@type\":\"WebPage\",\"@id\":\"https:\\\/\\\/tennisbet.net\\\/de\\\/die-besten-seiten-fuer-tenniswetten\\\/bewertung-betonline-us-freundlich\\\/\",\"url\":\"https:\\\/\\\/tennisbet.net\\\/de\\\/die-besten-seiten-fuer-tenniswetten\\\/bewertung-betonline-us-freundlich\\\/\",\"name\":\"BetOnline Tenniswetten Bewertung\",\"isPartOf\":{\"@id\":\"https:\\\/\\\/tennisbet.net\\\/de\\\/#website\"},\"datePublished\":\"2025-08-02T13:43:25+00:00\",\"breadcrumb\":{\"@id\":\"https:\\\/\\\/tennisbet.net\\\/de\\\/die-besten-seiten-fuer-tenniswetten\\\/bewertung-betonline-us-freundlich\\\/#breadcrumb\"},\"inLanguage\":\"de\",\"potentialAction\":[{\"@type\":\"ReadAction\",\"target\":[\"https:\\\/\\\/tennisbet.net\\\/de\\\/die-besten-seiten-fuer-tenniswetten\\\/bewertung-betonline-us-freundlich\\\/\"]}]},{\"@type\":\"BreadcrumbList\",\"@id\":\"https:\\\/\\\/tennisbet.net\\\/de\\\/die-besten-seiten-fuer-tenniswetten\\\/bewertung-betonline-us-freundlich\\\/#breadcrumb\",\"itemListElement\":[{\"@type\":\"ListItem\",\"position\":1,\"name\":\"Home\",\"item\":\"https:\\\/\\\/tennisbet.net\\\/de\\\/\"},{\"@type\":\"ListItem\",\"position\":2,\"name\":\"Die besten Seiten f\u00fcr Tenniswetten\",\"item\":\"https:\\\/\\\/tennisbet.net\\\/de\\\/betting-sites\\\/\"},{\"@type\":\"ListItem\",\"position\":3,\"name\":\"Bewertung BetOnline (US-freundlich!)\"}]},{\"@type\":\"WebSite\",\"@id\":\"https:\\\/\\\/tennisbet.net\\\/de\\\/#website\",\"url\":\"https:\\\/\\\/tennisbet.net\\\/de\\\/\",\"name\":\"\",\"description\":\"\",\"potentialAction\":[{\"@type\":\"SearchAction\",\"target\":{\"@type\":\"EntryPoint\",\"urlTemplate\":\"https:\\\/\\\/tennisbet.net\\\/de\\\/?s={search_term_string}\"},\"query-input\":{\"@type\":\"PropertyValueSpecification\",\"valueRequired\":true,\"valueName\":\"search_term_string\"}}],\"inLanguage\":\"de\"}]}<\/script>\n<!-- \/ Yoast SEO plugin. -->","yoast_head_json":{"title":"BetOnline Tenniswetten Bewertung","robots":{"index":"index","follow":"follow","max-snippet":"max-snippet:-1","max-image-preview":"max-image-preview:large","max-video-preview":"max-video-preview:-1"},"canonical":"https:\/\/tennisbet.net\/de\/die-besten-seiten-fuer-tenniswetten\/bewertung-betonline-us-freundlich\/","og_locale":"de_DE","og_type":"article","og_title":"BetOnline Tenniswetten Bewertung","og_description":"BetOnline Sportwetten-Rezension BetOnline entwickelt sich schnell zu einem der besten US-amerikanischen Sportwettenanbieter. Seit seinem Einstieg in die Sportwettenbranche im Jahr 2001 bietet das Unternehmen nicht nur f\u00fcr Tenniswetten, sondern f\u00fcr eine Vielzahl von Sportarten eine der besten Plattformen. Einer der gr\u00f6\u00dften Pluspunkte von BetOnline ist die M\u00f6glichkeit, US-Sportwettende zu bedienen. In einer Branche, die f\u00fcr ... Weiterlesen","og_url":"https:\/\/tennisbet.net\/de\/die-besten-seiten-fuer-tenniswetten\/bewertung-betonline-us-freundlich\/","twitter_card":"summary_large_image","twitter_misc":{"Gesch\u00e4tzte Lesezeit":"3\u00a0Minuten"},"schema":{"@context":"https:\/\/schema.org","@graph":[{"@type":"WebPage","@id":"https:\/\/tennisbet.net\/de\/die-besten-seiten-fuer-tenniswetten\/bewertung-betonline-us-freundlich\/","url":"https:\/\/tennisbet.net\/de\/die-besten-seiten-fuer-tenniswetten\/bewertung-betonline-us-freundlich\/","name":"BetOnline Tenniswetten Bewertung","isPartOf":{"@id":"https:\/\/tennisbet.net\/de\/#website"},"datePublished":"2025-08-02T13:43:25+00:00","breadcrumb":{"@id":"https:\/\/tennisbet.net\/de\/die-besten-seiten-fuer-tenniswetten\/bewertung-betonline-us-freundlich\/#breadcrumb"},"inLanguage":"de","potentialAction":[{"@type":"ReadAction","target":["https:\/\/tennisbet.net\/de\/die-besten-seiten-fuer-tenniswetten\/bewertung-betonline-us-freundlich\/"]}]},{"@type":"BreadcrumbList","@id":"https:\/\/tennisbet.net\/de\/die-besten-seiten-fuer-tenniswetten\/bewertung-betonline-us-freundlich\/#breadcrumb","itemListElement":[{"@type":"ListItem","position":1,"name":"Home","item":"https:\/\/tennisbet.net\/de\/"},{"@type":"ListItem","position":2,"name":"Die besten Seiten f\u00fcr Tenniswetten","item":"https:\/\/tennisbet.net\/de\/betting-sites\/"},{"@type":"ListItem","position":3,"name":"Bewertung BetOnline (US-freundlich!)"}]},{"@type":"WebSite","@id":"https:\/\/tennisbet.net\/de\/#website","url":"https:\/\/tennisbet.net\/de\/","name":"","description":"","potentialAction":[{"@type":"SearchAction","target":{"@type":"EntryPoint","urlTemplate":"https:\/\/tennisbet.net\/de\/?s={search_term_string}"},"query-input":{"@type":"PropertyValueSpecification","valueRequired":true,"valueName":"search_term_string"}}],"inLanguage":"de"}]}},"_links":{"self":[{"href":"https:\/\/tennisbet.net\/de\/wp-json\/wp\/v2\/pages\/61","targetHints":{"allow":["GET"]}}],"collection":[{"href":"https:\/\/tennisbet.net\/de\/wp-json\/wp\/v2\/pages"}],"about":[{"href":"https:\/\/tennisbet.net\/de\/wp-json\/wp\/v2\/types\/page"}],"author":[{"embeddable":true,"href":"https:\/\/tennisbet.net\/de\/wp-json\/wp\/v2\/users\/1"}],"replies":[{"embeddable":true,"href":"https:\/\/tennisbet.net\/de\/wp-json\/wp\/v2\/comments?post=61"}],"version-history":[{"count":0,"href":"https:\/\/tennisbet.net\/de\/wp-json\/wp\/v2\/pages\/61\/revisions"}],"up":[{"embeddable":true,"href":"https:\/\/tennisbet.net\/de\/wp-json\/wp\/v2\/pages\/43"}],"wp:attachment":[{"href":"https:\/\/tennisbet.net\/de\/wp-json\/wp\/v2\/media?parent=61"}],"curies":[{"name":"wp","href":"https:\/\/api.w.org\/{rel}","templated":true}]}}