{"id":65,"date":"2025-08-02T14:17:24","date_gmt":"2025-08-02T14:17:24","guid":{"rendered":"https:\/\/tennisbet.net\/heim\/"},"modified":"2025-08-27T08:03:25","modified_gmt":"2025-08-27T08:03:25","slug":"heim","status":"publish","type":"page","link":"https:\/\/tennisbet.net\/de\/","title":{"rendered":"Heim"},"content":{"rendered":"<h2>Tennis-Wetttipps<\/h2>\n<p><span style=\"font-size: 14pt;\">Sie sind Tennisfan und interessieren sich auch f\u00fcr Sportwetten? Dann sind Sie hier genau richtig. Unsere Website bietet Ihnen umfassende Informationen zu:<\/span><\/p>\n<ul>\n<li><span style=\"font-size: 14pt;\"><em><strong>aktuellen Tennis-Events, auf die Sie wetten k\u00f6nnen<\/strong><\/em><\/span><\/li>\n<li><span style=\"font-size: 14pt;\"><em><strong>Bewertungen der besten Sportwetten-Websites f\u00fcr Tenniswetten<\/strong><\/em><\/span><\/li>\n<li><span style=\"font-size: 14pt;\"><em><strong>Tipps und Empfehlungen f\u00fcr kommende Tennisspiele<\/strong><\/em><\/span><\/li>\n<li><span style=\"font-size: 14pt;\"><em><strong>und, besonders wichtig: Tipps f\u00fcr In-Game-Wetten w\u00e4hrend Tennisspielen<\/strong><\/em><\/span><\/li>\n<\/ul>\n<p>Der Webmaster ist ein ehemaliger Tennisprofi mit jahrzehntelanger Erfahrung im Coaching. Seine Spezialit\u00e4t ist die Spielanalyse sowie das Erkennen von St\u00e4rken und Schw\u00e4chen einzelner Spieler. Er nutzt seine langj\u00e4hrige Erfahrung in der Spielstrategieberatung und der Beobachtung von Verhaltens\u00e4nderungen von Spielern w\u00e4hrend eines Spiels, um Sportwettern einen Vorteil gegen\u00fcber dem \u201eHaus\u201c, d. h. dem Sportwettenanbieter, zu verschaffen.<\/p>\n<p>Seine <strong>Tenniswetttipps<\/strong> helfen Ihnen als Sportwetter, lukrative Wettm\u00f6glichkeiten f\u00fcr bestimmte Ereignisse w\u00e4hrend eines Spiels zu finden, zum Beispiel bei der Vorhersage, wer als n\u00e4chstes sein Aufschlagspiel verliert. Oder stellen Sie sich vor, Sie k\u00f6nnten eine Wende im Spiel voraussagen \u2013 Sie k\u00f6nnten auf einen Spieler setzen, der im Moment der gro\u00dfe Au\u00dfenseiter zu sein scheint, obwohl die Chancen f\u00fcr sein Comeback gut stehen.<\/p>\n<h2>Bewertungen von Tenniswettseiten<\/h2>\n<p>Nat\u00fcrlich ist es wichtig, auf welcher Sportwettenseite Sie Ihre Tenniswette platzieren. Die Seite sollte gute Quoten bieten, einfach zu navigieren sein, einen attraktiven Bonus f\u00fcr Ihre erste Einzahlung sowie attraktive Aktionen f\u00fcr Bestandskunden anbieten. Bequeme und sichere Ein- und Auszahlungsm\u00f6glichkeiten sowie ein exzellenter und kompetenter Kundenservice sind ebenfalls wichtig.<\/p>\n<p><strong>Und hier ist das Wichtigste:<\/strong> Welche Wettarten werden f\u00fcr Tennis angeboten? Wir haben viele Wett-Websites getestet, aber nur wenige sind wirklich gut, was Tenniswetten angeht. Wenn Sie Ihr vorhandenes Wissen \u00fcber den Sport optimal nutzen und die Tennis-Tipps, die Sie hier auf unserer Website erhalten, optimal nutzen m\u00f6chten, k\u00f6nnen wir Ihnen eine Website besonders empfehlen.<\/p>\n<p><strong>Unserer Meinung nach gibt es keinen besseren Anbieter als Bet365<\/strong>. Eine Weltklasse-Website f\u00fcr alle Arten von Gl\u00fccksspielen, wie Online-Casino, Echtgeld-Slots, Online-Poker und sogar Online-Bingo. Der Sportwettenbereich zeichnet sich durch tolle Quoten und eine gro\u00dfe Auswahl an Sportarten aus, auf die Sie wetten k\u00f6nnen. <a href=\"index.php?option=com_content&amp;view=article&amp;id=58&amp;Itemid=220\"><span style=\"text-decoration: underline;\">Lesen Sie hier die Bewertung zu Bet365<\/span><\/a> oder <span style=\"text-decoration: underline;\"><a href=\"go\/bet365.html\" target=\"_blank\">klicken Sie hier, um direkt zur Website zu gelangen.<\/a><\/span>&nbsp;<\/p>\n<p><span id=\"tag20190325103443\"><\/span><\/p>\n<p><script src=\"https:\/\/imstore.bet365affiliates.com\/PopulateText.aspx?AffiliateId=16831&#038;AffiliateCode=365_168143&#038;TagName=tag20190325103443&#038;CID=690&#038;PID=149&#038;LNG=1&#038;NewWindow=Y&#038;Mask=N\" type=\"text\/javascript\"><\/script><br \/>\n<script type=\"text\/javascript\">document.getElementById('tag20190325103443').innerHTML = returnText_tag20190325103443();<\/script><\/p>\n<p><strong>Das Wichtigste f\u00fcr Sie:<\/strong> Bet365 bietet das mit Abstand beste In-Game-Wettprogramm f\u00fcr Tennis. Sie k\u00f6nnen nicht nur wetten, wer das n\u00e4chste Spiel, den n\u00e4chsten Satz oder das n\u00e4chste Match gewinnt. Sie k\u00f6nnen auf die Anzahl der Spiele des aktuellen (oder n\u00e4chsten) Satzes wetten, das Ergebnis der n\u00e4chsten drei Spiele antippen und viele weitere Optionen und Spots nutzen, um eine profitable Wette zu platzieren. Hier k\u00f6nnen Sie unsere Tennis-Wetttipps nutzen und die besten Ergebnisse erzielen!<\/p>\n<h2>Verfolgen Sie Ihr Spiel \u2013 Live-Streams bei Bet365<\/h2>\n<p>Um den Live-Streaming-Service f\u00fcr Tennisspiele zu nutzen, m\u00fcssen Sie in Ihrem Bet365-Konto angemeldet sein und \u00fcber ein Guthaben verf\u00fcgen oder in den letzten 24 Stunden eine Wette auf das Spiel platziert haben. Jedes Ereignis auf der Bet365-Website, neben dem das Play- oder Video-Symbol angezeigt wird, wird per Live-Stream \u00fcbertragen. Dies funktioniert nat\u00fcrlich auch f\u00fcr Fu\u00dfballspiele und viele andere Sportarten.<\/p>\n<p>Diesen Service gibt es nur bei Bet365 und diese Art von Wette ist wirklich interessant \u2013 wenn Sie wissen, worauf Sie achten m\u00fcssen und welche Faktoren vor einer solchen Tenniswette zu ber\u00fccksichtigen sind. Lesen Sie unbedingt die Artikel auf unserer Website, sie helfen Ihnen, ein laufendes Tennisspiel gut zu verstehen.<\/p>\n<h2>Alternative Tennis-Wettseiten f\u00fcr US-B\u00fcrger<\/h2>\n<p>Bet365 nimmt keine Wetten von US-B\u00fcrgern an, aber ich finde Intertops eine hervorragende Alternative. Mit fast so guten In-Game-Wetten wie Bet365 und einer gro\u00dfen Auswahl an Tenniswetten im Allgemeinen ist Intertops mein Lieblings-Sportwettenanbieter auf dem US-Markt. <strong><span style=\"text-decoration: underline;\"><a href=\"go\/intertopsen.html\" target=\"_blank\">Hier finden Sie sie.<\/a><\/span><\/strong><\/p>\n<h2>Wetten auf Tennis-Matchsieger und Gesamtsieger<\/h2>\n<p>Ob ATP-Turnier der Herren, WTA-Turnier der Damen, Davis Cup oder Fed Cup: Wir analysieren alle wichtigen Events dieser Turniere, pr\u00fcfen die Auslosungen und w\u00e4hlen f\u00fcr Sie wahrscheinliche Sieger mit guten Quoten aus. Es macht wenig Sinn, auf Novak Djokovics Sieg zu wetten, bei dem man mit einem Einsatz von 100 $ 2 $ gewinnt. Aber eine Wette mit guten Quoten auf einen Au\u00dfenseiter in der ersten Runde eines Tennismatches, der in fr\u00fcheren Turnieren eine hervorragende Form gezeigt hat \u2013 das ist die Art von Wette, die ich platzieren w\u00fcrde.<\/p>\n<p>Den Gesamtsieger eines Tennisturniers zu tippen, ist die schwierigste Aufgabe \u00fcberhaupt. Es kann vieles passieren \u2013 ein Topspieler kann sich beispielsweise verletzen oder einen schlechten Tag haben. Und selbst der weltweit f\u00fchrende Tennisspieler hat keine Garantie, jedes Turnier zu gewinnen, an dem er teilnimmt. Unsere Tennis-Wetttipps helfen Ihnen, teure Wetten mit geringem Gewinn zu vermeiden und Ihre Wettergebnisse zu verbessern.<\/p>\n","protected":false},"excerpt":{"rendered":"<p>Tennis-Wetttipps Sie sind Tennisfan und interessieren sich auch f\u00fcr Sportwetten? Dann sind Sie hier genau richtig. Unsere Website bietet Ihnen umfassende Informationen zu: aktuellen Tennis-Events, auf die Sie wetten k\u00f6nnen Bewertungen der besten Sportwetten-Websites f\u00fcr Tenniswetten Tipps und Empfehlungen f\u00fcr kommende Tennisspiele und, besonders wichtig: Tipps f\u00fcr In-Game-Wetten w\u00e4hrend Tennisspielen Der Webmaster ist ein ehemaliger &#8230; <a title=\"Heim\" class=\"read-more\" href=\"https:\/\/tennisbet.net\/de\/\" aria-label=\"Mehr Informationen \u00fcber Heim\">Weiterlesen<\/a><\/p>\n","protected":false},"author":1,"featured_media":0,"parent":0,"menu_order":0,"comment_status":"closed","ping_status":"closed","template":"","meta":{"footnotes":""},"class_list":["post-65","page","type-page","status-publish"],"yoast_head":"<!-- This site is optimized with the Yoast SEO plugin v27.3 - https:\/\/yoast.com\/product\/yoast-seo-wordpress\/ -->\n<title>Tennis-Heimwette<\/title>\n<meta name=\"robots\" content=\"index, follow, max-snippet:-1, max-image-preview:large, max-video-preview:-1\" \/>\n<link rel=\"canonical\" href=\"https:\/\/tennisbet.net\/de\/\" \/>\n<meta property=\"og:locale\" content=\"de_DE\" \/>\n<meta property=\"og:type\" content=\"article\" \/>\n<meta property=\"og:title\" content=\"Tennis-Heimwette\" \/>\n<meta property=\"og:description\" content=\"Tennis-Wetttipps Sie sind Tennisfan und interessieren sich auch f\u00fcr Sportwetten? Dann sind Sie hier genau richtig. Unsere Website bietet Ihnen umfassende Informationen zu: aktuellen Tennis-Events, auf die Sie wetten k\u00f6nnen Bewertungen der besten Sportwetten-Websites f\u00fcr Tenniswetten Tipps und Empfehlungen f\u00fcr kommende Tennisspiele und, besonders wichtig: Tipps f\u00fcr In-Game-Wetten w\u00e4hrend Tennisspielen Der Webmaster ist ein ehemaliger ... Weiterlesen\" \/>\n<meta property=\"og:url\" content=\"https:\/\/tennisbet.net\/de\/\" \/>\n<meta property=\"article:modified_time\" content=\"2025-08-27T08:03:25+00:00\" \/>\n<meta name=\"twitter:card\" content=\"summary_large_image\" \/>\n<meta name=\"twitter:label1\" content=\"Gesch\u00e4tzte Lesezeit\" \/>\n\t<meta name=\"twitter:data1\" content=\"4\u00a0Minuten\" \/>\n<script type=\"application\/ld+json\" class=\"yoast-schema-graph\">{\"@context\":\"https:\\\/\\\/schema.org\",\"@graph\":[{\"@type\":\"WebPage\",\"@id\":\"https:\\\/\\\/tennisbet.net\\\/de\\\/\",\"url\":\"https:\\\/\\\/tennisbet.net\\\/de\\\/\",\"name\":\"Tennis-Heimwette\",\"isPartOf\":{\"@id\":\"https:\\\/\\\/tennisbet.net\\\/de\\\/#website\"},\"datePublished\":\"2025-08-02T14:17:24+00:00\",\"dateModified\":\"2025-08-27T08:03:25+00:00\",\"breadcrumb\":{\"@id\":\"https:\\\/\\\/tennisbet.net\\\/de\\\/#breadcrumb\"},\"inLanguage\":\"de\",\"potentialAction\":[{\"@type\":\"ReadAction\",\"target\":[\"https:\\\/\\\/tennisbet.net\\\/de\\\/\"]}]},{\"@type\":\"BreadcrumbList\",\"@id\":\"https:\\\/\\\/tennisbet.net\\\/de\\\/#breadcrumb\",\"itemListElement\":[{\"@type\":\"ListItem\",\"position\":1,\"name\":\"Home\",\"item\":\"https:\\\/\\\/tennisbet.net\\\/de\\\/\"},{\"@type\":\"ListItem\",\"position\":2,\"name\":\"Heim\"}]},{\"@type\":\"WebSite\",\"@id\":\"https:\\\/\\\/tennisbet.net\\\/de\\\/#website\",\"url\":\"https:\\\/\\\/tennisbet.net\\\/de\\\/\",\"name\":\"\",\"description\":\"\",\"potentialAction\":[{\"@type\":\"SearchAction\",\"target\":{\"@type\":\"EntryPoint\",\"urlTemplate\":\"https:\\\/\\\/tennisbet.net\\\/de\\\/?s={search_term_string}\"},\"query-input\":{\"@type\":\"PropertyValueSpecification\",\"valueRequired\":true,\"valueName\":\"search_term_string\"}}],\"inLanguage\":\"de\"}]}<\/script>\n<!-- \/ Yoast SEO plugin. -->","yoast_head_json":{"title":"Tennis-Heimwette","robots":{"index":"index","follow":"follow","max-snippet":"max-snippet:-1","max-image-preview":"max-image-preview:large","max-video-preview":"max-video-preview:-1"},"canonical":"https:\/\/tennisbet.net\/de\/","og_locale":"de_DE","og_type":"article","og_title":"Tennis-Heimwette","og_description":"Tennis-Wetttipps Sie sind Tennisfan und interessieren sich auch f\u00fcr Sportwetten? Dann sind Sie hier genau richtig. Unsere Website bietet Ihnen umfassende Informationen zu: aktuellen Tennis-Events, auf die Sie wetten k\u00f6nnen Bewertungen der besten Sportwetten-Websites f\u00fcr Tenniswetten Tipps und Empfehlungen f\u00fcr kommende Tennisspiele und, besonders wichtig: Tipps f\u00fcr In-Game-Wetten w\u00e4hrend Tennisspielen Der Webmaster ist ein ehemaliger ... Weiterlesen","og_url":"https:\/\/tennisbet.net\/de\/","article_modified_time":"2025-08-27T08:03:25+00:00","twitter_card":"summary_large_image","twitter_misc":{"Gesch\u00e4tzte Lesezeit":"4\u00a0Minuten"},"schema":{"@context":"https:\/\/schema.org","@graph":[{"@type":"WebPage","@id":"https:\/\/tennisbet.net\/de\/","url":"https:\/\/tennisbet.net\/de\/","name":"Tennis-Heimwette","isPartOf":{"@id":"https:\/\/tennisbet.net\/de\/#website"},"datePublished":"2025-08-02T14:17:24+00:00","dateModified":"2025-08-27T08:03:25+00:00","breadcrumb":{"@id":"https:\/\/tennisbet.net\/de\/#breadcrumb"},"inLanguage":"de","potentialAction":[{"@type":"ReadAction","target":["https:\/\/tennisbet.net\/de\/"]}]},{"@type":"BreadcrumbList","@id":"https:\/\/tennisbet.net\/de\/#breadcrumb","itemListElement":[{"@type":"ListItem","position":1,"name":"Home","item":"https:\/\/tennisbet.net\/de\/"},{"@type":"ListItem","position":2,"name":"Heim"}]},{"@type":"WebSite","@id":"https:\/\/tennisbet.net\/de\/#website","url":"https:\/\/tennisbet.net\/de\/","name":"","description":"","potentialAction":[{"@type":"SearchAction","target":{"@type":"EntryPoint","urlTemplate":"https:\/\/tennisbet.net\/de\/?s={search_term_string}"},"query-input":{"@type":"PropertyValueSpecification","valueRequired":true,"valueName":"search_term_string"}}],"inLanguage":"de"}]}},"_links":{"self":[{"href":"https:\/\/tennisbet.net\/de\/wp-json\/wp\/v2\/pages\/65","targetHints":{"allow":["GET"]}}],"collection":[{"href":"https:\/\/tennisbet.net\/de\/wp-json\/wp\/v2\/pages"}],"about":[{"href":"https:\/\/tennisbet.net\/de\/wp-json\/wp\/v2\/types\/page"}],"author":[{"embeddable":true,"href":"https:\/\/tennisbet.net\/de\/wp-json\/wp\/v2\/users\/1"}],"replies":[{"embeddable":true,"href":"https:\/\/tennisbet.net\/de\/wp-json\/wp\/v2\/comments?post=65"}],"version-history":[{"count":1,"href":"https:\/\/tennisbet.net\/de\/wp-json\/wp\/v2\/pages\/65\/revisions"}],"predecessor-version":[{"id":197,"href":"https:\/\/tennisbet.net\/de\/wp-json\/wp\/v2\/pages\/65\/revisions\/197"}],"wp:attachment":[{"href":"https:\/\/tennisbet.net\/de\/wp-json\/wp\/v2\/media?parent=65"}],"curies":[{"name":"wp","href":"https:\/\/api.w.org\/{rel}","templated":true}]}}