{"id":67,"date":"2025-08-02T14:03:59","date_gmt":"2025-08-02T14:03:59","guid":{"rendered":"https:\/\/tennisbet.net\/wie-man-den-tennisball-trifft-wenn-es-fast-zu-spaet-ist\/"},"modified":"2025-08-04T14:14:23","modified_gmt":"2025-08-04T14:14:23","slug":"wie-man-den-tennisball-trifft-wenn-es-fast-zu-spaet-ist","status":"publish","type":"page","link":"https:\/\/tennisbet.net\/de\/comment-devenir-un-joueur-de-tennis-professionnel\/wie-man-den-tennisball-trifft-wenn-es-fast-zu-spaet-ist\/","title":{"rendered":"Wie man den Tennisball trifft, wenn es fast zu sp\u00e4t ist"},"content":{"rendered":"<h1>Den Ball hinter dem K\u00f6rper treffen<\/h1>\n<p>Manchmal kommt man sehr sp\u00e4t zum Schlag. Entweder ist der Ball schon an einem vorbeigeflogen oder er springt kurz vor dem zweiten Aufprall auf den Boden. In beiden F\u00e4llen kann man die Situation mit der \u00fcblichen Technik nicht mehr retten.<\/p>\n<p>Betrachten wir zun\u00e4chst Situation 1: Ihr Gegner hat einen Stoppball gespielt, und Sie m\u00fcssen den Ball buchst\u00e4blich vom Boden kratzen, bevor er zweimal aufspringt. Nun m\u00fcssen Sie Ihren Schl\u00e4ger unter den Ball bringen und ihn so gut es geht \u00fcber das Netz heben. Das Problem ist, dass Sie mit Ihrem normalen Griff Schwierigkeiten haben, den Schl\u00e4ger in die richtige Position unter dem Ball zu bringen. Sie m\u00fcssen nun einen Vorhandgriff f\u00fcr die R\u00fcckhand und einen R\u00fcckhandgriff f\u00fcr den Vorhandschlag verwenden! So kannst du den Schl\u00e4ger unter den Ball schieben, der Winkel des Schl\u00e4gers erm\u00f6glicht es dir, den Ball nach oben und \u00fcber das Netz zu schlagen.<\/p>\n<p>In Situation 2 schl\u00e4gt dein Gegner einen Ball tief in den hinteren Teil des Feldes, und da der Ball bereits an dir vorbeigegangen ist, kannst du ihn nicht vor deinem K\u00f6rper treffen. Da sich nun der Kontaktpunkt zum Ball ge\u00e4ndert hat, muss sich auch dein Griff \u00e4ndern. Verwende wieder den R\u00fcckhandgriff f\u00fcr die Vorhand und umgekehrt! Sieh dir an, wie du mit den umgekehrten Griffen einen Vorhand-Slice und als letzte M\u00f6glichkeit einen R\u00fcckhand-Slice spielen kannst. Wenn du hinter dem K\u00f6rper spielst, kannst du dem Schlag keine K\u00f6rperrotation verleihen. Was du jetzt brauchst, ist reine Schl\u00e4gerrotation, und die einzige M\u00f6glichkeit dazu ist aus dem Handgelenk. Schlage den Ball rotierend aus dem Handgelenk und gib ihm viel R\u00fcckw\u00e4rtsdrall.<\/p>\n<p>Das ist ein sehr kniffliger Schlag, der nicht immer ins Feld geht. Schlage den Ball nicht zu schnell, sonst geht er ins Aus. In dieser Situation kann man nur hoffen, dass der Ball irgendwie reingeht, damit man bleiben kann<\/p>\n","protected":false},"excerpt":{"rendered":"<p>Den Ball hinter dem K\u00f6rper treffen Manchmal kommt man sehr sp\u00e4t zum Schlag. Entweder ist der Ball schon an einem vorbeigeflogen oder er springt kurz vor dem zweiten Aufprall auf den Boden. In beiden F\u00e4llen kann man die Situation mit der \u00fcblichen Technik nicht mehr retten. Betrachten wir zun\u00e4chst Situation 1: Ihr Gegner hat einen &#8230; <a title=\"Wie man den Tennisball trifft, wenn es fast zu sp\u00e4t ist\" class=\"read-more\" href=\"https:\/\/tennisbet.net\/de\/comment-devenir-un-joueur-de-tennis-professionnel\/wie-man-den-tennisball-trifft-wenn-es-fast-zu-spaet-ist\/\" aria-label=\"Mehr Informationen \u00fcber Wie man den Tennisball trifft, wenn es fast zu sp\u00e4t ist\">Weiterlesen<\/a><\/p>\n","protected":false},"author":1,"featured_media":0,"parent":74,"menu_order":0,"comment_status":"closed","ping_status":"closed","template":"","meta":{"footnotes":""},"class_list":["post-67","page","type-page","status-publish"],"yoast_head":"<!-- This site is optimized with the Yoast SEO plugin v27.4 - https:\/\/yoast.com\/product\/yoast-seo-wordpress\/ -->\n<title>Wie man den Tennisball trifft, wenn es fast zu sp\u00e4t ist<\/title>\n<meta name=\"robots\" content=\"index, follow, max-snippet:-1, max-image-preview:large, max-video-preview:-1\" \/>\n<link rel=\"canonical\" href=\"https:\/\/tennisbet.net\/de\/comment-devenir-un-joueur-de-tennis-professionnel\/wie-man-den-tennisball-trifft-wenn-es-fast-zu-spaet-ist\/\" \/>\n<meta property=\"og:locale\" content=\"de_DE\" \/>\n<meta property=\"og:type\" content=\"article\" \/>\n<meta property=\"og:title\" content=\"Wie man den Tennisball trifft, wenn es fast zu sp\u00e4t ist\" \/>\n<meta property=\"og:description\" content=\"Den Ball hinter dem K\u00f6rper treffen Manchmal kommt man sehr sp\u00e4t zum Schlag. Entweder ist der Ball schon an einem vorbeigeflogen oder er springt kurz vor dem zweiten Aufprall auf den Boden. In beiden F\u00e4llen kann man die Situation mit der \u00fcblichen Technik nicht mehr retten. Betrachten wir zun\u00e4chst Situation 1: Ihr Gegner hat einen ... Weiterlesen\" \/>\n<meta property=\"og:url\" content=\"https:\/\/tennisbet.net\/de\/comment-devenir-un-joueur-de-tennis-professionnel\/wie-man-den-tennisball-trifft-wenn-es-fast-zu-spaet-ist\/\" \/>\n<meta property=\"article:modified_time\" content=\"2025-08-04T14:14:23+00:00\" \/>\n<meta name=\"twitter:card\" content=\"summary_large_image\" \/>\n<meta name=\"twitter:label1\" content=\"Gesch\u00e4tzte Lesezeit\" \/>\n\t<meta name=\"twitter:data1\" content=\"2\u00a0Minuten\" \/>\n<script type=\"application\/ld+json\" class=\"yoast-schema-graph\">{\"@context\":\"https:\\\/\\\/schema.org\",\"@graph\":[{\"@type\":\"WebPage\",\"@id\":\"https:\\\/\\\/tennisbet.net\\\/de\\\/comment-devenir-un-joueur-de-tennis-professionnel\\\/wie-man-den-tennisball-trifft-wenn-es-fast-zu-spaet-ist\\\/\",\"url\":\"https:\\\/\\\/tennisbet.net\\\/de\\\/comment-devenir-un-joueur-de-tennis-professionnel\\\/wie-man-den-tennisball-trifft-wenn-es-fast-zu-spaet-ist\\\/\",\"name\":\"Wie man den Tennisball trifft, wenn es fast zu sp\u00e4t ist\",\"isPartOf\":{\"@id\":\"https:\\\/\\\/tennisbet.net\\\/de\\\/#website\"},\"datePublished\":\"2025-08-02T14:03:59+00:00\",\"dateModified\":\"2025-08-04T14:14:23+00:00\",\"breadcrumb\":{\"@id\":\"https:\\\/\\\/tennisbet.net\\\/de\\\/comment-devenir-un-joueur-de-tennis-professionnel\\\/wie-man-den-tennisball-trifft-wenn-es-fast-zu-spaet-ist\\\/#breadcrumb\"},\"inLanguage\":\"de\",\"potentialAction\":[{\"@type\":\"ReadAction\",\"target\":[\"https:\\\/\\\/tennisbet.net\\\/de\\\/comment-devenir-un-joueur-de-tennis-professionnel\\\/wie-man-den-tennisball-trifft-wenn-es-fast-zu-spaet-ist\\\/\"]}]},{\"@type\":\"BreadcrumbList\",\"@id\":\"https:\\\/\\\/tennisbet.net\\\/de\\\/comment-devenir-un-joueur-de-tennis-professionnel\\\/wie-man-den-tennisball-trifft-wenn-es-fast-zu-spaet-ist\\\/#breadcrumb\",\"itemListElement\":[{\"@type\":\"ListItem\",\"position\":1,\"name\":\"Home\",\"item\":\"https:\\\/\\\/tennisbet.net\\\/de\\\/\"},{\"@type\":\"ListItem\",\"position\":2,\"name\":\"Comment devenir un joueur de tennis professionnel\",\"item\":\"https:\\\/\\\/tennisbet.net\\\/de\\\/how-to-become-a-professional-tennis-player\\\/\"},{\"@type\":\"ListItem\",\"position\":3,\"name\":\"Wie man den Tennisball trifft, wenn es fast zu sp\u00e4t ist\"}]},{\"@type\":\"WebSite\",\"@id\":\"https:\\\/\\\/tennisbet.net\\\/de\\\/#website\",\"url\":\"https:\\\/\\\/tennisbet.net\\\/de\\\/\",\"name\":\"\",\"description\":\"\",\"potentialAction\":[{\"@type\":\"SearchAction\",\"target\":{\"@type\":\"EntryPoint\",\"urlTemplate\":\"https:\\\/\\\/tennisbet.net\\\/de\\\/?s={search_term_string}\"},\"query-input\":{\"@type\":\"PropertyValueSpecification\",\"valueRequired\":true,\"valueName\":\"search_term_string\"}}],\"inLanguage\":\"de\"}]}<\/script>\n<!-- \/ Yoast SEO plugin. -->","yoast_head_json":{"title":"Wie man den Tennisball trifft, wenn es fast zu sp\u00e4t ist","robots":{"index":"index","follow":"follow","max-snippet":"max-snippet:-1","max-image-preview":"max-image-preview:large","max-video-preview":"max-video-preview:-1"},"canonical":"https:\/\/tennisbet.net\/de\/comment-devenir-un-joueur-de-tennis-professionnel\/wie-man-den-tennisball-trifft-wenn-es-fast-zu-spaet-ist\/","og_locale":"de_DE","og_type":"article","og_title":"Wie man den Tennisball trifft, wenn es fast zu sp\u00e4t ist","og_description":"Den Ball hinter dem K\u00f6rper treffen Manchmal kommt man sehr sp\u00e4t zum Schlag. Entweder ist der Ball schon an einem vorbeigeflogen oder er springt kurz vor dem zweiten Aufprall auf den Boden. In beiden F\u00e4llen kann man die Situation mit der \u00fcblichen Technik nicht mehr retten. Betrachten wir zun\u00e4chst Situation 1: Ihr Gegner hat einen ... Weiterlesen","og_url":"https:\/\/tennisbet.net\/de\/comment-devenir-un-joueur-de-tennis-professionnel\/wie-man-den-tennisball-trifft-wenn-es-fast-zu-spaet-ist\/","article_modified_time":"2025-08-04T14:14:23+00:00","twitter_card":"summary_large_image","twitter_misc":{"Gesch\u00e4tzte Lesezeit":"2\u00a0Minuten"},"schema":{"@context":"https:\/\/schema.org","@graph":[{"@type":"WebPage","@id":"https:\/\/tennisbet.net\/de\/comment-devenir-un-joueur-de-tennis-professionnel\/wie-man-den-tennisball-trifft-wenn-es-fast-zu-spaet-ist\/","url":"https:\/\/tennisbet.net\/de\/comment-devenir-un-joueur-de-tennis-professionnel\/wie-man-den-tennisball-trifft-wenn-es-fast-zu-spaet-ist\/","name":"Wie man den Tennisball trifft, wenn es fast zu sp\u00e4t ist","isPartOf":{"@id":"https:\/\/tennisbet.net\/de\/#website"},"datePublished":"2025-08-02T14:03:59+00:00","dateModified":"2025-08-04T14:14:23+00:00","breadcrumb":{"@id":"https:\/\/tennisbet.net\/de\/comment-devenir-un-joueur-de-tennis-professionnel\/wie-man-den-tennisball-trifft-wenn-es-fast-zu-spaet-ist\/#breadcrumb"},"inLanguage":"de","potentialAction":[{"@type":"ReadAction","target":["https:\/\/tennisbet.net\/de\/comment-devenir-un-joueur-de-tennis-professionnel\/wie-man-den-tennisball-trifft-wenn-es-fast-zu-spaet-ist\/"]}]},{"@type":"BreadcrumbList","@id":"https:\/\/tennisbet.net\/de\/comment-devenir-un-joueur-de-tennis-professionnel\/wie-man-den-tennisball-trifft-wenn-es-fast-zu-spaet-ist\/#breadcrumb","itemListElement":[{"@type":"ListItem","position":1,"name":"Home","item":"https:\/\/tennisbet.net\/de\/"},{"@type":"ListItem","position":2,"name":"Comment devenir un joueur de tennis professionnel","item":"https:\/\/tennisbet.net\/de\/how-to-become-a-professional-tennis-player\/"},{"@type":"ListItem","position":3,"name":"Wie man den Tennisball trifft, wenn es fast zu sp\u00e4t ist"}]},{"@type":"WebSite","@id":"https:\/\/tennisbet.net\/de\/#website","url":"https:\/\/tennisbet.net\/de\/","name":"","description":"","potentialAction":[{"@type":"SearchAction","target":{"@type":"EntryPoint","urlTemplate":"https:\/\/tennisbet.net\/de\/?s={search_term_string}"},"query-input":{"@type":"PropertyValueSpecification","valueRequired":true,"valueName":"search_term_string"}}],"inLanguage":"de"}]}},"_links":{"self":[{"href":"https:\/\/tennisbet.net\/de\/wp-json\/wp\/v2\/pages\/67","targetHints":{"allow":["GET"]}}],"collection":[{"href":"https:\/\/tennisbet.net\/de\/wp-json\/wp\/v2\/pages"}],"about":[{"href":"https:\/\/tennisbet.net\/de\/wp-json\/wp\/v2\/types\/page"}],"author":[{"embeddable":true,"href":"https:\/\/tennisbet.net\/de\/wp-json\/wp\/v2\/users\/1"}],"replies":[{"embeddable":true,"href":"https:\/\/tennisbet.net\/de\/wp-json\/wp\/v2\/comments?post=67"}],"version-history":[{"count":1,"href":"https:\/\/tennisbet.net\/de\/wp-json\/wp\/v2\/pages\/67\/revisions"}],"predecessor-version":[{"id":75,"href":"https:\/\/tennisbet.net\/de\/wp-json\/wp\/v2\/pages\/67\/revisions\/75"}],"up":[{"embeddable":true,"href":"https:\/\/tennisbet.net\/de\/wp-json\/wp\/v2\/pages\/74"}],"wp:attachment":[{"href":"https:\/\/tennisbet.net\/de\/wp-json\/wp\/v2\/media?parent=67"}],"curies":[{"name":"wp","href":"https:\/\/api.w.org\/{rel}","templated":true}]}}