{"id":247,"date":"2025-08-02T14:17:24","date_gmt":"2025-08-02T14:17:24","guid":{"rendered":"https:\/\/tennisbet.net\/hogar\/"},"modified":"2025-08-02T14:17:24","modified_gmt":"2025-08-02T14:17:24","slug":"hogar","status":"publish","type":"page","link":"https:\/\/tennisbet.net\/es\/","title":{"rendered":"Hogar"},"content":{"rendered":"<p>Consejos de apuestas de tenis<br \/>\n<span style=\"font-size: 14pt;\">\u00bfEres aficionado al tenis y tambi\u00e9n te gustan las apuestas deportivas? Si es as\u00ed, est\u00e1s en el lugar indicado. Nuestro sitio web tiene como objetivo brindarle informaci\u00f3n detallada sobre:<\/span><\/p>\n<ul>\n<li><span style=\"font-size: 14pt;\"><em><strong>Eventos de tenis actuales en los que puede apostar<\/strong><\/em><\/span><\/li>\n<li><span style=\"font-size: 14pt;\"><em><strong>Rese\u00f1as de las mejores casas de apuestas deportivas para apuestas de tenis<\/strong><\/em><\/span><\/li>\n<li><span style=\"font-size: 14pt;\"><em><strong>Consejos y pron\u00f3sticos para los pr\u00f3ximos partidos de tenis<\/strong><\/em><\/span><\/li>\n<li><span style=\"font-size: 14pt;\"><em><strong>Y, especialmente importante: consejos para apostar durante los partidos de tenis<\/strong><\/em><\/span><\/li>\n<\/ul>\n<p>El webmaster es un ex tenista profesional con d\u00e9cadas de experiencia como entrenador. Su especialidad es el an\u00e1lisis de partidos, as\u00ed como la identificaci\u00f3n de las fortalezas y debilidades de cada jugador. Utiliza su amplia experiencia asesorando sobre estrategias de partido y observando los cambios de comportamiento de los jugadores durante el partido para dar a los apostadores una ventaja sobre la casa, por ejemplo, la casa de apuestas.<\/p>\n<p>Sus <strong>consejos de apuestas de tenis<\/strong> te ayudar\u00e1n, como apostador, a encontrar oportunidades rentables para apostar en ciertos eventos durante un partido; por ejemplo, a predecir qui\u00e9n ser\u00e1 el siguiente jugador en perder su saque. O imagina poder predecir que un partido est\u00e1 a punto de cambiar de rumbo: podr\u00edas apostar por un jugador que parece ser el gran perdedor en ese momento, cuando las probabilidades de que remonte son altas.<\/p>\n<h2>Rese\u00f1as de sitios web de apuestas de tenis<\/h2>\n<p>Por supuesto, es importante qu\u00e9 sitio web de apuestas deportivas uses para realizar tus apuestas de tenis. El sitio debe tener buenas cuotas, ser f\u00e1cil de navegar, ofrecer un excelente bono para tu primer dep\u00f3sito y excelentes promociones para clientes existentes. Las opciones de dep\u00f3sito y retiro c\u00f3modas y seguras tambi\u00e9n son importantes, al igual que un servicio al cliente excelente y competente.<\/p>\n<p><strong>Y aqu\u00ed est\u00e1 el elemento m\u00e1s crucial:<\/strong> \u00bfQu\u00e9 tipo de apuestas de tenis ofrecen? Hemos revisado muchos sitios web de apuestas y solo unos pocos son realmente buenos en lo que respecta a las apuestas de tenis. Si realmente desea aprovechar al m\u00e1ximo sus conocimientos sobre este deporte y aprovechar al m\u00e1ximo los consejos de tenis que obtiene aqu\u00ed en nuestro sitio web, le recomendamos un sitio web en particular.<\/p>\n<p><strong>En nuestra opini\u00f3n, no hay mejor lugar que Bet365<\/strong>. Un sitio de clase mundial para todo tipo de juegos de azar, como casino en l\u00ednea, tragamonedas con dinero real, p\u00f3ker en l\u00ednea e incluso bingo en l\u00ednea. Su secci\u00f3n de apuestas deportivas destaca por sus excelentes cuotas y una amplia variedad de deportes en los que puede apostar. <a href=\"index.php?option=com_content&amp;view=article&amp;id=58&amp;Itemid=220\"><span style=\"text-decoration: underline;\">Lee la rese\u00f1a de Bet365 aqu\u00ed<\/span><\/a>, o <span style=\"text-decoration: underline;\"><a href=\"go\/bet365.html\" target=\"_blank\" rel=\"noopener\">haz clic aqu\u00ed para ir directamente a su sitio web.<\/a><\/span><\/p>\n<p><strong>Lo m\u00e1s importante para ti:<\/strong> En Bet365, tienen, sin duda, el mejor programa de apuestas de tenis. Puedes apostar no solo pronosticando qui\u00e9n ganar\u00e1 el pr\u00f3ximo juego, set o partido, sino tambi\u00e9n a cu\u00e1ntos juegos se jugar\u00e1 el set actual (o el pr\u00f3ximo), elegir el resultado de los tres siguientes y muchas m\u00e1s opciones y opciones para apostar con \u00e9xito. \u00a1En este sitio puedes usar nuestros consejos de apuestas de tenis y conseguir los mejores resultados!<\/p>\n<h2>Vea su partido: transmisiones en vivo en Bet365<\/h2>\n<p>Para usar el servicio de transmisi\u00f3n en vivo de partidos de tenis, deber\u00e1 iniciar sesi\u00f3n en su cuenta de Bet365 y tener saldo o haber apostado en ese partido en las \u00faltimas 24 horas. Cualquier evento en la web de Bet365 que tenga el icono de Reproducir o V\u00eddeo junto a \u00e9l se transmitir\u00e1 en vivo. Por supuesto, esto tambi\u00e9n funciona para partidos de f\u00fatbol y muchos otros deportes.<\/p>\n<p>Esto es algo que solo encontrar\u00e1 en Bet365, y es el tipo de apuesta realmente interesante, siempre que sepa qu\u00e9 buscar y qu\u00e9 factores considerar antes de realizar una apuesta de tenis. Aseg\u00farese de leer los art\u00edculos de nuestra web; le ayudar\u00e1n a obtener una buena perspectiva de un partido de tenis en curso. Sitios de apuestas de tenis alternativos si resides en EE. UU.<br \/>\nBet365 no acepta apuestas de residentes de EE. UU., pero Intertops me ha parecido una excelente alternativa. Con apuestas en directo casi tan buenas como las de Bet365 y una amplia selecci\u00f3n de apuestas de tenis en general, ser\u00eda mi casa de apuestas favorita en el mercado estadounidense. <strong><span style=\"text-decoration: underline;\"><a href=\"go\/intertopsen.html\" target=\"_blank\" rel=\"noopener\">Cons\u00faltalos aqu\u00ed.<\/a><\/span><\/strong><\/p>\n<h2>Apuestas a ganadores de partidos de tenis y a ganadores absolutos de torneos<\/h2>\n<p>Ya sea el circuito ATP masculino, el torneo WTA femenino, la Copa Davis o la Fed Cup: Analizaremos todos los eventos principales de esos circuitos, revisaremos sus cuadros y elegiremos a los probables ganadores con buenas cuotas para ti. HayNo tiene mucho sentido apostar a la victoria de Novak Djokovic en un partido donde ganas $2 con una apuesta de $100. Pero apostar con buenas cuotas a un jugador no favorito en un partido de tenis de primera ronda, cuando dicho jugador ha mostrado un excelente rendimiento en torneos anteriores, es el tipo de apuesta que yo har\u00eda.<\/p>\n<p>Adivinar al ganador absoluto de un torneo de tenis es la tarea m\u00e1s dif\u00edcil de todas. Pueden suceder muchas cosas: un jugador de \u00e9lite puede sufrir una lesi\u00f3n o tener un mal d\u00eda, por ejemplo. E incluso el tenista n\u00famero 1 del mundo no tiene garantizado ganar todos los torneos en los que participa. Nuestros consejos de apuestas de tenis te ayudar\u00e1n a evitar apuestas caras con poca ganancia y a mejorar tus resultados.<\/p>\n","protected":false},"excerpt":{"rendered":"<p>Consejos de apuestas de tenis \u00bfEres aficionado al tenis y tambi\u00e9n te gustan las apuestas deportivas? Si es as\u00ed, est\u00e1s en el lugar indicado. Nuestro sitio web tiene como objetivo brindarle informaci\u00f3n detallada sobre: Eventos de tenis actuales en los que puede apostar Rese\u00f1as de las mejores casas de apuestas deportivas para apuestas de tenis &#8230; <a title=\"Hogar\" class=\"read-more\" href=\"https:\/\/tennisbet.net\/es\/\" aria-label=\"Leer m\u00e1s sobre Hogar\">Leer m\u00e1s<\/a><\/p>\n","protected":false},"author":1,"featured_media":0,"parent":0,"menu_order":0,"comment_status":"closed","ping_status":"closed","template":"","meta":{"footnotes":""},"class_list":["post-247","page","type-page","status-publish"],"yoast_head":"<!-- This site is optimized with the Yoast SEO plugin v27.4 - https:\/\/yoast.com\/product\/yoast-seo-wordpress\/ -->\n<title>Apuestas de tenis en casa<\/title>\n<meta name=\"robots\" content=\"index, follow, max-snippet:-1, max-image-preview:large, max-video-preview:-1\" \/>\n<link rel=\"canonical\" href=\"https:\/\/tennisbet.net\/es\/\" \/>\n<meta property=\"og:locale\" content=\"es_ES\" \/>\n<meta property=\"og:type\" content=\"article\" \/>\n<meta property=\"og:title\" content=\"Apuestas de tenis en casa\" \/>\n<meta property=\"og:description\" content=\"Consejos de apuestas de tenis \u00bfEres aficionado al tenis y tambi\u00e9n te gustan las apuestas deportivas? Si es as\u00ed, est\u00e1s en el lugar indicado. Nuestro sitio web tiene como objetivo brindarle informaci\u00f3n detallada sobre: Eventos de tenis actuales en los que puede apostar Rese\u00f1as de las mejores casas de apuestas deportivas para apuestas de tenis ... Leer m\u00e1s\" \/>\n<meta property=\"og:url\" content=\"https:\/\/tennisbet.net\/es\/\" \/>\n<meta name=\"twitter:card\" content=\"summary_large_image\" \/>\n<meta name=\"twitter:label1\" content=\"Tiempo de lectura\" \/>\n\t<meta name=\"twitter:data1\" content=\"5 minutos\" \/>\n<script type=\"application\/ld+json\" class=\"yoast-schema-graph\">{\"@context\":\"https:\\\/\\\/schema.org\",\"@graph\":[{\"@type\":\"WebPage\",\"@id\":\"https:\\\/\\\/tennisbet.net\\\/es\\\/\",\"url\":\"https:\\\/\\\/tennisbet.net\\\/es\\\/\",\"name\":\"Apuestas de tenis en casa\",\"isPartOf\":{\"@id\":\"https:\\\/\\\/tennisbet.net\\\/es\\\/#website\"},\"datePublished\":\"2025-08-02T14:17:24+00:00\",\"breadcrumb\":{\"@id\":\"https:\\\/\\\/tennisbet.net\\\/es\\\/#breadcrumb\"},\"inLanguage\":\"es\",\"potentialAction\":[{\"@type\":\"ReadAction\",\"target\":[\"https:\\\/\\\/tennisbet.net\\\/es\\\/\"]}]},{\"@type\":\"BreadcrumbList\",\"@id\":\"https:\\\/\\\/tennisbet.net\\\/es\\\/#breadcrumb\",\"itemListElement\":[{\"@type\":\"ListItem\",\"position\":1,\"name\":\"Home\",\"item\":\"https:\\\/\\\/tennisbet.net\\\/es\\\/\"},{\"@type\":\"ListItem\",\"position\":2,\"name\":\"Hogar\"}]},{\"@type\":\"WebSite\",\"@id\":\"https:\\\/\\\/tennisbet.net\\\/es\\\/#website\",\"url\":\"https:\\\/\\\/tennisbet.net\\\/es\\\/\",\"name\":\"\",\"description\":\"\",\"potentialAction\":[{\"@type\":\"SearchAction\",\"target\":{\"@type\":\"EntryPoint\",\"urlTemplate\":\"https:\\\/\\\/tennisbet.net\\\/es\\\/?s={search_term_string}\"},\"query-input\":{\"@type\":\"PropertyValueSpecification\",\"valueRequired\":true,\"valueName\":\"search_term_string\"}}],\"inLanguage\":\"es\"}]}<\/script>\n<!-- \/ Yoast SEO plugin. -->","yoast_head_json":{"title":"Apuestas de tenis en casa","robots":{"index":"index","follow":"follow","max-snippet":"max-snippet:-1","max-image-preview":"max-image-preview:large","max-video-preview":"max-video-preview:-1"},"canonical":"https:\/\/tennisbet.net\/es\/","og_locale":"es_ES","og_type":"article","og_title":"Apuestas de tenis en casa","og_description":"Consejos de apuestas de tenis \u00bfEres aficionado al tenis y tambi\u00e9n te gustan las apuestas deportivas? Si es as\u00ed, est\u00e1s en el lugar indicado. Nuestro sitio web tiene como objetivo brindarle informaci\u00f3n detallada sobre: Eventos de tenis actuales en los que puede apostar Rese\u00f1as de las mejores casas de apuestas deportivas para apuestas de tenis ... Leer m\u00e1s","og_url":"https:\/\/tennisbet.net\/es\/","twitter_card":"summary_large_image","twitter_misc":{"Tiempo de lectura":"5 minutos"},"schema":{"@context":"https:\/\/schema.org","@graph":[{"@type":"WebPage","@id":"https:\/\/tennisbet.net\/es\/","url":"https:\/\/tennisbet.net\/es\/","name":"Apuestas de tenis en casa","isPartOf":{"@id":"https:\/\/tennisbet.net\/es\/#website"},"datePublished":"2025-08-02T14:17:24+00:00","breadcrumb":{"@id":"https:\/\/tennisbet.net\/es\/#breadcrumb"},"inLanguage":"es","potentialAction":[{"@type":"ReadAction","target":["https:\/\/tennisbet.net\/es\/"]}]},{"@type":"BreadcrumbList","@id":"https:\/\/tennisbet.net\/es\/#breadcrumb","itemListElement":[{"@type":"ListItem","position":1,"name":"Home","item":"https:\/\/tennisbet.net\/es\/"},{"@type":"ListItem","position":2,"name":"Hogar"}]},{"@type":"WebSite","@id":"https:\/\/tennisbet.net\/es\/#website","url":"https:\/\/tennisbet.net\/es\/","name":"","description":"","potentialAction":[{"@type":"SearchAction","target":{"@type":"EntryPoint","urlTemplate":"https:\/\/tennisbet.net\/es\/?s={search_term_string}"},"query-input":{"@type":"PropertyValueSpecification","valueRequired":true,"valueName":"search_term_string"}}],"inLanguage":"es"}]}},"_links":{"self":[{"href":"https:\/\/tennisbet.net\/es\/wp-json\/wp\/v2\/pages\/247","targetHints":{"allow":["GET"]}}],"collection":[{"href":"https:\/\/tennisbet.net\/es\/wp-json\/wp\/v2\/pages"}],"about":[{"href":"https:\/\/tennisbet.net\/es\/wp-json\/wp\/v2\/types\/page"}],"author":[{"embeddable":true,"href":"https:\/\/tennisbet.net\/es\/wp-json\/wp\/v2\/users\/1"}],"replies":[{"embeddable":true,"href":"https:\/\/tennisbet.net\/es\/wp-json\/wp\/v2\/comments?post=247"}],"version-history":[{"count":0,"href":"https:\/\/tennisbet.net\/es\/wp-json\/wp\/v2\/pages\/247\/revisions"}],"wp:attachment":[{"href":"https:\/\/tennisbet.net\/es\/wp-json\/wp\/v2\/media?parent=247"}],"curies":[{"name":"wp","href":"https:\/\/api.w.org\/{rel}","templated":true}]}}