{"id":233,"date":"2025-08-02T14:17:24","date_gmt":"2025-08-02T14:17:24","guid":{"rendered":"https:\/\/tennisbet.net\/avaleht\/"},"modified":"2025-08-02T14:17:24","modified_gmt":"2025-08-02T14:17:24","slug":"avaleht","status":"publish","type":"page","link":"https:\/\/tennisbet.net\/et\/","title":{"rendered":"Avaleht"},"content":{"rendered":"<h2>Tenniseennustuse n\u00e4pun\u00e4ited<\/h2>\n<p><span style=\"font-size: 14pt;\">Seega oled tennise f\u00e4nn ja tegeled ka spordiennustusega? Kui jah, siis oled \u00f5iges kohas. Meie veebisaidi eesm\u00e4rk on pakkuda teile p\u00f5hjalikku teavet j\u00e4rgmiste teemade kohta:<\/span><\/p>\n<ul>\n<li><span style=\"font-size: 14pt;\"><em><strong>praegused tennises\u00fcndmused, millele saate panuseid teha<\/strong><\/em><\/span><\/li>\n<li><span style=\"font-size: 14pt;\"><em><strong>parimate spordiennustussaitide arvustused tennisepanuste tegemiseks<\/strong><\/em><\/span><\/li>\n<li><span style=\"font-size: 14pt;\"><em><strong>n\u00e4pun\u00e4ited ja valikud eelseisvateks tennisemat\u0161ideks<\/strong><\/em><\/span><\/li>\n<li><span style=\"font-size: 14pt;\"><em><strong>ja eriti oluline: n\u00e4pun\u00e4ited m\u00e4ngusiseseks panustamiseks tennisemat\u0161ide ajal<\/strong><\/em><\/span><\/li>\n<\/ul>\n<p>Veebimeister on endine tenniseprofessionaal, kellel on aastak\u00fcmnete pikkune treenerikogemus. Tema erialaks on m\u00e4nguanal\u00fc\u00fcs ning konkreetse m\u00e4ngija tugevate ja n\u00f5rkade k\u00fclgede leidmine. Ta kasutab oma aastatepikkust kogemust m\u00e4ngustrateegia n\u00f5ustamisel ja m\u00e4ngijate k\u00e4itumuslike muutuste j\u00e4lgimisel m\u00e4ngu ajal, et anda spordiennustajatele eelis &#8220;maja&#8221;, nt spordiennustuste saidi, ees.<\/p>\n<p>Tema <strong>tenniseennustuste n\u00e4pun\u00e4ited<\/strong> aitavad teil spordiennustajana leida kasumlikke kohti teatud s\u00fcndmustele panustamiseks m\u00e4ngu ajal, n\u00e4iteks ennustades, kes on j\u00e4rgmine m\u00e4ngija, kes kaotab oma servim\u00e4ngu. V\u00f5i kujutage ette, et suudate \u00f6elda, et m\u00e4ngu tulemus on kohe p\u00f6\u00f6rdumas \u2013 v\u00f5iksite panustada m\u00e4ngijale, kes tundub hetkel olevat suur autsaider, kui tema tagasituleku t\u00f5en\u00e4osus on suurep\u00e4rane.<\/p>\n<h2>Tenniseennustuste veebisaitide arvustused<\/h2>\n<p>Muidugi on oluline, millist spordiennustuste veebisaiti te oma tennisepanuse tegemiseks kasutate. Saidil peaksid olema head koefitsiendid, see peaks olema h\u00f5lpsasti navigeeritav, pakkuma suurep\u00e4rast boonust teie esimesele sissemaksele ja suurep\u00e4raseid soodustusi olemasolevatele klientidele. Olulised on ka mugavad ja turvalised sisse- ja v\u00e4ljamaksev\u00f5imalused ning suurep\u00e4rane ja p\u00e4dev klienditeenindus.<\/p>\n<p><strong>Ja siin on k\u00f5ige olulisem element:<\/strong> Milliseid panuseid nad tennisele pakuvad? Oleme kontrollinud paljusid kihlvedude veebisaite ja ainult v\u00e4ga v\u00e4hesed on tennise panustamise osas t\u00f5eliselt head. Kui soovite t\u00f5esti oma olemasolevaid spordialaseid teadmisi maksimaalselt \u00e4ra kasutada ja meie veebisaidilt saadud tennisen\u00f5uandeid maksimaalselt \u00e4ra kasutada, siis on \u00fcks veebisait, mida saame eriti soovitada.<\/p>\n<p><strong>Meie arvates pole paremat kohta kui Bet365<\/strong>. See on maailmatasemel sait igat t\u00fc\u00fcpi hasartm\u00e4ngude jaoks, nagu online-kasiino, p\u00e4risraha slotim\u00e4ngud, online-pokker ja isegi online-bingo. Just nende spordiennustuste sektsioon paistab silma suurep\u00e4raste koefitsientide ja laia valiku spordialadega, millele saate panustada. <a href=\"index.php?option=com_content&amp;view=article&amp;id=58&amp;Itemid=220\"><span style=\"text-decoration: underline;\">Loe Bet365 arvustust siit<\/span><\/a> v\u00f5i <span style=\"text-decoration: underline;\"><a href=\"go\/bet365.html\" target=\"_blank\" rel=\"noopener\">kl\u00f5psa siia, et minna otse nende veebisaidile.<\/a><\/span><\/p>\n<p><strong>Teie jaoks k\u00f5ige olulisem:<\/strong> Bet365-l on parim m\u00e4ngusisene panustamisprogramm tennisele. Saate panuseid teha mitte ainult ennustades, kes v\u00f5idab j\u00e4rgmise geimi, seti v\u00f5i mat\u0161i. Saate panustada ka sellele, mitu geimi on praeguses (v\u00f5i j\u00e4rgmises) geimis, valida j\u00e4rgmise kolme geimi tulemuse ja palju muid v\u00f5imalusi ja kohti, kus saate teha kasumliku panuse. See on sait, kus saate meie tennisepanustamisnippe kasutada ja parimaid tulemusi saavutada! <\/p>\n<h2>Vaata oma m\u00e4ngu \u2013 otse\u00fclekanded Bet365-s<\/h2>\n<p>Tennisemat\u0161ide otse\u00fclekande teenuse kasutamiseks peate olema sisse logitud oma Bet365 kontole ja teil peab olema kontol raha v\u00f5i peate olema viimase 24 tunni jooksul sellele mat\u0161ile panuse teinud. K\u00f5ik Bet365 veebisaidil olevad s\u00fcndmused, mille k\u00f5rval on ikoon \u201eEsita\u201c v\u00f5i \u201eVideo\u201c, on ajastatud otse\u00fclekande kaudu n\u00e4itamiseks. See toimib muidugi ka jalgpallimat\u0161ide ja paljude teiste spordialade puhul.<\/p>\n<p>Seda leiate ainult Bet365-st ja see on selline panus, mis on t\u00f5eliselt huvitav \u2013 kui teate, millele t\u00e4helepanu p\u00f6\u00f6rata ja milliseid tegureid tuleb enne sellise tennisepanuse tegemist arvesse v\u00f5tta. Lugege kindlasti meie veebisaidil olevaid artikleid, need aitavad teil k\u00e4imasolevast tennisemat\u0161ist hea \u00fclevaate saada.<\/p>\n<h2>Alternatiivsed tenniseennustussaidid, kui asute USA-s<\/h2>\n<p>Bet365 ei v\u00f5ta vastu panuseid USA elanikelt, kuid olen leidnud, et Intertops on suurep\u00e4rane alternatiiv. Kuna m\u00e4ngusisesed panustamisv\u00f5imalused on peaaegu sama head kui Bet365-l ja tennisepanustamise valik \u00fcldiselt on lai, oleks see minu lemmik spordiennustuse sait USA turul. <strong><span style=\"text-decoration: underline;\"><a href=\"go\/intertopsen.html\" target=\"_blank\" rel=\"noopener\">Vaata neid siit.<\/a><\/span><\/strong><\/p>\n<h2>Tennisemat\u0161ide v\u00f5itjate ja turniiride v\u00f5itjate panustamine<\/h2>\n<p>Olgu tegemist meeste ATP ringraja, naiste WTA turniiri, Davise karika v\u00f5i Fedi karikaga: vaatleme k\u00f5iki nende ringradade peamisi s\u00fcndmusi, kontrollime nende loosimisi ja valime teile heade koefitsientidega t\u00f5en\u00e4olised v\u00f5itjad. Seal onPole m\u00f5tet panustada Novak Djokovici v\u00f5idule mat\u0161is, kus 100-dollarise panusega v\u00f5idad 2 dollarit. Aga panustades suurep\u00e4raste koefitsientidega esimese ringi tennisemat\u0161i autsaiderile, kes on varasematel turniiridel suurep\u00e4rast vormi n\u00e4idanud \u2013 just sellise panuse ma teeksin.<\/p>\n<p>Tenniseturniiril kindla v\u00f5itja valimine on k\u00f5ige keerulisem \u00fclesanne. Nii palju asju v\u00f5ib juhtuda \u2013 n\u00e4iteks tippm\u00e4ngija v\u00f5ib saada vigastada v\u00f5i tal v\u00f5ib olla halb p\u00e4ev. Ja isegi maailma edetabelis esikohal oleva tennisistiga pole garanteeritud iga turniiri v\u00f5it, milles ta osaleb. Meie tenniseennustuse n\u00e4pun\u00e4ited aitavad teil v\u00e4ltida v\u00e4ikese v\u00f5iduga kalleid panuseid ja parandada oma panustamistulemusi.<\/p>\n","protected":false},"excerpt":{"rendered":"<p>Tenniseennustuse n\u00e4pun\u00e4ited Seega oled tennise f\u00e4nn ja tegeled ka spordiennustusega? Kui jah, siis oled \u00f5iges kohas. Meie veebisaidi eesm\u00e4rk on pakkuda teile p\u00f5hjalikku teavet j\u00e4rgmiste teemade kohta: praegused tennises\u00fcndmused, millele saate panuseid teha parimate spordiennustussaitide arvustused tennisepanuste tegemiseks n\u00e4pun\u00e4ited ja valikud eelseisvateks tennisemat\u0161ideks ja eriti oluline: n\u00e4pun\u00e4ited m\u00e4ngusiseseks panustamiseks tennisemat\u0161ide ajal Veebimeister on endine tenniseprofessionaal, &#8230; <a title=\"Avaleht\" class=\"read-more\" href=\"https:\/\/tennisbet.net\/et\/\" aria-label=\"Read more about Avaleht\">Read more<\/a><\/p>\n","protected":false},"author":1,"featured_media":0,"parent":0,"menu_order":0,"comment_status":"closed","ping_status":"closed","template":"","meta":{"footnotes":""},"class_list":["post-233","page","type-page","status-publish"],"yoast_head":"<!-- This site is optimized with the Yoast SEO plugin v27.5 - https:\/\/yoast.com\/product\/yoast-seo-wordpress\/ -->\n<title>Kodune tennisepanus<\/title>\n<meta name=\"robots\" content=\"index, follow, max-snippet:-1, max-image-preview:large, max-video-preview:-1\" \/>\n<link rel=\"canonical\" href=\"https:\/\/tennisbet.net\/et\/\" \/>\n<meta property=\"og:locale\" content=\"et_EE\" \/>\n<meta property=\"og:type\" content=\"article\" \/>\n<meta property=\"og:title\" content=\"Kodune tennisepanus\" \/>\n<meta property=\"og:description\" content=\"Tenniseennustuse n\u00e4pun\u00e4ited Seega oled tennise f\u00e4nn ja tegeled ka spordiennustusega? Kui jah, siis oled \u00f5iges kohas. Meie veebisaidi eesm\u00e4rk on pakkuda teile p\u00f5hjalikku teavet j\u00e4rgmiste teemade kohta: praegused tennises\u00fcndmused, millele saate panuseid teha parimate spordiennustussaitide arvustused tennisepanuste tegemiseks n\u00e4pun\u00e4ited ja valikud eelseisvateks tennisemat\u0161ideks ja eriti oluline: n\u00e4pun\u00e4ited m\u00e4ngusiseseks panustamiseks tennisemat\u0161ide ajal Veebimeister on endine tenniseprofessionaal, ... Read more\" \/>\n<meta property=\"og:url\" content=\"https:\/\/tennisbet.net\/et\/\" \/>\n<meta name=\"twitter:card\" content=\"summary_large_image\" \/>\n<meta name=\"twitter:label1\" content=\"Est. reading time\" \/>\n\t<meta name=\"twitter:data1\" content=\"4 minutit\" \/>\n<script type=\"application\/ld+json\" class=\"yoast-schema-graph\">{\"@context\":\"https:\\\/\\\/schema.org\",\"@graph\":[{\"@type\":\"WebPage\",\"@id\":\"https:\\\/\\\/tennisbet.net\\\/et\\\/\",\"url\":\"https:\\\/\\\/tennisbet.net\\\/et\\\/\",\"name\":\"Kodune tennisepanus\",\"isPartOf\":{\"@id\":\"https:\\\/\\\/tennisbet.net\\\/et\\\/#website\"},\"datePublished\":\"2025-08-02T14:17:24+00:00\",\"breadcrumb\":{\"@id\":\"https:\\\/\\\/tennisbet.net\\\/et\\\/#breadcrumb\"},\"inLanguage\":\"et\",\"potentialAction\":[{\"@type\":\"ReadAction\",\"target\":[\"https:\\\/\\\/tennisbet.net\\\/et\\\/\"]}]},{\"@type\":\"BreadcrumbList\",\"@id\":\"https:\\\/\\\/tennisbet.net\\\/et\\\/#breadcrumb\",\"itemListElement\":[{\"@type\":\"ListItem\",\"position\":1,\"name\":\"Home\",\"item\":\"https:\\\/\\\/tennisbet.net\\\/et\\\/\"},{\"@type\":\"ListItem\",\"position\":2,\"name\":\"Avaleht\"}]},{\"@type\":\"WebSite\",\"@id\":\"https:\\\/\\\/tennisbet.net\\\/et\\\/#website\",\"url\":\"https:\\\/\\\/tennisbet.net\\\/et\\\/\",\"name\":\"\",\"description\":\"\",\"potentialAction\":[{\"@type\":\"SearchAction\",\"target\":{\"@type\":\"EntryPoint\",\"urlTemplate\":\"https:\\\/\\\/tennisbet.net\\\/et\\\/?s={search_term_string}\"},\"query-input\":{\"@type\":\"PropertyValueSpecification\",\"valueRequired\":true,\"valueName\":\"search_term_string\"}}],\"inLanguage\":\"et\"}]}<\/script>\n<!-- \/ Yoast SEO plugin. -->","yoast_head_json":{"title":"Kodune tennisepanus","robots":{"index":"index","follow":"follow","max-snippet":"max-snippet:-1","max-image-preview":"max-image-preview:large","max-video-preview":"max-video-preview:-1"},"canonical":"https:\/\/tennisbet.net\/et\/","og_locale":"et_EE","og_type":"article","og_title":"Kodune tennisepanus","og_description":"Tenniseennustuse n\u00e4pun\u00e4ited Seega oled tennise f\u00e4nn ja tegeled ka spordiennustusega? Kui jah, siis oled \u00f5iges kohas. Meie veebisaidi eesm\u00e4rk on pakkuda teile p\u00f5hjalikku teavet j\u00e4rgmiste teemade kohta: praegused tennises\u00fcndmused, millele saate panuseid teha parimate spordiennustussaitide arvustused tennisepanuste tegemiseks n\u00e4pun\u00e4ited ja valikud eelseisvateks tennisemat\u0161ideks ja eriti oluline: n\u00e4pun\u00e4ited m\u00e4ngusiseseks panustamiseks tennisemat\u0161ide ajal Veebimeister on endine tenniseprofessionaal, ... Read more","og_url":"https:\/\/tennisbet.net\/et\/","twitter_card":"summary_large_image","twitter_misc":{"Est. reading time":"4 minutit"},"schema":{"@context":"https:\/\/schema.org","@graph":[{"@type":"WebPage","@id":"https:\/\/tennisbet.net\/et\/","url":"https:\/\/tennisbet.net\/et\/","name":"Kodune tennisepanus","isPartOf":{"@id":"https:\/\/tennisbet.net\/et\/#website"},"datePublished":"2025-08-02T14:17:24+00:00","breadcrumb":{"@id":"https:\/\/tennisbet.net\/et\/#breadcrumb"},"inLanguage":"et","potentialAction":[{"@type":"ReadAction","target":["https:\/\/tennisbet.net\/et\/"]}]},{"@type":"BreadcrumbList","@id":"https:\/\/tennisbet.net\/et\/#breadcrumb","itemListElement":[{"@type":"ListItem","position":1,"name":"Home","item":"https:\/\/tennisbet.net\/et\/"},{"@type":"ListItem","position":2,"name":"Avaleht"}]},{"@type":"WebSite","@id":"https:\/\/tennisbet.net\/et\/#website","url":"https:\/\/tennisbet.net\/et\/","name":"","description":"","potentialAction":[{"@type":"SearchAction","target":{"@type":"EntryPoint","urlTemplate":"https:\/\/tennisbet.net\/et\/?s={search_term_string}"},"query-input":{"@type":"PropertyValueSpecification","valueRequired":true,"valueName":"search_term_string"}}],"inLanguage":"et"}]}},"_links":{"self":[{"href":"https:\/\/tennisbet.net\/et\/wp-json\/wp\/v2\/pages\/233","targetHints":{"allow":["GET"]}}],"collection":[{"href":"https:\/\/tennisbet.net\/et\/wp-json\/wp\/v2\/pages"}],"about":[{"href":"https:\/\/tennisbet.net\/et\/wp-json\/wp\/v2\/types\/page"}],"author":[{"embeddable":true,"href":"https:\/\/tennisbet.net\/et\/wp-json\/wp\/v2\/users\/1"}],"replies":[{"embeddable":true,"href":"https:\/\/tennisbet.net\/et\/wp-json\/wp\/v2\/comments?post=233"}],"version-history":[{"count":0,"href":"https:\/\/tennisbet.net\/et\/wp-json\/wp\/v2\/pages\/233\/revisions"}],"wp:attachment":[{"href":"https:\/\/tennisbet.net\/et\/wp-json\/wp\/v2\/media?parent=233"}],"curies":[{"name":"wp","href":"https:\/\/api.w.org\/{rel}","templated":true}]}}