{"id":234,"date":"2025-08-02T14:17:24","date_gmt":"2025-08-02T14:17:24","guid":{"rendered":"https:\/\/tennisbet.net\/kotiin\/"},"modified":"2025-08-02T14:17:24","modified_gmt":"2025-08-02T14:17:24","slug":"kotiin","status":"publish","type":"page","link":"https:\/\/tennisbet.net\/fi\/","title":{"rendered":"Kotiin"},"content":{"rendered":"<h2>Vinkkej\u00e4 tenniksen vedonly\u00f6ntiin<\/h2>\n<p><span style=\"font-size: 14pt;\">Oletko siis tennisfani ja kiinnostunut my\u00f6s urheiluvedonly\u00f6nnist\u00e4? Jos olet, olet tullut oikeaan paikkaan. Verkkosivustomme pyrkii tarjoamaan sinulle perusteellista tietoa seuraavista:<\/span><\/p>\n<ul>\n<li><span style=\"font-size: 14pt;\"><em><strong>nykyiset tennistapahtumat, joihin voit ly\u00f6d\u00e4 vetoa<\/strong><\/em><\/span><\/li>\n<li><span style=\"font-size: 14pt;\"><em><strong>arvostelut parhaasta vedonly\u00f6ntisivustosta tennisvedonly\u00f6ntiin<\/strong><\/em><\/span><\/li>\n<li><span style=\"font-size: 14pt;\"><em><strong>vinkit ja suosikit tuleviin tennisotteluihin<\/strong><\/em><\/span><\/li>\n<li><span style=\"font-size: 14pt;\"><em><strong>ja, mik\u00e4 erityisen t\u00e4rke\u00e4\u00e4: vinkkej\u00e4 pelinaikaiseen vedonly\u00f6ntiin tennisotteluiden aikana<\/strong><\/em><\/span><\/li>\n<\/ul>\n<p>Verkkosivuston yll\u00e4pit\u00e4j\u00e4 on entinen tennisammattilainen, jolla on vuosikymmenten kokemus valmentamisesta. H\u00e4nen erikoisalaansa on pelianalyysi sek\u00e4 tietyn pelaajan vahvuuksien ja heikkouksien l\u00f6yt\u00e4minen. H\u00e4n hy\u00f6dynt\u00e4\u00e4 monivuotista kokemustaan \u200b\u200bottelustrategian neuvomisesta ja pelaajien k\u00e4ytt\u00e4ytymismuutosten tarkkailusta pelin aikana antaakseen urheiluvedonly\u00f6jille etuly\u00f6ntiaseman &#8221;taloa&#8221;, esimerkiksi urheiluvedonly\u00f6ntisivustoa, vastaan.<\/p>\n<p>H\u00e4nen <strong>tennisvedonly\u00f6ntivinkkins\u00e4<\/strong> auttavat sinua urheiluvedonly\u00f6j\u00e4n\u00e4 l\u00f6yt\u00e4m\u00e4\u00e4n kannattavia paikkoja ly\u00f6d\u00e4 vetoa tietyist\u00e4 tapahtumista ottelun aikana, esimerkiksi ennustamalla, kuka pelaaja h\u00e4vi\u00e4\u00e4 seuraavan sy\u00f6tt\u00f6pelins\u00e4. Tai kuvittele, ett\u00e4 pystyt aavistamaan, ett\u00e4 ottelu on k\u00e4\u00e4ntym\u00e4ss\u00e4 \u2013 voisit ly\u00f6d\u00e4 vetoa pelaajasta, joka n\u00e4ytt\u00e4\u00e4 olevan suuri altavastaaja t\u00e4ll\u00e4 hetkell\u00e4, kun kertoimet h\u00e4nen paluulleen ovat hyv\u00e4t.<\/p>\n<h2>Tennisvedonly\u00f6ntisivustojen arvostelut<\/h2>\n<p>Tietenkin on t\u00e4rke\u00e4\u00e4, mit\u00e4 urheiluvedonly\u00f6ntisivustoa k\u00e4yt\u00e4t tennisvedon asettamiseen. Sivustolla tulisi olla hyv\u00e4t kertoimet, sen tulisi olla helppo navigoida, tarjota erinomainen bonus ensimm\u00e4iselle talletuksellesi sek\u00e4 upeita tarjouksia nykyisille asiakkaille. Mukavat ja turvalliset talletus- ja kotiutusvaihtoehdot ovat my\u00f6s t\u00e4rkeit\u00e4, samoin kuin erinomainen ja osaava asiakaspalvelu.<\/p>\n<p><strong>Ja t\u00e4ss\u00e4 on t\u00e4rkein seikka:<\/strong> Millaisia \u200b\u200bvetoja he tarjoavat tennikseen? Olemme tarkistaneet useita vedonly\u00f6ntisivustoja, ja vain hyvin harvat ovat todella hyvi\u00e4 tennisvedonly\u00f6nnin suhteen. Jos todella haluat hy\u00f6dynt\u00e4\u00e4 olemassa olevaa tiet\u00e4myst\u00e4si lajista ja hy\u00f6dynt\u00e4\u00e4 mahdollisimman paljon verkkosivustomme tennisvinkkej\u00e4, voimme suositella yht\u00e4 verkkosivustoa.<\/p>\n<p><strong>Mielest\u00e4mme ei ole parempaa paikkaa kuin Bet365<\/strong>. Maailmanluokan sivusto kaikenlaiseen uhkapelaamiseen, kuten nettikasinoon, oikean rahan kolikkopeleihin, nettipokeriin ja jopa nettibingoon. Heid\u00e4n vedonly\u00f6ntiosio erottuu edukseen loistavilla kertoimilla ja laajalla valikoimalla urheilulajeja, joihin voit ly\u00f6d\u00e4 vetoa. <a href=\"index.php?option=com_content&amp;view=article&amp;id=58&amp;Itemid=220\"><span style=\"text-decoration: underline;\">Lue Bet365:n arvostelu t\u00e4\u00e4lt\u00e4<\/span><\/a> tai <span style=\"text-decoration: underline;\"><a href=\"go\/bet365.html\" target=\"_blank\" rel=\"noopener\">klikkaa t\u00e4st\u00e4 siirty\u00e4ksesi suoraan heid\u00e4n verkkosivuilleen.<\/a><\/span><\/p>\n<p><strong>T\u00e4rkeint\u00e4 sinulle:<\/strong>\u00a0Bet365:ll\u00e4 on ylivoimaisesti paras pelin sis\u00e4inen vedonly\u00f6ntiohjelma tennikseen. Voit ly\u00f6d\u00e4 vetoa ennustamalla paitsi kuka voittaa seuraavan pelin, er\u00e4n tai ottelun. Voit ly\u00f6d\u00e4 vetoa siit\u00e4, kuinka monta peli\u00e4 nykyisess\u00e4 (tai seuraavassa) er\u00e4ss\u00e4 on, valita seuraavien kolmen pelin tuloksen ja monia muita vaihtoehtoja ja paikkoja, joissa voit ly\u00f6d\u00e4 kannattavan vedon. T\u00e4ll\u00e4 sivustolla voit hy\u00f6dynt\u00e4\u00e4 tennisvedonly\u00f6ntivinkkej\u00e4mme ja saavuttaa parhaat tulokset! <\/p>\n<h2>Katso peli\u00e4si \u2013 live-streamit Bet365:ll\u00e4<\/h2>\n<p>K\u00e4ytt\u00e4\u00e4ksesi live-streamauspalvelua tennisotteluissa sinun on oltava kirjautuneena Bet365-tilillesi ja sinulla on oltava rahoitettu tili tai sinun on pit\u00e4nyt asettaa veto kyseisest\u00e4 ottelusta viimeisen 24 tunnin aikana. Kaikki Bet365-verkkosivuston tapahtumat, joiden vieress\u00e4 on Pelaa- tai Video-kuvake, on ajoitettu n\u00e4ytett\u00e4v\u00e4ksi live-streamina. T\u00e4m\u00e4 toimii tietenkin my\u00f6s jalkapallo-otteluissa ja monissa muissa urheilulajeissa.<\/p>\n<p>T\u00e4m\u00e4 on jotain, mit\u00e4 l\u00f6yd\u00e4t vain Bet365:lt\u00e4, ja t\u00e4m\u00e4ntyyppinen veto on todella mielenkiintoinen \u2013 jos tied\u00e4t, mihin kannattaa kiinnitt\u00e4\u00e4 huomiota ja mitk\u00e4 tekij\u00e4t on otettava huomioon ennen t\u00e4llaisen tennisvedon tekemist\u00e4. Muista lukea verkkosivustomme artikkelit, ne auttavat sinua saamaan hyv\u00e4n k\u00e4sityksen meneill\u00e4\u00e4n olevasta tennisottelusta.<\/p>\n<h2>Vaihtoehtoisia tennisvedonly\u00f6ntisivustoja, jos asut Yhdysvalloissa<\/h2>\n<p>Bet365 ei ota vastaan \u200b\u200bvetoja Yhdysvaltain asukkailta, mutta olen havainnut Intertopsin olevan erinomainen vaihtoehto. Koska pelin sis\u00e4inen vedonly\u00f6nti on l\u00e4hes yht\u00e4 hyv\u00e4\u00e4 kuin Bet365:ll\u00e4 ja tennisvedonly\u00f6ntivalikoima on yleisesti ottaen laaja, he olisivat suosikkivedonly\u00f6ntisivustoni Yhdysvaltain markkinoilla. <strong><span style=\"text-decoration: underline;\"><a href=\"go\/intertopsen.html\" target=\"_blank\" rel=\"noopener\">Tutustu heihin t\u00e4\u00e4ll\u00e4.<\/a><\/span><\/strong><\/p>\n<h2>Tennisotteluiden ja turnausten voittajien vedonly\u00f6nti<\/h2>\n<p>Olipa kyseess\u00e4 miesten ATP-turnaus, naisten WTA-turnaus, Davis Cup tai Fed Cup: Tarkastelemme kaikkia n\u00e4iden turnausten p\u00e4\u00e4tapahtumia, tarkistamme niiden arvonnat ja valitsemme todenn\u00e4k\u00f6iset voittajat hyvill\u00e4 kertoimilla puolestasi. On olemassaEi ole paljon j\u00e4rke\u00e4 ly\u00f6d\u00e4 vetoa Novak Djokovicin voitosta ottelussa, jossa voitat 2 dollaria 100 dollarin vedolla. Mutta ly\u00f6isin vetoa hyvill\u00e4 kertoimilla altavastaajan puolesta ensimm\u00e4isen kierroksen tennisottelussa, kun kyseinen altavastaaja on osoittanut erinomaista virett\u00e4 aiemmissa turnauksissa \u2013 se on sellainen veto, jonka l\u00f6isin.<\/p>\n<p>Tennisturnauksen voittajan valitseminen on kaikista vaikein teht\u00e4v\u00e4. Niin monia asioita voi tapahtua \u2013 huippupelaaja voi esimerkiksi loukkaantua tai h\u00e4nell\u00e4 voi olla huono p\u00e4iv\u00e4. Eik\u00e4 edes maailman ykk\u00f6seksi sijoitetun tennispelaajan voittoa jokaisessa turnauksessa, johon h\u00e4n osallistuu, voida taata. Tennisvedonly\u00f6ntivinkkimme auttavat sinua v\u00e4ltt\u00e4m\u00e4\u00e4n kalliita vetoja pienell\u00e4 voitolla ja parantamaan vedonly\u00f6ntituloksiasi.<\/p>\n","protected":false},"excerpt":{"rendered":"<p>Vinkkej\u00e4 tenniksen vedonly\u00f6ntiin Oletko siis tennisfani ja kiinnostunut my\u00f6s urheiluvedonly\u00f6nnist\u00e4? Jos olet, olet tullut oikeaan paikkaan. Verkkosivustomme pyrkii tarjoamaan sinulle perusteellista tietoa seuraavista: nykyiset tennistapahtumat, joihin voit ly\u00f6d\u00e4 vetoa arvostelut parhaasta vedonly\u00f6ntisivustosta tennisvedonly\u00f6ntiin vinkit ja suosikit tuleviin tennisotteluihin ja, mik\u00e4 erityisen t\u00e4rke\u00e4\u00e4: vinkkej\u00e4 pelinaikaiseen vedonly\u00f6ntiin tennisotteluiden aikana Verkkosivuston yll\u00e4pit\u00e4j\u00e4 on entinen tennisammattilainen, jolla on vuosikymmenten &#8230; <a title=\"Kotiin\" class=\"read-more\" href=\"https:\/\/tennisbet.net\/fi\/\" aria-label=\"Lue lis\u00e4\u00e4 aiheesta Kotiin\">Lue lis\u00e4\u00e4<\/a><\/p>\n","protected":false},"author":1,"featured_media":0,"parent":0,"menu_order":0,"comment_status":"closed","ping_status":"closed","template":"","meta":{"footnotes":""},"class_list":["post-234","page","type-page","status-publish"],"yoast_head":"<!-- This site is optimized with the Yoast SEO plugin v27.5 - https:\/\/yoast.com\/product\/yoast-seo-wordpress\/ -->\n<title>Kotitennisveto<\/title>\n<meta name=\"robots\" content=\"index, follow, max-snippet:-1, max-image-preview:large, max-video-preview:-1\" \/>\n<link rel=\"canonical\" href=\"https:\/\/tennisbet.net\/fi\/\" \/>\n<meta property=\"og:locale\" content=\"fi_FI\" \/>\n<meta property=\"og:type\" content=\"article\" \/>\n<meta property=\"og:title\" content=\"Kotitennisveto\" \/>\n<meta property=\"og:description\" content=\"Vinkkej\u00e4 tenniksen vedonly\u00f6ntiin Oletko siis tennisfani ja kiinnostunut my\u00f6s urheiluvedonly\u00f6nnist\u00e4? Jos olet, olet tullut oikeaan paikkaan. Verkkosivustomme pyrkii tarjoamaan sinulle perusteellista tietoa seuraavista: nykyiset tennistapahtumat, joihin voit ly\u00f6d\u00e4 vetoa arvostelut parhaasta vedonly\u00f6ntisivustosta tennisvedonly\u00f6ntiin vinkit ja suosikit tuleviin tennisotteluihin ja, mik\u00e4 erityisen t\u00e4rke\u00e4\u00e4: vinkkej\u00e4 pelinaikaiseen vedonly\u00f6ntiin tennisotteluiden aikana Verkkosivuston yll\u00e4pit\u00e4j\u00e4 on entinen tennisammattilainen, jolla on vuosikymmenten ... Lue lis\u00e4\u00e4\" \/>\n<meta property=\"og:url\" content=\"https:\/\/tennisbet.net\/fi\/\" \/>\n<meta name=\"twitter:card\" content=\"summary_large_image\" \/>\n<meta name=\"twitter:label1\" content=\"Arvioitu lukuaika\" \/>\n\t<meta name=\"twitter:data1\" content=\"4 minuuttia\" \/>\n<script type=\"application\/ld+json\" class=\"yoast-schema-graph\">{\"@context\":\"https:\\\/\\\/schema.org\",\"@graph\":[{\"@type\":\"WebPage\",\"@id\":\"https:\\\/\\\/tennisbet.net\\\/fi\\\/\",\"url\":\"https:\\\/\\\/tennisbet.net\\\/fi\\\/\",\"name\":\"Kotitennisveto\",\"isPartOf\":{\"@id\":\"https:\\\/\\\/tennisbet.net\\\/fi\\\/#website\"},\"datePublished\":\"2025-08-02T14:17:24+00:00\",\"breadcrumb\":{\"@id\":\"https:\\\/\\\/tennisbet.net\\\/fi\\\/#breadcrumb\"},\"inLanguage\":\"fi\",\"potentialAction\":[{\"@type\":\"ReadAction\",\"target\":[\"https:\\\/\\\/tennisbet.net\\\/fi\\\/\"]}]},{\"@type\":\"BreadcrumbList\",\"@id\":\"https:\\\/\\\/tennisbet.net\\\/fi\\\/#breadcrumb\",\"itemListElement\":[{\"@type\":\"ListItem\",\"position\":1,\"name\":\"Home\",\"item\":\"https:\\\/\\\/tennisbet.net\\\/fi\\\/\"},{\"@type\":\"ListItem\",\"position\":2,\"name\":\"Kotiin\"}]},{\"@type\":\"WebSite\",\"@id\":\"https:\\\/\\\/tennisbet.net\\\/fi\\\/#website\",\"url\":\"https:\\\/\\\/tennisbet.net\\\/fi\\\/\",\"name\":\"\",\"description\":\"\",\"potentialAction\":[{\"@type\":\"SearchAction\",\"target\":{\"@type\":\"EntryPoint\",\"urlTemplate\":\"https:\\\/\\\/tennisbet.net\\\/fi\\\/?s={search_term_string}\"},\"query-input\":{\"@type\":\"PropertyValueSpecification\",\"valueRequired\":true,\"valueName\":\"search_term_string\"}}],\"inLanguage\":\"fi\"}]}<\/script>\n<!-- \/ Yoast SEO plugin. -->","yoast_head_json":{"title":"Kotitennisveto","robots":{"index":"index","follow":"follow","max-snippet":"max-snippet:-1","max-image-preview":"max-image-preview:large","max-video-preview":"max-video-preview:-1"},"canonical":"https:\/\/tennisbet.net\/fi\/","og_locale":"fi_FI","og_type":"article","og_title":"Kotitennisveto","og_description":"Vinkkej\u00e4 tenniksen vedonly\u00f6ntiin Oletko siis tennisfani ja kiinnostunut my\u00f6s urheiluvedonly\u00f6nnist\u00e4? Jos olet, olet tullut oikeaan paikkaan. Verkkosivustomme pyrkii tarjoamaan sinulle perusteellista tietoa seuraavista: nykyiset tennistapahtumat, joihin voit ly\u00f6d\u00e4 vetoa arvostelut parhaasta vedonly\u00f6ntisivustosta tennisvedonly\u00f6ntiin vinkit ja suosikit tuleviin tennisotteluihin ja, mik\u00e4 erityisen t\u00e4rke\u00e4\u00e4: vinkkej\u00e4 pelinaikaiseen vedonly\u00f6ntiin tennisotteluiden aikana Verkkosivuston yll\u00e4pit\u00e4j\u00e4 on entinen tennisammattilainen, jolla on vuosikymmenten ... Lue lis\u00e4\u00e4","og_url":"https:\/\/tennisbet.net\/fi\/","twitter_card":"summary_large_image","twitter_misc":{"Arvioitu lukuaika":"4 minuuttia"},"schema":{"@context":"https:\/\/schema.org","@graph":[{"@type":"WebPage","@id":"https:\/\/tennisbet.net\/fi\/","url":"https:\/\/tennisbet.net\/fi\/","name":"Kotitennisveto","isPartOf":{"@id":"https:\/\/tennisbet.net\/fi\/#website"},"datePublished":"2025-08-02T14:17:24+00:00","breadcrumb":{"@id":"https:\/\/tennisbet.net\/fi\/#breadcrumb"},"inLanguage":"fi","potentialAction":[{"@type":"ReadAction","target":["https:\/\/tennisbet.net\/fi\/"]}]},{"@type":"BreadcrumbList","@id":"https:\/\/tennisbet.net\/fi\/#breadcrumb","itemListElement":[{"@type":"ListItem","position":1,"name":"Home","item":"https:\/\/tennisbet.net\/fi\/"},{"@type":"ListItem","position":2,"name":"Kotiin"}]},{"@type":"WebSite","@id":"https:\/\/tennisbet.net\/fi\/#website","url":"https:\/\/tennisbet.net\/fi\/","name":"","description":"","potentialAction":[{"@type":"SearchAction","target":{"@type":"EntryPoint","urlTemplate":"https:\/\/tennisbet.net\/fi\/?s={search_term_string}"},"query-input":{"@type":"PropertyValueSpecification","valueRequired":true,"valueName":"search_term_string"}}],"inLanguage":"fi"}]}},"_links":{"self":[{"href":"https:\/\/tennisbet.net\/fi\/wp-json\/wp\/v2\/pages\/234","targetHints":{"allow":["GET"]}}],"collection":[{"href":"https:\/\/tennisbet.net\/fi\/wp-json\/wp\/v2\/pages"}],"about":[{"href":"https:\/\/tennisbet.net\/fi\/wp-json\/wp\/v2\/types\/page"}],"author":[{"embeddable":true,"href":"https:\/\/tennisbet.net\/fi\/wp-json\/wp\/v2\/users\/1"}],"replies":[{"embeddable":true,"href":"https:\/\/tennisbet.net\/fi\/wp-json\/wp\/v2\/comments?post=234"}],"version-history":[{"count":0,"href":"https:\/\/tennisbet.net\/fi\/wp-json\/wp\/v2\/pages\/234\/revisions"}],"wp:attachment":[{"href":"https:\/\/tennisbet.net\/fi\/wp-json\/wp\/v2\/media?parent=234"}],"curies":[{"name":"wp","href":"https:\/\/api.w.org\/{rel}","templated":true}]}}