{"id":40,"date":"2025-08-02T14:15:42","date_gmt":"2025-08-02T14:15:42","guid":{"rendered":"https:\/\/tennisbet.net\/tournois-atp\/"},"modified":"2025-08-02T14:15:42","modified_gmt":"2025-08-02T14:15:42","slug":"tournois-atp","status":"publish","type":"page","link":"https:\/\/tennisbet.net\/fr\/tournois-atp\/","title":{"rendered":"Tournois ATP"},"content":{"rendered":"<h1>Paris en ligne sur les tournois de tennis ATP<\/h1>\n<p>L&rsquo;ATP (Association des Professionnels du Tennis) a \u00e9t\u00e9 cr\u00e9\u00e9e en 1972 et supervise depuis lors les aspects professionnels du tennis masculin. Depuis, elle fournit un syst\u00e8me de classement officiel et est responsable de l&rsquo;organisation professionnelle permettant aux joueurs de participer \u00e0 divers tournois organis\u00e9s dans le monde entier.<\/p>\n<p>L&rsquo;organisation elle-m\u00eame comprenait des membres du MTC (Men&rsquo;s Tennis Council), des membres d&rsquo;autres instances dirigeantes du tennis, comme l&rsquo;ITF (F\u00e9d\u00e9ration Internationale de Tennis), et de nombreux directeurs de tournois. C&rsquo;est ainsi qu&rsquo;est n\u00e9 l&rsquo;ATP Tour, qui propose plusieurs \u00e9v\u00e9nements de classement dot\u00e9s de prix de 100\u00a0000 $ et plus.<br \/>Tournois ATP<\/p>\n<p>Le point culminant de l&rsquo;ATP Tour est la Finale de l&rsquo;ATP World Tour, disput\u00e9e \u00e0 l&rsquo;O2 Arena de Londres. Ce tournoi, qui constitue la finale de la saison, r\u00e9unit les 8 meilleurs joueurs class\u00e9s en simple et en double masculin. La dotation de l&rsquo;\u00e9v\u00e9nement d\u00e9passe les 4 millions de dollars et constitue l&rsquo;\u00e9v\u00e9nement le plus riche en dehors des quatre tournois majeurs.<\/p>\n<p>L&rsquo;ATP World Tour Masters 1000 est un circuit de neuf \u00e9v\u00e9nements se d\u00e9roulant dans des villes du monde entier, dont la Californie, la Floride, Monte-Carlo, Madrid, Rome, Toronto, l&rsquo;Ohio, Shanghai et Paris. Avec des prix allant de 2 \u00e0 3 millions de dollars et des points de classement mondial pouvant atteindre 1\u00a0000 pour le vainqueur, cette comp\u00e9tition est l&rsquo;une des plus lucratives du calendrier tennistique, surpass\u00e9e seulement par les Finales de l&rsquo;ATP World Tour et les quatre tournois majeurs.<\/p>\n<p>Les autres tournois organis\u00e9s par l&rsquo;ATP incluent les World Tour 500 Series, les World Tour 250 Series et le Challenger Tour. Chaque tournoi propose un plus grand nombre de comp\u00e9titions tout au long de l&rsquo;ann\u00e9e, mais les prix et les points de classement diminuent \u00e0 mesure qu&rsquo;ils deviennent moins exclusifs.<\/p>\n<h2>Meilleurs sites de paris sur le circuit ATP<\/h2>\n<h3>Bet365 \u2013 Hors \u00c9tats-Unis<\/h3>\n<p>Bet365 s&rsquo;est rapidement impos\u00e9 comme l&rsquo;un des plus grands bookmakers au monde. L&rsquo;une des principales raisons de cette r\u00e9ussite est le volume consid\u00e9rable de sports propos\u00e9s, dont le tennis. Leur section paris sur le tennis est tr\u00e8s peu rivalis\u00e9e dans le secteur et comprend tous les \u00e9v\u00e9nements du circuit ATP. Les paris pour chaque match peuvent varier de 5 \u00e0 100 pour les matchs les plus importants.<\/p>\n<p><a href=\"go\/bet365.html\" target=\"_blank\"><span style=\"text-decoration: underline;\">Cliquez simplement sur ce lien pour ouvrir un compte chez Bet365<\/span><\/a>&nbsp;<\/p>\n<h3>Intertops \u2013 Match amical contre les \u00c9tats-Unis<\/h3>\n<p>Intertops est l&rsquo;un des bookmakers les plus respect\u00e9s au monde et constitue un lieu id\u00e9al pour les parieurs de tennis am\u00e9ricains. Leur couverture du march\u00e9 est excellente, incluant tous les matchs majeurs du circuit ATP, mais aussi une couverture compl\u00e8te des quatre tournois majeurs de tennis sur le site, <a href=\"go\/intertopsen.html\" target=\"_blank\"><span style=\"text-decoration: underline;\">que vous pouvez retrouver ici<\/span><\/a>.<\/p>\n<p>Intertops propose \u00e9galement l&rsquo;un des bonus de bienvenue les plus lucratifs, allant jusqu&rsquo;\u00e0 200 $. Plus important encore, vous pouvez \u00e9galement parier sur plusieurs \u00e9v\u00e9nements pendant un match.<\/p>\n","protected":false},"excerpt":{"rendered":"<p>Paris en ligne sur les tournois de tennis ATP L&rsquo;ATP (Association des Professionnels du Tennis) a \u00e9t\u00e9 cr\u00e9\u00e9e en 1972 et supervise depuis lors les aspects professionnels du tennis masculin. Depuis, elle fournit un syst\u00e8me de classement officiel et est responsable de l&rsquo;organisation professionnelle permettant aux joueurs de participer \u00e0 divers tournois organis\u00e9s dans le &#8230; <a title=\"Tournois ATP\" class=\"read-more\" href=\"https:\/\/tennisbet.net\/fr\/tournois-atp\/\" aria-label=\"En savoir plus sur Tournois ATP\">Lire la suite<\/a><\/p>\n","protected":false},"author":1,"featured_media":0,"parent":0,"menu_order":0,"comment_status":"closed","ping_status":"closed","template":"","meta":{"footnotes":""},"class_list":["post-40","page","type-page","status-publish"],"yoast_head":"<!-- This site is optimized with the Yoast SEO plugin v27.4 - https:\/\/yoast.com\/product\/yoast-seo-wordpress\/ -->\n<title>Parier sur les tournois ATP<\/title>\n<meta name=\"robots\" content=\"index, follow, max-snippet:-1, max-image-preview:large, max-video-preview:-1\" \/>\n<link rel=\"canonical\" href=\"https:\/\/tennisbet.net\/fr\/tournois-atp\/\" \/>\n<meta property=\"og:locale\" content=\"fr_FR\" \/>\n<meta property=\"og:type\" content=\"article\" \/>\n<meta property=\"og:title\" content=\"Parier sur les tournois ATP\" \/>\n<meta property=\"og:description\" content=\"Paris en ligne sur les tournois de tennis ATP L&rsquo;ATP (Association des Professionnels du Tennis) a \u00e9t\u00e9 cr\u00e9\u00e9e en 1972 et supervise depuis lors les aspects professionnels du tennis masculin. Depuis, elle fournit un syst\u00e8me de classement officiel et est responsable de l&rsquo;organisation professionnelle permettant aux joueurs de participer \u00e0 divers tournois organis\u00e9s dans le ... Lire la suite\" \/>\n<meta property=\"og:url\" content=\"https:\/\/tennisbet.net\/fr\/tournois-atp\/\" \/>\n<meta name=\"twitter:card\" content=\"summary_large_image\" \/>\n<meta name=\"twitter:label1\" content=\"Dur\u00e9e de lecture estim\u00e9e\" \/>\n\t<meta name=\"twitter:data1\" content=\"2 minutes\" \/>\n<script type=\"application\/ld+json\" class=\"yoast-schema-graph\">{\"@context\":\"https:\\\/\\\/schema.org\",\"@graph\":[{\"@type\":\"WebPage\",\"@id\":\"https:\\\/\\\/tennisbet.net\\\/fr\\\/tournois-atp\\\/\",\"url\":\"https:\\\/\\\/tennisbet.net\\\/fr\\\/tournois-atp\\\/\",\"name\":\"Parier sur les tournois ATP\",\"isPartOf\":{\"@id\":\"https:\\\/\\\/tennisbet.net\\\/fr\\\/#website\"},\"datePublished\":\"2025-08-02T14:15:42+00:00\",\"breadcrumb\":{\"@id\":\"https:\\\/\\\/tennisbet.net\\\/fr\\\/tournois-atp\\\/#breadcrumb\"},\"inLanguage\":\"fr-FR\",\"potentialAction\":[{\"@type\":\"ReadAction\",\"target\":[\"https:\\\/\\\/tennisbet.net\\\/fr\\\/tournois-atp\\\/\"]}]},{\"@type\":\"BreadcrumbList\",\"@id\":\"https:\\\/\\\/tennisbet.net\\\/fr\\\/tournois-atp\\\/#breadcrumb\",\"itemListElement\":[{\"@type\":\"ListItem\",\"position\":1,\"name\":\"Home\",\"item\":\"https:\\\/\\\/tennisbet.net\\\/fr\\\/\"},{\"@type\":\"ListItem\",\"position\":2,\"name\":\"Tournois ATP\"}]},{\"@type\":\"WebSite\",\"@id\":\"https:\\\/\\\/tennisbet.net\\\/fr\\\/#website\",\"url\":\"https:\\\/\\\/tennisbet.net\\\/fr\\\/\",\"name\":\"\",\"description\":\"\",\"potentialAction\":[{\"@type\":\"SearchAction\",\"target\":{\"@type\":\"EntryPoint\",\"urlTemplate\":\"https:\\\/\\\/tennisbet.net\\\/fr\\\/?s={search_term_string}\"},\"query-input\":{\"@type\":\"PropertyValueSpecification\",\"valueRequired\":true,\"valueName\":\"search_term_string\"}}],\"inLanguage\":\"fr-FR\"}]}<\/script>\n<!-- \/ Yoast SEO plugin. -->","yoast_head_json":{"title":"Parier sur les tournois ATP","robots":{"index":"index","follow":"follow","max-snippet":"max-snippet:-1","max-image-preview":"max-image-preview:large","max-video-preview":"max-video-preview:-1"},"canonical":"https:\/\/tennisbet.net\/fr\/tournois-atp\/","og_locale":"fr_FR","og_type":"article","og_title":"Parier sur les tournois ATP","og_description":"Paris en ligne sur les tournois de tennis ATP L&rsquo;ATP (Association des Professionnels du Tennis) a \u00e9t\u00e9 cr\u00e9\u00e9e en 1972 et supervise depuis lors les aspects professionnels du tennis masculin. Depuis, elle fournit un syst\u00e8me de classement officiel et est responsable de l&rsquo;organisation professionnelle permettant aux joueurs de participer \u00e0 divers tournois organis\u00e9s dans le ... Lire la suite","og_url":"https:\/\/tennisbet.net\/fr\/tournois-atp\/","twitter_card":"summary_large_image","twitter_misc":{"Dur\u00e9e de lecture estim\u00e9e":"2 minutes"},"schema":{"@context":"https:\/\/schema.org","@graph":[{"@type":"WebPage","@id":"https:\/\/tennisbet.net\/fr\/tournois-atp\/","url":"https:\/\/tennisbet.net\/fr\/tournois-atp\/","name":"Parier sur les tournois ATP","isPartOf":{"@id":"https:\/\/tennisbet.net\/fr\/#website"},"datePublished":"2025-08-02T14:15:42+00:00","breadcrumb":{"@id":"https:\/\/tennisbet.net\/fr\/tournois-atp\/#breadcrumb"},"inLanguage":"fr-FR","potentialAction":[{"@type":"ReadAction","target":["https:\/\/tennisbet.net\/fr\/tournois-atp\/"]}]},{"@type":"BreadcrumbList","@id":"https:\/\/tennisbet.net\/fr\/tournois-atp\/#breadcrumb","itemListElement":[{"@type":"ListItem","position":1,"name":"Home","item":"https:\/\/tennisbet.net\/fr\/"},{"@type":"ListItem","position":2,"name":"Tournois ATP"}]},{"@type":"WebSite","@id":"https:\/\/tennisbet.net\/fr\/#website","url":"https:\/\/tennisbet.net\/fr\/","name":"","description":"","potentialAction":[{"@type":"SearchAction","target":{"@type":"EntryPoint","urlTemplate":"https:\/\/tennisbet.net\/fr\/?s={search_term_string}"},"query-input":{"@type":"PropertyValueSpecification","valueRequired":true,"valueName":"search_term_string"}}],"inLanguage":"fr-FR"}]}},"_links":{"self":[{"href":"https:\/\/tennisbet.net\/fr\/wp-json\/wp\/v2\/pages\/40","targetHints":{"allow":["GET"]}}],"collection":[{"href":"https:\/\/tennisbet.net\/fr\/wp-json\/wp\/v2\/pages"}],"about":[{"href":"https:\/\/tennisbet.net\/fr\/wp-json\/wp\/v2\/types\/page"}],"author":[{"embeddable":true,"href":"https:\/\/tennisbet.net\/fr\/wp-json\/wp\/v2\/users\/1"}],"replies":[{"embeddable":true,"href":"https:\/\/tennisbet.net\/fr\/wp-json\/wp\/v2\/comments?post=40"}],"version-history":[{"count":0,"href":"https:\/\/tennisbet.net\/fr\/wp-json\/wp\/v2\/pages\/40\/revisions"}],"wp:attachment":[{"href":"https:\/\/tennisbet.net\/fr\/wp-json\/wp\/v2\/media?parent=40"}],"curies":[{"name":"wp","href":"https:\/\/api.w.org\/{rel}","templated":true}]}}