{"id":42,"date":"2025-08-02T13:40:31","date_gmt":"2025-08-02T13:40:31","guid":{"rendered":"https:\/\/tennisbet.net\/sites-de-paris\/"},"modified":"2025-08-02T13:40:31","modified_gmt":"2025-08-02T13:40:31","slug":"sites-de-paris","status":"publish","type":"page","link":"https:\/\/tennisbet.net\/fr\/sites-de-paris\/","title":{"rendered":"Sites de paris"},"content":{"rendered":"<h1>Les meilleurs sites de paris sur le tennis<\/h1>\n<p>Presque tous les sites de paris sportifs en ligne offrent la possibilit\u00e9 de parier sur des \u00e9v\u00e9nements de tennis. Cependant, tous ne sont pas forc\u00e9ment id\u00e9aux pour les paris sur le tennis. Bien s\u00fbr, proposer de bonnes options de d\u00e9p\u00f4t, un service client de qualit\u00e9 et un bonus de d\u00e9p\u00f4t est essentiel pour tout parieur sportif. Mais pour quelqu&rsquo;un qui souhaite se sp\u00e9cialiser dans les paris sur le tennis, des aspects tr\u00e8s sp\u00e9cifiques sont \u00e0 prendre en compte.<\/p>\n<h2>Quelles fonctionnalit\u00e9s un site de paris en ligne sur le tennis doit-il proposer\u00a0?<\/h2>\n<p><em><span style=\"text-decoration: underline;\">Voici les fonctionnalit\u00e9s que nous consid\u00e9rons comme indispensables pour les paris sur le tennis\u00a0:<\/span><\/em><\/p>\n<ul>\n<li>Doit couvrir tous les tournois ATP et WTA, ainsi que la Coupe Davis et la Fed Cup.<\/li>\n<li>Doit offrir la possibilit\u00e9 de parier sur le vainqueur du match et le vainqueur absolu du tournoi.<\/li>\n<\/ul>\n<p>Tous les sites que nous recommandons (Bet365, Intertops et MyBet) proposent ces options. Si vos paris sur le tennis ne vont pas plus loin que les fonctionnalit\u00e9s ci-dessus, vous devriez probablement choisir le site de paris qui offre le meilleur bonus de d\u00e9p\u00f4t. Nous vous sugg\u00e9rons de lire les avis sur les sites de paris sportifs (voir le menu sup\u00e9rieur) pour en savoir plus.<\/p>\n<h2>Plus d&rsquo;options pour les parieurs de tennis exp\u00e9riment\u00e9s<\/h2>\n<p>Si vous prenez vos paris de tennis en ligne au s\u00e9rieux, vous aurez besoin de fonctionnalit\u00e9s suppl\u00e9mentaires. Ces options ne seront disponibles sur aucun site de paris sportifs en ligne.<br \/><span style=\"text-decoration: underline;\"><em>Voici ce que seuls les meilleurs sites de paris sur le tennis proposent\u00a0:<\/em><\/span><\/p>\n<ul>\n<li>Paris sur les Challengers et les Futures de l&rsquo;ITF<\/li>\n<li>Paris sur la Coupe Davis, la Fed Cup, les \u00e9v\u00e9nements WTA et ATP<\/li>\n<li>Paris en direct<\/li>\n<li>Plusieurs options de d\u00e9p\u00f4t et de retrait s\u00e9curis\u00e9es<\/li>\n<li>Excellent service client<\/li>\n<\/ul>\n<p>Si c&rsquo;est ce que vous recherchez, vos options sont un peu plus limit\u00e9es.<\/p>\n<ul>\n<li><strong>Intertops<\/strong>, par exemple, propose une excellente section tennis, des paris en direct, et un large choix de Futures et de Challengers sur lesquels parier. Malheureusement, c&rsquo;est le seul bookmaker recommandable disponible pour les parieurs am\u00e9ricains souhaitant parier sur le tennis. Visitez leur site web en cliquant sur ce lien.<\/a><\/li>\n<li><strong>Bet365<\/strong> offre tout ce qu&rsquo;il faut. La couverture compl\u00e8te de tous les \u00e9v\u00e9nements de tennis est standard, et vous pouvez m\u00eame regarder des retransmissions en direct de divers \u00e9v\u00e9nements sportifs, y compris tous les matchs. Les options en cours de jeu sont nombreuses. Vous pouvez parier sur le vainqueur du set en cours, le jeu suivant, le score des trois ou cinq jeux suivants (pari \u00ab\u00a0Race to Game\u00a0\u00bb), le nombre total de jeux jou\u00e9s dans un set ou un match, les paris \u00e0 handicap et bien plus encore. Le seul inconv\u00e9nient est que si vous r\u00e9sidez aux \u00c9tats-Unis, vous ne pouvez pas parier ici.<\/li>\n<\/ul>\n<h2>Meilleur site de paris sur le tennis<\/h2>\n<p>Le meilleur site est sans conteste Bet365. Si ce site est disponible pour vous, c&rsquo;est votre premier choix, point final. Si vous \u00eates aux \u00c9tats-Unis, vous n&rsquo;avez malheureusement pas le choix\u00a0: vous ne trouverez pas de meilleur site que BetOnline (<a href=\"go\/betonline.html\" target=\"_blank\"><span style=\"text-decoration: underline;\">cliquez sur ce lien pour vous inscrire<\/span><\/a>).<\/p>\n<p><a href=\"go\/bet365.html\" target=\"_blank\"><span style=\"text-decoration: underline;\">Cliquez ici pour acc\u00e9der au site web de Bet365.<\/span><\/a><\/p>\n<p><span id='tag20190325103443'><\/span><script type=\"text\/javascript\" src='https:\/\/imstore.bet365affiliates.com\/PopulateText.aspx?AffiliateId=16831&#038;AffiliateCode=365_168143&#038;TagName=tag20190325103443&#038;CID=690&#038;PID=149&#038;LNG=1&#038;NewWindow=Y&#038;Mask=N'><\/script><script type=\"text\/javascript\">document.getElementById('tag20190325103443').innerHTML = returnText_tag20190325103443();<\/script><\/p>\n<p>Au fait, les promotions ne s&rsquo;arr\u00eatent pas avec le bonus de d\u00e9p\u00f4t. Vous recevrez des bonus suppl\u00e9mentaires pour les nouveaux d\u00e9p\u00f4ts et d&rsquo;autres promotions sp\u00e9ciales. Assurez-vous de recevoir leurs e-mails promotionnels en les ajoutant \u00e0 votre liste d&rsquo;exp\u00e9diteurs de confiance\u00a0!<\/p>\n","protected":false},"excerpt":{"rendered":"<p>Les meilleurs sites de paris sur le tennis Presque tous les sites de paris sportifs en ligne offrent la possibilit\u00e9 de parier sur des \u00e9v\u00e9nements de tennis. Cependant, tous ne sont pas forc\u00e9ment id\u00e9aux pour les paris sur le tennis. Bien s\u00fbr, proposer de bonnes options de d\u00e9p\u00f4t, un service client de qualit\u00e9 et un &#8230; <a title=\"Sites de paris\" class=\"read-more\" href=\"https:\/\/tennisbet.net\/fr\/sites-de-paris\/\" aria-label=\"En savoir plus sur Sites de paris\">Lire la suite<\/a><\/p>\n","protected":false},"author":1,"featured_media":0,"parent":0,"menu_order":0,"comment_status":"closed","ping_status":"closed","template":"","meta":{"footnotes":""},"class_list":["post-42","page","type-page","status-publish"],"yoast_head":"<!-- This site is optimized with the Yoast SEO plugin v27.4 - https:\/\/yoast.com\/product\/yoast-seo-wordpress\/ -->\n<title>Les meilleurs sites de paris sur le tennis<\/title>\n<meta name=\"robots\" content=\"index, follow, max-snippet:-1, max-image-preview:large, max-video-preview:-1\" \/>\n<link rel=\"canonical\" href=\"https:\/\/tennisbet.net\/fr\/sites-de-paris\/\" \/>\n<meta property=\"og:locale\" content=\"fr_FR\" \/>\n<meta property=\"og:type\" content=\"article\" \/>\n<meta property=\"og:title\" content=\"Les meilleurs sites de paris sur le tennis\" \/>\n<meta property=\"og:description\" content=\"Les meilleurs sites de paris sur le tennis Presque tous les sites de paris sportifs en ligne offrent la possibilit\u00e9 de parier sur des \u00e9v\u00e9nements de tennis. Cependant, tous ne sont pas forc\u00e9ment id\u00e9aux pour les paris sur le tennis. Bien s\u00fbr, proposer de bonnes options de d\u00e9p\u00f4t, un service client de qualit\u00e9 et un ... Lire la suite\" \/>\n<meta property=\"og:url\" content=\"https:\/\/tennisbet.net\/fr\/sites-de-paris\/\" \/>\n<meta name=\"twitter:card\" content=\"summary_large_image\" \/>\n<meta name=\"twitter:label1\" content=\"Dur\u00e9e de lecture estim\u00e9e\" \/>\n\t<meta name=\"twitter:data1\" content=\"3 minutes\" \/>\n<script type=\"application\/ld+json\" class=\"yoast-schema-graph\">{\"@context\":\"https:\\\/\\\/schema.org\",\"@graph\":[{\"@type\":\"WebPage\",\"@id\":\"https:\\\/\\\/tennisbet.net\\\/fr\\\/sites-de-paris\\\/\",\"url\":\"https:\\\/\\\/tennisbet.net\\\/fr\\\/sites-de-paris\\\/\",\"name\":\"Les meilleurs sites de paris sur le tennis\",\"isPartOf\":{\"@id\":\"https:\\\/\\\/tennisbet.net\\\/fr\\\/#website\"},\"datePublished\":\"2025-08-02T13:40:31+00:00\",\"breadcrumb\":{\"@id\":\"https:\\\/\\\/tennisbet.net\\\/fr\\\/sites-de-paris\\\/#breadcrumb\"},\"inLanguage\":\"fr-FR\",\"potentialAction\":[{\"@type\":\"ReadAction\",\"target\":[\"https:\\\/\\\/tennisbet.net\\\/fr\\\/sites-de-paris\\\/\"]}]},{\"@type\":\"BreadcrumbList\",\"@id\":\"https:\\\/\\\/tennisbet.net\\\/fr\\\/sites-de-paris\\\/#breadcrumb\",\"itemListElement\":[{\"@type\":\"ListItem\",\"position\":1,\"name\":\"Home\",\"item\":\"https:\\\/\\\/tennisbet.net\\\/fr\\\/\"},{\"@type\":\"ListItem\",\"position\":2,\"name\":\"Sites de paris\"}]},{\"@type\":\"WebSite\",\"@id\":\"https:\\\/\\\/tennisbet.net\\\/fr\\\/#website\",\"url\":\"https:\\\/\\\/tennisbet.net\\\/fr\\\/\",\"name\":\"\",\"description\":\"\",\"potentialAction\":[{\"@type\":\"SearchAction\",\"target\":{\"@type\":\"EntryPoint\",\"urlTemplate\":\"https:\\\/\\\/tennisbet.net\\\/fr\\\/?s={search_term_string}\"},\"query-input\":{\"@type\":\"PropertyValueSpecification\",\"valueRequired\":true,\"valueName\":\"search_term_string\"}}],\"inLanguage\":\"fr-FR\"}]}<\/script>\n<!-- \/ Yoast SEO plugin. -->","yoast_head_json":{"title":"Les meilleurs sites de paris sur le tennis","robots":{"index":"index","follow":"follow","max-snippet":"max-snippet:-1","max-image-preview":"max-image-preview:large","max-video-preview":"max-video-preview:-1"},"canonical":"https:\/\/tennisbet.net\/fr\/sites-de-paris\/","og_locale":"fr_FR","og_type":"article","og_title":"Les meilleurs sites de paris sur le tennis","og_description":"Les meilleurs sites de paris sur le tennis Presque tous les sites de paris sportifs en ligne offrent la possibilit\u00e9 de parier sur des \u00e9v\u00e9nements de tennis. Cependant, tous ne sont pas forc\u00e9ment id\u00e9aux pour les paris sur le tennis. Bien s\u00fbr, proposer de bonnes options de d\u00e9p\u00f4t, un service client de qualit\u00e9 et un ... Lire la suite","og_url":"https:\/\/tennisbet.net\/fr\/sites-de-paris\/","twitter_card":"summary_large_image","twitter_misc":{"Dur\u00e9e de lecture estim\u00e9e":"3 minutes"},"schema":{"@context":"https:\/\/schema.org","@graph":[{"@type":"WebPage","@id":"https:\/\/tennisbet.net\/fr\/sites-de-paris\/","url":"https:\/\/tennisbet.net\/fr\/sites-de-paris\/","name":"Les meilleurs sites de paris sur le tennis","isPartOf":{"@id":"https:\/\/tennisbet.net\/fr\/#website"},"datePublished":"2025-08-02T13:40:31+00:00","breadcrumb":{"@id":"https:\/\/tennisbet.net\/fr\/sites-de-paris\/#breadcrumb"},"inLanguage":"fr-FR","potentialAction":[{"@type":"ReadAction","target":["https:\/\/tennisbet.net\/fr\/sites-de-paris\/"]}]},{"@type":"BreadcrumbList","@id":"https:\/\/tennisbet.net\/fr\/sites-de-paris\/#breadcrumb","itemListElement":[{"@type":"ListItem","position":1,"name":"Home","item":"https:\/\/tennisbet.net\/fr\/"},{"@type":"ListItem","position":2,"name":"Sites de paris"}]},{"@type":"WebSite","@id":"https:\/\/tennisbet.net\/fr\/#website","url":"https:\/\/tennisbet.net\/fr\/","name":"","description":"","potentialAction":[{"@type":"SearchAction","target":{"@type":"EntryPoint","urlTemplate":"https:\/\/tennisbet.net\/fr\/?s={search_term_string}"},"query-input":{"@type":"PropertyValueSpecification","valueRequired":true,"valueName":"search_term_string"}}],"inLanguage":"fr-FR"}]}},"_links":{"self":[{"href":"https:\/\/tennisbet.net\/fr\/wp-json\/wp\/v2\/pages\/42","targetHints":{"allow":["GET"]}}],"collection":[{"href":"https:\/\/tennisbet.net\/fr\/wp-json\/wp\/v2\/pages"}],"about":[{"href":"https:\/\/tennisbet.net\/fr\/wp-json\/wp\/v2\/types\/page"}],"author":[{"embeddable":true,"href":"https:\/\/tennisbet.net\/fr\/wp-json\/wp\/v2\/users\/1"}],"replies":[{"embeddable":true,"href":"https:\/\/tennisbet.net\/fr\/wp-json\/wp\/v2\/comments?post=42"}],"version-history":[{"count":0,"href":"https:\/\/tennisbet.net\/fr\/wp-json\/wp\/v2\/pages\/42\/revisions"}],"wp:attachment":[{"href":"https:\/\/tennisbet.net\/fr\/wp-json\/wp\/v2\/media?parent=42"}],"curies":[{"name":"wp","href":"https:\/\/api.w.org\/{rel}","templated":true}]}}