{"id":44,"date":"2025-08-02T13:45:37","date_gmt":"2025-08-02T13:45:37","guid":{"rendered":"https:\/\/tennisbet.net\/sites-de-paris\/conseils-de-paris-sur-la-coupe-davis\/"},"modified":"2025-08-02T13:45:37","modified_gmt":"2025-08-02T13:45:37","slug":"conseils-de-paris-sur-la-coupe-davis","status":"publish","type":"page","link":"https:\/\/tennisbet.net\/fr\/sites-de-paris\/conseils-de-paris-sur-la-coupe-davis\/","title":{"rendered":"Conseils de paris sur la Coupe Davis"},"content":{"rendered":"<h1>Parier sur la Coupe Davis<\/h1>\n<p>La Coupe Davis est l&rsquo;\u00e9preuve par \u00e9quipes la plus importante du calendrier international du tennis. Cr\u00e9\u00e9 en 1900, le tournoi est depuis devenu l&rsquo;un des sommets du calendrier sportif. Organis\u00e9e exclusivement par l&rsquo;ITF, la comp\u00e9tition implique des \u00e9quipes (masculines uniquement) qui doivent passer par les phases de poules avant d&rsquo;atteindre la finale. <strong>La plupart des sites de paris sportifs autorisent les paris sur la Coupe Davis<\/strong>, mais il faut bien s\u00fbr savoir que ces \u00e9v\u00e9nements n&rsquo;ont pas lieu chaque semaine.<\/p>\n<p>Au d\u00e9part, le tournoi accueillait uniquement la Grande-Bretagne et les \u00c9tats-Unis, avant de s&rsquo;\u00e9tendre et de compter d\u00e9sormais jusqu&rsquo;\u00e0 137 nations participant aux phases de qualification. L&rsquo;\u00e9quipe am\u00e9ricaine la plus titr\u00e9e sur cette p\u00e9riode a \u00e9t\u00e9 l&rsquo;\u00e9quipe am\u00e9ricaine, avec pas moins de 32 victoires et un nombre impressionnant de 29 finalistes. La comp\u00e9tition comprend des matchs simples et doubles, chaque victoire attribuant des points.<\/p>\n<h2>Format de la Coupe Davis<\/h2>\n<p>La comp\u00e9tition se d\u00e9roule en trois groupes de qualification, r\u00e9partis selon la zone\u00a0: Am\u00e9rique, Europe\/Afrique et Asie\/Oc\u00e9anie. Chaque zone compte quatre groupes, \u00e0 l&rsquo;exception de la zone Europe\/Afrique qui en compte trois. Le classement mondial d&rsquo;un pays d\u00e9pend du groupe dans lequel il commence. Un pays doit progresser jusqu&rsquo;au Groupe mondial pour se qualifier pour la comp\u00e9tition proprement dite.<\/p>\n<p>Le Groupe mondial comprend 16 \u00e9quipes. C&rsquo;est la premi\u00e8re fois que des pays sont m\u00e9lang\u00e9s et quittent leurs zones r\u00e9gionales. Ces 16 \u00e9quipes sont reconnues comme les meilleures du monde et constitueront la phase finale de la Coupe Davis. Il est inh\u00e9rent \u00e0 cette comp\u00e9tition qu&rsquo;il n&rsquo;est pas toujours \u00e9vident de savoir d\u00e8s le d\u00e9part lequel des joueurs nomin\u00e9s repr\u00e9sente les deux nations en lice. En fait, le capitaine de l&rsquo;\u00e9quipe nomme les joueurs peu de temps avant le match, ce qui n\u00e9cessite de v\u00e9rifier l&rsquo;ordre de jeu avant de parier sur un match de Coupe Davis.<\/p>\n<p>Les points sont attribu\u00e9s en fonction du format du match. Les matchs simples rapportent 5 points pour les victoires en barrages, puis 75 points pour une victoire en finale. Au total, 500 points sont \u00e0 gagner en simple. De plus, les joueurs peuvent gagner des bonus d&rsquo;\u00e9quipe et de performance en remportant des finales. Les matchs de double fonctionnent de la m\u00eame mani\u00e8re\u00a0: 10 points pour une victoire en barrages, 95 points pour une victoire en finale. Un bonus d&rsquo;\u00e9quipe plus modeste, pouvant atteindre 35 points, est offert en double.<\/p>\n<h2>Meilleurs sites de paris sur la Coupe Davis<\/h2>\n<h3>Bet365 \u2013 Hors \u00c9tats-Unis<\/h3>\n<p>Bet365 couvre un large \u00e9ventail de matchs de la Coupe Davis. L&rsquo;un des atouts majeurs de ce site est l&rsquo;inclusion de march\u00e9s sur de nombreuses phases de qualification et de zone de la comp\u00e9tition. Ces march\u00e9s sont toutefois limit\u00e9s, mais \u00e0 mesure que le tournoi progresse vers les phases de groupe mondial, davantage de matchs et, par cons\u00e9quent, de march\u00e9s sont ouverts.<br \/><a href=\"index.php?option=com_content&amp;view=article&amp;id=33&amp;Itemid=188\"><span style=\"text-decoration: underline;\">Trouvez une analyse compl\u00e8te de Bet365 ici<\/span><\/a>.<\/p>\n<h3>Intertops \u2013 Match amical \u00c9tats-Unis<\/h3>\n<p>Intertops est en passe de devenir le bookmaker de r\u00e9f\u00e9rence des parieurs bas\u00e9s aux \u00c9tats-Unis. Sa couverture de la Coupe Davis est excellente, et si vous recherchez la simplicit\u00e9 et un bon bonus de bienvenue de 200 $, Intertops pourrait \u00eatre l&rsquo;endroit id\u00e9al pour vous.<\/p>\n<p style=\"text-align: center;\"><a href=\"http:\/\/link.intertops.eu\/c\/393496\/297309\" target=\"_blank\" rel=\"noopener\"><img decoding=\"async\" src=\"https:\/\/affiliate.intertops.eu\/393496\/uploads\/468x60_itsb_signupbonus_tennis_en.jpg\" alt=\"\" \/><\/a><\/p>\n<p>Ce qui les distingue de la concurrence pour les paris sur le tennis, c&rsquo;est qu&rsquo;ils sont le seul site \u00e0 proposer des paris en direct. D&rsquo;autres sites de paris sportifs en ligne, accessibles aux \u00c9tats-Unis, vous permettent de parier sur le vainqueur du match, mais c&rsquo;est tout ce que vous pouvez faire.<\/p>\n","protected":false},"excerpt":{"rendered":"<p>Parier sur la Coupe Davis La Coupe Davis est l&rsquo;\u00e9preuve par \u00e9quipes la plus importante du calendrier international du tennis. Cr\u00e9\u00e9 en 1900, le tournoi est depuis devenu l&rsquo;un des sommets du calendrier sportif. Organis\u00e9e exclusivement par l&rsquo;ITF, la comp\u00e9tition implique des \u00e9quipes (masculines uniquement) qui doivent passer par les phases de poules avant d&rsquo;atteindre &#8230; <a title=\"Conseils de paris sur la Coupe Davis\" class=\"read-more\" href=\"https:\/\/tennisbet.net\/fr\/sites-de-paris\/conseils-de-paris-sur-la-coupe-davis\/\" aria-label=\"En savoir plus sur Conseils de paris sur la Coupe Davis\">Lire la suite<\/a><\/p>\n","protected":false},"author":1,"featured_media":0,"parent":42,"menu_order":0,"comment_status":"closed","ping_status":"closed","template":"","meta":{"footnotes":""},"class_list":["post-44","page","type-page","status-publish"],"yoast_head":"<!-- This site is optimized with the Yoast SEO plugin v27.4 - https:\/\/yoast.com\/product\/yoast-seo-wordpress\/ -->\n<title>Parier sur la Coupe Davis<\/title>\n<meta name=\"robots\" content=\"index, follow, max-snippet:-1, max-image-preview:large, max-video-preview:-1\" \/>\n<link rel=\"canonical\" href=\"https:\/\/tennisbet.net\/fr\/sites-de-paris\/conseils-de-paris-sur-la-coupe-davis\/\" \/>\n<meta property=\"og:locale\" content=\"fr_FR\" \/>\n<meta property=\"og:type\" content=\"article\" \/>\n<meta property=\"og:title\" content=\"Parier sur la Coupe Davis\" \/>\n<meta property=\"og:description\" content=\"Parier sur la Coupe Davis La Coupe Davis est l&rsquo;\u00e9preuve par \u00e9quipes la plus importante du calendrier international du tennis. Cr\u00e9\u00e9 en 1900, le tournoi est depuis devenu l&rsquo;un des sommets du calendrier sportif. Organis\u00e9e exclusivement par l&rsquo;ITF, la comp\u00e9tition implique des \u00e9quipes (masculines uniquement) qui doivent passer par les phases de poules avant d&rsquo;atteindre ... Lire la suite\" \/>\n<meta property=\"og:url\" content=\"https:\/\/tennisbet.net\/fr\/sites-de-paris\/conseils-de-paris-sur-la-coupe-davis\/\" \/>\n<meta property=\"og:image\" content=\"https:\/\/affiliate.intertops.eu\/393496\/uploads\/468x60_itsb_signupbonus_tennis_en.jpg\" \/>\n<meta name=\"twitter:card\" content=\"summary_large_image\" \/>\n<meta name=\"twitter:label1\" content=\"Dur\u00e9e de lecture estim\u00e9e\" \/>\n\t<meta name=\"twitter:data1\" content=\"3 minutes\" \/>\n<script type=\"application\/ld+json\" class=\"yoast-schema-graph\">{\"@context\":\"https:\\\/\\\/schema.org\",\"@graph\":[{\"@type\":\"WebPage\",\"@id\":\"https:\\\/\\\/tennisbet.net\\\/fr\\\/sites-de-paris\\\/conseils-de-paris-sur-la-coupe-davis\\\/\",\"url\":\"https:\\\/\\\/tennisbet.net\\\/fr\\\/sites-de-paris\\\/conseils-de-paris-sur-la-coupe-davis\\\/\",\"name\":\"Parier sur la Coupe Davis\",\"isPartOf\":{\"@id\":\"https:\\\/\\\/tennisbet.net\\\/fr\\\/#website\"},\"primaryImageOfPage\":{\"@id\":\"https:\\\/\\\/tennisbet.net\\\/fr\\\/sites-de-paris\\\/conseils-de-paris-sur-la-coupe-davis\\\/#primaryimage\"},\"image\":{\"@id\":\"https:\\\/\\\/tennisbet.net\\\/fr\\\/sites-de-paris\\\/conseils-de-paris-sur-la-coupe-davis\\\/#primaryimage\"},\"thumbnailUrl\":\"https:\\\/\\\/affiliate.intertops.eu\\\/393496\\\/uploads\\\/468x60_itsb_signupbonus_tennis_en.jpg\",\"datePublished\":\"2025-08-02T13:45:37+00:00\",\"breadcrumb\":{\"@id\":\"https:\\\/\\\/tennisbet.net\\\/fr\\\/sites-de-paris\\\/conseils-de-paris-sur-la-coupe-davis\\\/#breadcrumb\"},\"inLanguage\":\"fr-FR\",\"potentialAction\":[{\"@type\":\"ReadAction\",\"target\":[\"https:\\\/\\\/tennisbet.net\\\/fr\\\/sites-de-paris\\\/conseils-de-paris-sur-la-coupe-davis\\\/\"]}]},{\"@type\":\"ImageObject\",\"inLanguage\":\"fr-FR\",\"@id\":\"https:\\\/\\\/tennisbet.net\\\/fr\\\/sites-de-paris\\\/conseils-de-paris-sur-la-coupe-davis\\\/#primaryimage\",\"url\":\"https:\\\/\\\/affiliate.intertops.eu\\\/393496\\\/uploads\\\/468x60_itsb_signupbonus_tennis_en.jpg\",\"contentUrl\":\"https:\\\/\\\/affiliate.intertops.eu\\\/393496\\\/uploads\\\/468x60_itsb_signupbonus_tennis_en.jpg\"},{\"@type\":\"BreadcrumbList\",\"@id\":\"https:\\\/\\\/tennisbet.net\\\/fr\\\/sites-de-paris\\\/conseils-de-paris-sur-la-coupe-davis\\\/#breadcrumb\",\"itemListElement\":[{\"@type\":\"ListItem\",\"position\":1,\"name\":\"Home\",\"item\":\"https:\\\/\\\/tennisbet.net\\\/fr\\\/\"},{\"@type\":\"ListItem\",\"position\":2,\"name\":\"Sites de paris\",\"item\":\"https:\\\/\\\/tennisbet.net\\\/fr\\\/betting-sites\\\/\"},{\"@type\":\"ListItem\",\"position\":3,\"name\":\"Conseils de paris sur la Coupe Davis\"}]},{\"@type\":\"WebSite\",\"@id\":\"https:\\\/\\\/tennisbet.net\\\/fr\\\/#website\",\"url\":\"https:\\\/\\\/tennisbet.net\\\/fr\\\/\",\"name\":\"\",\"description\":\"\",\"potentialAction\":[{\"@type\":\"SearchAction\",\"target\":{\"@type\":\"EntryPoint\",\"urlTemplate\":\"https:\\\/\\\/tennisbet.net\\\/fr\\\/?s={search_term_string}\"},\"query-input\":{\"@type\":\"PropertyValueSpecification\",\"valueRequired\":true,\"valueName\":\"search_term_string\"}}],\"inLanguage\":\"fr-FR\"}]}<\/script>\n<!-- \/ Yoast SEO plugin. -->","yoast_head_json":{"title":"Parier sur la Coupe Davis","robots":{"index":"index","follow":"follow","max-snippet":"max-snippet:-1","max-image-preview":"max-image-preview:large","max-video-preview":"max-video-preview:-1"},"canonical":"https:\/\/tennisbet.net\/fr\/sites-de-paris\/conseils-de-paris-sur-la-coupe-davis\/","og_locale":"fr_FR","og_type":"article","og_title":"Parier sur la Coupe Davis","og_description":"Parier sur la Coupe Davis La Coupe Davis est l&rsquo;\u00e9preuve par \u00e9quipes la plus importante du calendrier international du tennis. Cr\u00e9\u00e9 en 1900, le tournoi est depuis devenu l&rsquo;un des sommets du calendrier sportif. Organis\u00e9e exclusivement par l&rsquo;ITF, la comp\u00e9tition implique des \u00e9quipes (masculines uniquement) qui doivent passer par les phases de poules avant d&rsquo;atteindre ... Lire la suite","og_url":"https:\/\/tennisbet.net\/fr\/sites-de-paris\/conseils-de-paris-sur-la-coupe-davis\/","og_image":[{"url":"https:\/\/affiliate.intertops.eu\/393496\/uploads\/468x60_itsb_signupbonus_tennis_en.jpg","type":"","width":"","height":""}],"twitter_card":"summary_large_image","twitter_misc":{"Dur\u00e9e de lecture estim\u00e9e":"3 minutes"},"schema":{"@context":"https:\/\/schema.org","@graph":[{"@type":"WebPage","@id":"https:\/\/tennisbet.net\/fr\/sites-de-paris\/conseils-de-paris-sur-la-coupe-davis\/","url":"https:\/\/tennisbet.net\/fr\/sites-de-paris\/conseils-de-paris-sur-la-coupe-davis\/","name":"Parier sur la Coupe Davis","isPartOf":{"@id":"https:\/\/tennisbet.net\/fr\/#website"},"primaryImageOfPage":{"@id":"https:\/\/tennisbet.net\/fr\/sites-de-paris\/conseils-de-paris-sur-la-coupe-davis\/#primaryimage"},"image":{"@id":"https:\/\/tennisbet.net\/fr\/sites-de-paris\/conseils-de-paris-sur-la-coupe-davis\/#primaryimage"},"thumbnailUrl":"https:\/\/affiliate.intertops.eu\/393496\/uploads\/468x60_itsb_signupbonus_tennis_en.jpg","datePublished":"2025-08-02T13:45:37+00:00","breadcrumb":{"@id":"https:\/\/tennisbet.net\/fr\/sites-de-paris\/conseils-de-paris-sur-la-coupe-davis\/#breadcrumb"},"inLanguage":"fr-FR","potentialAction":[{"@type":"ReadAction","target":["https:\/\/tennisbet.net\/fr\/sites-de-paris\/conseils-de-paris-sur-la-coupe-davis\/"]}]},{"@type":"ImageObject","inLanguage":"fr-FR","@id":"https:\/\/tennisbet.net\/fr\/sites-de-paris\/conseils-de-paris-sur-la-coupe-davis\/#primaryimage","url":"https:\/\/affiliate.intertops.eu\/393496\/uploads\/468x60_itsb_signupbonus_tennis_en.jpg","contentUrl":"https:\/\/affiliate.intertops.eu\/393496\/uploads\/468x60_itsb_signupbonus_tennis_en.jpg"},{"@type":"BreadcrumbList","@id":"https:\/\/tennisbet.net\/fr\/sites-de-paris\/conseils-de-paris-sur-la-coupe-davis\/#breadcrumb","itemListElement":[{"@type":"ListItem","position":1,"name":"Home","item":"https:\/\/tennisbet.net\/fr\/"},{"@type":"ListItem","position":2,"name":"Sites de paris","item":"https:\/\/tennisbet.net\/fr\/betting-sites\/"},{"@type":"ListItem","position":3,"name":"Conseils de paris sur la Coupe Davis"}]},{"@type":"WebSite","@id":"https:\/\/tennisbet.net\/fr\/#website","url":"https:\/\/tennisbet.net\/fr\/","name":"","description":"","potentialAction":[{"@type":"SearchAction","target":{"@type":"EntryPoint","urlTemplate":"https:\/\/tennisbet.net\/fr\/?s={search_term_string}"},"query-input":{"@type":"PropertyValueSpecification","valueRequired":true,"valueName":"search_term_string"}}],"inLanguage":"fr-FR"}]}},"_links":{"self":[{"href":"https:\/\/tennisbet.net\/fr\/wp-json\/wp\/v2\/pages\/44","targetHints":{"allow":["GET"]}}],"collection":[{"href":"https:\/\/tennisbet.net\/fr\/wp-json\/wp\/v2\/pages"}],"about":[{"href":"https:\/\/tennisbet.net\/fr\/wp-json\/wp\/v2\/types\/page"}],"author":[{"embeddable":true,"href":"https:\/\/tennisbet.net\/fr\/wp-json\/wp\/v2\/users\/1"}],"replies":[{"embeddable":true,"href":"https:\/\/tennisbet.net\/fr\/wp-json\/wp\/v2\/comments?post=44"}],"version-history":[{"count":0,"href":"https:\/\/tennisbet.net\/fr\/wp-json\/wp\/v2\/pages\/44\/revisions"}],"up":[{"embeddable":true,"href":"https:\/\/tennisbet.net\/fr\/wp-json\/wp\/v2\/pages\/42"}],"wp:attachment":[{"href":"https:\/\/tennisbet.net\/fr\/wp-json\/wp\/v2\/media?parent=44"}],"curies":[{"name":"wp","href":"https:\/\/api.w.org\/{rel}","templated":true}]}}