{"id":46,"date":"2025-08-02T14:13:51","date_gmt":"2025-08-02T14:13:51","guid":{"rendered":"https:\/\/tennisbet.net\/tournois-wta\/"},"modified":"2025-08-02T14:13:51","modified_gmt":"2025-08-02T14:13:51","slug":"tournois-wta","status":"publish","type":"page","link":"https:\/\/tennisbet.net\/fr\/tournois-wta\/","title":{"rendered":"Tournois WTA"},"content":{"rendered":"<h1>Paris en ligne sur les tournois de tennis WTA<\/h1>\n<p>La WTA (Women&rsquo;s Tennis Association) a \u00e9t\u00e9 fond\u00e9e en 1973 par Billie Jean King. Son objectif \u00e9tait de r\u00e9gir le tennis professionnel f\u00e9minin dans le monde entier en organisant plusieurs tournois de classement, en garantissant un syst\u00e8me de classement \u00e9quitable et en s\u00e9parant les formats professionnel et amateur. La WTA a \u00e9t\u00e9 fond\u00e9e gr\u00e2ce au succ\u00e8s de l&rsquo;ATP, l&rsquo;instance dirigeante officielle du tennis masculin.<\/p>\n<p>Au fil des ans, la WTA a continu\u00e9 de se d\u00e9velopper, passant de ses neuf membres initiaux, r\u00e9mun\u00e9r\u00e9s \u00e0 peine 1 dollar chacun pour un contrat exclusif avec l&rsquo;instance dirigeante. L&rsquo;association compte aujourd&rsquo;hui plus de 2\u00a0500 membres qui \u00e9voluent dans des salles du monde entier et qui cumulent une dotation de plus de 100 millions de dollars. L&rsquo;un des plus grands m\u00e9rites de la WTA est qu&rsquo;aujourd&rsquo;hui, les joueuses professionnelles gagnent autant d&rsquo;argent que les joueuses ATP.<\/p>\n<h2>Tournois WTA<\/h2>\n<p>Le point culminant du calendrier du circuit WTA est le dernier tournoi de la saison avec les WTA Tour Championships. Ce tournoi r\u00e9unit les 8 meilleures joueuses du monde, r\u00e9parties en deux groupes de quatre avant de se qualifier pour les demi-finales et la finale. La dotation du tournoi a atteint pr\u00e8s de 5 millions de dollars en 2011, ce qui en fait le plus grand tournoi de tennis f\u00e9minin hors tournois majeurs.<\/p>\n<p>Viennent ensuite les tournois Premier. Relativement nouveaux dans le calendrier du tennis f\u00e9minin depuis leur introduction en 2009, ils sont divis\u00e9s en trois sections\u00a0: Premier Mandatory, Premier Five et Premier. Les comp\u00e9titions Premier Mandatory offrent des dotations de 4,5 millions de dollars chacune pour les joueurs et les joueuses. Il n&rsquo;en existe que quatre dans le monde, organis\u00e9s dans des villes comme Indian Wells, Miami, Madrid et P\u00e9kin.<\/p>\n<p>Les tournois Premier Five sont cinq comp\u00e9titions organis\u00e9es \u00e0 Duba\u00ef, Rome, Cincinnati, Toronto et Tokyo. Contrairement au tournoi Premier Mandatory, la dotation de 2 millions de dollars est exclusivement r\u00e9serv\u00e9e aux matchs f\u00e9minins. Les \u00e9v\u00e9nements Premier comprennent dix autres tournois organis\u00e9s dans le monde entier, avec des prix allant de 600\u00a0000 \u00e0 1 million de dollars, selon les sponsors.<\/p>\n<p>Deux autres s\u00e9ries de tournois b\u00e9n\u00e9ficient d&rsquo;un public plus large, mais sont moins exclusives\u00a0: Il s&rsquo;agit des tournois internationaux (31 tournois dans le monde avec une dotation fixe de 225\u00a0000 $ par \u00e9v\u00e9nement) et des tournois Challenger (3 tournois avec une dotation fixe de 125\u00a0000 \u00a3).<\/p>\n<h2>Meilleurs sites de paris WTA<\/h2>\n<h3>Bet365 \u2013 Hors \u00c9tats-Unis<\/h3>\n<p>Bet365 est sans conteste le meilleur site pour parier sur la WTA. Non seulement ils proposent tous les tournois de la s\u00e9rie Premier Tournament, mais leur couverture des tournois internationaux et du circuit Challenger est \u00e9galement excellente. De plus, ils proposent souvent la diffusion en direct de nombreux matchs importants, ce qui vous permet de regarder et de parier en direct. <a href=\"go\/bet365.html\" target=\"_blank\"><span style=\"text-decoration: underline;\">Inscrivez-vous via ce lien.<\/span><\/a><\/p>\n<p><span id='tag20190325103443'><\/span><script type=\"text\/javascript\" src='https:\/\/imstore.bet365affiliates.com\/PopulateText.aspx?AffiliateId=16831&#038;AffiliateCode=365_168143&#038;TagName=tag20190325103443&#038;CID=690&#038;PID=149&#038;LNG=1&#038;NewWindow=Y&#038;Mask=N'><\/script><script type=\"text\/javascript\">document.getElementById('tag20190325103443').innerHTML = returnText_tag20190325103443();<\/script><\/p>\n<h3>Intertops \u2013 Match amical contre les \u00c9tats-Unis<\/h3>\n<p style=\"text-align: center;\"><a href=\"http:\/\/link.intertops.eu\/c\/393496\/297309\" target=\"_blank\" rel=\"noopener\"><img decoding=\"async\" src=\"https:\/\/affiliate.intertops.eu\/393496\/uploads\/468x60_itsb_signupbonus_tennis_en.jpg\" alt=\"\" \/><\/a><\/p>\n<p>Intertops est l&rsquo;un des plus grands sites de paris amicaux contre les \u00c9tats-Unis et il ne sera pas surprenant d&rsquo;apprendre qu&rsquo;il est l&rsquo;un des meilleurs pour la couverture de la WTA. Bien que la couverture du march\u00e9 ne soit pas aussi \u00e9tendue que celle de Bet365, ils proposent une bonne vari\u00e9t\u00e9 de tournois et de matchs sur lesquels parier tout au long de la saison. De plus, vous pouvez parier sur de nombreux \u00e9v\u00e9nements se d\u00e9roulant pendant un match en cours.<\/p>\n<p><a href=\"go\/intertopsen.html\" target=\"_blank\"><span style=\"text-decoration: underline;\">En cr\u00e9ant un compte sur Intertops via ce lien bonus<\/span><\/a>, vous pouvez b\u00e9n\u00e9ficier d&rsquo;un bonus de 200 $, soit 100 % de votre d\u00e9p\u00f4t initial.<\/p>\n","protected":false},"excerpt":{"rendered":"<p>Paris en ligne sur les tournois de tennis WTA La WTA (Women&rsquo;s Tennis Association) a \u00e9t\u00e9 fond\u00e9e en 1973 par Billie Jean King. Son objectif \u00e9tait de r\u00e9gir le tennis professionnel f\u00e9minin dans le monde entier en organisant plusieurs tournois de classement, en garantissant un syst\u00e8me de classement \u00e9quitable et en s\u00e9parant les formats professionnel &#8230; <a title=\"Tournois WTA\" class=\"read-more\" href=\"https:\/\/tennisbet.net\/fr\/tournois-wta\/\" aria-label=\"En savoir plus sur Tournois WTA\">Lire la suite<\/a><\/p>\n","protected":false},"author":1,"featured_media":0,"parent":0,"menu_order":0,"comment_status":"closed","ping_status":"closed","template":"","meta":{"footnotes":""},"class_list":["post-46","page","type-page","status-publish"],"yoast_head":"<!-- This site is optimized with the Yoast SEO plugin v27.4 - https:\/\/yoast.com\/product\/yoast-seo-wordpress\/ -->\n<title>Parier sur les tournois WTA<\/title>\n<meta name=\"robots\" content=\"index, follow, max-snippet:-1, max-image-preview:large, max-video-preview:-1\" \/>\n<link rel=\"canonical\" href=\"https:\/\/tennisbet.net\/fr\/tournois-wta\/\" \/>\n<meta property=\"og:locale\" content=\"fr_FR\" \/>\n<meta property=\"og:type\" content=\"article\" \/>\n<meta property=\"og:title\" content=\"Parier sur les tournois WTA\" \/>\n<meta property=\"og:description\" content=\"Paris en ligne sur les tournois de tennis WTA La WTA (Women&rsquo;s Tennis Association) a \u00e9t\u00e9 fond\u00e9e en 1973 par Billie Jean King. Son objectif \u00e9tait de r\u00e9gir le tennis professionnel f\u00e9minin dans le monde entier en organisant plusieurs tournois de classement, en garantissant un syst\u00e8me de classement \u00e9quitable et en s\u00e9parant les formats professionnel ... Lire la suite\" \/>\n<meta property=\"og:url\" content=\"https:\/\/tennisbet.net\/fr\/tournois-wta\/\" \/>\n<meta property=\"og:image\" content=\"https:\/\/affiliate.intertops.eu\/393496\/uploads\/468x60_itsb_signupbonus_tennis_en.jpg\" \/>\n<meta name=\"twitter:card\" content=\"summary_large_image\" \/>\n<meta name=\"twitter:label1\" content=\"Dur\u00e9e de lecture estim\u00e9e\" \/>\n\t<meta name=\"twitter:data1\" content=\"3 minutes\" \/>\n<script type=\"application\/ld+json\" class=\"yoast-schema-graph\">{\"@context\":\"https:\\\/\\\/schema.org\",\"@graph\":[{\"@type\":\"WebPage\",\"@id\":\"https:\\\/\\\/tennisbet.net\\\/fr\\\/tournois-wta\\\/\",\"url\":\"https:\\\/\\\/tennisbet.net\\\/fr\\\/tournois-wta\\\/\",\"name\":\"Parier sur les tournois WTA\",\"isPartOf\":{\"@id\":\"https:\\\/\\\/tennisbet.net\\\/fr\\\/#website\"},\"primaryImageOfPage\":{\"@id\":\"https:\\\/\\\/tennisbet.net\\\/fr\\\/tournois-wta\\\/#primaryimage\"},\"image\":{\"@id\":\"https:\\\/\\\/tennisbet.net\\\/fr\\\/tournois-wta\\\/#primaryimage\"},\"thumbnailUrl\":\"https:\\\/\\\/affiliate.intertops.eu\\\/393496\\\/uploads\\\/468x60_itsb_signupbonus_tennis_en.jpg\",\"datePublished\":\"2025-08-02T14:13:51+00:00\",\"breadcrumb\":{\"@id\":\"https:\\\/\\\/tennisbet.net\\\/fr\\\/tournois-wta\\\/#breadcrumb\"},\"inLanguage\":\"fr-FR\",\"potentialAction\":[{\"@type\":\"ReadAction\",\"target\":[\"https:\\\/\\\/tennisbet.net\\\/fr\\\/tournois-wta\\\/\"]}]},{\"@type\":\"ImageObject\",\"inLanguage\":\"fr-FR\",\"@id\":\"https:\\\/\\\/tennisbet.net\\\/fr\\\/tournois-wta\\\/#primaryimage\",\"url\":\"https:\\\/\\\/affiliate.intertops.eu\\\/393496\\\/uploads\\\/468x60_itsb_signupbonus_tennis_en.jpg\",\"contentUrl\":\"https:\\\/\\\/affiliate.intertops.eu\\\/393496\\\/uploads\\\/468x60_itsb_signupbonus_tennis_en.jpg\"},{\"@type\":\"BreadcrumbList\",\"@id\":\"https:\\\/\\\/tennisbet.net\\\/fr\\\/tournois-wta\\\/#breadcrumb\",\"itemListElement\":[{\"@type\":\"ListItem\",\"position\":1,\"name\":\"Home\",\"item\":\"https:\\\/\\\/tennisbet.net\\\/fr\\\/\"},{\"@type\":\"ListItem\",\"position\":2,\"name\":\"Tournois WTA\"}]},{\"@type\":\"WebSite\",\"@id\":\"https:\\\/\\\/tennisbet.net\\\/fr\\\/#website\",\"url\":\"https:\\\/\\\/tennisbet.net\\\/fr\\\/\",\"name\":\"\",\"description\":\"\",\"potentialAction\":[{\"@type\":\"SearchAction\",\"target\":{\"@type\":\"EntryPoint\",\"urlTemplate\":\"https:\\\/\\\/tennisbet.net\\\/fr\\\/?s={search_term_string}\"},\"query-input\":{\"@type\":\"PropertyValueSpecification\",\"valueRequired\":true,\"valueName\":\"search_term_string\"}}],\"inLanguage\":\"fr-FR\"}]}<\/script>\n<!-- \/ Yoast SEO plugin. -->","yoast_head_json":{"title":"Parier sur les tournois WTA","robots":{"index":"index","follow":"follow","max-snippet":"max-snippet:-1","max-image-preview":"max-image-preview:large","max-video-preview":"max-video-preview:-1"},"canonical":"https:\/\/tennisbet.net\/fr\/tournois-wta\/","og_locale":"fr_FR","og_type":"article","og_title":"Parier sur les tournois WTA","og_description":"Paris en ligne sur les tournois de tennis WTA La WTA (Women&rsquo;s Tennis Association) a \u00e9t\u00e9 fond\u00e9e en 1973 par Billie Jean King. Son objectif \u00e9tait de r\u00e9gir le tennis professionnel f\u00e9minin dans le monde entier en organisant plusieurs tournois de classement, en garantissant un syst\u00e8me de classement \u00e9quitable et en s\u00e9parant les formats professionnel ... Lire la suite","og_url":"https:\/\/tennisbet.net\/fr\/tournois-wta\/","og_image":[{"url":"https:\/\/affiliate.intertops.eu\/393496\/uploads\/468x60_itsb_signupbonus_tennis_en.jpg","type":"","width":"","height":""}],"twitter_card":"summary_large_image","twitter_misc":{"Dur\u00e9e de lecture estim\u00e9e":"3 minutes"},"schema":{"@context":"https:\/\/schema.org","@graph":[{"@type":"WebPage","@id":"https:\/\/tennisbet.net\/fr\/tournois-wta\/","url":"https:\/\/tennisbet.net\/fr\/tournois-wta\/","name":"Parier sur les tournois WTA","isPartOf":{"@id":"https:\/\/tennisbet.net\/fr\/#website"},"primaryImageOfPage":{"@id":"https:\/\/tennisbet.net\/fr\/tournois-wta\/#primaryimage"},"image":{"@id":"https:\/\/tennisbet.net\/fr\/tournois-wta\/#primaryimage"},"thumbnailUrl":"https:\/\/affiliate.intertops.eu\/393496\/uploads\/468x60_itsb_signupbonus_tennis_en.jpg","datePublished":"2025-08-02T14:13:51+00:00","breadcrumb":{"@id":"https:\/\/tennisbet.net\/fr\/tournois-wta\/#breadcrumb"},"inLanguage":"fr-FR","potentialAction":[{"@type":"ReadAction","target":["https:\/\/tennisbet.net\/fr\/tournois-wta\/"]}]},{"@type":"ImageObject","inLanguage":"fr-FR","@id":"https:\/\/tennisbet.net\/fr\/tournois-wta\/#primaryimage","url":"https:\/\/affiliate.intertops.eu\/393496\/uploads\/468x60_itsb_signupbonus_tennis_en.jpg","contentUrl":"https:\/\/affiliate.intertops.eu\/393496\/uploads\/468x60_itsb_signupbonus_tennis_en.jpg"},{"@type":"BreadcrumbList","@id":"https:\/\/tennisbet.net\/fr\/tournois-wta\/#breadcrumb","itemListElement":[{"@type":"ListItem","position":1,"name":"Home","item":"https:\/\/tennisbet.net\/fr\/"},{"@type":"ListItem","position":2,"name":"Tournois WTA"}]},{"@type":"WebSite","@id":"https:\/\/tennisbet.net\/fr\/#website","url":"https:\/\/tennisbet.net\/fr\/","name":"","description":"","potentialAction":[{"@type":"SearchAction","target":{"@type":"EntryPoint","urlTemplate":"https:\/\/tennisbet.net\/fr\/?s={search_term_string}"},"query-input":{"@type":"PropertyValueSpecification","valueRequired":true,"valueName":"search_term_string"}}],"inLanguage":"fr-FR"}]}},"_links":{"self":[{"href":"https:\/\/tennisbet.net\/fr\/wp-json\/wp\/v2\/pages\/46","targetHints":{"allow":["GET"]}}],"collection":[{"href":"https:\/\/tennisbet.net\/fr\/wp-json\/wp\/v2\/pages"}],"about":[{"href":"https:\/\/tennisbet.net\/fr\/wp-json\/wp\/v2\/types\/page"}],"author":[{"embeddable":true,"href":"https:\/\/tennisbet.net\/fr\/wp-json\/wp\/v2\/users\/1"}],"replies":[{"embeddable":true,"href":"https:\/\/tennisbet.net\/fr\/wp-json\/wp\/v2\/comments?post=46"}],"version-history":[{"count":0,"href":"https:\/\/tennisbet.net\/fr\/wp-json\/wp\/v2\/pages\/46\/revisions"}],"wp:attachment":[{"href":"https:\/\/tennisbet.net\/fr\/wp-json\/wp\/v2\/media?parent=46"}],"curies":[{"name":"wp","href":"https:\/\/api.w.org\/{rel}","templated":true}]}}