{"id":48,"date":"2025-08-02T14:10:58","date_gmt":"2025-08-02T14:10:58","guid":{"rendered":"https:\/\/tennisbet.net\/comment-obtenir-des-billets-mega-millions\/"},"modified":"2025-08-02T14:10:58","modified_gmt":"2025-08-02T14:10:58","slug":"comment-obtenir-des-billets-mega-millions","status":"publish","type":"page","link":"https:\/\/tennisbet.net\/fr\/comment-obtenir-des-billets-mega-millions\/","title":{"rendered":"Comment obtenir des billets Mega Millions"},"content":{"rendered":"<h1>Comment obtenir des tickets Mega Millions<\/h1>\n<p>Si vous souhaitez jouer au Mega Millions, vous vous demandez comment obtenir ce ticket et tenter de remporter ce prix de plusieurs millions de dollars. Vous serez ravi d&rsquo;apprendre qu&rsquo;il est tr\u00e8s simple d&rsquo;acheter un ticket, et encore plus si vous optez pour l&rsquo;achat de tickets de loterie en ligne.<\/p>\n<h2>Acheter votre ticket<\/h2>\n<p>Lorsque vous \u00eates pr\u00eat \u00e0 acheter un ticket, il vous suffit de vous rendre sur RedFoxLotto.com<\/a> et de cr\u00e9er un compte. Une fois votre compte cr\u00e9\u00e9, vous pouvez acheter les tickets de votre choix pour le <a href=\"https:\/\/redfoxlotto.com\/lotteries\/powerball\" target=\"_blank\" rel=\"noopener\">Powerball<\/a>, l&rsquo;<a href=\"https:\/\/redfoxlotto.com\/lotteries\/euromillions\" target=\"_blank\" rel=\"noopener\">EuroMillions<\/a> ou le Mega Millions. Il vous suffit de choisir les num\u00e9ros que vous souhaitez jouer.<\/p>\n<p>D\u00e9couvrez les diff\u00e9rentes options de tickets et de jeux disponibles, puis commencez \u00e0 choisir vos <a href=\"https:\/\/redfoxlotto.com\/results\/\" target=\"_blank\" rel=\"noopener\">num\u00e9ros de loto<\/a>. Vous pouvez choisir les cinq num\u00e9ros r\u00e9guliers entre 1 et 70. Ensuite, vous pouvez choisir un num\u00e9ro Mega Ball, compris entre 1 et 25. Vous pouvez \u00e9galement opter pour une S\u00e9lection Rapide ou une S\u00e9lection Facile qui s\u00e9lectionneront les num\u00e9ros pour vous.<\/p>\n<p>Une fois vos num\u00e9ros d\u00e9termin\u00e9s, vous pouvez ajouter le Megaplier pour augmenter vos gains hors jackpot ou opter pour l&rsquo;option Tirages Multiples afin que votre ticket soit valable pour plusieurs tirages. Ensuite, vous pouvez proc\u00e9der \u00e0 l&rsquo;achat pour obtenir votre ticket. Avec RedFoxLotto.com, c&rsquo;est tout ce que vous avez \u00e0 faire.<\/p>\n<h2>Attendre les R\u00e9sultats<\/h2>\n<p>Le plus difficile lors de l&rsquo;achat d&rsquo;un ticket est probablement l&rsquo;attente des r\u00e9sultats. C&rsquo;est l\u00e0 que la patience entre en jeu. D\u00e8s la fin du tirage, vous pouvez consulter les r\u00e9sultats et comparer imm\u00e9diatement vos num\u00e9ros avec les num\u00e9ros gagnants. C&rsquo;est parce que RedFoxLotto.com vous montre tous les num\u00e9ros directement sur votre compte.<\/p>\n<p>Si vous avez gagn\u00e9 quelque chose, vous le recevrez imm\u00e9diatement et vous pourrez voir ce que vous avez gagn\u00e9 et comment. Sinon, vous pouvez toujours comparer vos num\u00e9ros avec les num\u00e9ros gagnants du <a href=\"http:\/\/lottomax24.com\/\" target=\"_blank\" rel=\"noopener\">loto<\/a>. Et si vous remportez un gros lot, vous obtiendrez des informations sur la proc\u00e9dure \u00e0 suivre pour le r\u00e9clamer.<\/p>\n<h2>Le processus est simple.<\/h2>\n<p>Pour tenter de remporter les gros lots souvent tir\u00e9s au sort avec le <a href=\"https:\/\/redfoxlotto.com\/lotteries\/mega-millions\" target=\"_blank\" rel=\"noopener\">Mega Millions<\/a>, d\u00e9couvrez comment jouer au loto en ligne, ce qui simplifiera grandement le processus.<\/p>\n","protected":false},"excerpt":{"rendered":"<p>Comment obtenir des tickets Mega Millions Si vous souhaitez jouer au Mega Millions, vous vous demandez comment obtenir ce ticket et tenter de remporter ce prix de plusieurs millions de dollars. Vous serez ravi d&rsquo;apprendre qu&rsquo;il est tr\u00e8s simple d&rsquo;acheter un ticket, et encore plus si vous optez pour l&rsquo;achat de tickets de loterie en &#8230; <a title=\"Comment obtenir des billets Mega Millions\" class=\"read-more\" href=\"https:\/\/tennisbet.net\/fr\/comment-obtenir-des-billets-mega-millions\/\" aria-label=\"En savoir plus sur Comment obtenir des billets Mega Millions\">Lire la suite<\/a><\/p>\n","protected":false},"author":1,"featured_media":0,"parent":0,"menu_order":0,"comment_status":"closed","ping_status":"closed","template":"","meta":{"footnotes":""},"class_list":["post-48","page","type-page","status-publish"],"yoast_head":"<!-- This site is optimized with the Yoast SEO plugin v27.4 - https:\/\/yoast.com\/product\/yoast-seo-wordpress\/ -->\n<title>Comment obtenir des billets Mega Millions<\/title>\n<meta name=\"robots\" content=\"index, follow, max-snippet:-1, max-image-preview:large, max-video-preview:-1\" \/>\n<link rel=\"canonical\" href=\"https:\/\/tennisbet.net\/fr\/comment-obtenir-des-billets-mega-millions\/\" \/>\n<meta property=\"og:locale\" content=\"fr_FR\" \/>\n<meta property=\"og:type\" content=\"article\" \/>\n<meta property=\"og:title\" content=\"Comment obtenir des billets Mega Millions\" \/>\n<meta property=\"og:description\" content=\"Comment obtenir des tickets Mega Millions Si vous souhaitez jouer au Mega Millions, vous vous demandez comment obtenir ce ticket et tenter de remporter ce prix de plusieurs millions de dollars. Vous serez ravi d&rsquo;apprendre qu&rsquo;il est tr\u00e8s simple d&rsquo;acheter un ticket, et encore plus si vous optez pour l&rsquo;achat de tickets de loterie en ... Lire la suite\" \/>\n<meta property=\"og:url\" content=\"https:\/\/tennisbet.net\/fr\/comment-obtenir-des-billets-mega-millions\/\" \/>\n<meta name=\"twitter:card\" content=\"summary_large_image\" \/>\n<meta name=\"twitter:label1\" content=\"Dur\u00e9e de lecture estim\u00e9e\" \/>\n\t<meta name=\"twitter:data1\" content=\"2 minutes\" \/>\n<script type=\"application\/ld+json\" class=\"yoast-schema-graph\">{\"@context\":\"https:\\\/\\\/schema.org\",\"@graph\":[{\"@type\":\"WebPage\",\"@id\":\"https:\\\/\\\/tennisbet.net\\\/fr\\\/comment-obtenir-des-billets-mega-millions\\\/\",\"url\":\"https:\\\/\\\/tennisbet.net\\\/fr\\\/comment-obtenir-des-billets-mega-millions\\\/\",\"name\":\"Comment obtenir des billets Mega Millions\",\"isPartOf\":{\"@id\":\"https:\\\/\\\/tennisbet.net\\\/fr\\\/#website\"},\"datePublished\":\"2025-08-02T14:10:58+00:00\",\"breadcrumb\":{\"@id\":\"https:\\\/\\\/tennisbet.net\\\/fr\\\/comment-obtenir-des-billets-mega-millions\\\/#breadcrumb\"},\"inLanguage\":\"fr-FR\",\"potentialAction\":[{\"@type\":\"ReadAction\",\"target\":[\"https:\\\/\\\/tennisbet.net\\\/fr\\\/comment-obtenir-des-billets-mega-millions\\\/\"]}]},{\"@type\":\"BreadcrumbList\",\"@id\":\"https:\\\/\\\/tennisbet.net\\\/fr\\\/comment-obtenir-des-billets-mega-millions\\\/#breadcrumb\",\"itemListElement\":[{\"@type\":\"ListItem\",\"position\":1,\"name\":\"Home\",\"item\":\"https:\\\/\\\/tennisbet.net\\\/fr\\\/\"},{\"@type\":\"ListItem\",\"position\":2,\"name\":\"Comment obtenir des billets Mega Millions\"}]},{\"@type\":\"WebSite\",\"@id\":\"https:\\\/\\\/tennisbet.net\\\/fr\\\/#website\",\"url\":\"https:\\\/\\\/tennisbet.net\\\/fr\\\/\",\"name\":\"\",\"description\":\"\",\"potentialAction\":[{\"@type\":\"SearchAction\",\"target\":{\"@type\":\"EntryPoint\",\"urlTemplate\":\"https:\\\/\\\/tennisbet.net\\\/fr\\\/?s={search_term_string}\"},\"query-input\":{\"@type\":\"PropertyValueSpecification\",\"valueRequired\":true,\"valueName\":\"search_term_string\"}}],\"inLanguage\":\"fr-FR\"}]}<\/script>\n<!-- \/ Yoast SEO plugin. -->","yoast_head_json":{"title":"Comment obtenir des billets Mega Millions","robots":{"index":"index","follow":"follow","max-snippet":"max-snippet:-1","max-image-preview":"max-image-preview:large","max-video-preview":"max-video-preview:-1"},"canonical":"https:\/\/tennisbet.net\/fr\/comment-obtenir-des-billets-mega-millions\/","og_locale":"fr_FR","og_type":"article","og_title":"Comment obtenir des billets Mega Millions","og_description":"Comment obtenir des tickets Mega Millions Si vous souhaitez jouer au Mega Millions, vous vous demandez comment obtenir ce ticket et tenter de remporter ce prix de plusieurs millions de dollars. Vous serez ravi d&rsquo;apprendre qu&rsquo;il est tr\u00e8s simple d&rsquo;acheter un ticket, et encore plus si vous optez pour l&rsquo;achat de tickets de loterie en ... Lire la suite","og_url":"https:\/\/tennisbet.net\/fr\/comment-obtenir-des-billets-mega-millions\/","twitter_card":"summary_large_image","twitter_misc":{"Dur\u00e9e de lecture estim\u00e9e":"2 minutes"},"schema":{"@context":"https:\/\/schema.org","@graph":[{"@type":"WebPage","@id":"https:\/\/tennisbet.net\/fr\/comment-obtenir-des-billets-mega-millions\/","url":"https:\/\/tennisbet.net\/fr\/comment-obtenir-des-billets-mega-millions\/","name":"Comment obtenir des billets Mega Millions","isPartOf":{"@id":"https:\/\/tennisbet.net\/fr\/#website"},"datePublished":"2025-08-02T14:10:58+00:00","breadcrumb":{"@id":"https:\/\/tennisbet.net\/fr\/comment-obtenir-des-billets-mega-millions\/#breadcrumb"},"inLanguage":"fr-FR","potentialAction":[{"@type":"ReadAction","target":["https:\/\/tennisbet.net\/fr\/comment-obtenir-des-billets-mega-millions\/"]}]},{"@type":"BreadcrumbList","@id":"https:\/\/tennisbet.net\/fr\/comment-obtenir-des-billets-mega-millions\/#breadcrumb","itemListElement":[{"@type":"ListItem","position":1,"name":"Home","item":"https:\/\/tennisbet.net\/fr\/"},{"@type":"ListItem","position":2,"name":"Comment obtenir des billets Mega Millions"}]},{"@type":"WebSite","@id":"https:\/\/tennisbet.net\/fr\/#website","url":"https:\/\/tennisbet.net\/fr\/","name":"","description":"","potentialAction":[{"@type":"SearchAction","target":{"@type":"EntryPoint","urlTemplate":"https:\/\/tennisbet.net\/fr\/?s={search_term_string}"},"query-input":{"@type":"PropertyValueSpecification","valueRequired":true,"valueName":"search_term_string"}}],"inLanguage":"fr-FR"}]}},"_links":{"self":[{"href":"https:\/\/tennisbet.net\/fr\/wp-json\/wp\/v2\/pages\/48","targetHints":{"allow":["GET"]}}],"collection":[{"href":"https:\/\/tennisbet.net\/fr\/wp-json\/wp\/v2\/pages"}],"about":[{"href":"https:\/\/tennisbet.net\/fr\/wp-json\/wp\/v2\/types\/page"}],"author":[{"embeddable":true,"href":"https:\/\/tennisbet.net\/fr\/wp-json\/wp\/v2\/users\/1"}],"replies":[{"embeddable":true,"href":"https:\/\/tennisbet.net\/fr\/wp-json\/wp\/v2\/comments?post=48"}],"version-history":[{"count":0,"href":"https:\/\/tennisbet.net\/fr\/wp-json\/wp\/v2\/pages\/48\/revisions"}],"wp:attachment":[{"href":"https:\/\/tennisbet.net\/fr\/wp-json\/wp\/v2\/media?parent=48"}],"curies":[{"name":"wp","href":"https:\/\/api.w.org\/{rel}","templated":true}]}}