{"id":50,"date":"2025-08-02T14:09:37","date_gmt":"2025-08-02T14:09:37","guid":{"rendered":"https:\/\/tennisbet.net\/prise-correcte-pour-votre-coup-droit-et-votre-revers\/"},"modified":"2025-08-04T14:13:08","modified_gmt":"2025-08-04T14:13:08","slug":"prise-correcte-pour-votre-coup-droit-et-votre-revers","status":"publish","type":"page","link":"https:\/\/tennisbet.net\/fr\/comment-devenir-un-joueur-de-tennis-professionnel\/prise-correcte-pour-votre-coup-droit-et-votre-revers\/","title":{"rendered":"Prise correcte pour votre coup droit et votre revers"},"content":{"rendered":"<h1>Votre prise de coup droit et de revers est-elle correcte\u00a0?<\/h1>\n<p>En tant qu&rsquo;entra\u00eeneur, on me demandait souvent\u00a0: \u00ab\u00a0Pouvez-vous am\u00e9liorer mon coup droit ou mon revers sans que je doive changer de prise\u00a0?\u00bb La r\u00e9ponse est toujours la m\u00eame\u00a0: \u00ab\u00a0Oui, je peux am\u00e9liorer votre coup droit ou votre revers, mais si vous utilisez une prise inadapt\u00e9e au coup que vous visez, l&rsquo;am\u00e9lioration sera marginale.\u00bb Dans une telle situation, un entra\u00eeneur ne peut faire que deux choses\u00a0:<\/p>\n<ol>\n<li>Il peut vous montrer comment utiliser votre technique actuelle de mani\u00e8re plus intelligente. Imaginons que vous jouiez votre coup droit avec une prise continentale (\u00ab\u00a0marteau\u00a0\u00bb). Avec une telle prise, vous aurez du mal \u00e0 frapper un coup lift\u00e9. Mais il y a des choses que vous pouvez faire, comme frapper des coups plut\u00f4t \u00ab\u00a0droits\u00a0\u00bb (avec peu ou pas de rotation vers l&rsquo;avant de la balle). Vous pouvez \u00e9galement prendre la balle au point le plus haut (id\u00e9alement au-dessus du filet) et frapper un slice profond.<\/li>\n<li>Il peut travailler la qualit\u00e9 du coup, en cherchant (dans cet ordre) \u00e0 am\u00e9liorer la r\u00e9gularit\u00e9, la profondeur et la pr\u00e9cision. Pour ce faire, il s&rsquo;entra\u00eene simplement \u00e0 effectuer le coup avec un objectif pr\u00e9cis en t\u00eate. Par exemple, essayer de faire atterrir la balle \u00e0 deux m\u00e8tres de la ligne de fond d&rsquo;abord, puis \u00e0 un m\u00e8tre, puis encore plus pr\u00e8s\u00a0; ou travailler les diff\u00e9rents angles, ou encore toucher certaines zones de but, etc.<\/li>\n<\/ol>\n<h2>Faut-il changer de prise\u00a0?<\/h2>\n<p>Si votre entra\u00eeneur vous dit que votre prise n&rsquo;est pas adapt\u00e9e \u00e0 ce que vous recherchez, vous devriez probablement l&rsquo;\u00e9couter. Changer de prise pour am\u00e9liorer un coup est un processus long, et la plupart des joueurs h\u00e9sitent \u00e0 le faire. Mais si vous jouez en prise continentale en coup droit et en revers, il y a de fortes chances que vous ayez commenc\u00e9 le tennis en Les ann\u00e9es 1970 ou 1980, ou l&rsquo;entra\u00eeneur de tennis qui vous a initi\u00e9 \u00e9tait bloqu\u00e9 dans les ann\u00e9es 70 ou 80, ou encore vous n&rsquo;avez jamais eu d&rsquo;entra\u00eeneur.<\/p>\n<p>Dans ce cas, vous devrez faire un choix\u00a0: conserver votre technique et accepter de ne jamais avoir un coup droit ou un revers vraiment puissant, ou recommencer et accepter que votre jeu sera moins bon pendant un certain temps avant de s&rsquo;am\u00e9liorer. Il faudra au moins un an pour que la nouvelle technique soit suffisamment constante. J&rsquo;entends par l\u00e0 constante en match sous pression. En attendant, vos r\u00e9sultats en match seront probablement moins bons qu&rsquo;avant. Vous devrez beaucoup vous entra\u00eener avec la nouvelle technique. Mais une fois que vous aurez confiance en ce nouveau coup, vous constaterez que votre jeu s&rsquo;est am\u00e9lior\u00e9 au-del\u00e0 de ce que vous pouviez faire auparavant.<\/p>\n<p>Voici un bon conseil\u00a0: une fois que le nouveau coup semble stable, le mieux qui puisse vous arriver est de jouer un match contre quelqu&rsquo;un que vous ne pouvez esp\u00e9rer battre. Fixez-vous un objectif diff\u00e9rent\u00a0: non pas gagner le match, mais simplement utiliser la nouvelle technique dans toutes les situations possibles, quel que soit le score. Vous pouvez faire de m\u00eame face \u00e0 un joueur que vous battrez \u00e0 coup s\u00fbr, quoi qu&rsquo;il arrive.<\/p>\n<p>Ce sont ces types de matchs qui peuvent vous aider \u00e0 \u00e9tablir la confiance n\u00e9cessaire pour qu&rsquo;une nouvelle technique fonctionne \u00ab\u00a0sous pression\u00a0\u00bb. Et c&rsquo;est pr\u00e9cis\u00e9ment le but des s\u00e9ances d&rsquo;entra\u00eenement. Il s&rsquo;agit de savoir que vous avez pratiqu\u00e9 ce coup sp\u00e9cifique, ou cette situation sp\u00e9cifique. Vous saurez que vous \u00eates pr\u00eat, et il ne vous restera plus qu&rsquo;\u00e0 l&rsquo;ex\u00e9cuter, sans avoir \u00e0 y penser. Laissez simplement la m\u00e9moire motrice du corps prendre le contr\u00f4le, et tout devrait bien se passer.<\/p>\n<h2>Quelles prises sont r\u00e9ellement recommand\u00e9es pour une technique \u00ab\u00a0moderne\u00a0\u00bb\u00a0?<\/h2>\n<p>Avant d&rsquo;aborder les techniques et les prises, je vais d&rsquo;abord expliquer deux choses\u00a0:<\/p>\n<ol>\n<li>Au tennis moderne, contrairement \u00e0 il y a 30\u00a0ans, un coup de fond de court puissant ne repose pas sur la force musculaire, mais sur une tension et une rotation coordonn\u00e9es de tout le corps, et sur un mouvement qui ressemble \u00e0 un \u00ab\u00a0lancer\u00a0\u00bb dynamique de la raquette vers la balle. Le principal changement est survenu lorsque les joueurs ont abandonn\u00e9 la position ferm\u00e9e (position coup droit d&rsquo;un droitier avec le pied gauche en avant). Avec cette technique, la rotation du corps est r\u00e9duite et la balle est frapp\u00e9e relativement tard, loin devant.<\/li>\n<li>Ces anciennes techniques ignoraient les fondamentaux du tennis\u00a0: le terrain est compos\u00e9 a) d&rsquo;un obstacle au milieu et b) d&rsquo;une ligne de fond de court d\u00e9limitant le fond du terrain de l&rsquo;adversaire. Ceci dit, quelle est la solution la plus logique \u00e0 ces deux probl\u00e8mes\u00a0? Une balle qui passe le filet \u00e0 une hauteur minimale, puis qui a tendance \u00e0 retomber plus vite \u00e0 mesure qu&rsquo;elle se rapproche de la ligne de fond de court.<\/li>\n<\/ol>\n<p>Vous voyez o\u00f9 nous voulons en venir\u00a0? Il faut pouvoir frapper le coup droit et le revers avec au moins une l\u00e9g\u00e8re rotation vers l&rsquo;avant, par exemple en lift. Je ne dis pas qu&rsquo;il faut un lift important en permanence. Mais il faut pouvoir contr\u00f4ler la profondeur de son coup en ajoutant suffisamment de lift pour qu&rsquo;il atterrisse dans la zone souhait\u00e9e. Et en fait, dans des situations sp\u00e9cifiques, vous voudrezR\u00e9duire l&rsquo;effet lift\u00e9 afin de maximiser la vitesse de frappe pour un coup gagnant. Mais une fois que vous ma\u00eetrisez une technique de base pour l&rsquo;effet lift\u00e9, passer d&rsquo;un effet plus important \u00e0 un effet plus faible est bien plus facile que de passer d&rsquo;un coup droit rapide \u00e0 un coup plus s\u00fbr en r\u00e9duisant la vitesse de frappe.<\/p>\n<h2>Comment apprendre \u00e0 jouer un coup droit et un revers lift\u00e9s\u00a0?<\/h2>\n<p>Pour les deux coups, vous devez \u00eatre capable de frapper la balle bien devant votre corps. Observez le mouvement de la raquette lors de la frappe. \u00c0 quel point la raquette commence-t-elle son mouvement naturel vers le haut\u00a0? C&rsquo;est la zone o\u00f9 vous devez frapper la balle. Cette zone doit se situer au moins 40 \u00e0 50\u00a0cm devant le centre de votre corps, sinon vous ne pourrez pas pivoter votre corps vers la balle.<\/p>\n<p>Le concept le plus important ici est celui du \u00ab\u00a0point de contact\u00a0\u00bb. \u00c9videmment, au point de contact, deux choses doivent se produire pour frapper une balle en rotation avant\u00a0:<\/p>\n<ol>\n<li>La raquette doit avoir amorc\u00e9 un mouvement ascendant vers le point de contact. Un mouvement ascendant plus prononc\u00e9 signifie plus d&rsquo;effet.<\/li>\n<li>Le grip choisi doit permettre \u00e0 la raquette de frapper la balle selon un angle perpendiculaire. Si la raquette est \u00ab\u00a0ouverte\u00a0\u00bb et que vous frappez la balle avec un mouvement ascendant, la balle volera haut et loin de mani\u00e8re incontr\u00f4lable. Pour un coup dynamique, vous ne pouvez tout simplement pas contr\u00f4ler cet angle en effectuant des corrections actives avec votre poignet. Pour cela, il vous faut une bonne prise en main et laisser le poignet suivre\u00a0; ne le \u00ab\u00a0bloquez\u00a0\u00bb. Si vous lanciez une balle, feriez-vous un effort pour bloquer votre poignet\u00a0? Certainement pas.<\/li>\n<\/ol>\n<h2>Enfin, voici comment d\u00e9finir le grip id\u00e9al\u00a0:<\/h2>\n<p>Prenez la position que vous adopteriez dans la situation donn\u00e9e. Amenez la raquette au point de contact (bien devant votre corps, n&rsquo;oubliez pas). Utilisez une prise qui permet \u00e0 votre raquette d&rsquo;\u00eatre \u00ab droite \u00bb (angle perpendiculaire) \u00e0 ce point. Vous avez alors la bonne prise.<\/p>\n<p>Comme vous pouvez le constater, la prise d\u00e9pend \u00e9galement de votre taille, de la hauteur du rebond de la balle avant que vous ne la frappiez, et m\u00eame de la longueur de vos bras. C&rsquo;est pourquoi les enfants ont tendance \u00e0 utiliser des prises plus extr\u00eames pour frapper des coups lift\u00e9s. Un rebond moyen de balle qui serait au niveau des hanches pour un adulte est \u00e0 hauteur de t\u00eate pour lui\u00a0! C&rsquo;est d&rsquo;ailleurs l&rsquo;une des raisons pour lesquelles les enfants s&rsquo;entra\u00eenent avec des balles plus souples de nos jours.<\/p>\n<p>Un dernier conseil\u00a0: lorsque vous essayez de vous habituer \u00e0 une meilleure prise en coup droit et en revers, observez la position et l&rsquo;angle de votre raquette apr\u00e8s votre backswing. M\u00e9morisez cette position. Pour que votre raquette forme un angle perpendiculaire \u00e0 la balle, en position arri\u00e8re, juste avant de commencer \u00e0 la balancer vers l&rsquo;avant, le c\u00f4t\u00e9 de la raquette avec lequel vous souhaitez frapper la balle doit \u00eatre orient\u00e9 plus ou moins vers le sol. Ensuite, en vous balan\u00e7ant vers l&rsquo;avant puis vers le haut, l&rsquo;angle se redressera jusqu&rsquo;\u00e0 \u00eatre droit au point de contact, vous permettant ainsi de donner \u00e0 la balle la rotation vers l&rsquo;avant souhait\u00e9e.<\/p>\n","protected":false},"excerpt":{"rendered":"<p>Votre prise de coup droit et de revers est-elle correcte\u00a0? En tant qu&rsquo;entra\u00eeneur, on me demandait souvent\u00a0: \u00ab\u00a0Pouvez-vous am\u00e9liorer mon coup droit ou mon revers sans que je doive changer de prise\u00a0?\u00bb La r\u00e9ponse est toujours la m\u00eame\u00a0: \u00ab\u00a0Oui, je peux am\u00e9liorer votre coup droit ou votre revers, mais si vous utilisez une prise inadapt\u00e9e &#8230; <a title=\"Prise correcte pour votre coup droit et votre revers\" class=\"read-more\" href=\"https:\/\/tennisbet.net\/fr\/comment-devenir-un-joueur-de-tennis-professionnel\/prise-correcte-pour-votre-coup-droit-et-votre-revers\/\" aria-label=\"En savoir plus sur Prise correcte pour votre coup droit et votre revers\">Lire la suite<\/a><\/p>\n","protected":false},"author":1,"featured_media":0,"parent":68,"menu_order":0,"comment_status":"closed","ping_status":"closed","template":"","meta":{"footnotes":""},"class_list":["post-50","page","type-page","status-publish"],"yoast_head":"<!-- This site is optimized with the Yoast SEO plugin v27.4 - https:\/\/yoast.com\/product\/yoast-seo-wordpress\/ -->\n<title>L\u2019importance d\u2019utiliser la bonne prise pour votre coup droit et votre revers au tennis ?<\/title>\n<meta name=\"robots\" content=\"index, follow, max-snippet:-1, max-image-preview:large, max-video-preview:-1\" \/>\n<link rel=\"canonical\" href=\"https:\/\/tennisbet.net\/fr\/comment-devenir-un-joueur-de-tennis-professionnel\/prise-correcte-pour-votre-coup-droit-et-votre-revers\/\" \/>\n<meta property=\"og:locale\" content=\"fr_FR\" \/>\n<meta property=\"og:type\" content=\"article\" \/>\n<meta property=\"og:title\" content=\"L\u2019importance d\u2019utiliser la bonne prise pour votre coup droit et votre revers au tennis ?\" \/>\n<meta property=\"og:description\" content=\"Votre prise de coup droit et de revers est-elle correcte\u00a0? En tant qu&rsquo;entra\u00eeneur, on me demandait souvent\u00a0: \u00ab\u00a0Pouvez-vous am\u00e9liorer mon coup droit ou mon revers sans que je doive changer de prise\u00a0?\u00bb La r\u00e9ponse est toujours la m\u00eame\u00a0: \u00ab\u00a0Oui, je peux am\u00e9liorer votre coup droit ou votre revers, mais si vous utilisez une prise inadapt\u00e9e ... Lire la suite\" \/>\n<meta property=\"og:url\" content=\"https:\/\/tennisbet.net\/fr\/comment-devenir-un-joueur-de-tennis-professionnel\/prise-correcte-pour-votre-coup-droit-et-votre-revers\/\" \/>\n<meta property=\"article:modified_time\" content=\"2025-08-04T14:13:08+00:00\" \/>\n<meta name=\"twitter:card\" content=\"summary_large_image\" \/>\n<meta name=\"twitter:label1\" content=\"Dur\u00e9e de lecture estim\u00e9e\" \/>\n\t<meta name=\"twitter:data1\" content=\"7 minutes\" \/>\n<script type=\"application\/ld+json\" class=\"yoast-schema-graph\">{\"@context\":\"https:\\\/\\\/schema.org\",\"@graph\":[{\"@type\":\"WebPage\",\"@id\":\"https:\\\/\\\/tennisbet.net\\\/fr\\\/comment-devenir-un-joueur-de-tennis-professionnel\\\/prise-correcte-pour-votre-coup-droit-et-votre-revers\\\/\",\"url\":\"https:\\\/\\\/tennisbet.net\\\/fr\\\/comment-devenir-un-joueur-de-tennis-professionnel\\\/prise-correcte-pour-votre-coup-droit-et-votre-revers\\\/\",\"name\":\"L\u2019importance d\u2019utiliser la bonne prise pour votre coup droit et votre revers au tennis ?\",\"isPartOf\":{\"@id\":\"https:\\\/\\\/tennisbet.net\\\/fr\\\/#website\"},\"datePublished\":\"2025-08-02T14:09:37+00:00\",\"dateModified\":\"2025-08-04T14:13:08+00:00\",\"breadcrumb\":{\"@id\":\"https:\\\/\\\/tennisbet.net\\\/fr\\\/comment-devenir-un-joueur-de-tennis-professionnel\\\/prise-correcte-pour-votre-coup-droit-et-votre-revers\\\/#breadcrumb\"},\"inLanguage\":\"fr-FR\",\"potentialAction\":[{\"@type\":\"ReadAction\",\"target\":[\"https:\\\/\\\/tennisbet.net\\\/fr\\\/comment-devenir-un-joueur-de-tennis-professionnel\\\/prise-correcte-pour-votre-coup-droit-et-votre-revers\\\/\"]}]},{\"@type\":\"BreadcrumbList\",\"@id\":\"https:\\\/\\\/tennisbet.net\\\/fr\\\/comment-devenir-un-joueur-de-tennis-professionnel\\\/prise-correcte-pour-votre-coup-droit-et-votre-revers\\\/#breadcrumb\",\"itemListElement\":[{\"@type\":\"ListItem\",\"position\":1,\"name\":\"Home\",\"item\":\"https:\\\/\\\/tennisbet.net\\\/fr\\\/\"},{\"@type\":\"ListItem\",\"position\":2,\"name\":\"Comment devenir un joueur de tennis professionnel\",\"item\":\"https:\\\/\\\/tennisbet.net\\\/fr\\\/how-to-become-a-professional-tennis-player\\\/\"},{\"@type\":\"ListItem\",\"position\":3,\"name\":\"Prise correcte pour votre coup droit et votre revers\"}]},{\"@type\":\"WebSite\",\"@id\":\"https:\\\/\\\/tennisbet.net\\\/fr\\\/#website\",\"url\":\"https:\\\/\\\/tennisbet.net\\\/fr\\\/\",\"name\":\"\",\"description\":\"\",\"potentialAction\":[{\"@type\":\"SearchAction\",\"target\":{\"@type\":\"EntryPoint\",\"urlTemplate\":\"https:\\\/\\\/tennisbet.net\\\/fr\\\/?s={search_term_string}\"},\"query-input\":{\"@type\":\"PropertyValueSpecification\",\"valueRequired\":true,\"valueName\":\"search_term_string\"}}],\"inLanguage\":\"fr-FR\"}]}<\/script>\n<!-- \/ Yoast SEO plugin. -->","yoast_head_json":{"title":"L\u2019importance d\u2019utiliser la bonne prise pour votre coup droit et votre revers au tennis ?","robots":{"index":"index","follow":"follow","max-snippet":"max-snippet:-1","max-image-preview":"max-image-preview:large","max-video-preview":"max-video-preview:-1"},"canonical":"https:\/\/tennisbet.net\/fr\/comment-devenir-un-joueur-de-tennis-professionnel\/prise-correcte-pour-votre-coup-droit-et-votre-revers\/","og_locale":"fr_FR","og_type":"article","og_title":"L\u2019importance d\u2019utiliser la bonne prise pour votre coup droit et votre revers au tennis ?","og_description":"Votre prise de coup droit et de revers est-elle correcte\u00a0? En tant qu&rsquo;entra\u00eeneur, on me demandait souvent\u00a0: \u00ab\u00a0Pouvez-vous am\u00e9liorer mon coup droit ou mon revers sans que je doive changer de prise\u00a0?\u00bb La r\u00e9ponse est toujours la m\u00eame\u00a0: \u00ab\u00a0Oui, je peux am\u00e9liorer votre coup droit ou votre revers, mais si vous utilisez une prise inadapt\u00e9e ... Lire la suite","og_url":"https:\/\/tennisbet.net\/fr\/comment-devenir-un-joueur-de-tennis-professionnel\/prise-correcte-pour-votre-coup-droit-et-votre-revers\/","article_modified_time":"2025-08-04T14:13:08+00:00","twitter_card":"summary_large_image","twitter_misc":{"Dur\u00e9e de lecture estim\u00e9e":"7 minutes"},"schema":{"@context":"https:\/\/schema.org","@graph":[{"@type":"WebPage","@id":"https:\/\/tennisbet.net\/fr\/comment-devenir-un-joueur-de-tennis-professionnel\/prise-correcte-pour-votre-coup-droit-et-votre-revers\/","url":"https:\/\/tennisbet.net\/fr\/comment-devenir-un-joueur-de-tennis-professionnel\/prise-correcte-pour-votre-coup-droit-et-votre-revers\/","name":"L\u2019importance d\u2019utiliser la bonne prise pour votre coup droit et votre revers au tennis ?","isPartOf":{"@id":"https:\/\/tennisbet.net\/fr\/#website"},"datePublished":"2025-08-02T14:09:37+00:00","dateModified":"2025-08-04T14:13:08+00:00","breadcrumb":{"@id":"https:\/\/tennisbet.net\/fr\/comment-devenir-un-joueur-de-tennis-professionnel\/prise-correcte-pour-votre-coup-droit-et-votre-revers\/#breadcrumb"},"inLanguage":"fr-FR","potentialAction":[{"@type":"ReadAction","target":["https:\/\/tennisbet.net\/fr\/comment-devenir-un-joueur-de-tennis-professionnel\/prise-correcte-pour-votre-coup-droit-et-votre-revers\/"]}]},{"@type":"BreadcrumbList","@id":"https:\/\/tennisbet.net\/fr\/comment-devenir-un-joueur-de-tennis-professionnel\/prise-correcte-pour-votre-coup-droit-et-votre-revers\/#breadcrumb","itemListElement":[{"@type":"ListItem","position":1,"name":"Home","item":"https:\/\/tennisbet.net\/fr\/"},{"@type":"ListItem","position":2,"name":"Comment devenir un joueur de tennis professionnel","item":"https:\/\/tennisbet.net\/fr\/how-to-become-a-professional-tennis-player\/"},{"@type":"ListItem","position":3,"name":"Prise correcte pour votre coup droit et votre revers"}]},{"@type":"WebSite","@id":"https:\/\/tennisbet.net\/fr\/#website","url":"https:\/\/tennisbet.net\/fr\/","name":"","description":"","potentialAction":[{"@type":"SearchAction","target":{"@type":"EntryPoint","urlTemplate":"https:\/\/tennisbet.net\/fr\/?s={search_term_string}"},"query-input":{"@type":"PropertyValueSpecification","valueRequired":true,"valueName":"search_term_string"}}],"inLanguage":"fr-FR"}]}},"_links":{"self":[{"href":"https:\/\/tennisbet.net\/fr\/wp-json\/wp\/v2\/pages\/50","targetHints":{"allow":["GET"]}}],"collection":[{"href":"https:\/\/tennisbet.net\/fr\/wp-json\/wp\/v2\/pages"}],"about":[{"href":"https:\/\/tennisbet.net\/fr\/wp-json\/wp\/v2\/types\/page"}],"author":[{"embeddable":true,"href":"https:\/\/tennisbet.net\/fr\/wp-json\/wp\/v2\/users\/1"}],"replies":[{"embeddable":true,"href":"https:\/\/tennisbet.net\/fr\/wp-json\/wp\/v2\/comments?post=50"}],"version-history":[{"count":1,"href":"https:\/\/tennisbet.net\/fr\/wp-json\/wp\/v2\/pages\/50\/revisions"}],"predecessor-version":[{"id":73,"href":"https:\/\/tennisbet.net\/fr\/wp-json\/wp\/v2\/pages\/50\/revisions\/73"}],"up":[{"embeddable":true,"href":"https:\/\/tennisbet.net\/fr\/wp-json\/wp\/v2\/pages\/68"}],"wp:attachment":[{"href":"https:\/\/tennisbet.net\/fr\/wp-json\/wp\/v2\/media?parent=50"}],"curies":[{"name":"wp","href":"https:\/\/api.w.org\/{rel}","templated":true}]}}