{"id":52,"date":"2025-08-02T13:46:51","date_gmt":"2025-08-02T13:46:51","guid":{"rendered":"https:\/\/tennisbet.net\/sites-de-paris\/conseils-de-paris-sur-la-fed-cup\/"},"modified":"2025-08-02T13:46:51","modified_gmt":"2025-08-02T13:46:51","slug":"conseils-de-paris-sur-la-fed-cup","status":"publish","type":"page","link":"https:\/\/tennisbet.net\/fr\/sites-de-paris\/conseils-de-paris-sur-la-fed-cup\/","title":{"rendered":"Conseils de paris sur la Fed Cup"},"content":{"rendered":"<h1>Parier sur la Fed Cup<\/h1>\n<p>La Fed Cup est l&rsquo;\u00e9v\u00e9nement phare du tennis f\u00e9minin par \u00e9quipes et existe depuis 1963. Initialement cr\u00e9\u00e9 pour c\u00e9l\u00e9brer le 50e anniversaire de l&rsquo;ITF (F\u00e9d\u00e9ration Internationale de Tennis), le tournoi est d\u00e9sormais reconnu au m\u00eame titre que la Coupe Davis, l&rsquo;\u00e9preuve masculine par \u00e9quipes.<\/p>\n<p>Le concept de la Fed Cup (anciennement connue sous le nom de Coupe de la F\u00e9d\u00e9ration jusqu&rsquo;en 1995) a \u00e9t\u00e9 \u00e9labor\u00e9 en 1919, mais a \u00e9t\u00e9 initialement abandonn\u00e9 par l&rsquo;ITF. Cependant, le soutien \u00e0 la comp\u00e9tition a continu\u00e9 de cro\u00eetre parmi les professionnels avant qu&rsquo;un essai ne soit organis\u00e9 en 1963. La popularit\u00e9 de la comp\u00e9tition \u00e9tait telle qu&rsquo;elle a \u00e9t\u00e9 organis\u00e9e chaque ann\u00e9e depuis et qu&rsquo;elle est aujourd&rsquo;hui l&rsquo;un des \u00e9v\u00e9nements les plus lucratifs du tennis f\u00e9minin.<\/p>\n<p><strong>La plupart des sites de paris sportifs proposent des paris sur la Fed Cup<\/strong>. Il est important de se renseigner sur l&rsquo;ordre des matchs avant de placer votre pari, surtout si vous souhaitez parier sur la nation gagnante. Il arrive tr\u00e8s souvent que les meilleures joueuses se retirent de la comp\u00e9tition au dernier moment. Le capitaine de l&rsquo;\u00e9quipe doit alors d\u00e9signer une rempla\u00e7ante, ce qui, bien s\u00fbr, affaiblit les chances de son \u00e9quipe.<\/p>\n<h2>Format de la Fed Cup<\/h2>\n<p>Il existe trois zones de qualification territoriales pour la Fed Cup\u00a0: la zone Am\u00e9rique, la zone Euro\/Afrique et la zone Asie\/Oc\u00e9anie. Les pays de chaque zone sont r\u00e9partis en deux groupes en fonction de leur classement lors des rencontres de Fed Cup de l&rsquo;ann\u00e9e pr\u00e9c\u00e9dente. Les qualifi\u00e9s de chaque zone acc\u00e9deront au Groupe mondial II avant de se s\u00e9parer pour acc\u00e9der au Groupe mondial I proprement dit.<\/p>\n<p>La Fed Cup regroupe les 8 meilleures nations du monde. Ces nations s&rsquo;affrontent tout au long de la saison avant d&rsquo;atteindre les demi-finales et la finale. Des points sont attribu\u00e9s \u00e0 chaque match en fonction des r\u00e9sultats, mais les matchs incluent des simples et des doubles f\u00e9minins.<\/p>\n<p>Chaque ann\u00e9e, la Fed Cup d\u00e9cerne le Prix du C\u0153ur \u00e0 une joueuse. Cette joueuse est nomm\u00e9e par ses pairs pour avoir fait preuve de \u00ab distinction, d&rsquo;un courage exceptionnel sur le court et d&rsquo;un engagement exceptionnel envers l&rsquo;\u00e9quipe lors des tournois de la Fed Cup \u00bb.<\/p>\n<h2>Meilleurs sites de paris sur la Fed Cup<\/h2>\n<h2>Bet365 \u2013 Hors \u00c9tats-Unis<\/h2>\n<p>Avec autant de matchs disput\u00e9s tout au long de l&rsquo;ann\u00e9e en Fed Cup, il est souvent difficile de s&rsquo;y retrouver. Bet365 propose une section de paris sur le tennis si compl\u00e8te que parier sur ces matchs est tr\u00e8s simple. Si les matchs de qualification sont souvent difficiles \u00e0 trouver sur les bookmakers, et encore moins sur bet365, ces derniers, ainsi que ceux de la Fed Cup, sont abondants.<br \/><span style=\"text-decoration: underline;\"><a href=\"index.php?option=com_content&amp;view=article&amp;id=33&amp;Itemid=188\">Cliquez ici pour en savoir plus sur Bet365<\/a>.<\/span><\/p>\n<h3>Intertops \u2013 Match amical \u00c9tats-Unis<\/h3>\n<p>La couverture du tennis par Intertops est actuellement la meilleure aux \u00c9tats-Unis. L&rsquo;un des facteurs qui expliquent cela est la couverture de leurs march\u00e9s de paris sur la Fed Cup. Bien qu&rsquo;ils n&rsquo;offrent pas la m\u00eame gamme de paris que certains bookmakers, ils offrent une base solide \u00e0 la majorit\u00e9 des parieurs de tennis, avec notamment de nombreuses comp\u00e9titions et tournois du monde entier.<\/p>\n<p>Vous pouvez obtenir un bonus de 200 $ en vous inscrivant sur BetOnline d\u00e8s aujourd&rsquo;hui en cliquant sur ce lien bonus.<\/a><\/span><\/strong><\/p>\n","protected":false},"excerpt":{"rendered":"<p>Parier sur la Fed Cup La Fed Cup est l&rsquo;\u00e9v\u00e9nement phare du tennis f\u00e9minin par \u00e9quipes et existe depuis 1963. Initialement cr\u00e9\u00e9 pour c\u00e9l\u00e9brer le 50e anniversaire de l&rsquo;ITF (F\u00e9d\u00e9ration Internationale de Tennis), le tournoi est d\u00e9sormais reconnu au m\u00eame titre que la Coupe Davis, l&rsquo;\u00e9preuve masculine par \u00e9quipes. Le concept de la Fed Cup &#8230; <a title=\"Conseils de paris sur la Fed Cup\" class=\"read-more\" href=\"https:\/\/tennisbet.net\/fr\/sites-de-paris\/conseils-de-paris-sur-la-fed-cup\/\" aria-label=\"En savoir plus sur Conseils de paris sur la Fed Cup\">Lire la suite<\/a><\/p>\n","protected":false},"author":1,"featured_media":0,"parent":42,"menu_order":0,"comment_status":"closed","ping_status":"closed","template":"","meta":{"footnotes":""},"class_list":["post-52","page","type-page","status-publish"],"yoast_head":"<!-- This site is optimized with the Yoast SEO plugin v27.3 - https:\/\/yoast.com\/product\/yoast-seo-wordpress\/ -->\n<title>Conseils de paris sur la Fed Cup<\/title>\n<meta name=\"robots\" content=\"index, follow, max-snippet:-1, max-image-preview:large, max-video-preview:-1\" \/>\n<link rel=\"canonical\" href=\"https:\/\/tennisbet.net\/fr\/sites-de-paris\/conseils-de-paris-sur-la-fed-cup\/\" \/>\n<meta property=\"og:locale\" content=\"fr_FR\" \/>\n<meta property=\"og:type\" content=\"article\" \/>\n<meta property=\"og:title\" content=\"Conseils de paris sur la Fed Cup\" \/>\n<meta property=\"og:description\" content=\"Parier sur la Fed Cup La Fed Cup est l&rsquo;\u00e9v\u00e9nement phare du tennis f\u00e9minin par \u00e9quipes et existe depuis 1963. Initialement cr\u00e9\u00e9 pour c\u00e9l\u00e9brer le 50e anniversaire de l&rsquo;ITF (F\u00e9d\u00e9ration Internationale de Tennis), le tournoi est d\u00e9sormais reconnu au m\u00eame titre que la Coupe Davis, l&rsquo;\u00e9preuve masculine par \u00e9quipes. Le concept de la Fed Cup ... Lire la suite\" \/>\n<meta property=\"og:url\" content=\"https:\/\/tennisbet.net\/fr\/sites-de-paris\/conseils-de-paris-sur-la-fed-cup\/\" \/>\n<meta name=\"twitter:card\" content=\"summary_large_image\" \/>\n<meta name=\"twitter:label1\" content=\"Dur\u00e9e de lecture estim\u00e9e\" \/>\n\t<meta name=\"twitter:data1\" content=\"3 minutes\" \/>\n<script type=\"application\/ld+json\" class=\"yoast-schema-graph\">{\"@context\":\"https:\\\/\\\/schema.org\",\"@graph\":[{\"@type\":\"WebPage\",\"@id\":\"https:\\\/\\\/tennisbet.net\\\/fr\\\/sites-de-paris\\\/conseils-de-paris-sur-la-fed-cup\\\/\",\"url\":\"https:\\\/\\\/tennisbet.net\\\/fr\\\/sites-de-paris\\\/conseils-de-paris-sur-la-fed-cup\\\/\",\"name\":\"Conseils de paris sur la Fed Cup\",\"isPartOf\":{\"@id\":\"https:\\\/\\\/tennisbet.net\\\/fr\\\/#website\"},\"datePublished\":\"2025-08-02T13:46:51+00:00\",\"breadcrumb\":{\"@id\":\"https:\\\/\\\/tennisbet.net\\\/fr\\\/sites-de-paris\\\/conseils-de-paris-sur-la-fed-cup\\\/#breadcrumb\"},\"inLanguage\":\"fr-FR\",\"potentialAction\":[{\"@type\":\"ReadAction\",\"target\":[\"https:\\\/\\\/tennisbet.net\\\/fr\\\/sites-de-paris\\\/conseils-de-paris-sur-la-fed-cup\\\/\"]}]},{\"@type\":\"BreadcrumbList\",\"@id\":\"https:\\\/\\\/tennisbet.net\\\/fr\\\/sites-de-paris\\\/conseils-de-paris-sur-la-fed-cup\\\/#breadcrumb\",\"itemListElement\":[{\"@type\":\"ListItem\",\"position\":1,\"name\":\"Home\",\"item\":\"https:\\\/\\\/tennisbet.net\\\/fr\\\/\"},{\"@type\":\"ListItem\",\"position\":2,\"name\":\"Sites de paris\",\"item\":\"https:\\\/\\\/tennisbet.net\\\/fr\\\/betting-sites\\\/\"},{\"@type\":\"ListItem\",\"position\":3,\"name\":\"Conseils de paris sur la Fed Cup\"}]},{\"@type\":\"WebSite\",\"@id\":\"https:\\\/\\\/tennisbet.net\\\/fr\\\/#website\",\"url\":\"https:\\\/\\\/tennisbet.net\\\/fr\\\/\",\"name\":\"\",\"description\":\"\",\"potentialAction\":[{\"@type\":\"SearchAction\",\"target\":{\"@type\":\"EntryPoint\",\"urlTemplate\":\"https:\\\/\\\/tennisbet.net\\\/fr\\\/?s={search_term_string}\"},\"query-input\":{\"@type\":\"PropertyValueSpecification\",\"valueRequired\":true,\"valueName\":\"search_term_string\"}}],\"inLanguage\":\"fr-FR\"}]}<\/script>\n<!-- \/ Yoast SEO plugin. -->","yoast_head_json":{"title":"Conseils de paris sur la Fed Cup","robots":{"index":"index","follow":"follow","max-snippet":"max-snippet:-1","max-image-preview":"max-image-preview:large","max-video-preview":"max-video-preview:-1"},"canonical":"https:\/\/tennisbet.net\/fr\/sites-de-paris\/conseils-de-paris-sur-la-fed-cup\/","og_locale":"fr_FR","og_type":"article","og_title":"Conseils de paris sur la Fed Cup","og_description":"Parier sur la Fed Cup La Fed Cup est l&rsquo;\u00e9v\u00e9nement phare du tennis f\u00e9minin par \u00e9quipes et existe depuis 1963. Initialement cr\u00e9\u00e9 pour c\u00e9l\u00e9brer le 50e anniversaire de l&rsquo;ITF (F\u00e9d\u00e9ration Internationale de Tennis), le tournoi est d\u00e9sormais reconnu au m\u00eame titre que la Coupe Davis, l&rsquo;\u00e9preuve masculine par \u00e9quipes. Le concept de la Fed Cup ... Lire la suite","og_url":"https:\/\/tennisbet.net\/fr\/sites-de-paris\/conseils-de-paris-sur-la-fed-cup\/","twitter_card":"summary_large_image","twitter_misc":{"Dur\u00e9e de lecture estim\u00e9e":"3 minutes"},"schema":{"@context":"https:\/\/schema.org","@graph":[{"@type":"WebPage","@id":"https:\/\/tennisbet.net\/fr\/sites-de-paris\/conseils-de-paris-sur-la-fed-cup\/","url":"https:\/\/tennisbet.net\/fr\/sites-de-paris\/conseils-de-paris-sur-la-fed-cup\/","name":"Conseils de paris sur la Fed Cup","isPartOf":{"@id":"https:\/\/tennisbet.net\/fr\/#website"},"datePublished":"2025-08-02T13:46:51+00:00","breadcrumb":{"@id":"https:\/\/tennisbet.net\/fr\/sites-de-paris\/conseils-de-paris-sur-la-fed-cup\/#breadcrumb"},"inLanguage":"fr-FR","potentialAction":[{"@type":"ReadAction","target":["https:\/\/tennisbet.net\/fr\/sites-de-paris\/conseils-de-paris-sur-la-fed-cup\/"]}]},{"@type":"BreadcrumbList","@id":"https:\/\/tennisbet.net\/fr\/sites-de-paris\/conseils-de-paris-sur-la-fed-cup\/#breadcrumb","itemListElement":[{"@type":"ListItem","position":1,"name":"Home","item":"https:\/\/tennisbet.net\/fr\/"},{"@type":"ListItem","position":2,"name":"Sites de paris","item":"https:\/\/tennisbet.net\/fr\/betting-sites\/"},{"@type":"ListItem","position":3,"name":"Conseils de paris sur la Fed Cup"}]},{"@type":"WebSite","@id":"https:\/\/tennisbet.net\/fr\/#website","url":"https:\/\/tennisbet.net\/fr\/","name":"","description":"","potentialAction":[{"@type":"SearchAction","target":{"@type":"EntryPoint","urlTemplate":"https:\/\/tennisbet.net\/fr\/?s={search_term_string}"},"query-input":{"@type":"PropertyValueSpecification","valueRequired":true,"valueName":"search_term_string"}}],"inLanguage":"fr-FR"}]}},"_links":{"self":[{"href":"https:\/\/tennisbet.net\/fr\/wp-json\/wp\/v2\/pages\/52","targetHints":{"allow":["GET"]}}],"collection":[{"href":"https:\/\/tennisbet.net\/fr\/wp-json\/wp\/v2\/pages"}],"about":[{"href":"https:\/\/tennisbet.net\/fr\/wp-json\/wp\/v2\/types\/page"}],"author":[{"embeddable":true,"href":"https:\/\/tennisbet.net\/fr\/wp-json\/wp\/v2\/users\/1"}],"replies":[{"embeddable":true,"href":"https:\/\/tennisbet.net\/fr\/wp-json\/wp\/v2\/comments?post=52"}],"version-history":[{"count":0,"href":"https:\/\/tennisbet.net\/fr\/wp-json\/wp\/v2\/pages\/52\/revisions"}],"up":[{"embeddable":true,"href":"https:\/\/tennisbet.net\/fr\/wp-json\/wp\/v2\/pages\/42"}],"wp:attachment":[{"href":"https:\/\/tennisbet.net\/fr\/wp-json\/wp\/v2\/media?parent=52"}],"curies":[{"name":"wp","href":"https:\/\/api.w.org\/{rel}","templated":true}]}}