{"id":54,"date":"2025-08-02T14:07:37","date_gmt":"2025-08-02T14:07:37","guid":{"rendered":"https:\/\/tennisbet.net\/entrainez-vous-a-vos-coups-de-fond-de-court-de-la-bonne-maniere\/"},"modified":"2025-08-04T14:13:08","modified_gmt":"2025-08-04T14:13:08","slug":"entrainez-vous-a-vos-coups-de-fond-de-court-de-la-bonne-maniere","status":"publish","type":"page","link":"https:\/\/tennisbet.net\/fr\/comment-devenir-un-joueur-de-tennis-professionnel\/entrainez-vous-a-vos-coups-de-fond-de-court-de-la-bonne-maniere\/","title":{"rendered":"Entra\u00eenez-vous \u00e0 vos coups de fond de court de la bonne mani\u00e8re"},"content":{"rendered":"<h1>Comment travailler vos coups de fond de court au tennis<\/h1>\n<p>Pour am\u00e9liorer la qualit\u00e9 de vos coups de fond de court, voici quelques r\u00e8gles de base\u00a0:<\/p>\n<ol>\n<li>Pour constater des progr\u00e8s, effectuez une s\u00e9rie de 80 \u00e0 120 coups minimum. R\u00e9alisez une dizaine de coups identiques, puis faites une petite pause, puis r\u00e9p\u00e9tez jusqu&rsquo;\u00e0 en avoir effectu\u00e9 au moins 80. Cela peut para\u00eetre ennuyeux, mais c&rsquo;est n\u00e9cessaire.<\/li>\n<li>N&rsquo;essayez pas de travailler trop de coups diff\u00e9rents lors d&rsquo;une m\u00eame s\u00e9ance. En g\u00e9n\u00e9ral, concentrez-vous sur une ou deux techniques par s\u00e9ance pour obtenir de r\u00e9els r\u00e9sultats.<\/li>\n<li>\u00c9valuez la qualit\u00e9 de votre coup en fonction de\u00a0: la r\u00e9gularit\u00e9, la profondeur, la pr\u00e9cision et la vitesse (dans cet ordre\u00a0!). Lors de vos entra\u00eenements, fixez-vous un objectif en cons\u00e9quence\u00a0: essayez d\u2019abord de frapper la balle avec une grande r\u00e9gularit\u00e9, puis de la placer syst\u00e9matiquement dans la seconde moiti\u00e9 du terrain (ou choisissez une zone plus proche de la ligne de fond). Si les r\u00e9sultats sont bons, marquez une zone plus petite sur le terrain et essayez de la frapper. La vitesse de balle est la derni\u00e8re chose \u00e0 laquelle vous devriez penser, sauf si vous jouez d\u00e9j\u00e0 \u00e0 un tr\u00e8s haut niveau. La plupart des joueurs pensent d\u2019abord \u00e0 la vitesse, et c\u2019est une grave erreur. Vous \u00eates-vous d\u00e9j\u00e0 demand\u00e9 pourquoi les jeunes perdent si souvent face \u00e0 des joueurs exp\u00e9riment\u00e9s qui jouent deux fois moins vite que les jeunes\u00a0? Les joueurs exp\u00e9riment\u00e9s savent que la profondeur, la pr\u00e9cision et une bonne strat\u00e9gie sont plus importantes que de tenter de frapper chaque balle avec une puissance maximale. M\u00eame une balle frapp\u00e9e \u00e0 vitesse mod\u00e9r\u00e9e va plus vite que la vitesse de course de votre adversaire.<\/li>\n<li>Entra\u00eenez-vous \u00e0 votre frappe depuis diff\u00e9rents endroits du terrain et, si vous vous entra\u00eenez avec votre entra\u00eeneur, demandez-lui \u00e9galement de vous envoyer des balles depuis diff\u00e9rents endroits du terrain. Ainsi, pratiquez toutes les variantes\u00a0: frappe crois\u00e9e apr\u00e8s que l\u2019adversaire a jou\u00e9 une balle. Le long de la ligne, le long de la ligne apr\u00e8s un tir crois\u00e9, les tirs en profondeur depuis le milieu du terrain, les tirs r\u00e9guliers \u00e0 3 m\u00e8tres derri\u00e8re la ligne de fond, les passings depuis diff\u00e9rentes positions lorsque l&rsquo;adversaire est pr\u00e8s du filet, pour n&rsquo;en citer que quelques-uns. Imaginez une situation possible en match et vous pourrez d\u00e9velopper une routine d&rsquo;entra\u00eenement.<br \/>\n","protected":false},"excerpt":{"rendered":"<p>Comment travailler vos coups de fond de court au tennis Pour am\u00e9liorer la qualit\u00e9 de vos coups de fond de court, voici quelques r\u00e8gles de base\u00a0: Pour constater des progr\u00e8s, effectuez une s\u00e9rie de 80 \u00e0 120 coups minimum. R\u00e9alisez une dizaine de coups identiques, puis faites une petite pause, puis r\u00e9p\u00e9tez jusqu&rsquo;\u00e0 en avoir &#8230; <a title=\"Entra\u00eenez-vous \u00e0 vos coups de fond de court de la bonne mani\u00e8re\" class=\"read-more\" href=\"https:\/\/tennisbet.net\/fr\/comment-devenir-un-joueur-de-tennis-professionnel\/entrainez-vous-a-vos-coups-de-fond-de-court-de-la-bonne-maniere\/\" aria-label=\"En savoir plus sur Entra\u00eenez-vous \u00e0 vos coups de fond de court de la bonne mani\u00e8re\">Lire la suite<\/a><\/p>\n","protected":false},"author":1,"featured_media":0,"parent":68,"menu_order":0,"comment_status":"closed","ping_status":"closed","template":"","meta":{"footnotes":""},"class_list":["post-54","page","type-page","status-publish"],"yoast_head":"<!-- This site is optimized with the Yoast SEO plugin v27.4 - https:\/\/yoast.com\/product\/yoast-seo-wordpress\/ -->\n<title>Comment pratiquer vos coups de fond de court au tennis<\/title>\n<meta name=\"robots\" content=\"index, follow, max-snippet:-1, max-image-preview:large, max-video-preview:-1\" \/>\n<link rel=\"canonical\" href=\"https:\/\/tennisbet.net\/fr\/comment-devenir-un-joueur-de-tennis-professionnel\/entrainez-vous-a-vos-coups-de-fond-de-court-de-la-bonne-maniere\/\" \/>\n<meta property=\"og:locale\" content=\"fr_FR\" \/>\n<meta property=\"og:type\" content=\"article\" \/>\n<meta property=\"og:title\" content=\"Comment pratiquer vos coups de fond de court au tennis\" \/>\n<meta property=\"og:description\" content=\"Comment travailler vos coups de fond de court au tennis Pour am\u00e9liorer la qualit\u00e9 de vos coups de fond de court, voici quelques r\u00e8gles de base\u00a0: Pour constater des progr\u00e8s, effectuez une s\u00e9rie de 80 \u00e0 120 coups minimum. R\u00e9alisez une dizaine de coups identiques, puis faites une petite pause, puis r\u00e9p\u00e9tez jusqu&rsquo;\u00e0 en avoir ... Lire la suite\" \/>\n<meta property=\"og:url\" content=\"https:\/\/tennisbet.net\/fr\/comment-devenir-un-joueur-de-tennis-professionnel\/entrainez-vous-a-vos-coups-de-fond-de-court-de-la-bonne-maniere\/\" \/>\n<meta property=\"article:modified_time\" content=\"2025-08-04T14:13:08+00:00\" \/>\n<meta name=\"twitter:card\" content=\"summary_large_image\" \/>\n<meta name=\"twitter:label1\" content=\"Dur\u00e9e de lecture estim\u00e9e\" \/>\n\t<meta name=\"twitter:data1\" content=\"2 minutes\" \/>\n<script type=\"application\/ld+json\" class=\"yoast-schema-graph\">{\"@context\":\"https:\\\/\\\/schema.org\",\"@graph\":[{\"@type\":\"WebPage\",\"@id\":\"https:\\\/\\\/tennisbet.net\\\/fr\\\/comment-devenir-un-joueur-de-tennis-professionnel\\\/entrainez-vous-a-vos-coups-de-fond-de-court-de-la-bonne-maniere\\\/\",\"url\":\"https:\\\/\\\/tennisbet.net\\\/fr\\\/comment-devenir-un-joueur-de-tennis-professionnel\\\/entrainez-vous-a-vos-coups-de-fond-de-court-de-la-bonne-maniere\\\/\",\"name\":\"Comment pratiquer vos coups de fond de court au tennis\",\"isPartOf\":{\"@id\":\"https:\\\/\\\/tennisbet.net\\\/fr\\\/#website\"},\"datePublished\":\"2025-08-02T14:07:37+00:00\",\"dateModified\":\"2025-08-04T14:13:08+00:00\",\"breadcrumb\":{\"@id\":\"https:\\\/\\\/tennisbet.net\\\/fr\\\/comment-devenir-un-joueur-de-tennis-professionnel\\\/entrainez-vous-a-vos-coups-de-fond-de-court-de-la-bonne-maniere\\\/#breadcrumb\"},\"inLanguage\":\"fr-FR\",\"potentialAction\":[{\"@type\":\"ReadAction\",\"target\":[\"https:\\\/\\\/tennisbet.net\\\/fr\\\/comment-devenir-un-joueur-de-tennis-professionnel\\\/entrainez-vous-a-vos-coups-de-fond-de-court-de-la-bonne-maniere\\\/\"]}]},{\"@type\":\"BreadcrumbList\",\"@id\":\"https:\\\/\\\/tennisbet.net\\\/fr\\\/comment-devenir-un-joueur-de-tennis-professionnel\\\/entrainez-vous-a-vos-coups-de-fond-de-court-de-la-bonne-maniere\\\/#breadcrumb\",\"itemListElement\":[{\"@type\":\"ListItem\",\"position\":1,\"name\":\"Home\",\"item\":\"https:\\\/\\\/tennisbet.net\\\/fr\\\/\"},{\"@type\":\"ListItem\",\"position\":2,\"name\":\"Comment devenir un joueur de tennis professionnel\",\"item\":\"https:\\\/\\\/tennisbet.net\\\/fr\\\/how-to-become-a-professional-tennis-player\\\/\"},{\"@type\":\"ListItem\",\"position\":3,\"name\":\"Entra\u00eenez-vous \u00e0 vos coups de fond de court de la bonne mani\u00e8re\"}]},{\"@type\":\"WebSite\",\"@id\":\"https:\\\/\\\/tennisbet.net\\\/fr\\\/#website\",\"url\":\"https:\\\/\\\/tennisbet.net\\\/fr\\\/\",\"name\":\"\",\"description\":\"\",\"potentialAction\":[{\"@type\":\"SearchAction\",\"target\":{\"@type\":\"EntryPoint\",\"urlTemplate\":\"https:\\\/\\\/tennisbet.net\\\/fr\\\/?s={search_term_string}\"},\"query-input\":{\"@type\":\"PropertyValueSpecification\",\"valueRequired\":true,\"valueName\":\"search_term_string\"}}],\"inLanguage\":\"fr-FR\"}]}<\/script>\n<!-- \/ Yoast SEO plugin. -->","yoast_head_json":{"title":"Comment pratiquer vos coups de fond de court au tennis","robots":{"index":"index","follow":"follow","max-snippet":"max-snippet:-1","max-image-preview":"max-image-preview:large","max-video-preview":"max-video-preview:-1"},"canonical":"https:\/\/tennisbet.net\/fr\/comment-devenir-un-joueur-de-tennis-professionnel\/entrainez-vous-a-vos-coups-de-fond-de-court-de-la-bonne-maniere\/","og_locale":"fr_FR","og_type":"article","og_title":"Comment pratiquer vos coups de fond de court au tennis","og_description":"Comment travailler vos coups de fond de court au tennis Pour am\u00e9liorer la qualit\u00e9 de vos coups de fond de court, voici quelques r\u00e8gles de base\u00a0: Pour constater des progr\u00e8s, effectuez une s\u00e9rie de 80 \u00e0 120 coups minimum. R\u00e9alisez une dizaine de coups identiques, puis faites une petite pause, puis r\u00e9p\u00e9tez jusqu&rsquo;\u00e0 en avoir ... Lire la suite","og_url":"https:\/\/tennisbet.net\/fr\/comment-devenir-un-joueur-de-tennis-professionnel\/entrainez-vous-a-vos-coups-de-fond-de-court-de-la-bonne-maniere\/","article_modified_time":"2025-08-04T14:13:08+00:00","twitter_card":"summary_large_image","twitter_misc":{"Dur\u00e9e de lecture estim\u00e9e":"2 minutes"},"schema":{"@context":"https:\/\/schema.org","@graph":[{"@type":"WebPage","@id":"https:\/\/tennisbet.net\/fr\/comment-devenir-un-joueur-de-tennis-professionnel\/entrainez-vous-a-vos-coups-de-fond-de-court-de-la-bonne-maniere\/","url":"https:\/\/tennisbet.net\/fr\/comment-devenir-un-joueur-de-tennis-professionnel\/entrainez-vous-a-vos-coups-de-fond-de-court-de-la-bonne-maniere\/","name":"Comment pratiquer vos coups de fond de court au tennis","isPartOf":{"@id":"https:\/\/tennisbet.net\/fr\/#website"},"datePublished":"2025-08-02T14:07:37+00:00","dateModified":"2025-08-04T14:13:08+00:00","breadcrumb":{"@id":"https:\/\/tennisbet.net\/fr\/comment-devenir-un-joueur-de-tennis-professionnel\/entrainez-vous-a-vos-coups-de-fond-de-court-de-la-bonne-maniere\/#breadcrumb"},"inLanguage":"fr-FR","potentialAction":[{"@type":"ReadAction","target":["https:\/\/tennisbet.net\/fr\/comment-devenir-un-joueur-de-tennis-professionnel\/entrainez-vous-a-vos-coups-de-fond-de-court-de-la-bonne-maniere\/"]}]},{"@type":"BreadcrumbList","@id":"https:\/\/tennisbet.net\/fr\/comment-devenir-un-joueur-de-tennis-professionnel\/entrainez-vous-a-vos-coups-de-fond-de-court-de-la-bonne-maniere\/#breadcrumb","itemListElement":[{"@type":"ListItem","position":1,"name":"Home","item":"https:\/\/tennisbet.net\/fr\/"},{"@type":"ListItem","position":2,"name":"Comment devenir un joueur de tennis professionnel","item":"https:\/\/tennisbet.net\/fr\/how-to-become-a-professional-tennis-player\/"},{"@type":"ListItem","position":3,"name":"Entra\u00eenez-vous \u00e0 vos coups de fond de court de la bonne mani\u00e8re"}]},{"@type":"WebSite","@id":"https:\/\/tennisbet.net\/fr\/#website","url":"https:\/\/tennisbet.net\/fr\/","name":"","description":"","potentialAction":[{"@type":"SearchAction","target":{"@type":"EntryPoint","urlTemplate":"https:\/\/tennisbet.net\/fr\/?s={search_term_string}"},"query-input":{"@type":"PropertyValueSpecification","valueRequired":true,"valueName":"search_term_string"}}],"inLanguage":"fr-FR"}]}},"_links":{"self":[{"href":"https:\/\/tennisbet.net\/fr\/wp-json\/wp\/v2\/pages\/54","targetHints":{"allow":["GET"]}}],"collection":[{"href":"https:\/\/tennisbet.net\/fr\/wp-json\/wp\/v2\/pages"}],"about":[{"href":"https:\/\/tennisbet.net\/fr\/wp-json\/wp\/v2\/types\/page"}],"author":[{"embeddable":true,"href":"https:\/\/tennisbet.net\/fr\/wp-json\/wp\/v2\/users\/1"}],"replies":[{"embeddable":true,"href":"https:\/\/tennisbet.net\/fr\/wp-json\/wp\/v2\/comments?post=54"}],"version-history":[{"count":1,"href":"https:\/\/tennisbet.net\/fr\/wp-json\/wp\/v2\/pages\/54\/revisions"}],"predecessor-version":[{"id":72,"href":"https:\/\/tennisbet.net\/fr\/wp-json\/wp\/v2\/pages\/54\/revisions\/72"}],"up":[{"embeddable":true,"href":"https:\/\/tennisbet.net\/fr\/wp-json\/wp\/v2\/pages\/68"}],"wp:attachment":[{"href":"https:\/\/tennisbet.net\/fr\/wp-json\/wp\/v2\/media?parent=54"}],"curies":[{"name":"wp","href":"https:\/\/api.w.org\/{rel}","templated":true}]}}