{"id":56,"date":"2025-08-02T13:41:43","date_gmt":"2025-08-02T13:41:43","guid":{"rendered":"https:\/\/tennisbet.net\/sites-de-paris\/revue-bet365\/"},"modified":"2025-08-02T13:41:43","modified_gmt":"2025-08-02T13:41:43","slug":"revue-bet365","status":"publish","type":"page","link":"https:\/\/tennisbet.net\/fr\/sites-de-paris\/revue-bet365\/","title":{"rendered":"Revue Bet365"},"content":{"rendered":"<h1>Avis sur les paris sur le tennis chez Bet365<\/h1>\n<p>Comme mentionn\u00e9 sur notre page d&rsquo;accueil, Bet365 est, \u00e0 notre avis, la meilleure option pour parier sur des matchs de tennis. Bet365 ne se limite pas aux paris sur le tennis, mais propose \u00e9galement une large gamme de sports. Nous avons \u00e9galement constat\u00e9 que les cotes sont nettement sup\u00e9rieures \u00e0 celles des autres sites de paris sportifs. Concernant les paris sur le tennis, Bet365 propose de nombreuses options de paris en direct, plus que tout autre site de paris sportifs que nous ayons rencontr\u00e9.<\/p>\n<p>Le seul inconv\u00e9nient est qu&rsquo;il n&rsquo;accepte pas les clients am\u00e9ricains\u00a0; pour les citoyens am\u00e9ricains, les options de paris en ligne sont malheureusement quelque peu limit\u00e9es. La meilleure option pour les parieurs am\u00e9ricains serait BetOnline (<span style=\"text-decoration: underline;\"><a href=\"index.php?option=com_content&amp;view=article&amp;id=37&amp;Itemid=221&amp;lang=fr\">lire un avis ici<\/a><\/span>).<\/p>\n<h2>Caract\u00e9ristiques g\u00e9n\u00e9rales de Bet365<\/h2>\n<ul>\n<li>Des d\u00e9cennies d&rsquo;exp\u00e9rience dans tous les domaines des jeux d&rsquo;argent en ligne<\/li>\n<li>Bonus int\u00e9ressant\u00a0&#8211; voir ci-dessous pour plus de d\u00e9tails<\/li>\n<li>Service client exceptionnel<\/li>\n<li>Diffusion en direct de tous types d&rsquo;\u00e9v\u00e9nements sportifs apr\u00e8s connexion au site web (un minimum de 0,01\u00a0\u20ac est requis pour regarder les diffusions en direct)<\/li>\n<li>Large choix d&rsquo;options pour vos d\u00e9p\u00f4ts et retraits (de la carte de cr\u00e9dit au virement bancaire, en passant par diverses solutions de portefeuille \u00e9lectronique comme Skrill (Moneybookers) et Neteller etc.<\/li>\n<li>Meilleures cotes sur tous les \u00e9v\u00e9nements sur lesquels vous pouvez parier<\/li>\n<li>Nombreuses promotions<\/li>\n<\/ul>\n<p><span id='tag20190325103443'><\/span><script type=\"text\/javascript\" src='https:\/\/imstore.bet365affiliates.com\/PopulateText.aspx?AffiliateId=16831&#038;AffiliateCode=365_168143&#038;TagName=tag20190325103443&#038;CID=690&#038;PID=149&#038;LNG=1&#038;NewWindow=Y&#038;Mask=N'><\/script><script type=\"text\/javascript\">document.getElementById('tag20190325103443').innerHTML = returnText_tag20190325103443();<\/script><\/p>\n<h2>D\u00e9p\u00f4t sur Bet365<\/h2>\n<p>Il vous suffit de <a href=\"go\/bet365.html\" target=\"_blank\"><span style=\"text-decoration: underline;\">cliquer ici pour acc\u00e9der \u00e0 leur site web<\/span><\/a>, puis de cr\u00e9er un compte client. Apr\u00e8s votre inscription, vous devrez v\u00e9rifier l&rsquo;adresse e-mail utilis\u00e9e pour votre nouveau compte. Pour ce faire, consultez votre compte apr\u00e8s votre inscription et recherchez l&rsquo;e-mail contenant le lien de v\u00e9rification. \u00c0 ce stade, il est conseill\u00e9 d&rsquo;ajouter Bet365 \u00e0 votre liste d&rsquo;exp\u00e9diteurs d&rsquo;e-mails de confiance. Ils proposent de nombreuses offres promotionnelles int\u00e9ressantes, \u00e0 ne pas manquer. Consultez r\u00e9guli\u00e8rement les e-mails qu&rsquo;ils vous envoient.<\/p>\n<p>Il est maintenant temps d&rsquo;effectuer un d\u00e9p\u00f4t. Choisissez la m\u00e9thode qui vous convient le mieux. Avec Bet365, vous n&rsquo;avez plus \u00e0 vous soucier de la divulgation de vos donn\u00e9es de carte de cr\u00e9dit. Compromise. Bet365 utilise des protocoles de cryptage de pointe pour garantir la s\u00e9curit\u00e9 des transactions.<\/p>\n<h2>Passer un pari sur le tennis chez Bet365<\/h2>\n<p>Pour placer un pari, consultez le menu des diff\u00e9rents sports, cliquez sur l&rsquo;un d&rsquo;eux, puis acc\u00e9dez \u00e0 l&rsquo;\u00e9v\u00e9nement sur lequel vous souhaitez parier. Pour un pari combin\u00e9 (combinant plusieurs \u00e9v\u00e9nements sur un seul ticket), s\u00e9lectionnez un secteur comme Tennis\/Open d&rsquo;Australie 2013, puis cliquez sur la case \u00ab\u00a0Cr\u00e9er un coupon\u00a0\u00bb en haut \u00e0 droite. Vous pouvez ensuite ajouter autant de matchs que vous le souhaitez \u00e0 votre ticket.<\/p>\n<h2>Utiliser les autres produits Bet365<\/h2>\n<p>Pour essayer le casino en ligne, le poker ou le bingo, il vous suffit de transf\u00e9rer de l&rsquo;argent depuis votre compte de paris. Cliquez sur le lien \u00ab\u00a0D\u00e9p\u00f4t\u00a0\u00bb en haut \u00e0 droite, puis choisissez \u00ab\u00a0Transf\u00e9rer\u00a0\u00bb et d\u00e9finissez le montant souhait\u00e9. Aucun d\u00e9p\u00f4t n&rsquo;est requis pour chaque pari. Activit\u00e9\u00a0: vous pouvez utiliser un seul portefeuille pour tout ce que Bet365 a \u00e0 offrir.<\/p>\n<p>&nbsp;<\/p>\n","protected":false},"excerpt":{"rendered":"<p>Avis sur les paris sur le tennis chez Bet365 Comme mentionn\u00e9 sur notre page d&rsquo;accueil, Bet365 est, \u00e0 notre avis, la meilleure option pour parier sur des matchs de tennis. Bet365 ne se limite pas aux paris sur le tennis, mais propose \u00e9galement une large gamme de sports. Nous avons \u00e9galement constat\u00e9 que les cotes &#8230; <a title=\"Revue Bet365\" class=\"read-more\" href=\"https:\/\/tennisbet.net\/fr\/sites-de-paris\/revue-bet365\/\" aria-label=\"En savoir plus sur Revue Bet365\">Lire la suite<\/a><\/p>\n","protected":false},"author":1,"featured_media":0,"parent":42,"menu_order":0,"comment_status":"closed","ping_status":"closed","template":"","meta":{"footnotes":""},"class_list":["post-56","page","type-page","status-publish"],"yoast_head":"<!-- This site is optimized with the Yoast SEO plugin v27.4 - https:\/\/yoast.com\/product\/yoast-seo-wordpress\/ -->\n<title>Revue Bet365<\/title>\n<meta name=\"robots\" content=\"index, follow, max-snippet:-1, max-image-preview:large, max-video-preview:-1\" \/>\n<link rel=\"canonical\" href=\"https:\/\/tennisbet.net\/fr\/sites-de-paris\/revue-bet365\/\" \/>\n<meta property=\"og:locale\" content=\"fr_FR\" \/>\n<meta property=\"og:type\" content=\"article\" \/>\n<meta property=\"og:title\" content=\"Revue Bet365\" \/>\n<meta property=\"og:description\" content=\"Avis sur les paris sur le tennis chez Bet365 Comme mentionn\u00e9 sur notre page d&rsquo;accueil, Bet365 est, \u00e0 notre avis, la meilleure option pour parier sur des matchs de tennis. Bet365 ne se limite pas aux paris sur le tennis, mais propose \u00e9galement une large gamme de sports. Nous avons \u00e9galement constat\u00e9 que les cotes ... Lire la suite\" \/>\n<meta property=\"og:url\" content=\"https:\/\/tennisbet.net\/fr\/sites-de-paris\/revue-bet365\/\" \/>\n<meta name=\"twitter:card\" content=\"summary_large_image\" \/>\n<meta name=\"twitter:label1\" content=\"Dur\u00e9e de lecture estim\u00e9e\" \/>\n\t<meta name=\"twitter:data1\" content=\"3 minutes\" \/>\n<script type=\"application\/ld+json\" class=\"yoast-schema-graph\">{\"@context\":\"https:\\\/\\\/schema.org\",\"@graph\":[{\"@type\":\"WebPage\",\"@id\":\"https:\\\/\\\/tennisbet.net\\\/fr\\\/sites-de-paris\\\/revue-bet365\\\/\",\"url\":\"https:\\\/\\\/tennisbet.net\\\/fr\\\/sites-de-paris\\\/revue-bet365\\\/\",\"name\":\"Revue Bet365\",\"isPartOf\":{\"@id\":\"https:\\\/\\\/tennisbet.net\\\/fr\\\/#website\"},\"datePublished\":\"2025-08-02T13:41:43+00:00\",\"breadcrumb\":{\"@id\":\"https:\\\/\\\/tennisbet.net\\\/fr\\\/sites-de-paris\\\/revue-bet365\\\/#breadcrumb\"},\"inLanguage\":\"fr-FR\",\"potentialAction\":[{\"@type\":\"ReadAction\",\"target\":[\"https:\\\/\\\/tennisbet.net\\\/fr\\\/sites-de-paris\\\/revue-bet365\\\/\"]}]},{\"@type\":\"BreadcrumbList\",\"@id\":\"https:\\\/\\\/tennisbet.net\\\/fr\\\/sites-de-paris\\\/revue-bet365\\\/#breadcrumb\",\"itemListElement\":[{\"@type\":\"ListItem\",\"position\":1,\"name\":\"Home\",\"item\":\"https:\\\/\\\/tennisbet.net\\\/fr\\\/\"},{\"@type\":\"ListItem\",\"position\":2,\"name\":\"Sites de paris\",\"item\":\"https:\\\/\\\/tennisbet.net\\\/fr\\\/betting-sites\\\/\"},{\"@type\":\"ListItem\",\"position\":3,\"name\":\"Revue Bet365\"}]},{\"@type\":\"WebSite\",\"@id\":\"https:\\\/\\\/tennisbet.net\\\/fr\\\/#website\",\"url\":\"https:\\\/\\\/tennisbet.net\\\/fr\\\/\",\"name\":\"\",\"description\":\"\",\"potentialAction\":[{\"@type\":\"SearchAction\",\"target\":{\"@type\":\"EntryPoint\",\"urlTemplate\":\"https:\\\/\\\/tennisbet.net\\\/fr\\\/?s={search_term_string}\"},\"query-input\":{\"@type\":\"PropertyValueSpecification\",\"valueRequired\":true,\"valueName\":\"search_term_string\"}}],\"inLanguage\":\"fr-FR\"}]}<\/script>\n<!-- \/ Yoast SEO plugin. -->","yoast_head_json":{"title":"Revue Bet365","robots":{"index":"index","follow":"follow","max-snippet":"max-snippet:-1","max-image-preview":"max-image-preview:large","max-video-preview":"max-video-preview:-1"},"canonical":"https:\/\/tennisbet.net\/fr\/sites-de-paris\/revue-bet365\/","og_locale":"fr_FR","og_type":"article","og_title":"Revue Bet365","og_description":"Avis sur les paris sur le tennis chez Bet365 Comme mentionn\u00e9 sur notre page d&rsquo;accueil, Bet365 est, \u00e0 notre avis, la meilleure option pour parier sur des matchs de tennis. Bet365 ne se limite pas aux paris sur le tennis, mais propose \u00e9galement une large gamme de sports. Nous avons \u00e9galement constat\u00e9 que les cotes ... Lire la suite","og_url":"https:\/\/tennisbet.net\/fr\/sites-de-paris\/revue-bet365\/","twitter_card":"summary_large_image","twitter_misc":{"Dur\u00e9e de lecture estim\u00e9e":"3 minutes"},"schema":{"@context":"https:\/\/schema.org","@graph":[{"@type":"WebPage","@id":"https:\/\/tennisbet.net\/fr\/sites-de-paris\/revue-bet365\/","url":"https:\/\/tennisbet.net\/fr\/sites-de-paris\/revue-bet365\/","name":"Revue Bet365","isPartOf":{"@id":"https:\/\/tennisbet.net\/fr\/#website"},"datePublished":"2025-08-02T13:41:43+00:00","breadcrumb":{"@id":"https:\/\/tennisbet.net\/fr\/sites-de-paris\/revue-bet365\/#breadcrumb"},"inLanguage":"fr-FR","potentialAction":[{"@type":"ReadAction","target":["https:\/\/tennisbet.net\/fr\/sites-de-paris\/revue-bet365\/"]}]},{"@type":"BreadcrumbList","@id":"https:\/\/tennisbet.net\/fr\/sites-de-paris\/revue-bet365\/#breadcrumb","itemListElement":[{"@type":"ListItem","position":1,"name":"Home","item":"https:\/\/tennisbet.net\/fr\/"},{"@type":"ListItem","position":2,"name":"Sites de paris","item":"https:\/\/tennisbet.net\/fr\/betting-sites\/"},{"@type":"ListItem","position":3,"name":"Revue Bet365"}]},{"@type":"WebSite","@id":"https:\/\/tennisbet.net\/fr\/#website","url":"https:\/\/tennisbet.net\/fr\/","name":"","description":"","potentialAction":[{"@type":"SearchAction","target":{"@type":"EntryPoint","urlTemplate":"https:\/\/tennisbet.net\/fr\/?s={search_term_string}"},"query-input":{"@type":"PropertyValueSpecification","valueRequired":true,"valueName":"search_term_string"}}],"inLanguage":"fr-FR"}]}},"_links":{"self":[{"href":"https:\/\/tennisbet.net\/fr\/wp-json\/wp\/v2\/pages\/56","targetHints":{"allow":["GET"]}}],"collection":[{"href":"https:\/\/tennisbet.net\/fr\/wp-json\/wp\/v2\/pages"}],"about":[{"href":"https:\/\/tennisbet.net\/fr\/wp-json\/wp\/v2\/types\/page"}],"author":[{"embeddable":true,"href":"https:\/\/tennisbet.net\/fr\/wp-json\/wp\/v2\/users\/1"}],"replies":[{"embeddable":true,"href":"https:\/\/tennisbet.net\/fr\/wp-json\/wp\/v2\/comments?post=56"}],"version-history":[{"count":0,"href":"https:\/\/tennisbet.net\/fr\/wp-json\/wp\/v2\/pages\/56\/revisions"}],"up":[{"embeddable":true,"href":"https:\/\/tennisbet.net\/fr\/wp-json\/wp\/v2\/pages\/42"}],"wp:attachment":[{"href":"https:\/\/tennisbet.net\/fr\/wp-json\/wp\/v2\/media?parent=56"}],"curies":[{"name":"wp","href":"https:\/\/api.w.org\/{rel}","templated":true}]}}