{"id":58,"date":"2025-08-02T14:06:11","date_gmt":"2025-08-02T14:06:11","guid":{"rendered":"https:\/\/tennisbet.net\/revers-de-tennis-a-une-main-topspin-ou-slice\/"},"modified":"2025-08-04T14:13:08","modified_gmt":"2025-08-04T14:13:08","slug":"revers-de-tennis-a-une-main-topspin-ou-slice","status":"publish","type":"page","link":"https:\/\/tennisbet.net\/fr\/comment-devenir-un-joueur-de-tennis-professionnel\/revers-de-tennis-a-une-main-topspin-ou-slice\/","title":{"rendered":"Revers de tennis \u00e0 une main : topspin ou slice ?"},"content":{"rendered":"<h1>Revers lift\u00e9 ou slic\u00e9\u00a0?<\/h1>\n<p>De nombreux joueurs de tennis rencontrent des probl\u00e8mes avec leur revers. Face \u00e0 la multitude de techniques disponibles (coups \u00e0 deux mains, slic\u00e9s \u00e0 une main, coups lift\u00e9s \u00e0 une main), ils exp\u00e9rimentent sans cesse avec leur revers, ce qui ne leur apporte pas grand-chose. J&rsquo;aimerais rassembler quelques principes fondamentaux qui devraient vous aider \u00e0 faire le bon choix.<br \/>Vous avez peut-\u00eatre remarqu\u00e9 que lorsque j&rsquo;ai list\u00e9 les techniques, le revers droit, ou coup \u00ab\u00a0drive\u00a0\u00bb, n&rsquo;\u00e9tait pas mentionn\u00e9. Il y a une raison \u00e0 cela\u00a0: en r\u00e9alit\u00e9, ce coup est quasiment inexistant. Votre balle de revers aura une rotation vers l&rsquo;avant ou vers l&rsquo;arri\u00e8re dans 99\u00a0% des cas, et vous devez toujours choisir clairement la direction que vous souhaitez prendre.<\/p>\n<p>Il n&rsquo;y a rien de mal \u00e0 n&rsquo;avoir qu&rsquo;un revers slic\u00e9. La grande majorit\u00e9 des joueurs de tennis du monde entier s&rsquo;en sortent tr\u00e8s bien avec un revers slic\u00e9, \u00e0 condition d&rsquo;en comprendre les limites (voir ci-dessous).<br \/>Lorsque vous jouez un revers slic\u00e9, n&rsquo;essayez pas de frapper la balle trop vite. Le coup slic\u00e9 doit \u00eatre contr\u00f4l\u00e9\u00a0: il doit \u00eatre pr\u00e9cis, mais pas trop rapide. N&rsquo;oubliez pas que m\u00eame une balle slic\u00e9e qui se d\u00e9place \u00e0 une vitesse relativement faible sera difficile \u00e0 renvoyer si elle ne rebondit pas trop haut, ne touche pas profond\u00e9ment le terrain adverse et est bien plac\u00e9e.<br \/>Avoir un revers lift\u00e9 est bien s\u00fbr un atout. Si vous pouvez effectuer \u00e0 la fois un coup slic\u00e9 et un coup lift\u00e9, vous avez un avantage consid\u00e9rable. Mais vous ne pourrez jamais frapper toutes les balles avec lift.<\/p>\n<p>Le coup lift\u00e9 n\u00e9cessite une position solide et \u00e9quilibr\u00e9e\u00a0: vous devrez frapper la balle \u00e0 une hauteur proche de la hauteur d&rsquo;attente et disposer de suffisamment de temps pour d\u00e9velopper une forte tension corporelle. Mais dans un match contre un adversaire de force \u00e9gale, les situations o\u00f9 toutes ces conditions s&rsquo;appliquent peuvent \u00eatre limit\u00e9es, et vous vous retrouverez \u00e0 utiliser le slice assez souvent. Ce serait une erreur d&rsquo;ignorer cette technique ou d&rsquo;essayer d&rsquo;utiliser le coup lift\u00e9 lorsque la situation ne l&rsquo;exige pas.<\/p>\n<p>Si vous pouvez utiliser les deux coups, il est important de d\u00e9cider rapidement de la technique \u00e0 utiliser dans chaque situation. Je vous sugg\u00e8re d&rsquo;utiliser le coup lift\u00e9 lorsque vous souhaitez mettre la pression sur l&rsquo;adversaire, frapper un coup gagnant ou vous retrouver dans une situation d\u00e9sesp\u00e9r\u00e9e. Pour un passing shot, le coup lift\u00e9 est g\u00e9n\u00e9ralement meilleur en raison de sa vitesse plus \u00e9lev\u00e9e et parce que vous souhaitez parfois viser les pieds de votre adversaire.<\/p>\n<p>Vous devriez utiliser le coup lift\u00e9 lorsque vous recherchez la r\u00e9gularit\u00e9 (en supposant que votre slice soit plus r\u00e9gulier que votre coup lift\u00e9), lorsque vous frappez la balle en retard, que vous avez un mauvais \u00e9quilibre ou que la balle rebondit tr\u00e8s haut ou tr\u00e8s bas. Il existe \u00e9galement une situation o\u00f9 le slice peut \u00eatre jou\u00e9 de mani\u00e8re tr\u00e8s agressive\u00a0: frapper la balle tr\u00e8s t\u00f4t depuis l&rsquo;int\u00e9rieur du court, emp\u00eachant ainsi l&rsquo;adversaire de se repositionner \u00e0 temps. Pour un coup lift\u00e9, il faut g\u00e9n\u00e9ralement attendre un peu plus longtemps que la balle retombe au bon niveau. Cela peut \u00eatre compens\u00e9 par une vitesse de balle plus \u00e9lev\u00e9e, mais tr\u00e8s souvent, frapper le slice t\u00f4t et \u00e0 vitesse r\u00e9duite peut produire un meilleur r\u00e9sultat et mettre davantage de pression sur l&rsquo;adversaire.<\/p>\n","protected":false},"excerpt":{"rendered":"<p>Revers lift\u00e9 ou slic\u00e9\u00a0? De nombreux joueurs de tennis rencontrent des probl\u00e8mes avec leur revers. Face \u00e0 la multitude de techniques disponibles (coups \u00e0 deux mains, slic\u00e9s \u00e0 une main, coups lift\u00e9s \u00e0 une main), ils exp\u00e9rimentent sans cesse avec leur revers, ce qui ne leur apporte pas grand-chose. J&rsquo;aimerais rassembler quelques principes fondamentaux qui &#8230; <a title=\"Revers de tennis \u00e0 une main : topspin ou slice ?\" class=\"read-more\" href=\"https:\/\/tennisbet.net\/fr\/comment-devenir-un-joueur-de-tennis-professionnel\/revers-de-tennis-a-une-main-topspin-ou-slice\/\" aria-label=\"En savoir plus sur Revers de tennis \u00e0 une main : topspin ou slice ?\">Lire la suite<\/a><\/p>\n","protected":false},"author":1,"featured_media":0,"parent":68,"menu_order":0,"comment_status":"closed","ping_status":"closed","template":"","meta":{"footnotes":""},"class_list":["post-58","page","type-page","status-publish"],"yoast_head":"<!-- This site is optimized with the Yoast SEO plugin v27.3 - https:\/\/yoast.com\/product\/yoast-seo-wordpress\/ -->\n<title>Revers de tennis \u00e0 une main : topspin ou slice ?<\/title>\n<meta name=\"robots\" content=\"index, follow, max-snippet:-1, max-image-preview:large, max-video-preview:-1\" \/>\n<link rel=\"canonical\" href=\"https:\/\/tennisbet.net\/fr\/comment-devenir-un-joueur-de-tennis-professionnel\/revers-de-tennis-a-une-main-topspin-ou-slice\/\" \/>\n<meta property=\"og:locale\" content=\"fr_FR\" \/>\n<meta property=\"og:type\" content=\"article\" \/>\n<meta property=\"og:title\" content=\"Revers de tennis \u00e0 une main : topspin ou slice ?\" \/>\n<meta property=\"og:description\" content=\"Revers lift\u00e9 ou slic\u00e9\u00a0? De nombreux joueurs de tennis rencontrent des probl\u00e8mes avec leur revers. Face \u00e0 la multitude de techniques disponibles (coups \u00e0 deux mains, slic\u00e9s \u00e0 une main, coups lift\u00e9s \u00e0 une main), ils exp\u00e9rimentent sans cesse avec leur revers, ce qui ne leur apporte pas grand-chose. J&rsquo;aimerais rassembler quelques principes fondamentaux qui ... Lire la suite\" \/>\n<meta property=\"og:url\" content=\"https:\/\/tennisbet.net\/fr\/comment-devenir-un-joueur-de-tennis-professionnel\/revers-de-tennis-a-une-main-topspin-ou-slice\/\" \/>\n<meta property=\"article:modified_time\" content=\"2025-08-04T14:13:08+00:00\" \/>\n<meta name=\"twitter:card\" content=\"summary_large_image\" \/>\n<meta name=\"twitter:label1\" content=\"Dur\u00e9e de lecture estim\u00e9e\" \/>\n\t<meta name=\"twitter:data1\" content=\"3 minutes\" \/>\n<script type=\"application\/ld+json\" class=\"yoast-schema-graph\">{\"@context\":\"https:\\\/\\\/schema.org\",\"@graph\":[{\"@type\":\"WebPage\",\"@id\":\"https:\\\/\\\/tennisbet.net\\\/fr\\\/comment-devenir-un-joueur-de-tennis-professionnel\\\/revers-de-tennis-a-une-main-topspin-ou-slice\\\/\",\"url\":\"https:\\\/\\\/tennisbet.net\\\/fr\\\/comment-devenir-un-joueur-de-tennis-professionnel\\\/revers-de-tennis-a-une-main-topspin-ou-slice\\\/\",\"name\":\"Revers de tennis \u00e0 une main : topspin ou slice ?\",\"isPartOf\":{\"@id\":\"https:\\\/\\\/tennisbet.net\\\/fr\\\/#website\"},\"datePublished\":\"2025-08-02T14:06:11+00:00\",\"dateModified\":\"2025-08-04T14:13:08+00:00\",\"breadcrumb\":{\"@id\":\"https:\\\/\\\/tennisbet.net\\\/fr\\\/comment-devenir-un-joueur-de-tennis-professionnel\\\/revers-de-tennis-a-une-main-topspin-ou-slice\\\/#breadcrumb\"},\"inLanguage\":\"fr-FR\",\"potentialAction\":[{\"@type\":\"ReadAction\",\"target\":[\"https:\\\/\\\/tennisbet.net\\\/fr\\\/comment-devenir-un-joueur-de-tennis-professionnel\\\/revers-de-tennis-a-une-main-topspin-ou-slice\\\/\"]}]},{\"@type\":\"BreadcrumbList\",\"@id\":\"https:\\\/\\\/tennisbet.net\\\/fr\\\/comment-devenir-un-joueur-de-tennis-professionnel\\\/revers-de-tennis-a-une-main-topspin-ou-slice\\\/#breadcrumb\",\"itemListElement\":[{\"@type\":\"ListItem\",\"position\":1,\"name\":\"Home\",\"item\":\"https:\\\/\\\/tennisbet.net\\\/fr\\\/\"},{\"@type\":\"ListItem\",\"position\":2,\"name\":\"Comment devenir un joueur de tennis professionnel\",\"item\":\"https:\\\/\\\/tennisbet.net\\\/fr\\\/how-to-become-a-professional-tennis-player\\\/\"},{\"@type\":\"ListItem\",\"position\":3,\"name\":\"Revers de tennis \u00e0 une main : topspin ou slice ?\"}]},{\"@type\":\"WebSite\",\"@id\":\"https:\\\/\\\/tennisbet.net\\\/fr\\\/#website\",\"url\":\"https:\\\/\\\/tennisbet.net\\\/fr\\\/\",\"name\":\"\",\"description\":\"\",\"potentialAction\":[{\"@type\":\"SearchAction\",\"target\":{\"@type\":\"EntryPoint\",\"urlTemplate\":\"https:\\\/\\\/tennisbet.net\\\/fr\\\/?s={search_term_string}\"},\"query-input\":{\"@type\":\"PropertyValueSpecification\",\"valueRequired\":true,\"valueName\":\"search_term_string\"}}],\"inLanguage\":\"fr-FR\"}]}<\/script>\n<!-- \/ Yoast SEO plugin. -->","yoast_head_json":{"title":"Revers de tennis \u00e0 une main : topspin ou slice ?","robots":{"index":"index","follow":"follow","max-snippet":"max-snippet:-1","max-image-preview":"max-image-preview:large","max-video-preview":"max-video-preview:-1"},"canonical":"https:\/\/tennisbet.net\/fr\/comment-devenir-un-joueur-de-tennis-professionnel\/revers-de-tennis-a-une-main-topspin-ou-slice\/","og_locale":"fr_FR","og_type":"article","og_title":"Revers de tennis \u00e0 une main : topspin ou slice ?","og_description":"Revers lift\u00e9 ou slic\u00e9\u00a0? De nombreux joueurs de tennis rencontrent des probl\u00e8mes avec leur revers. Face \u00e0 la multitude de techniques disponibles (coups \u00e0 deux mains, slic\u00e9s \u00e0 une main, coups lift\u00e9s \u00e0 une main), ils exp\u00e9rimentent sans cesse avec leur revers, ce qui ne leur apporte pas grand-chose. J&rsquo;aimerais rassembler quelques principes fondamentaux qui ... Lire la suite","og_url":"https:\/\/tennisbet.net\/fr\/comment-devenir-un-joueur-de-tennis-professionnel\/revers-de-tennis-a-une-main-topspin-ou-slice\/","article_modified_time":"2025-08-04T14:13:08+00:00","twitter_card":"summary_large_image","twitter_misc":{"Dur\u00e9e de lecture estim\u00e9e":"3 minutes"},"schema":{"@context":"https:\/\/schema.org","@graph":[{"@type":"WebPage","@id":"https:\/\/tennisbet.net\/fr\/comment-devenir-un-joueur-de-tennis-professionnel\/revers-de-tennis-a-une-main-topspin-ou-slice\/","url":"https:\/\/tennisbet.net\/fr\/comment-devenir-un-joueur-de-tennis-professionnel\/revers-de-tennis-a-une-main-topspin-ou-slice\/","name":"Revers de tennis \u00e0 une main : topspin ou slice ?","isPartOf":{"@id":"https:\/\/tennisbet.net\/fr\/#website"},"datePublished":"2025-08-02T14:06:11+00:00","dateModified":"2025-08-04T14:13:08+00:00","breadcrumb":{"@id":"https:\/\/tennisbet.net\/fr\/comment-devenir-un-joueur-de-tennis-professionnel\/revers-de-tennis-a-une-main-topspin-ou-slice\/#breadcrumb"},"inLanguage":"fr-FR","potentialAction":[{"@type":"ReadAction","target":["https:\/\/tennisbet.net\/fr\/comment-devenir-un-joueur-de-tennis-professionnel\/revers-de-tennis-a-une-main-topspin-ou-slice\/"]}]},{"@type":"BreadcrumbList","@id":"https:\/\/tennisbet.net\/fr\/comment-devenir-un-joueur-de-tennis-professionnel\/revers-de-tennis-a-une-main-topspin-ou-slice\/#breadcrumb","itemListElement":[{"@type":"ListItem","position":1,"name":"Home","item":"https:\/\/tennisbet.net\/fr\/"},{"@type":"ListItem","position":2,"name":"Comment devenir un joueur de tennis professionnel","item":"https:\/\/tennisbet.net\/fr\/how-to-become-a-professional-tennis-player\/"},{"@type":"ListItem","position":3,"name":"Revers de tennis \u00e0 une main : topspin ou slice ?"}]},{"@type":"WebSite","@id":"https:\/\/tennisbet.net\/fr\/#website","url":"https:\/\/tennisbet.net\/fr\/","name":"","description":"","potentialAction":[{"@type":"SearchAction","target":{"@type":"EntryPoint","urlTemplate":"https:\/\/tennisbet.net\/fr\/?s={search_term_string}"},"query-input":{"@type":"PropertyValueSpecification","valueRequired":true,"valueName":"search_term_string"}}],"inLanguage":"fr-FR"}]}},"_links":{"self":[{"href":"https:\/\/tennisbet.net\/fr\/wp-json\/wp\/v2\/pages\/58","targetHints":{"allow":["GET"]}}],"collection":[{"href":"https:\/\/tennisbet.net\/fr\/wp-json\/wp\/v2\/pages"}],"about":[{"href":"https:\/\/tennisbet.net\/fr\/wp-json\/wp\/v2\/types\/page"}],"author":[{"embeddable":true,"href":"https:\/\/tennisbet.net\/fr\/wp-json\/wp\/v2\/users\/1"}],"replies":[{"embeddable":true,"href":"https:\/\/tennisbet.net\/fr\/wp-json\/wp\/v2\/comments?post=58"}],"version-history":[{"count":1,"href":"https:\/\/tennisbet.net\/fr\/wp-json\/wp\/v2\/pages\/58\/revisions"}],"predecessor-version":[{"id":71,"href":"https:\/\/tennisbet.net\/fr\/wp-json\/wp\/v2\/pages\/58\/revisions\/71"}],"up":[{"embeddable":true,"href":"https:\/\/tennisbet.net\/fr\/wp-json\/wp\/v2\/pages\/68"}],"wp:attachment":[{"href":"https:\/\/tennisbet.net\/fr\/wp-json\/wp\/v2\/media?parent=58"}],"curies":[{"name":"wp","href":"https:\/\/api.w.org\/{rel}","templated":true}]}}