{"id":60,"date":"2025-08-02T13:43:25","date_gmt":"2025-08-02T13:43:25","guid":{"rendered":"https:\/\/tennisbet.net\/sites-de-paris\/avis-sur-betonline-compatible-avec-les-etats-unis\/"},"modified":"2025-08-02T13:43:25","modified_gmt":"2025-08-02T13:43:25","slug":"avis-sur-betonline-compatible-avec-les-etats-unis","status":"publish","type":"page","link":"https:\/\/tennisbet.net\/fr\/sites-de-paris\/avis-sur-betonline-compatible-avec-les-etats-unis\/","title":{"rendered":"Avis sur BetOnline (compatible avec les \u00c9tats-Unis\u00a0!)"},"content":{"rendered":"<h1>Avis sur les paris sportifs BetOnline<\/h1>\n<p>BetOnline est rapidement devenu l&rsquo;un des meilleurs sites de paris sportifs am\u00e9ricains. Depuis son introduction dans le secteur des paris sportifs en 2001, la soci\u00e9t\u00e9 propose l&rsquo;un des meilleurs sites de paris sportifs non seulement sur le tennis, mais aussi sur une large gamme de sports.<\/p>\n<p>L&rsquo;un des principaux atouts de BetOnline est sa capacit\u00e9 \u00e0 accueillir les parieurs sportifs am\u00e9ricains. Dans un secteur pour le moins difficile pour les parieurs am\u00e9ricains, disposer d&rsquo;un site aussi fiable et complet que BetOnline est un atout majeur.<\/p>\n<p>La section paris sur le tennis de BetOnline ne remportera probablement pas de prix pour son leadership, mais elle couvre la majorit\u00e9 des tournois et matchs majeurs \u00e0 venir, avec des cotes parmi les plus comp\u00e9titives du secteur. De plus, d&rsquo;apr\u00e8s ce que nous avons entendu, des am\u00e9liorations seront bient\u00f4t apport\u00e9es aux options de paris en direct.<\/p>\n<h2>Bonus et promotions<\/h2>\n<p>Lors de l&rsquo;ouverture d&rsquo;un compte BetOnline, vous pouvez b\u00e9n\u00e9ficier d&rsquo;un bonus de bienvenue pouvant atteindre 1\u00a0000\u00a0$ sur votre premier d\u00e9p\u00f4t. Ce bonus consiste en une r\u00e9compense de 25\u00a0% du montant de votre d\u00e9p\u00f4t\u00a0; cela signifie que pour d\u00e9bloquer la totalit\u00e9 des 900\u00a0$, vous devrez d\u00e9poser 4\u00a0000\u00a0$. Pour obtenir le bonus complet, vous devrez effectuer 6\u00a0virements sur votre d\u00e9p\u00f4t.<\/p>\n<p>\u00c0 noter \u00e9galement que vous b\u00e9n\u00e9ficiez \u00e9galement du m\u00eame bonus de 25\u00a0% sur chaque d\u00e9p\u00f4t effectu\u00e9, \u00e0 vie. Les conditions de compensation restent les m\u00eames, mais si vous souhaitez d\u00e9poser plus de 4\u00a0000\u00a0$ sur votre compte, il est conseill\u00e9 de fractionner chaque d\u00e9p\u00f4t afin de garantir un bonus pour chaque d\u00e9p\u00f4t.<\/p>\n<p><a href=\"go\/betonline.html\" target=\"_blank\"><strong><span style=\"text-decoration: underline;\">Cliquez sur ce lien bonus pour visiter BetOnline<\/span><\/strong><\/a> et profitez pleinement de leur offre de bonus la plus avantageuse.<\/p>\n<h2>Options bancaires<\/h2>\n<p>Les options bancaires de BetOnline sont aussi compl\u00e8tes que celles des principaux bookmakers en termes de nombre d&rsquo;options de d\u00e9p\u00f4t et de retrait. Vous pouvez utiliser Visa, MasterCard, MoneyGram, Western Union, Moneybookers (Skrill), Neteller, les virements bancaires et m\u00eame les ch\u00e8ques.<\/p>\n<p>L\u00e0 o\u00f9 les limites et les frais de transfert sont un peu faibles, le montant que vous pouvez d\u00e9poser d\u00e9pend de la m\u00e9thode utilis\u00e9e. La gamme de d\u00e9p\u00f4ts varie de 10 $ \u00e0 50\u00a0000 $. Si vous souhaitez d\u00e9poser plus que ces limites, contactez-les directement afin de discuter de la m\u00e9thode la plus adapt\u00e9e \u00e0 vos besoins.<\/p>\n<p>Les d\u00e9p\u00f4ts sont g\u00e9n\u00e9ralement gratuits ou, du moins, la plupart des frais sont rembours\u00e9s. Certains casinos exigent toutefois que vous remettiez votre d\u00e9p\u00f4t initial au moins une fois avant de pouvoir retirer. La plupart des options de retrait par portefeuille \u00e9lectronique entra\u00eenent des frais allant de 15 $ \u00e0 75 $.<\/p>\n<h2>Service client<\/h2>\n<p>Leur service client est excellent. Vous pouvez les contacter par t\u00e9l\u00e9phone et par e-mail, et ils disposent \u00e9galement d&rsquo;un chat en direct disponible 24h\/24 et 7j\/7. \u00c9tant donn\u00e9 que les paris par t\u00e9l\u00e9phone repr\u00e9sentent encore une part importante de leur client\u00e8le, ce type d&rsquo;assistance est indispensable. Gardez toutefois \u00e0 l&rsquo;esprit que les limites des march\u00e9s de paris seront r\u00e9duites en dehors des heures de bureau.<\/p>\n<h2>Verdict<\/h2>\n<p>BetOnline a toutes les qualit\u00e9s pour devenir un excellent site de paris sur le tennis. Ce n&rsquo;est pas le plus grand site pour les parieurs, mais il fera certainement son travail et offrira \u00e0 la plupart des parieurs un choix plus que suffisant.<\/p>\n<p>Nous regrettons toutefois que la section paris sur le tennis de BetOnline ne propose pas de march\u00e9s pour les \u00e9v\u00e9nements tennistiques \u00e0 venir. Cela signifie que les march\u00e9s diffus\u00e9s en direct concernent g\u00e9n\u00e9ralement les tournois \u00e0 venir de la semaine, et non d&rsquo;un mois ou plus, contrairement \u00e0 certains concurrents.<\/p>\n<p>Cela dit, la simplicit\u00e9 du site permet \u00e0 BetOnline de se d\u00e9marquer sur un march\u00e9 devenu satur\u00e9. Son design tr\u00e8s \u00e9pur\u00e9, avec sa vue textuelle des march\u00e9s, vous permet de voir rapidement les matchs sur lesquels parier et le prix de chaque pari. Parfois, moins c&rsquo;est plus dans l&rsquo;industrie des paris, et c&rsquo;est une philosophie que BetOnline a adopt\u00e9e et dans laquelle il excelle.<\/p>\n","protected":false},"excerpt":{"rendered":"<p>Avis sur les paris sportifs BetOnline BetOnline est rapidement devenu l&rsquo;un des meilleurs sites de paris sportifs am\u00e9ricains. Depuis son introduction dans le secteur des paris sportifs en 2001, la soci\u00e9t\u00e9 propose l&rsquo;un des meilleurs sites de paris sportifs non seulement sur le tennis, mais aussi sur une large gamme de sports. L&rsquo;un des principaux &#8230; <a title=\"Avis sur BetOnline (compatible avec les \u00c9tats-Unis\u00a0!)\" class=\"read-more\" href=\"https:\/\/tennisbet.net\/fr\/sites-de-paris\/avis-sur-betonline-compatible-avec-les-etats-unis\/\" aria-label=\"En savoir plus sur Avis sur BetOnline (compatible avec les \u00c9tats-Unis\u00a0!)\">Lire la suite<\/a><\/p>\n","protected":false},"author":1,"featured_media":0,"parent":42,"menu_order":0,"comment_status":"closed","ping_status":"closed","template":"","meta":{"footnotes":""},"class_list":["post-60","page","type-page","status-publish"],"yoast_head":"<!-- This site is optimized with the Yoast SEO plugin v27.5 - https:\/\/yoast.com\/product\/yoast-seo-wordpress\/ -->\n<title>Revue des paris sur le tennis BetOnline<\/title>\n<meta name=\"robots\" content=\"index, follow, max-snippet:-1, max-image-preview:large, max-video-preview:-1\" \/>\n<link rel=\"canonical\" href=\"https:\/\/tennisbet.net\/fr\/sites-de-paris\/avis-sur-betonline-compatible-avec-les-etats-unis\/\" \/>\n<meta property=\"og:locale\" content=\"fr_FR\" \/>\n<meta property=\"og:type\" content=\"article\" \/>\n<meta property=\"og:title\" content=\"Revue des paris sur le tennis BetOnline\" \/>\n<meta property=\"og:description\" content=\"Avis sur les paris sportifs BetOnline BetOnline est rapidement devenu l&rsquo;un des meilleurs sites de paris sportifs am\u00e9ricains. Depuis son introduction dans le secteur des paris sportifs en 2001, la soci\u00e9t\u00e9 propose l&rsquo;un des meilleurs sites de paris sportifs non seulement sur le tennis, mais aussi sur une large gamme de sports. L&rsquo;un des principaux ... Lire la suite\" \/>\n<meta property=\"og:url\" content=\"https:\/\/tennisbet.net\/fr\/sites-de-paris\/avis-sur-betonline-compatible-avec-les-etats-unis\/\" \/>\n<meta name=\"twitter:card\" content=\"summary_large_image\" \/>\n<meta name=\"twitter:label1\" content=\"Dur\u00e9e de lecture estim\u00e9e\" \/>\n\t<meta name=\"twitter:data1\" content=\"3 minutes\" \/>\n<script type=\"application\/ld+json\" class=\"yoast-schema-graph\">{\"@context\":\"https:\\\/\\\/schema.org\",\"@graph\":[{\"@type\":\"WebPage\",\"@id\":\"https:\\\/\\\/tennisbet.net\\\/fr\\\/sites-de-paris\\\/avis-sur-betonline-compatible-avec-les-etats-unis\\\/\",\"url\":\"https:\\\/\\\/tennisbet.net\\\/fr\\\/sites-de-paris\\\/avis-sur-betonline-compatible-avec-les-etats-unis\\\/\",\"name\":\"Revue des paris sur le tennis BetOnline\",\"isPartOf\":{\"@id\":\"https:\\\/\\\/tennisbet.net\\\/fr\\\/#website\"},\"datePublished\":\"2025-08-02T13:43:25+00:00\",\"breadcrumb\":{\"@id\":\"https:\\\/\\\/tennisbet.net\\\/fr\\\/sites-de-paris\\\/avis-sur-betonline-compatible-avec-les-etats-unis\\\/#breadcrumb\"},\"inLanguage\":\"fr-FR\",\"potentialAction\":[{\"@type\":\"ReadAction\",\"target\":[\"https:\\\/\\\/tennisbet.net\\\/fr\\\/sites-de-paris\\\/avis-sur-betonline-compatible-avec-les-etats-unis\\\/\"]}]},{\"@type\":\"BreadcrumbList\",\"@id\":\"https:\\\/\\\/tennisbet.net\\\/fr\\\/sites-de-paris\\\/avis-sur-betonline-compatible-avec-les-etats-unis\\\/#breadcrumb\",\"itemListElement\":[{\"@type\":\"ListItem\",\"position\":1,\"name\":\"Home\",\"item\":\"https:\\\/\\\/tennisbet.net\\\/fr\\\/\"},{\"@type\":\"ListItem\",\"position\":2,\"name\":\"Sites de paris\",\"item\":\"https:\\\/\\\/tennisbet.net\\\/fr\\\/betting-sites\\\/\"},{\"@type\":\"ListItem\",\"position\":3,\"name\":\"Avis sur BetOnline (compatible avec les \u00c9tats-Unis\u00a0!)\"}]},{\"@type\":\"WebSite\",\"@id\":\"https:\\\/\\\/tennisbet.net\\\/fr\\\/#website\",\"url\":\"https:\\\/\\\/tennisbet.net\\\/fr\\\/\",\"name\":\"\",\"description\":\"\",\"potentialAction\":[{\"@type\":\"SearchAction\",\"target\":{\"@type\":\"EntryPoint\",\"urlTemplate\":\"https:\\\/\\\/tennisbet.net\\\/fr\\\/?s={search_term_string}\"},\"query-input\":{\"@type\":\"PropertyValueSpecification\",\"valueRequired\":true,\"valueName\":\"search_term_string\"}}],\"inLanguage\":\"fr-FR\"}]}<\/script>\n<!-- \/ Yoast SEO plugin. -->","yoast_head_json":{"title":"Revue des paris sur le tennis BetOnline","robots":{"index":"index","follow":"follow","max-snippet":"max-snippet:-1","max-image-preview":"max-image-preview:large","max-video-preview":"max-video-preview:-1"},"canonical":"https:\/\/tennisbet.net\/fr\/sites-de-paris\/avis-sur-betonline-compatible-avec-les-etats-unis\/","og_locale":"fr_FR","og_type":"article","og_title":"Revue des paris sur le tennis BetOnline","og_description":"Avis sur les paris sportifs BetOnline BetOnline est rapidement devenu l&rsquo;un des meilleurs sites de paris sportifs am\u00e9ricains. Depuis son introduction dans le secteur des paris sportifs en 2001, la soci\u00e9t\u00e9 propose l&rsquo;un des meilleurs sites de paris sportifs non seulement sur le tennis, mais aussi sur une large gamme de sports. L&rsquo;un des principaux ... Lire la suite","og_url":"https:\/\/tennisbet.net\/fr\/sites-de-paris\/avis-sur-betonline-compatible-avec-les-etats-unis\/","twitter_card":"summary_large_image","twitter_misc":{"Dur\u00e9e de lecture estim\u00e9e":"3 minutes"},"schema":{"@context":"https:\/\/schema.org","@graph":[{"@type":"WebPage","@id":"https:\/\/tennisbet.net\/fr\/sites-de-paris\/avis-sur-betonline-compatible-avec-les-etats-unis\/","url":"https:\/\/tennisbet.net\/fr\/sites-de-paris\/avis-sur-betonline-compatible-avec-les-etats-unis\/","name":"Revue des paris sur le tennis BetOnline","isPartOf":{"@id":"https:\/\/tennisbet.net\/fr\/#website"},"datePublished":"2025-08-02T13:43:25+00:00","breadcrumb":{"@id":"https:\/\/tennisbet.net\/fr\/sites-de-paris\/avis-sur-betonline-compatible-avec-les-etats-unis\/#breadcrumb"},"inLanguage":"fr-FR","potentialAction":[{"@type":"ReadAction","target":["https:\/\/tennisbet.net\/fr\/sites-de-paris\/avis-sur-betonline-compatible-avec-les-etats-unis\/"]}]},{"@type":"BreadcrumbList","@id":"https:\/\/tennisbet.net\/fr\/sites-de-paris\/avis-sur-betonline-compatible-avec-les-etats-unis\/#breadcrumb","itemListElement":[{"@type":"ListItem","position":1,"name":"Home","item":"https:\/\/tennisbet.net\/fr\/"},{"@type":"ListItem","position":2,"name":"Sites de paris","item":"https:\/\/tennisbet.net\/fr\/betting-sites\/"},{"@type":"ListItem","position":3,"name":"Avis sur BetOnline (compatible avec les \u00c9tats-Unis\u00a0!)"}]},{"@type":"WebSite","@id":"https:\/\/tennisbet.net\/fr\/#website","url":"https:\/\/tennisbet.net\/fr\/","name":"","description":"","potentialAction":[{"@type":"SearchAction","target":{"@type":"EntryPoint","urlTemplate":"https:\/\/tennisbet.net\/fr\/?s={search_term_string}"},"query-input":{"@type":"PropertyValueSpecification","valueRequired":true,"valueName":"search_term_string"}}],"inLanguage":"fr-FR"}]}},"_links":{"self":[{"href":"https:\/\/tennisbet.net\/fr\/wp-json\/wp\/v2\/pages\/60","targetHints":{"allow":["GET"]}}],"collection":[{"href":"https:\/\/tennisbet.net\/fr\/wp-json\/wp\/v2\/pages"}],"about":[{"href":"https:\/\/tennisbet.net\/fr\/wp-json\/wp\/v2\/types\/page"}],"author":[{"embeddable":true,"href":"https:\/\/tennisbet.net\/fr\/wp-json\/wp\/v2\/users\/1"}],"replies":[{"embeddable":true,"href":"https:\/\/tennisbet.net\/fr\/wp-json\/wp\/v2\/comments?post=60"}],"version-history":[{"count":0,"href":"https:\/\/tennisbet.net\/fr\/wp-json\/wp\/v2\/pages\/60\/revisions"}],"up":[{"embeddable":true,"href":"https:\/\/tennisbet.net\/fr\/wp-json\/wp\/v2\/pages\/42"}],"wp:attachment":[{"href":"https:\/\/tennisbet.net\/fr\/wp-json\/wp\/v2\/media?parent=60"}],"curies":[{"name":"wp","href":"https:\/\/api.w.org\/{rel}","templated":true}]}}