{"id":62,"date":"2025-08-02T14:05:13","date_gmt":"2025-08-02T14:05:13","guid":{"rendered":"https:\/\/tennisbet.net\/ameliorez-votre-volee-en-faisant-ce-petit-changement\/"},"modified":"2025-08-04T14:13:08","modified_gmt":"2025-08-04T14:13:08","slug":"ameliorez-votre-volee-en-faisant-ce-petit-changement","status":"publish","type":"page","link":"https:\/\/tennisbet.net\/fr\/comment-devenir-un-joueur-de-tennis-professionnel\/ameliorez-votre-volee-en-faisant-ce-petit-changement\/","title":{"rendered":"Am\u00e9liorez votre vol\u00e9e en faisant ce petit changement"},"content":{"rendered":"<h1>La correction la plus importante pour votre technique de vol\u00e9e au tennis<\/h1>\n<p>Si vous avez des difficult\u00e9s avec votre vol\u00e9e, il y a de fortes chances que vous ayez mal ex\u00e9cut\u00e9 une chose\u00a0: le mouvement initial. Que faites-vous en premier lorsque vous voyez la balle de tennis s&rsquo;approcher de vous, que ce soit c\u00f4t\u00e9 coup droit ou revers\u00a0?<\/p>\n<p>La plupart des entra\u00eeneurs de tennis recommandent \u00e0 leurs \u00e9l\u00e8ves d&rsquo;effectuer une rotation \u00ab\u00a0sur place\u00a0\u00bb vers la droite ou la gauche et de reculer l\u00e9g\u00e8rement la raquette. Le mouvement suivant consiste \u00e0 effectuer un pas en diagonale vers l&rsquo;avant, en direction de la balle. C&rsquo;est ainsi que la vol\u00e9e est enseign\u00e9e depuis des d\u00e9cennies, et c&rsquo;est totalement faux\u00a0! Si c&rsquo;est votre m\u00e9thode habituelle, lisez la suite.<\/p>\n<h2>Quel est le probl\u00e8me avec la technique d\u00e9crite ci-dessus\u00a0?<\/h2>\n<p><span style=\"font-size: 14px;\"><strong>Premier probl\u00e8me\u00a0:<\/strong> Apr\u00e8s ce premier pas en diagonale, vous ne pourrez plus faire de pas avant de frapper la balle. Imaginons que vous soyez droitier. Vous effectuez un pas en diagonale avec votre pied gauche pour tenter de frapper une balle sur votre droite. \u00c0 ce stade, le poids de votre corps repose sur votre pied gauche. Id\u00e9alement, votre timing devrait vous permettre de frapper la balle <span style=\"text-decoration: underline;\">tout en effectuant ce pas<\/span>. Id\u00e9alement, la balle doit \u00eatre \u00e0 votre port\u00e9e (ni trop pr\u00e8s ni trop loin de votre corps). Si c&rsquo;est le cas, votre vol\u00e9e devrait \u00eatre correcte.<\/span><\/p>\n<p>Mais les circonstances ne sont presque jamais aussi id\u00e9ales. Tr\u00e8s souvent, vous constaterez que vous avez fait ce pas en diagonale, mais que la balle est plus lente que pr\u00e9vu\u00a0; vous devez attendre la balle et l&rsquo;\u00e9lan du premier pas est perdu. Plus souvent encore, vous constaterez que la balle est hors de votre port\u00e9e car votre adversaire l&rsquo;a plac\u00e9e plus \u00e0 droite. Mais avec le poids de votre corps d\u00e9j\u00e0 sur votre pied gauche, il vous est impossible de faire un pas de plus (et encore moins deux) pour vous rapprocher suffisamment de la balle et la frapper.<\/p>\n<p>Deuxi\u00e8me probl\u00e8me\u00a0: lorsque vous vous tournez sur place et que vous balancez votre raquette en arri\u00e8re simultan\u00e9ment, la plupart du temps, vous allez soit trop loin en arri\u00e8re et ne pas pouvoir ramener la raquette vers l&rsquo;avant (si la balle approche plus vite que pr\u00e9vu). Votre point de contact sera tardif (derri\u00e8re votre corps), ce qui est la pire chose qui puisse arriver. Ou bien, la balle approche plus lentement que pr\u00e9vu et, comme vous n&rsquo;avez que l\u00e9g\u00e8rement balanc\u00e9 votre raquette en arri\u00e8re, vous ne pouvez pas reculer davantage pour ajouter de la vitesse et de la profondeur \u00e0 votre vol\u00e9e. Ce n&rsquo;est pas non plus id\u00e9al.<\/p>\n<h2>Alors, que faire\u00a0?<\/h2>\n<p>Lorsque vous voyez la balle arriver sur votre droite, votre premier r\u00e9flexe devrait \u00eatre de faire un petit pas vers la droite avec votre pied droit\u00a0! Id\u00e9alement, votre pied droit devrait maintenant pointer approximativement vers le poteau du filet. Ne balancez pas votre raquette vers l&rsquo;arri\u00e8re. En ex\u00e9cutant ce pas, vous avez d\u00e9j\u00e0 tourn\u00e9 tout votre corps sur le c\u00f4t\u00e9 et votre raquette est en position pour un court contre. L&rsquo;important est que vous soyez a) en \u00e9quilibre, pr\u00eat \u00e0 faire un autre pas (voire deux)\u00a0; et b) votre raquette soit en position pour bloquer ou frapper la balle devant vous si n\u00e9cessaire.<\/p>\n<p>\u00c0 ce stade, vous pouvez voir la vitesse de frappe de votre adversaire et si la balle sera \u00e0 votre port\u00e9e. Vous pouvez ainsi choisir vos prochains mouvements en fonction de la qualit\u00e9 de votre frappe.<\/p>\n<p><strong>Si la balle arrive tr\u00e8s vite<\/strong>, faites un pas du pied gauche vers la balle. Ne reculez plus, bloquez-la simplement tout en avan\u00e7ant.<\/p>\n<p><strong>Si la balle arrive plus lentement<\/strong> (ce qui signifie que vous souhaitez gagner en vitesse), reculez juste assez pour y parvenir, tout en vous assurant d&rsquo;avoir suffisamment de temps pour frapper la balle devant vous. Plus important encore, restez sur votre pied droit et synchronisez votre dernier pas vers la balle afin de concentrer tout votre poids sur la frappe au bon moment.<\/p>\n<p><strong>Et enfin, l&rsquo;avantage le plus important de cette technique\u00a0:<\/strong> au moment o\u00f9 vous faites ce premier pas vers la droite, vous pourrez en faire d&rsquo;autres si l&rsquo;adversaire a bien plac\u00e9 la balle. D\u00e9j\u00e0, avec les deux pas (droite-gauche), vous avez augment\u00e9 votre port\u00e9e par rapport \u00e0 la technique du \u00ab\u00a0pied gauche crois\u00e9\u00a0\u00bb. De plus, apr\u00e8s avoir ouvert vers la droite avec votre pied droit, vous pouvez m\u00eame faire deux ou trois pas suppl\u00e9mentaires si n\u00e9cessaire. En effet, apr\u00e8s ce premier pas, vous conservez une position \u00e9quilibr\u00e9e, contrairement \u00e0 l&rsquo;approche du \u00ab\u00a0pied gauche crois\u00e9\u00a0\u00bb qui vous maintient dans votre position.<\/p>\n<p>Gr\u00e2ce \u00e0 cette technique, vous pourrez atteindre des balles que vous ne pouviez pas atteindre auparavant. Votre couverture du terrain aura augment\u00e9 d&rsquo;au moins un demi-m\u00e8tre \u00e0 gauche et \u00e0 droite (si vous ne faites que deux pas), voire d&rsquo;un m\u00e8tre et demi (si vous pouvez en faire quatre). C&rsquo;est une am\u00e9lioration consid\u00e9rable. Gardez \u00e0 l&rsquo;esprit que les joueurs de petite taille et ceux ayant des bras relativement courts b\u00e9n\u00e9ficient grandement de cette technique. Je n&rsquo;ai que 5 ans.&rsquo;8&prime; et j&rsquo;ai appris \u00e0 faire des vol\u00e9es \u00e0 l&rsquo;ancienne. Je ne me sentais jamais \u00e0 l&rsquo;aise au filet avant ce changement.<\/p>\n<p><span style=\"text-decoration: underline;\"><strong>Il y a \u00e9videmment un b\u00e9mol\u00a0: si le tir adverse est bien plac\u00e9 et rapide, vous n&rsquo;aurez peut-\u00eatre pas le temps de faire une combinaison droite-gauche-droite-gauche en quatre pas. <strong>Mais il y a toujours assez de temps pour deux pas, croyez-moi.<\/strong> Bon, certaines balles sont tout simplement trop bonnes pour faire quatre pas, mais elles auraient \u00e9t\u00e9 encore plus inaccessibles avec votre ancienne technique, n&rsquo;est-ce pas\u00a0? Et plus vous vous entra\u00eenerez, plus vous serez surpris par votre nouvelle capacit\u00e9 \u00e0 atteindre les tirs bien plac\u00e9s de vos adversaires.<\/p>\n<h2>Comment travailler cette technique de vol\u00e9e\u00a0?<\/h2>\n<p>Pour acqu\u00e9rir cette technique, organisez une s\u00e9ance d&rsquo;entra\u00eenement avec un ami. Il n&rsquo;est pas n\u00e9cessaire qu&rsquo;il soit entra\u00eeneur de tennis, mais assurez-vous d&rsquo;apporter au moins 20 balles. Placez le joueur A en position demi-terrain et envoyez des balles lentes au joueur B. Commencez par le coup droit uniquement et concentrez-vous sur le rythme un-deux (droite-gauche). Ensuite, faites de m\u00eame avec le revers (gauche-droite). Entra\u00eenez-vous ensuite avec des coups al\u00e9atoires en coup droit et en revers, toujours en vous concentrant sur le rythme un-deux. Am\u00e9liorez ensuite la vitesse des coups entrants. Demandez ensuite \u00e0 votre partenaire d&rsquo;entra\u00eenement de vous envoyer des balles plus rapides depuis la ligne de fond de court. Apr\u00e8s 60 \u00e0 80 coups, le joueur B envoie des balles au joueur A.<\/p>\n<p>Croyez-moi, vous constaterez que vous pouvez acqu\u00e9rir cela tr\u00e8s rapidement et que vous gagnerez en confiance dans vos vol\u00e9es lors de votre prochain match de tennis\u00a0!<\/p>\n","protected":false},"excerpt":{"rendered":"<p>La correction la plus importante pour votre technique de vol\u00e9e au tennis Si vous avez des difficult\u00e9s avec votre vol\u00e9e, il y a de fortes chances que vous ayez mal ex\u00e9cut\u00e9 une chose\u00a0: le mouvement initial. Que faites-vous en premier lorsque vous voyez la balle de tennis s&rsquo;approcher de vous, que ce soit c\u00f4t\u00e9 coup &#8230; <a title=\"Am\u00e9liorez votre vol\u00e9e en faisant ce petit changement\" class=\"read-more\" href=\"https:\/\/tennisbet.net\/fr\/comment-devenir-un-joueur-de-tennis-professionnel\/ameliorez-votre-volee-en-faisant-ce-petit-changement\/\" aria-label=\"En savoir plus sur Am\u00e9liorez votre vol\u00e9e en faisant ce petit changement\">Lire la suite<\/a><\/p>\n","protected":false},"author":1,"featured_media":0,"parent":68,"menu_order":0,"comment_status":"closed","ping_status":"closed","template":"","meta":{"footnotes":""},"class_list":["post-62","page","type-page","status-publish"],"yoast_head":"<!-- This site is optimized with the Yoast SEO plugin v27.4 - https:\/\/yoast.com\/product\/yoast-seo-wordpress\/ -->\n<title>Am\u00e9liorez votre vol\u00e9e en faisant ce petit changement<\/title>\n<meta name=\"robots\" content=\"index, follow, max-snippet:-1, max-image-preview:large, max-video-preview:-1\" \/>\n<link rel=\"canonical\" href=\"https:\/\/tennisbet.net\/fr\/comment-devenir-un-joueur-de-tennis-professionnel\/ameliorez-votre-volee-en-faisant-ce-petit-changement\/\" \/>\n<meta property=\"og:locale\" content=\"fr_FR\" \/>\n<meta property=\"og:type\" content=\"article\" \/>\n<meta property=\"og:title\" content=\"Am\u00e9liorez votre vol\u00e9e en faisant ce petit changement\" \/>\n<meta property=\"og:description\" content=\"La correction la plus importante pour votre technique de vol\u00e9e au tennis Si vous avez des difficult\u00e9s avec votre vol\u00e9e, il y a de fortes chances que vous ayez mal ex\u00e9cut\u00e9 une chose\u00a0: le mouvement initial. Que faites-vous en premier lorsque vous voyez la balle de tennis s&rsquo;approcher de vous, que ce soit c\u00f4t\u00e9 coup ... Lire la suite\" \/>\n<meta property=\"og:url\" content=\"https:\/\/tennisbet.net\/fr\/comment-devenir-un-joueur-de-tennis-professionnel\/ameliorez-votre-volee-en-faisant-ce-petit-changement\/\" \/>\n<meta property=\"article:modified_time\" content=\"2025-08-04T14:13:08+00:00\" \/>\n<meta name=\"twitter:card\" content=\"summary_large_image\" \/>\n<meta name=\"twitter:label1\" content=\"Dur\u00e9e de lecture estim\u00e9e\" \/>\n\t<meta name=\"twitter:data1\" content=\"6 minutes\" \/>\n<script type=\"application\/ld+json\" class=\"yoast-schema-graph\">{\"@context\":\"https:\\\/\\\/schema.org\",\"@graph\":[{\"@type\":\"WebPage\",\"@id\":\"https:\\\/\\\/tennisbet.net\\\/fr\\\/comment-devenir-un-joueur-de-tennis-professionnel\\\/ameliorez-votre-volee-en-faisant-ce-petit-changement\\\/\",\"url\":\"https:\\\/\\\/tennisbet.net\\\/fr\\\/comment-devenir-un-joueur-de-tennis-professionnel\\\/ameliorez-votre-volee-en-faisant-ce-petit-changement\\\/\",\"name\":\"Am\u00e9liorez votre vol\u00e9e en faisant ce petit changement\",\"isPartOf\":{\"@id\":\"https:\\\/\\\/tennisbet.net\\\/fr\\\/#website\"},\"datePublished\":\"2025-08-02T14:05:13+00:00\",\"dateModified\":\"2025-08-04T14:13:08+00:00\",\"breadcrumb\":{\"@id\":\"https:\\\/\\\/tennisbet.net\\\/fr\\\/comment-devenir-un-joueur-de-tennis-professionnel\\\/ameliorez-votre-volee-en-faisant-ce-petit-changement\\\/#breadcrumb\"},\"inLanguage\":\"fr-FR\",\"potentialAction\":[{\"@type\":\"ReadAction\",\"target\":[\"https:\\\/\\\/tennisbet.net\\\/fr\\\/comment-devenir-un-joueur-de-tennis-professionnel\\\/ameliorez-votre-volee-en-faisant-ce-petit-changement\\\/\"]}]},{\"@type\":\"BreadcrumbList\",\"@id\":\"https:\\\/\\\/tennisbet.net\\\/fr\\\/comment-devenir-un-joueur-de-tennis-professionnel\\\/ameliorez-votre-volee-en-faisant-ce-petit-changement\\\/#breadcrumb\",\"itemListElement\":[{\"@type\":\"ListItem\",\"position\":1,\"name\":\"Home\",\"item\":\"https:\\\/\\\/tennisbet.net\\\/fr\\\/\"},{\"@type\":\"ListItem\",\"position\":2,\"name\":\"Comment devenir un joueur de tennis professionnel\",\"item\":\"https:\\\/\\\/tennisbet.net\\\/fr\\\/how-to-become-a-professional-tennis-player\\\/\"},{\"@type\":\"ListItem\",\"position\":3,\"name\":\"Am\u00e9liorez votre vol\u00e9e en faisant ce petit changement\"}]},{\"@type\":\"WebSite\",\"@id\":\"https:\\\/\\\/tennisbet.net\\\/fr\\\/#website\",\"url\":\"https:\\\/\\\/tennisbet.net\\\/fr\\\/\",\"name\":\"\",\"description\":\"\",\"potentialAction\":[{\"@type\":\"SearchAction\",\"target\":{\"@type\":\"EntryPoint\",\"urlTemplate\":\"https:\\\/\\\/tennisbet.net\\\/fr\\\/?s={search_term_string}\"},\"query-input\":{\"@type\":\"PropertyValueSpecification\",\"valueRequired\":true,\"valueName\":\"search_term_string\"}}],\"inLanguage\":\"fr-FR\"}]}<\/script>\n<!-- \/ Yoast SEO plugin. -->","yoast_head_json":{"title":"Am\u00e9liorez votre vol\u00e9e en faisant ce petit changement","robots":{"index":"index","follow":"follow","max-snippet":"max-snippet:-1","max-image-preview":"max-image-preview:large","max-video-preview":"max-video-preview:-1"},"canonical":"https:\/\/tennisbet.net\/fr\/comment-devenir-un-joueur-de-tennis-professionnel\/ameliorez-votre-volee-en-faisant-ce-petit-changement\/","og_locale":"fr_FR","og_type":"article","og_title":"Am\u00e9liorez votre vol\u00e9e en faisant ce petit changement","og_description":"La correction la plus importante pour votre technique de vol\u00e9e au tennis Si vous avez des difficult\u00e9s avec votre vol\u00e9e, il y a de fortes chances que vous ayez mal ex\u00e9cut\u00e9 une chose\u00a0: le mouvement initial. Que faites-vous en premier lorsque vous voyez la balle de tennis s&rsquo;approcher de vous, que ce soit c\u00f4t\u00e9 coup ... Lire la suite","og_url":"https:\/\/tennisbet.net\/fr\/comment-devenir-un-joueur-de-tennis-professionnel\/ameliorez-votre-volee-en-faisant-ce-petit-changement\/","article_modified_time":"2025-08-04T14:13:08+00:00","twitter_card":"summary_large_image","twitter_misc":{"Dur\u00e9e de lecture estim\u00e9e":"6 minutes"},"schema":{"@context":"https:\/\/schema.org","@graph":[{"@type":"WebPage","@id":"https:\/\/tennisbet.net\/fr\/comment-devenir-un-joueur-de-tennis-professionnel\/ameliorez-votre-volee-en-faisant-ce-petit-changement\/","url":"https:\/\/tennisbet.net\/fr\/comment-devenir-un-joueur-de-tennis-professionnel\/ameliorez-votre-volee-en-faisant-ce-petit-changement\/","name":"Am\u00e9liorez votre vol\u00e9e en faisant ce petit changement","isPartOf":{"@id":"https:\/\/tennisbet.net\/fr\/#website"},"datePublished":"2025-08-02T14:05:13+00:00","dateModified":"2025-08-04T14:13:08+00:00","breadcrumb":{"@id":"https:\/\/tennisbet.net\/fr\/comment-devenir-un-joueur-de-tennis-professionnel\/ameliorez-votre-volee-en-faisant-ce-petit-changement\/#breadcrumb"},"inLanguage":"fr-FR","potentialAction":[{"@type":"ReadAction","target":["https:\/\/tennisbet.net\/fr\/comment-devenir-un-joueur-de-tennis-professionnel\/ameliorez-votre-volee-en-faisant-ce-petit-changement\/"]}]},{"@type":"BreadcrumbList","@id":"https:\/\/tennisbet.net\/fr\/comment-devenir-un-joueur-de-tennis-professionnel\/ameliorez-votre-volee-en-faisant-ce-petit-changement\/#breadcrumb","itemListElement":[{"@type":"ListItem","position":1,"name":"Home","item":"https:\/\/tennisbet.net\/fr\/"},{"@type":"ListItem","position":2,"name":"Comment devenir un joueur de tennis professionnel","item":"https:\/\/tennisbet.net\/fr\/how-to-become-a-professional-tennis-player\/"},{"@type":"ListItem","position":3,"name":"Am\u00e9liorez votre vol\u00e9e en faisant ce petit changement"}]},{"@type":"WebSite","@id":"https:\/\/tennisbet.net\/fr\/#website","url":"https:\/\/tennisbet.net\/fr\/","name":"","description":"","potentialAction":[{"@type":"SearchAction","target":{"@type":"EntryPoint","urlTemplate":"https:\/\/tennisbet.net\/fr\/?s={search_term_string}"},"query-input":{"@type":"PropertyValueSpecification","valueRequired":true,"valueName":"search_term_string"}}],"inLanguage":"fr-FR"}]}},"_links":{"self":[{"href":"https:\/\/tennisbet.net\/fr\/wp-json\/wp\/v2\/pages\/62","targetHints":{"allow":["GET"]}}],"collection":[{"href":"https:\/\/tennisbet.net\/fr\/wp-json\/wp\/v2\/pages"}],"about":[{"href":"https:\/\/tennisbet.net\/fr\/wp-json\/wp\/v2\/types\/page"}],"author":[{"embeddable":true,"href":"https:\/\/tennisbet.net\/fr\/wp-json\/wp\/v2\/users\/1"}],"replies":[{"embeddable":true,"href":"https:\/\/tennisbet.net\/fr\/wp-json\/wp\/v2\/comments?post=62"}],"version-history":[{"count":1,"href":"https:\/\/tennisbet.net\/fr\/wp-json\/wp\/v2\/pages\/62\/revisions"}],"predecessor-version":[{"id":70,"href":"https:\/\/tennisbet.net\/fr\/wp-json\/wp\/v2\/pages\/62\/revisions\/70"}],"up":[{"embeddable":true,"href":"https:\/\/tennisbet.net\/fr\/wp-json\/wp\/v2\/pages\/68"}],"wp:attachment":[{"href":"https:\/\/tennisbet.net\/fr\/wp-json\/wp\/v2\/media?parent=62"}],"curies":[{"name":"wp","href":"https:\/\/api.w.org\/{rel}","templated":true}]}}