{"id":64,"date":"2025-08-02T14:17:24","date_gmt":"2025-08-02T14:17:24","guid":{"rendered":"https:\/\/tennisbet.net\/maison\/"},"modified":"2025-08-27T08:02:54","modified_gmt":"2025-08-27T08:02:54","slug":"maison","status":"publish","type":"page","link":"https:\/\/tennisbet.net\/fr\/","title":{"rendered":"Maison"},"content":{"rendered":"<h2>Conseils sur les paris sur le tennis<\/h2>\n<p><span style=\"font-size: 14pt;\">Vous \u00eates fan de tennis et de paris sportifs\u00a0? Si oui, vous \u00eates au bon endroit. Notre site web a pour objectif de vous fournir des informations d\u00e9taill\u00e9es sur\u00a0:<\/span><\/p>\n<ul>\n<li><span style=\"font-size: 14pt;\"><em><strong>les \u00e9v\u00e9nements tennistiques actuels sur lesquels parier<\/strong><\/em><\/span><\/li>\n<li><span style=\"font-size: 14pt;\"><em><strong>les avis sur les meilleurs sites de paris sportifs sur le tennis<\/strong><\/em><\/span><\/li>\n<li><span style=\"font-size: 14pt;\"><em><strong>les conseils et pronostics pour les matchs de tennis \u00e0 venir<\/strong><\/em><\/span><\/li>\n<li><span style=\"font-size: 14pt;\"><em><strong>et, point particuli\u00e8rement important\u00a0: les conseils pour parier en direct pendant les matchs de tennis<\/strong><\/em><\/span><\/li>\n<\/ul>\n<p>Le webmaster est un ancien joueur de tennis professionnel avec des d\u00e9cennies d&rsquo;exp\u00e9rience en tant qu&rsquo;entra\u00eeneur. Sa sp\u00e9cialit\u00e9 est l&rsquo;analyse de jeu et l&rsquo;identification des forces et faiblesses d&rsquo;un joueur sp\u00e9cifique. Fort de ses nombreuses ann\u00e9es d&rsquo;exp\u00e9rience en mati\u00e8re de conseil strat\u00e9gique et d&rsquo;observation des changements de comportement des joueurs pendant une rencontre, il donne aux parieurs sportifs un avantage sur la \u00ab maison \u00bb, par exemple le site de paris sportifs.<\/p>\n<p>Ses conseils de paris sur le tennis vous aideront, en tant que parieur sportif, \u00e0 trouver des opportunit\u00e9s rentables pour parier sur certains \u00e9v\u00e9nements d&rsquo;un match, par exemple pour pr\u00e9dire qui sera le prochain joueur \u00e0 perdre son jeu de service. Imaginez aussi que vous puissiez pr\u00e9dire qu&rsquo;un match est sur le point de basculer\u00a0: vous pourriez parier sur un joueur qui semble \u00eatre le grand outsider du moment, alors que ses chances de retour sont excellentes.<\/p>\n<h2>Avis sur les sites de paris sur le tennis<\/h2>\n<p>Bien s\u00fbr, le site de paris sportifs sur lequel vous placez vos paris sur le tennis est important. Le site doit proposer d&rsquo;excellentes cotes, une navigation facile, un excellent bonus pour votre premier d\u00e9p\u00f4t et des promotions int\u00e9ressantes pour les clients existants. Des options de d\u00e9p\u00f4t et de retrait confortables et s\u00e9curis\u00e9es sont \u00e9galement importantes, tout comme un service client excellent et comp\u00e9tent.<\/p>\n<p><strong>Et voici l&rsquo;\u00e9l\u00e9ment le plus crucial\u00a0:<\/strong> Quels types de paris proposent-ils sur le tennis\u00a0? Nous avons test\u00e9 de nombreux sites de paris, et seuls quelques-uns sont vraiment performants en mati\u00e8re de paris sur le tennis. Si vous souhaitez optimiser vos connaissances sur ce sport et profiter au maximum des conseils sur le tennis que vous trouverez sur notre site, nous vous recommandons particuli\u00e8rement Bet365.<\/p>\n<p><strong>Selon nous, il n&rsquo;y a pas de meilleur site que Bet365<\/strong>. Site de renomm\u00e9e mondiale proposant tous les types de jeux d&rsquo;argent, comme le casino en ligne, les machines \u00e0 sous en argent r\u00e9el, le poker en ligne et m\u00eame le bingo en ligne, sa section paris sportifs se distingue par ses excellentes cotes et sa grande vari\u00e9t\u00e9 de sports sur lesquels parier. <a href=\"index.php?option=com_content&amp;view=article&amp;id=58&amp;Itemid=220\"><span style=\"text-decoration: underline;\">Consultez la critique de Bet365 ici<\/span><\/a>, ou <span style=\"text-decoration: underline;\"><a href=\"go\/bet365.html\" target=\"_blank\">cliquez ici pour acc\u00e9der directement \u00e0 leur site web.<\/a><\/span>&nbsp;<\/p>\n<p><span id=\"tag20190325103443\"><\/span><\/p>\n<p><script src=\"https:\/\/imstore.bet365affiliates.com\/PopulateText.aspx?AffiliateId=16831&#038;AffiliateCode=365_168143&#038;TagName=tag20190325103443&#038;CID=690&#038;PID=149&#038;LNG=1&#038;NewWindow=Y&#038;Mask=N\" type=\"text\/javascript\"><\/script><br \/>\n<script type=\"text\/javascript\">document.getElementById('tag20190325103443').innerHTML = returnText_tag20190325103443();<\/script><\/p>\n<p><strong>Le plus important pour vous\u00a0:<\/strong> Bet365 propose de loin le meilleur programme de paris en direct sur le tennis. Vous pouvez parier sur le vainqueur du prochain jeu, du prochain set ou du match. Vous pouvez \u00e9galement parier sur le nombre de jeux du set actuel (ou du prochain), pr\u00e9dire le r\u00e9sultat des trois prochains jeux, et bien d&rsquo;autres options pour placer un pari rentable. C&rsquo;est sur ce site que vous pouvez utiliser nos conseils de paris sur le tennis et obtenir les meilleurs r\u00e9sultats\u00a0!<\/p>\n<h2>Regardez votre match en direct sur Bet365<\/h2>\n<p>Pour utiliser le service de streaming en direct des matchs de tennis, vous devez \u00eatre connect\u00e9 \u00e0 votre compte Bet365 et disposer d&rsquo;un compte approvisionn\u00e9 ou avoir plac\u00e9 un pari sur ce match au cours des derni\u00e8res 24\u00a0heures. Tout \u00e9v\u00e9nement sur le site web de Bet365 affichant l&rsquo;ic\u00f4ne \u00ab\u00a0Jouer\u00a0\u00bb ou \u00ab\u00a0Vid\u00e9o\u00a0\u00bb est programm\u00e9 pour \u00eatre diffus\u00e9 en direct. Bien s\u00fbr, cela fonctionne aussi pour les matchs de football et bien d&rsquo;autres sports.<\/p>\n<p>C&rsquo;est une option exclusive \u00e0 Bet365, et c&rsquo;est un type de pari vraiment int\u00e9ressant, \u00e0 condition de savoir \u00e0 quoi faire attention et quels facteurs prendre en compte avant de parier sur le tennis. N&rsquo;h\u00e9sitez pas \u00e0 lire les articles de notre site web\u00a0: ils vous aideront \u00e0 bien comprendre le d\u00e9roulement d&rsquo;un match de tennis.<\/p>\n<h2>Sites de paris sur le tennis alternatifs si vous r\u00e9sidez aux \u00c9tats-Unis<\/h2>\n<p>Bet365 n&rsquo;accepte pas les paris des r\u00e9sidents am\u00e9ricains, mais j&rsquo;ai trouv\u00e9 qu&rsquo;Intertops \u00e9tait une excellente alternative. Avec des paris en direct presque aussi bons que ceux de Bet365 et un large choix de paris sur le tennis en g\u00e9n\u00e9ral, ce site serait mon bookmaker pr\u00e9f\u00e9r\u00e9 sur le march\u00e9 am\u00e9ricain. <strong><span style=\"text-decoration: underline;\"><a href=\"go\/intertopsen.html\" target=\"_blank\">D\u00e9couvrez-les ici.<\/a><\/span><\/strong><\/p>\n<h2>Parier sur les vainqueurs de matchs de tennis et les vainqueurs de tournois<\/h2>\n<p>Qu&rsquo;il s&rsquo;agisse du circuit ATP masculin, du tournoi WTA f\u00e9minin, de la Coupe Davis ou de la Fed Cup\u00a0: nous examinerons tous les principaux \u00e9v\u00e9nements de ces circuits, examinerons leurs tableaux et choisirons pour vous les vainqueurs probables avec de bonnes cotes. Parier sur la victoire de Novak Djokovic en gagnant 2\u00a0$ avec une mise de 100\u00a0$ ne pr\u00e9sente pas vraiment d&rsquo;int\u00e9r\u00eat. En revanche, parier avec une cote \u00e9lev\u00e9e sur un outsider au premier tour, alors que cet outsider a montr\u00e9 une excellente forme lors des tournois pr\u00e9c\u00e9dents, c&rsquo;est le type de pari que je placerais.<\/p>\n<p>Pronostiquer le vainqueur d&rsquo;un tournoi de tennis est la t\u00e2che la plus difficile de toutes. Tant de choses peuvent arriver\u00a0: un joueur de haut niveau peut se blesser ou passer une mauvaise journ\u00e9e, par exemple. Et m\u00eame le num\u00e9ro 1 mondial du tennis n&rsquo;est pas assur\u00e9 de remporter tous les tournois auxquels il participe. Nos conseils de paris sur le tennis vous aideront \u00e0 \u00e9viter les paris co\u00fbteux et peu rentables et \u00e0 am\u00e9liorer vos r\u00e9sultats.<\/p>\n","protected":false},"excerpt":{"rendered":"<p>Conseils sur les paris sur le tennis Vous \u00eates fan de tennis et de paris sportifs\u00a0? Si oui, vous \u00eates au bon endroit. Notre site web a pour objectif de vous fournir des informations d\u00e9taill\u00e9es sur\u00a0: les \u00e9v\u00e9nements tennistiques actuels sur lesquels parier les avis sur les meilleurs sites de paris sportifs sur le tennis &#8230; <a title=\"Maison\" class=\"read-more\" href=\"https:\/\/tennisbet.net\/fr\/\" aria-label=\"En savoir plus sur Maison\">Lire la suite<\/a><\/p>\n","protected":false},"author":1,"featured_media":0,"parent":0,"menu_order":0,"comment_status":"closed","ping_status":"closed","template":"","meta":{"footnotes":""},"class_list":["post-64","page","type-page","status-publish"],"yoast_head":"<!-- This site is optimized with the Yoast SEO plugin v27.4 - https:\/\/yoast.com\/product\/yoast-seo-wordpress\/ -->\n<title>Parier sur le tennis \u00e0 domicile<\/title>\n<meta name=\"robots\" content=\"index, follow, max-snippet:-1, max-image-preview:large, max-video-preview:-1\" \/>\n<link rel=\"canonical\" href=\"https:\/\/tennisbet.net\/fr\/\" \/>\n<meta property=\"og:locale\" content=\"fr_FR\" \/>\n<meta property=\"og:type\" content=\"article\" \/>\n<meta property=\"og:title\" content=\"Parier sur le tennis \u00e0 domicile\" \/>\n<meta property=\"og:description\" content=\"Conseils sur les paris sur le tennis Vous \u00eates fan de tennis et de paris sportifs\u00a0? Si oui, vous \u00eates au bon endroit. Notre site web a pour objectif de vous fournir des informations d\u00e9taill\u00e9es sur\u00a0: les \u00e9v\u00e9nements tennistiques actuels sur lesquels parier les avis sur les meilleurs sites de paris sportifs sur le tennis ... Lire la suite\" \/>\n<meta property=\"og:url\" content=\"https:\/\/tennisbet.net\/fr\/\" \/>\n<meta property=\"article:modified_time\" content=\"2025-08-27T08:02:54+00:00\" \/>\n<meta name=\"twitter:card\" content=\"summary_large_image\" \/>\n<meta name=\"twitter:label1\" content=\"Dur\u00e9e de lecture estim\u00e9e\" \/>\n\t<meta name=\"twitter:data1\" content=\"5 minutes\" \/>\n<script type=\"application\/ld+json\" class=\"yoast-schema-graph\">{\"@context\":\"https:\\\/\\\/schema.org\",\"@graph\":[{\"@type\":\"WebPage\",\"@id\":\"https:\\\/\\\/tennisbet.net\\\/fr\\\/\",\"url\":\"https:\\\/\\\/tennisbet.net\\\/fr\\\/\",\"name\":\"Parier sur le tennis \u00e0 domicile\",\"isPartOf\":{\"@id\":\"https:\\\/\\\/tennisbet.net\\\/fr\\\/#website\"},\"datePublished\":\"2025-08-02T14:17:24+00:00\",\"dateModified\":\"2025-08-27T08:02:54+00:00\",\"breadcrumb\":{\"@id\":\"https:\\\/\\\/tennisbet.net\\\/fr\\\/#breadcrumb\"},\"inLanguage\":\"fr-FR\",\"potentialAction\":[{\"@type\":\"ReadAction\",\"target\":[\"https:\\\/\\\/tennisbet.net\\\/fr\\\/\"]}]},{\"@type\":\"BreadcrumbList\",\"@id\":\"https:\\\/\\\/tennisbet.net\\\/fr\\\/#breadcrumb\",\"itemListElement\":[{\"@type\":\"ListItem\",\"position\":1,\"name\":\"Home\",\"item\":\"https:\\\/\\\/tennisbet.net\\\/fr\\\/\"},{\"@type\":\"ListItem\",\"position\":2,\"name\":\"Maison\"}]},{\"@type\":\"WebSite\",\"@id\":\"https:\\\/\\\/tennisbet.net\\\/fr\\\/#website\",\"url\":\"https:\\\/\\\/tennisbet.net\\\/fr\\\/\",\"name\":\"\",\"description\":\"\",\"potentialAction\":[{\"@type\":\"SearchAction\",\"target\":{\"@type\":\"EntryPoint\",\"urlTemplate\":\"https:\\\/\\\/tennisbet.net\\\/fr\\\/?s={search_term_string}\"},\"query-input\":{\"@type\":\"PropertyValueSpecification\",\"valueRequired\":true,\"valueName\":\"search_term_string\"}}],\"inLanguage\":\"fr-FR\"}]}<\/script>\n<!-- \/ Yoast SEO plugin. -->","yoast_head_json":{"title":"Parier sur le tennis \u00e0 domicile","robots":{"index":"index","follow":"follow","max-snippet":"max-snippet:-1","max-image-preview":"max-image-preview:large","max-video-preview":"max-video-preview:-1"},"canonical":"https:\/\/tennisbet.net\/fr\/","og_locale":"fr_FR","og_type":"article","og_title":"Parier sur le tennis \u00e0 domicile","og_description":"Conseils sur les paris sur le tennis Vous \u00eates fan de tennis et de paris sportifs\u00a0? Si oui, vous \u00eates au bon endroit. Notre site web a pour objectif de vous fournir des informations d\u00e9taill\u00e9es sur\u00a0: les \u00e9v\u00e9nements tennistiques actuels sur lesquels parier les avis sur les meilleurs sites de paris sportifs sur le tennis ... Lire la suite","og_url":"https:\/\/tennisbet.net\/fr\/","article_modified_time":"2025-08-27T08:02:54+00:00","twitter_card":"summary_large_image","twitter_misc":{"Dur\u00e9e de lecture estim\u00e9e":"5 minutes"},"schema":{"@context":"https:\/\/schema.org","@graph":[{"@type":"WebPage","@id":"https:\/\/tennisbet.net\/fr\/","url":"https:\/\/tennisbet.net\/fr\/","name":"Parier sur le tennis \u00e0 domicile","isPartOf":{"@id":"https:\/\/tennisbet.net\/fr\/#website"},"datePublished":"2025-08-02T14:17:24+00:00","dateModified":"2025-08-27T08:02:54+00:00","breadcrumb":{"@id":"https:\/\/tennisbet.net\/fr\/#breadcrumb"},"inLanguage":"fr-FR","potentialAction":[{"@type":"ReadAction","target":["https:\/\/tennisbet.net\/fr\/"]}]},{"@type":"BreadcrumbList","@id":"https:\/\/tennisbet.net\/fr\/#breadcrumb","itemListElement":[{"@type":"ListItem","position":1,"name":"Home","item":"https:\/\/tennisbet.net\/fr\/"},{"@type":"ListItem","position":2,"name":"Maison"}]},{"@type":"WebSite","@id":"https:\/\/tennisbet.net\/fr\/#website","url":"https:\/\/tennisbet.net\/fr\/","name":"","description":"","potentialAction":[{"@type":"SearchAction","target":{"@type":"EntryPoint","urlTemplate":"https:\/\/tennisbet.net\/fr\/?s={search_term_string}"},"query-input":{"@type":"PropertyValueSpecification","valueRequired":true,"valueName":"search_term_string"}}],"inLanguage":"fr-FR"}]}},"_links":{"self":[{"href":"https:\/\/tennisbet.net\/fr\/wp-json\/wp\/v2\/pages\/64","targetHints":{"allow":["GET"]}}],"collection":[{"href":"https:\/\/tennisbet.net\/fr\/wp-json\/wp\/v2\/pages"}],"about":[{"href":"https:\/\/tennisbet.net\/fr\/wp-json\/wp\/v2\/types\/page"}],"author":[{"embeddable":true,"href":"https:\/\/tennisbet.net\/fr\/wp-json\/wp\/v2\/users\/1"}],"replies":[{"embeddable":true,"href":"https:\/\/tennisbet.net\/fr\/wp-json\/wp\/v2\/comments?post=64"}],"version-history":[{"count":1,"href":"https:\/\/tennisbet.net\/fr\/wp-json\/wp\/v2\/pages\/64\/revisions"}],"predecessor-version":[{"id":196,"href":"https:\/\/tennisbet.net\/fr\/wp-json\/wp\/v2\/pages\/64\/revisions\/196"}],"wp:attachment":[{"href":"https:\/\/tennisbet.net\/fr\/wp-json\/wp\/v2\/media?parent=64"}],"curies":[{"name":"wp","href":"https:\/\/api.w.org\/{rel}","templated":true}]}}