{"id":66,"date":"2025-08-02T14:03:59","date_gmt":"2025-08-02T14:03:59","guid":{"rendered":"https:\/\/tennisbet.net\/comment-frapper-la-balle-de-tennis-quand-il-est-presque-trop-tard\/"},"modified":"2025-08-04T14:13:08","modified_gmt":"2025-08-04T14:13:08","slug":"comment-frapper-la-balle-de-tennis-quand-il-est-presque-trop-tard","status":"publish","type":"page","link":"https:\/\/tennisbet.net\/fr\/comment-devenir-un-joueur-de-tennis-professionnel\/comment-frapper-la-balle-de-tennis-quand-il-est-presque-trop-tard\/","title":{"rendered":"Comment frapper la balle de tennis quand il est presque trop tard"},"content":{"rendered":"<h1>Frapper la balle derri\u00e8re le corps<\/h1>\n<p>Il arrive parfois que vous arriviez tr\u00e8s tard pour frapper la balle. Soit la balle vous a d\u00e9j\u00e0 d\u00e9pass\u00e9, soit elle est sur le point de rebondir une seconde fois. Dans les deux cas, votre technique habituelle ne vous permettra pas de sauver la situation.<\/p>\n<p>Prenons d&rsquo;abord la situation n\u00b01\u00a0: votre adversaire a frapp\u00e9 un amorti et vous \u00eates oblig\u00e9 de gratter la balle avant qu&rsquo;elle ne rebondisse deux fois. Vous devez maintenant placer votre raquette sous la balle et la soulever par-dessus le filet par tous les moyens possibles. Le probl\u00e8me, c&rsquo;est qu&rsquo;avec votre prise normale, vous aurez du mal \u00e0 placer la raquette correctement sous la balle. Il vous faut maintenant utiliser une prise coup droit pour le revers et une prise revers pour le coup droit\u00a0! De cette fa\u00e7on, vous pouvez glisser la raquette sous la balle, et son angle vous permet de la frapper vers le haut et par-dessus le filet.<\/p>\n<p>Dans la situation n\u00b02, votre adversaire a frapp\u00e9 un coup profond\u00e9ment au fond du court, et comme la balle vous a d\u00e9j\u00e0 d\u00e9pass\u00e9, vous ne pouvez pas la frapper devant votre corps. Puisque le point de contact avec la balle a chang\u00e9, votre prise doit \u00e9galement changer. Utilisez la prise revers pour le coup droit et vice versa\u00a0! Voyez comment, avec les prises invers\u00e9es, vous pouvez frapper un coup droit slic\u00e9 et un revers slic\u00e9 en dernier recours. Lorsque vous frappez derri\u00e8re le corps, vous ne pouvez pas appliquer de rotation corporelle au coup. Il vous faut donc une rotation pure de la raquette, et la seule fa\u00e7on d&rsquo;y parvenir est avec votre poignet. Frappez la balle en rotation avec le poignet et donnez-lui beaucoup d&rsquo;effet r\u00e9tro.<\/p>\n<p>C&rsquo;est un coup tr\u00e8s d\u00e9licat, qui n&rsquo;entrera pas toujours dans le court. Ne frappez pas la balle trop vite, sinon elle sortira. Dans cette situation, tout ce que vous pouvez esp\u00e9rer, c&rsquo;est que la balle entre d&rsquo;une mani\u00e8re ou d&rsquo;une autre, afin que vous puissiez rester<\/p>\n","protected":false},"excerpt":{"rendered":"<p>Frapper la balle derri\u00e8re le corps Il arrive parfois que vous arriviez tr\u00e8s tard pour frapper la balle. Soit la balle vous a d\u00e9j\u00e0 d\u00e9pass\u00e9, soit elle est sur le point de rebondir une seconde fois. Dans les deux cas, votre technique habituelle ne vous permettra pas de sauver la situation. Prenons d&rsquo;abord la situation &#8230; <a title=\"Comment frapper la balle de tennis quand il est presque trop tard\" class=\"read-more\" href=\"https:\/\/tennisbet.net\/fr\/comment-devenir-un-joueur-de-tennis-professionnel\/comment-frapper-la-balle-de-tennis-quand-il-est-presque-trop-tard\/\" aria-label=\"En savoir plus sur Comment frapper la balle de tennis quand il est presque trop tard\">Lire la suite<\/a><\/p>\n","protected":false},"author":1,"featured_media":0,"parent":68,"menu_order":0,"comment_status":"closed","ping_status":"closed","template":"","meta":{"footnotes":""},"class_list":["post-66","page","type-page","status-publish"],"yoast_head":"<!-- This site is optimized with the Yoast SEO plugin v27.5 - https:\/\/yoast.com\/product\/yoast-seo-wordpress\/ -->\n<title>Comment frapper la balle de tennis quand il est presque trop tard<\/title>\n<meta name=\"robots\" content=\"index, follow, max-snippet:-1, max-image-preview:large, max-video-preview:-1\" \/>\n<link rel=\"canonical\" href=\"https:\/\/tennisbet.net\/fr\/comment-devenir-un-joueur-de-tennis-professionnel\/comment-frapper-la-balle-de-tennis-quand-il-est-presque-trop-tard\/\" \/>\n<meta property=\"og:locale\" content=\"fr_FR\" \/>\n<meta property=\"og:type\" content=\"article\" \/>\n<meta property=\"og:title\" content=\"Comment frapper la balle de tennis quand il est presque trop tard\" \/>\n<meta property=\"og:description\" content=\"Frapper la balle derri\u00e8re le corps Il arrive parfois que vous arriviez tr\u00e8s tard pour frapper la balle. Soit la balle vous a d\u00e9j\u00e0 d\u00e9pass\u00e9, soit elle est sur le point de rebondir une seconde fois. Dans les deux cas, votre technique habituelle ne vous permettra pas de sauver la situation. Prenons d&rsquo;abord la situation ... Lire la suite\" \/>\n<meta property=\"og:url\" content=\"https:\/\/tennisbet.net\/fr\/comment-devenir-un-joueur-de-tennis-professionnel\/comment-frapper-la-balle-de-tennis-quand-il-est-presque-trop-tard\/\" \/>\n<meta property=\"article:modified_time\" content=\"2025-08-04T14:13:08+00:00\" \/>\n<meta name=\"twitter:card\" content=\"summary_large_image\" \/>\n<meta name=\"twitter:label1\" content=\"Dur\u00e9e de lecture estim\u00e9e\" \/>\n\t<meta name=\"twitter:data1\" content=\"2 minutes\" \/>\n<script type=\"application\/ld+json\" class=\"yoast-schema-graph\">{\"@context\":\"https:\\\/\\\/schema.org\",\"@graph\":[{\"@type\":\"WebPage\",\"@id\":\"https:\\\/\\\/tennisbet.net\\\/fr\\\/comment-devenir-un-joueur-de-tennis-professionnel\\\/comment-frapper-la-balle-de-tennis-quand-il-est-presque-trop-tard\\\/\",\"url\":\"https:\\\/\\\/tennisbet.net\\\/fr\\\/comment-devenir-un-joueur-de-tennis-professionnel\\\/comment-frapper-la-balle-de-tennis-quand-il-est-presque-trop-tard\\\/\",\"name\":\"Comment frapper la balle de tennis quand il est presque trop tard\",\"isPartOf\":{\"@id\":\"https:\\\/\\\/tennisbet.net\\\/fr\\\/#website\"},\"datePublished\":\"2025-08-02T14:03:59+00:00\",\"dateModified\":\"2025-08-04T14:13:08+00:00\",\"breadcrumb\":{\"@id\":\"https:\\\/\\\/tennisbet.net\\\/fr\\\/comment-devenir-un-joueur-de-tennis-professionnel\\\/comment-frapper-la-balle-de-tennis-quand-il-est-presque-trop-tard\\\/#breadcrumb\"},\"inLanguage\":\"fr-FR\",\"potentialAction\":[{\"@type\":\"ReadAction\",\"target\":[\"https:\\\/\\\/tennisbet.net\\\/fr\\\/comment-devenir-un-joueur-de-tennis-professionnel\\\/comment-frapper-la-balle-de-tennis-quand-il-est-presque-trop-tard\\\/\"]}]},{\"@type\":\"BreadcrumbList\",\"@id\":\"https:\\\/\\\/tennisbet.net\\\/fr\\\/comment-devenir-un-joueur-de-tennis-professionnel\\\/comment-frapper-la-balle-de-tennis-quand-il-est-presque-trop-tard\\\/#breadcrumb\",\"itemListElement\":[{\"@type\":\"ListItem\",\"position\":1,\"name\":\"Home\",\"item\":\"https:\\\/\\\/tennisbet.net\\\/fr\\\/\"},{\"@type\":\"ListItem\",\"position\":2,\"name\":\"Comment devenir un joueur de tennis professionnel\",\"item\":\"https:\\\/\\\/tennisbet.net\\\/fr\\\/how-to-become-a-professional-tennis-player\\\/\"},{\"@type\":\"ListItem\",\"position\":3,\"name\":\"Comment frapper la balle de tennis quand il est presque trop tard\"}]},{\"@type\":\"WebSite\",\"@id\":\"https:\\\/\\\/tennisbet.net\\\/fr\\\/#website\",\"url\":\"https:\\\/\\\/tennisbet.net\\\/fr\\\/\",\"name\":\"\",\"description\":\"\",\"potentialAction\":[{\"@type\":\"SearchAction\",\"target\":{\"@type\":\"EntryPoint\",\"urlTemplate\":\"https:\\\/\\\/tennisbet.net\\\/fr\\\/?s={search_term_string}\"},\"query-input\":{\"@type\":\"PropertyValueSpecification\",\"valueRequired\":true,\"valueName\":\"search_term_string\"}}],\"inLanguage\":\"fr-FR\"}]}<\/script>\n<!-- \/ Yoast SEO plugin. -->","yoast_head_json":{"title":"Comment frapper la balle de tennis quand il est presque trop tard","robots":{"index":"index","follow":"follow","max-snippet":"max-snippet:-1","max-image-preview":"max-image-preview:large","max-video-preview":"max-video-preview:-1"},"canonical":"https:\/\/tennisbet.net\/fr\/comment-devenir-un-joueur-de-tennis-professionnel\/comment-frapper-la-balle-de-tennis-quand-il-est-presque-trop-tard\/","og_locale":"fr_FR","og_type":"article","og_title":"Comment frapper la balle de tennis quand il est presque trop tard","og_description":"Frapper la balle derri\u00e8re le corps Il arrive parfois que vous arriviez tr\u00e8s tard pour frapper la balle. Soit la balle vous a d\u00e9j\u00e0 d\u00e9pass\u00e9, soit elle est sur le point de rebondir une seconde fois. Dans les deux cas, votre technique habituelle ne vous permettra pas de sauver la situation. Prenons d&rsquo;abord la situation ... Lire la suite","og_url":"https:\/\/tennisbet.net\/fr\/comment-devenir-un-joueur-de-tennis-professionnel\/comment-frapper-la-balle-de-tennis-quand-il-est-presque-trop-tard\/","article_modified_time":"2025-08-04T14:13:08+00:00","twitter_card":"summary_large_image","twitter_misc":{"Dur\u00e9e de lecture estim\u00e9e":"2 minutes"},"schema":{"@context":"https:\/\/schema.org","@graph":[{"@type":"WebPage","@id":"https:\/\/tennisbet.net\/fr\/comment-devenir-un-joueur-de-tennis-professionnel\/comment-frapper-la-balle-de-tennis-quand-il-est-presque-trop-tard\/","url":"https:\/\/tennisbet.net\/fr\/comment-devenir-un-joueur-de-tennis-professionnel\/comment-frapper-la-balle-de-tennis-quand-il-est-presque-trop-tard\/","name":"Comment frapper la balle de tennis quand il est presque trop tard","isPartOf":{"@id":"https:\/\/tennisbet.net\/fr\/#website"},"datePublished":"2025-08-02T14:03:59+00:00","dateModified":"2025-08-04T14:13:08+00:00","breadcrumb":{"@id":"https:\/\/tennisbet.net\/fr\/comment-devenir-un-joueur-de-tennis-professionnel\/comment-frapper-la-balle-de-tennis-quand-il-est-presque-trop-tard\/#breadcrumb"},"inLanguage":"fr-FR","potentialAction":[{"@type":"ReadAction","target":["https:\/\/tennisbet.net\/fr\/comment-devenir-un-joueur-de-tennis-professionnel\/comment-frapper-la-balle-de-tennis-quand-il-est-presque-trop-tard\/"]}]},{"@type":"BreadcrumbList","@id":"https:\/\/tennisbet.net\/fr\/comment-devenir-un-joueur-de-tennis-professionnel\/comment-frapper-la-balle-de-tennis-quand-il-est-presque-trop-tard\/#breadcrumb","itemListElement":[{"@type":"ListItem","position":1,"name":"Home","item":"https:\/\/tennisbet.net\/fr\/"},{"@type":"ListItem","position":2,"name":"Comment devenir un joueur de tennis professionnel","item":"https:\/\/tennisbet.net\/fr\/how-to-become-a-professional-tennis-player\/"},{"@type":"ListItem","position":3,"name":"Comment frapper la balle de tennis quand il est presque trop tard"}]},{"@type":"WebSite","@id":"https:\/\/tennisbet.net\/fr\/#website","url":"https:\/\/tennisbet.net\/fr\/","name":"","description":"","potentialAction":[{"@type":"SearchAction","target":{"@type":"EntryPoint","urlTemplate":"https:\/\/tennisbet.net\/fr\/?s={search_term_string}"},"query-input":{"@type":"PropertyValueSpecification","valueRequired":true,"valueName":"search_term_string"}}],"inLanguage":"fr-FR"}]}},"_links":{"self":[{"href":"https:\/\/tennisbet.net\/fr\/wp-json\/wp\/v2\/pages\/66","targetHints":{"allow":["GET"]}}],"collection":[{"href":"https:\/\/tennisbet.net\/fr\/wp-json\/wp\/v2\/pages"}],"about":[{"href":"https:\/\/tennisbet.net\/fr\/wp-json\/wp\/v2\/types\/page"}],"author":[{"embeddable":true,"href":"https:\/\/tennisbet.net\/fr\/wp-json\/wp\/v2\/users\/1"}],"replies":[{"embeddable":true,"href":"https:\/\/tennisbet.net\/fr\/wp-json\/wp\/v2\/comments?post=66"}],"version-history":[{"count":1,"href":"https:\/\/tennisbet.net\/fr\/wp-json\/wp\/v2\/pages\/66\/revisions"}],"predecessor-version":[{"id":69,"href":"https:\/\/tennisbet.net\/fr\/wp-json\/wp\/v2\/pages\/66\/revisions\/69"}],"up":[{"embeddable":true,"href":"https:\/\/tennisbet.net\/fr\/wp-json\/wp\/v2\/pages\/68"}],"wp:attachment":[{"href":"https:\/\/tennisbet.net\/fr\/wp-json\/wp\/v2\/media?parent=66"}],"curies":[{"name":"wp","href":"https:\/\/api.w.org\/{rel}","templated":true}]}}