{"id":68,"date":"2025-08-02T14:02:49","date_gmt":"2025-08-02T14:02:49","guid":{"rendered":"https:\/\/tennisbet.net\/comment-devenir-un-joueur-de-tennis-professionnel\/"},"modified":"2025-08-02T14:02:49","modified_gmt":"2025-08-02T14:02:49","slug":"comment-devenir-un-joueur-de-tennis-professionnel","status":"publish","type":"page","link":"https:\/\/tennisbet.net\/fr\/comment-devenir-un-joueur-de-tennis-professionnel\/","title":{"rendered":"Comment devenir un joueur de tennis professionnel"},"content":{"rendered":"<h1>Quelques conseils pour les jeunes joueurs qui souhaitent devenir professionnels<\/h1>\n<p>Si vous \u00eates un jeune joueur et que vous aspirez \u00e0 devenir professionnel (ou si vous \u00eates parent d&rsquo;un tel joueur), les obstacles seront nombreux. Voici quelques conseils pour bien d\u00e9marrer votre carri\u00e8re.<\/p>\n<p>La premi\u00e8re question est toujours\u00a0: suis-je assez bon pour jouer professionnellement\u00a0? La r\u00e9ponse n&rsquo;est pas simple. Bien s\u00fbr, vous examinerez vos r\u00e9sultats et votre classement en junior. Bien s\u00fbr, il faut du talent. Mais l&rsquo;un des facteurs les plus d\u00e9terminants est\u00a0: \u00eates-vous pr\u00eat \u00e0 tout pour atteindre votre objectif de devenir professionnel, et \u00eates-vous pr\u00eat \u00e0 le faire au cours des 4 \u00e0 5 prochaines ann\u00e9es\u00a0?<\/p>\n<h2>Sortez de votre zone de confort\u00a0!<\/h2>\n<p>Vos capacit\u00e9s actuelles et votre statut de joueur de tennis ne sont pas les plus importants. Pourquoi\u00a0? Parce qu&rsquo;en participant \u00e0 davantage de tournois, \u00e0 des niveaux plus \u00e9lev\u00e9s, vous am\u00e9liorerez votre jeu. Il est important d&rsquo;accepter que vous subirez des d\u00e9faites, parfois humiliantes, face \u00e0 d&rsquo;autres joueurs. \u00c0 un moment donn\u00e9, il faudra sortir de sa zone de confort, et ce ne sera pas facile. Imaginons que vous ayez 16 ou 17 ans et que vous ayez connu du succ\u00e8s chez les juniors, que ce soit dans des tournois nationaux ou au niveau ITF. Je vous recommande tout de m\u00eame de participer \u00e0 des tournois ITF pour adultes d\u00e9butants. Ne vous inqui\u00e9tez pas si vous avez l&rsquo;impression d&rsquo;\u00eatre d\u00e9pass\u00e9. C&rsquo;est tout \u00e0 fait normal, car les autres joueurs auront probablement plus d&rsquo;exp\u00e9rience que vous. Ne vous attendez pas \u00e0 gagner beaucoup, mais \u00e0 apprendre\u00a0!<\/p>\n<p>D&rsquo;apr\u00e8s mon exp\u00e9rience, voici le probl\u00e8me avec les jeunes joueurs, hommes et femmes\u00a0: \u00e0 17\u00a0ans, ils pensent tous que frapper la balle fort, vite et r\u00e9guli\u00e8rement dans le camp adverse est ce qui leur permet de gagner. Tout entra\u00eeneur qui se respecte parlera de strat\u00e9gie \u00e0 ses joueurs, leur expliquant o\u00f9 placer la balle dans quelle situation, comment identifier les faiblesses du jeu adverse et comment s&rsquo;adapter \u00e0 celui-ci. Mais 95 % des joueurs de 17 ans n&rsquo;\u00e9coutent pas. Essayez de faire partie des 5 % qui \u00e9coutent. Vous apprendrez tout cela en jouant suffisamment longtemps, mais \u00e0 quoi bon ces connaissances \u00e0 32 ans, quand vos meilleures ann\u00e9es sont d\u00e9j\u00e0 derri\u00e8re vous\u00a0? C&rsquo;est la raison pour laquelle vous devriez travailler avec un entra\u00eeneur\u00a0: il vous transmettra son exp\u00e9rience de joueur de longue date. D&rsquo;ailleurs, peu importe que votre entra\u00eeneur ait d\u00e9j\u00e0 occup\u00e9 un haut rang mondial. Les bases de la strat\u00e9gie tennistique fonctionnent \u00e0 tous les niveaux (bon, en club, elles peuvent \u00eatre un peu diff\u00e9rentes de celles du top 10 ATP ou WTA, mais quand m\u00eame\u2026).<\/p>\n<h2>\u00c0 quels tournois devriez-vous participer\u00a0?<\/p>\n<p>Bien s\u00fbr, vous devriez participer \u00e0 autant de tournois que possible dans votre r\u00e9gion. Essayez d&rsquo;alterner les tournois o\u00f9 vous \u00eates s\u00fbr de pouvoir survivre au moins un ou deux tours avec ceux o\u00f9 vous affronterez des joueurs plus forts. Il n&rsquo;y a rien de mal \u00e0 viser haut et \u00e0 perdre. Vous apprendrez plus de la d\u00e9faite que de la victoire. Les matchs contre des joueurs bien plus forts sont une excellente occasion d&rsquo;essayer un style de jeu avec lequel vous n&rsquo;\u00eates peut-\u00eatre pas tr\u00e8s \u00e0 l&rsquo;aise actuellement. Imaginez que vous \u00eates, par nature, un contreur. Mais vous affrontez maintenant un joueur qui joue comme vous, mais qui est meilleur en contre que vous. Essayez une approche plus agressive\u00a0; vous pourriez \u00eatre surpris de l&rsquo;am\u00e9lioration de votre jeu.<\/p>\n<h2>Jouer au niveau ITF international<\/h2>\n<p>Si vous n&rsquo;avez jamais fait cela, lancez-vous quand m\u00eame. Commencez par des tournois M15 (ou W15 si vous \u00eates une fille). M15 correspond aux tournois ITF avec 15\u00a0000\u00a0$ de prix. De nombreux joueurs pensent qu&rsquo;il faut avoir un bon classement national avant de pouvoir envisager de participer \u00e0 des tournois internationaux. En r\u00e9alit\u00e9, peu importe qu&rsquo;il y ait 10, 20 ou m\u00eame 50 joueurs dans votre pays que vous ne puissiez pas battre. Lancez-vous et saisissez les occasions de jouer contre des joueurs d&rsquo;autres pays. Vous progresserez ainsi, et vous d\u00e9couvrirez peut-\u00eatre que vos adversaires nationaux ne sont finalement pas si difficiles \u00e0 battre. <\/p>\n<p>Imaginons que vous ayez commenc\u00e9 \u00e0 participer \u00e0 des tournois ITF H15 ou W15. Quels sont les r\u00e9sultats\u00a0? Commencez par examiner votre ratio victoires\/d\u00e9faites. Si vous avez gagn\u00e9 autant de matchs que perdus, vous vous en sortez d\u00e9j\u00e0 bien. Gagner plus souvent que perdre signifie que vous aurez franchi la phase de qualification pour l&rsquo;\u00e9v\u00e9nement principal la plupart du temps. \u00c0 ce stade, vous serez class\u00e9 ATP ou WTA. Essayez de participer \u00e0 un tournoi H\/W25 si votre classement le permet. En r\u00e8gle g\u00e9n\u00e9rale, d\u00e8s que vous gagnez plus de matchs que vous n&rsquo;en perdez \u00e0 un niveau, visez un niveau sup\u00e9rieur.<\/p>\n<p>Un facteur important est votre calendrier de tournois\u00a0: essayez de jouer 4, 5 ou 6 tournois cons\u00e9cutifs. C&rsquo;est ainsi que vous progresserez. Participer \u00e0 un tournoi puis faire une pause de 3 semaines n&rsquo;est pas une bonne id\u00e9e. Id\u00e9alement, vous devriez passer au moins 6 semaines \u00e0 jouer des tournois. Ensuite, dressez une liste de ce que vous souhaitez faire.Vous avez gagn\u00e9 et dress\u00e9 une liste des points \u00e0 am\u00e9liorer. Ensuite, consacrez quelques semaines \u00e0 travailler les coups que vous jugez n\u00e9cessaires. Ensuite, entamez une nouvelle s\u00e9rie de tournois.<\/p>\n<h2>Aspects financiers pour devenir joueur professionnel<\/h2>\n<p>L&rsquo;aspect financier est un enjeu majeur pour tout joueur d\u00e9butant. Les gains que vous pouvez gagner en participant \u00e0 des tournois M15 ou W15 ne suffiront probablement pas \u00e0 couvrir vos d\u00e9penses. C&rsquo;est pourquoi vous devez saisir toutes les opportunit\u00e9s de participer \u00e0 des tournois ITF proches de chez vous. Cela vous permettra d&rsquo;\u00e9conomiser sur les frais de d\u00e9placement au d\u00e9but.<\/p>\n<p>Plus tard, vous ne pourrez plus vous limiter aux tournois locaux. Vous devrez vivre avec un budget limit\u00e9 pendant un certain temps (\u00e0 moins d&rsquo;avoir une source de revenus, comme un sponsor). \u00c0 mesure que vous progresserez, les prix en esp\u00e8ces vous aideront un peu, mais ne vous attendez pas \u00e0 ce que cela suffise \u00e0 couvrir tous vos frais.<\/p>\n<\/p>\n<h2>Voici quelques options pour r\u00e9duire et\/ou couvrir vos d\u00e9penses\u00a0:<\/h2>\n<ul>\n<li>Vous n&rsquo;avez pas besoin de voyager avec un entra\u00eeneur, ni d&rsquo;infrastructures comme les meilleurs joueurs. Certains d&rsquo;entre eux ont toute une \u00e9quipe \u00e0 leur service. Mais vous n&rsquo;en avez \u00e9videmment pas les moyens, et vous n&rsquo;en avez pas besoin non plus. Pour vos besoins d&rsquo;entra\u00eenement, essayez de r\u00e9seauter avec d&rsquo;autres joueurs (y compris des joueurs plus \u00e2g\u00e9s et plus exp\u00e9riment\u00e9s) et organisez votre propre programme d&rsquo;entra\u00eenement pendant les tournois. Les directeurs de tournoi seront souvent ravis de vous aider.<\/li>\n<li>Demandez de l&rsquo;aide \u00e0 votre f\u00e9d\u00e9ration nationale si possible. Bien s\u00fbr, votre f\u00e9d\u00e9ration nationale peut avoir des fonds limit\u00e9s ou ne soutenir qu&rsquo;un nombre limit\u00e9 de joueurs, en fonction de leur classement. Certaines f\u00e9d\u00e9rations nationales ont des \u00e9quipes itin\u00e9rantes, dont les frais de d\u00e9placement sont pris en charge, des entra\u00eeneurs leur sont assign\u00e9s, etc. Essayez d&rsquo;int\u00e9grer l&rsquo;une de ces \u00e9quipes si possible.\n<p>Trouvez des sponsors priv\u00e9s. Cela peut sembler difficile au d\u00e9but, mais \u00e0 mesure que vous jouez et progressez, des opportunit\u00e9s se pr\u00e9senteront.<\/p>\n<p>Recourez \u00e0 l&rsquo;hospitalit\u00e9. Pour de nombreux tournois, des options d&rsquo;hospitalit\u00e9 sont propos\u00e9es\u00a0: ils essaient de trouver une famille chez qui vous pouvez loger pendant le tournoi, vous aident pour le transport jusqu&rsquo;au lieu du tournoi, etc.<\/p>\n<p>Inscrivez-vous dans une \u00e9quipe de club et disputez des matchs de championnat. Ce n&rsquo;est peut-\u00eatre pas possible dans votre pays, mais il existe de nombreux pays o\u00f9 jouer pour une \u00e9quipe de premi\u00e8re ou de deuxi\u00e8me division est r\u00e9ellement payant. Ces \u00e9quipes sont g\u00e9n\u00e9ralement soutenues par un sponsor, et dans des pays comme l&rsquo;Allemagne, l&rsquo;Espagne ou le Royaume-Uni, elles disposent souvent de budgets cons\u00e9quents. Si vous \u00eates suffisamment bon pour aider l&rsquo;\u00e9quipe, ils vous aideront pour l&rsquo;h\u00e9bergement et les frais de voyage, et vous r\u00e9mun\u00e9reront pour votre participation. La plupart du temps, vous recevrez une prime fixe par match et un suppl\u00e9ment pour les matchs gagn\u00e9s. Ces matchs de championnat sont g\u00e9n\u00e9ralement programm\u00e9s sur une p\u00e9riode limit\u00e9e de 6 \u00e0 8 semaines. Une fois la saison termin\u00e9e, vous pourrez vous concentrer \u00e0 nouveau sur les tournois.<\/li>\n<li>Envisagez de d\u00e9m\u00e9nager dans un autre pays. Selon votre pays de naissance, rares sont les tournois qui n&rsquo;impliquent pas de frais de d\u00e9placement \u00e9lev\u00e9s. Dans d&rsquo;autres r\u00e9gions du monde, comme l&rsquo;Europe, vous pouvez disputer 6 tournois ITF en 2 mois dans un rayon de 300 km. Si vous trouvez un club pour lequel jouer (voir ci-dessus), vos options sont bien meilleures dans ce pays.<\/li>\n<li><span style=\"font-size: 14px;\">Pour vous \u00e9tablir comme joueur professionnel, votre objectif devrait \u00eatre d&rsquo;atteindre le top 100, voire la 80e place ou plus. C&rsquo;est \u00e0 ce moment-l\u00e0 que vous serez admis au tableau principal des tournois du Grand Chelem. Cela signifie que vous avez assur\u00e9 un revenu annuel \u00e0 six chiffres, que vous pouvez utiliser pour financer vos frais de d\u00e9placement.<\/span><\/li>\n<\/ul>\n<h2>Remarques finales<\/h2>\n<p>Le plus important est de croire en soi et de ne pas abandonner trop facilement. Tous les joueurs ne progressent pas de mani\u00e8re lin\u00e9aire. Nombreux sont ceux qui \u00e9taient dans la moyenne \u00e0 18 ans et ont atteint le sommet \u00e0 23 ans. Inversement, de nombreux joueurs qui envisageaient de devenir num\u00e9ro 1 mondial \u00e0 16 ans n&rsquo;ont jamais atteint le top 100. Et n&rsquo;oubliez pas que votre attitude et votre force mentale sont tout aussi importantes que votre talent\u00a0!<\/p>\n","protected":false},"excerpt":{"rendered":"<p>Quelques conseils pour les jeunes joueurs qui souhaitent devenir professionnels Si vous \u00eates un jeune joueur et que vous aspirez \u00e0 devenir professionnel (ou si vous \u00eates parent d&rsquo;un tel joueur), les obstacles seront nombreux. Voici quelques conseils pour bien d\u00e9marrer votre carri\u00e8re. La premi\u00e8re question est toujours\u00a0: suis-je assez bon pour jouer professionnellement\u00a0? La &#8230; <a title=\"Comment devenir un joueur de tennis professionnel\" class=\"read-more\" href=\"https:\/\/tennisbet.net\/fr\/comment-devenir-un-joueur-de-tennis-professionnel\/\" aria-label=\"En savoir plus sur Comment devenir un joueur de tennis professionnel\">Lire la suite<\/a><\/p>\n","protected":false},"author":1,"featured_media":0,"parent":0,"menu_order":0,"comment_status":"closed","ping_status":"closed","template":"","meta":{"footnotes":""},"class_list":["post-68","page","type-page","status-publish"],"yoast_head":"<!-- This site is optimized with the Yoast SEO plugin v27.4 - https:\/\/yoast.com\/product\/yoast-seo-wordpress\/ -->\n<title>Comment devenir un joueur de tennis professionnel<\/title>\n<meta name=\"robots\" content=\"index, follow, max-snippet:-1, max-image-preview:large, max-video-preview:-1\" \/>\n<link rel=\"canonical\" href=\"https:\/\/tennisbet.net\/fr\/comment-devenir-un-joueur-de-tennis-professionnel\/\" \/>\n<meta property=\"og:locale\" content=\"fr_FR\" \/>\n<meta property=\"og:type\" content=\"article\" \/>\n<meta property=\"og:title\" content=\"Comment devenir un joueur de tennis professionnel\" \/>\n<meta property=\"og:description\" content=\"Quelques conseils pour les jeunes joueurs qui souhaitent devenir professionnels Si vous \u00eates un jeune joueur et que vous aspirez \u00e0 devenir professionnel (ou si vous \u00eates parent d&rsquo;un tel joueur), les obstacles seront nombreux. Voici quelques conseils pour bien d\u00e9marrer votre carri\u00e8re. La premi\u00e8re question est toujours\u00a0: suis-je assez bon pour jouer professionnellement\u00a0? La ... Lire la suite\" \/>\n<meta property=\"og:url\" content=\"https:\/\/tennisbet.net\/fr\/comment-devenir-un-joueur-de-tennis-professionnel\/\" \/>\n<meta name=\"twitter:card\" content=\"summary_large_image\" \/>\n<meta name=\"twitter:label1\" content=\"Dur\u00e9e de lecture estim\u00e9e\" \/>\n\t<meta name=\"twitter:data1\" content=\"8 minutes\" \/>\n<script type=\"application\/ld+json\" class=\"yoast-schema-graph\">{\"@context\":\"https:\\\/\\\/schema.org\",\"@graph\":[{\"@type\":\"WebPage\",\"@id\":\"https:\\\/\\\/tennisbet.net\\\/fr\\\/comment-devenir-un-joueur-de-tennis-professionnel\\\/\",\"url\":\"https:\\\/\\\/tennisbet.net\\\/fr\\\/comment-devenir-un-joueur-de-tennis-professionnel\\\/\",\"name\":\"Comment devenir un joueur de tennis professionnel\",\"isPartOf\":{\"@id\":\"https:\\\/\\\/tennisbet.net\\\/fr\\\/#website\"},\"datePublished\":\"2025-08-02T14:02:49+00:00\",\"breadcrumb\":{\"@id\":\"https:\\\/\\\/tennisbet.net\\\/fr\\\/comment-devenir-un-joueur-de-tennis-professionnel\\\/#breadcrumb\"},\"inLanguage\":\"fr-FR\",\"potentialAction\":[{\"@type\":\"ReadAction\",\"target\":[\"https:\\\/\\\/tennisbet.net\\\/fr\\\/comment-devenir-un-joueur-de-tennis-professionnel\\\/\"]}]},{\"@type\":\"BreadcrumbList\",\"@id\":\"https:\\\/\\\/tennisbet.net\\\/fr\\\/comment-devenir-un-joueur-de-tennis-professionnel\\\/#breadcrumb\",\"itemListElement\":[{\"@type\":\"ListItem\",\"position\":1,\"name\":\"Home\",\"item\":\"https:\\\/\\\/tennisbet.net\\\/fr\\\/\"},{\"@type\":\"ListItem\",\"position\":2,\"name\":\"Comment devenir un joueur de tennis professionnel\"}]},{\"@type\":\"WebSite\",\"@id\":\"https:\\\/\\\/tennisbet.net\\\/fr\\\/#website\",\"url\":\"https:\\\/\\\/tennisbet.net\\\/fr\\\/\",\"name\":\"\",\"description\":\"\",\"potentialAction\":[{\"@type\":\"SearchAction\",\"target\":{\"@type\":\"EntryPoint\",\"urlTemplate\":\"https:\\\/\\\/tennisbet.net\\\/fr\\\/?s={search_term_string}\"},\"query-input\":{\"@type\":\"PropertyValueSpecification\",\"valueRequired\":true,\"valueName\":\"search_term_string\"}}],\"inLanguage\":\"fr-FR\"}]}<\/script>\n<!-- \/ Yoast SEO plugin. -->","yoast_head_json":{"title":"Comment devenir un joueur de tennis professionnel","robots":{"index":"index","follow":"follow","max-snippet":"max-snippet:-1","max-image-preview":"max-image-preview:large","max-video-preview":"max-video-preview:-1"},"canonical":"https:\/\/tennisbet.net\/fr\/comment-devenir-un-joueur-de-tennis-professionnel\/","og_locale":"fr_FR","og_type":"article","og_title":"Comment devenir un joueur de tennis professionnel","og_description":"Quelques conseils pour les jeunes joueurs qui souhaitent devenir professionnels Si vous \u00eates un jeune joueur et que vous aspirez \u00e0 devenir professionnel (ou si vous \u00eates parent d&rsquo;un tel joueur), les obstacles seront nombreux. Voici quelques conseils pour bien d\u00e9marrer votre carri\u00e8re. La premi\u00e8re question est toujours\u00a0: suis-je assez bon pour jouer professionnellement\u00a0? La ... Lire la suite","og_url":"https:\/\/tennisbet.net\/fr\/comment-devenir-un-joueur-de-tennis-professionnel\/","twitter_card":"summary_large_image","twitter_misc":{"Dur\u00e9e de lecture estim\u00e9e":"8 minutes"},"schema":{"@context":"https:\/\/schema.org","@graph":[{"@type":"WebPage","@id":"https:\/\/tennisbet.net\/fr\/comment-devenir-un-joueur-de-tennis-professionnel\/","url":"https:\/\/tennisbet.net\/fr\/comment-devenir-un-joueur-de-tennis-professionnel\/","name":"Comment devenir un joueur de tennis professionnel","isPartOf":{"@id":"https:\/\/tennisbet.net\/fr\/#website"},"datePublished":"2025-08-02T14:02:49+00:00","breadcrumb":{"@id":"https:\/\/tennisbet.net\/fr\/comment-devenir-un-joueur-de-tennis-professionnel\/#breadcrumb"},"inLanguage":"fr-FR","potentialAction":[{"@type":"ReadAction","target":["https:\/\/tennisbet.net\/fr\/comment-devenir-un-joueur-de-tennis-professionnel\/"]}]},{"@type":"BreadcrumbList","@id":"https:\/\/tennisbet.net\/fr\/comment-devenir-un-joueur-de-tennis-professionnel\/#breadcrumb","itemListElement":[{"@type":"ListItem","position":1,"name":"Home","item":"https:\/\/tennisbet.net\/fr\/"},{"@type":"ListItem","position":2,"name":"Comment devenir un joueur de tennis professionnel"}]},{"@type":"WebSite","@id":"https:\/\/tennisbet.net\/fr\/#website","url":"https:\/\/tennisbet.net\/fr\/","name":"","description":"","potentialAction":[{"@type":"SearchAction","target":{"@type":"EntryPoint","urlTemplate":"https:\/\/tennisbet.net\/fr\/?s={search_term_string}"},"query-input":{"@type":"PropertyValueSpecification","valueRequired":true,"valueName":"search_term_string"}}],"inLanguage":"fr-FR"}]}},"_links":{"self":[{"href":"https:\/\/tennisbet.net\/fr\/wp-json\/wp\/v2\/pages\/68","targetHints":{"allow":["GET"]}}],"collection":[{"href":"https:\/\/tennisbet.net\/fr\/wp-json\/wp\/v2\/pages"}],"about":[{"href":"https:\/\/tennisbet.net\/fr\/wp-json\/wp\/v2\/types\/page"}],"author":[{"embeddable":true,"href":"https:\/\/tennisbet.net\/fr\/wp-json\/wp\/v2\/users\/1"}],"replies":[{"embeddable":true,"href":"https:\/\/tennisbet.net\/fr\/wp-json\/wp\/v2\/comments?post=68"}],"version-history":[{"count":0,"href":"https:\/\/tennisbet.net\/fr\/wp-json\/wp\/v2\/pages\/68\/revisions"}],"wp:attachment":[{"href":"https:\/\/tennisbet.net\/fr\/wp-json\/wp\/v2\/media?parent=68"}],"curies":[{"name":"wp","href":"https:\/\/api.w.org\/{rel}","templated":true}]}}