{"id":230,"date":"2025-08-02T14:17:24","date_gmt":"2025-08-02T14:17:24","guid":{"rendered":"https:\/\/tennisbet.net\/dom\/"},"modified":"2025-08-02T14:17:24","modified_gmt":"2025-08-02T14:17:24","slug":"dom","status":"publish","type":"page","link":"https:\/\/tennisbet.net\/hr\/","title":{"rendered":"Dom"},"content":{"rendered":"<h2>Savjeti za kla\u0111enje na tenis<\/h2>\n<p><span style=\"font-size: 14pt;\">Dakle, ljubitelj ste tenisa i sportskog kla\u0111enja? Ako je tako, do\u0161li ste na pravo mjesto. Na\u0161a web stranica ima za cilj pru\u017eiti vam detaljne informacije o:<\/span><\/p>\n<ul>\n<li><span style=\"font-size: 14pt;\"><em><strong>trenutnim teniskim doga\u0111ajima na koje se mo\u017eete kladiti<\/strong><\/em><\/span><\/li>\n<li><span style=\"font-size: 14pt;\"><em><strong>recenzijama najboljih kladionica za tenisko kla\u0111enje<\/strong><\/em><\/span><\/li>\n<li><span style=\"font-size: 14pt;\"><em><strong>savjetima i prognozama za nadolaze\u0107e teniske me\u010deve<\/strong><\/em><\/span><\/li>\n<li><span style=\"font-size: 14pt;\"><em><strong>i, posebno va\u017eno: savjetima za kla\u0111enje tijekom teniskih me\u010deva<\/strong><\/em><\/span><\/li>\n<\/ul>\n<p>Webmaster je biv\u0161i teniski profesionalac s desetlje\u0107ima iskustva u treniranju. Njegova specijalnost je analiza igre, kao i pronala\u017eenje snaga i slabosti odre\u0111enog igra\u010da. Svoje dugogodi\u0161nje iskustvo savjetovanja o strategiji me\u010deva i pra\u0107enja promjena u pona\u0161anju igra\u010da tijekom igre koristi kako bi sportskim kladioni\u010darima dao prednost u odnosu na &#8220;ku\u0107u&#8221;, npr. stranicu sportske kladionice.<\/p>\n<p>Njegovi <strong>savjeti za kla\u0111enje na tenis<\/strong> pomo\u0107i \u0107e vam kao sportskom kladioni\u010daru da prona\u0111ete profitabilne pozicije za kla\u0111enje na odre\u0111ene doga\u0111aje tijekom me\u010da, na primjer u predvi\u0111anju tko \u0107e biti sljede\u0107i igra\u010d koji \u0107e izgubiti svoj servis. Ili, zamislite da mo\u017eete re\u0107i da \u0107e se me\u010d okrenuti &#8211; mogli biste se kladiti na igra\u010da koji se \u010dini velikim autsajderom u tom trenutku, kada su \u0161anse da se vrati u igru \u200b\u200bodli\u010dne.<\/p>\n<h2>Recenzije web stranica za kla\u0111enje na tenis<\/h2>\n<p>Naravno, va\u017eno je koju web stranicu sportske kladionice koristite za kla\u0111enje na tenis. Stranica bi trebala imati odli\u010dne kvote, biti jednostavna za navigaciju, nuditi izvrstan bonus za va\u0161u prvu uplatu, kao i sjajne promocije za postoje\u0107e korisnike. Udobne i sigurne opcije uplate i isplate tako\u0111er su va\u017ene, kao i izvrsna i kompetentna korisni\u010dka slu\u017eba.<\/p>\n<p><strong>A evo i najva\u017enijeg elementa:<\/strong> Kakve vrste oklada nude za tenis? Provjerili smo mnoge web stranice za kla\u0111enje i samo je vrlo malo njih zaista dobro \u0161to se ti\u010de kla\u0111enja na tenis. Ako zaista \u017eelite maksimalno iskoristiti svoje postoje\u0107e znanje o sportu i maksimalno iskoristiti teniske savjete koje dobivate ovdje na na\u0161oj web stranici, onda postoji jedna web stranica koju posebno mo\u017eemo preporu\u010diti.<\/p>\n<p><strong>Po na\u0161em mi\u0161ljenju, nema boljeg mjesta od Bet365<\/strong>. Web stranica svjetske klase za sve vrste kockanja, poput online kasina, automata za pravi novac, online pokera, \u010dak i online binga, upravo se njihov odjeljak sportskog kla\u0111enja isti\u010de izvrsnim kvotama i \u0161irokim izborom sportova na koje se mo\u017eete kladiti. <a href=\"index.php?option=com_content&amp;view=article&amp;id=58&amp;Itemid=220\"><span style=\"text-decoration: underline;\">Pro\u010ditajte recenziju za Bet365 ovdje<\/span><\/a> ili <span style=\"text-decoration: underline;\"><a href=\"go\/bet365.html\" target=\"_blank\" rel=\"noopener\">kliknite ovdje da biste izravno oti\u0161li na njihovu web stranicu.<\/a><\/span><\/p>\n<p><strong>Najva\u017enije za vas:<\/strong>\u00a0Na Bet365 imaju daleko najbolji program kla\u0111enja tijekom igre za tenis. Mo\u017eete se kladiti predvi\u0111aju\u0107i ne samo tko \u0107e pobijediti u sljede\u0107em gemu, setu ili me\u010du. Mo\u017eete se kladiti na to koliko \u0107e gemova imati trenutni (ili sljede\u0107i) set, odabrati rezultat sljede\u0107a tri gema i mnoge druge opcije i mjesta gdje mo\u017eete postaviti profitabilnu okladu. Ovo je stranica na kojoj mo\u017eete primijeniti na\u0161e savjete za kla\u0111enje na tenis i posti\u0107i najbolje rezultate!<\/p>\n<h2>Gledajte svoju igru \u200b\u200b- prijenosi u\u017eivo na Bet365<\/h2>\n<p>Da biste koristili uslugu prijenosa u\u017eivo za teniske me\u010deve, morate biti prijavljeni na svoj Bet365 ra\u010dun i imati upla\u0107ena sredstva na ra\u010dun ili ste se kladili na taj me\u010d u posljednja 24 sata. Svaki doga\u0111aj na Bet365 web stranici koji ima ikonu Reproduciraj ili Video pored sebe bit \u0107e prikazan putem prijenosa u\u017eivo. To naravno funkcionira i za nogometne utakmice i mnoge druge sportove.<\/p>\n<p>Ovo je ne\u0161to \u0161to mo\u017eete prona\u0107i samo na Bet365, i to je vrsta oklade koja je zaista zanimljiva &#8211; ako znate na \u0161to treba paziti i koje \u010dimbenike treba uzeti u obzir prije takve oklade na tenis. Obavezno pro\u010ditajte \u010dlanke na na\u0161oj web stranici, oni \u0107e vam pomo\u0107i da dobro &#8220;pro\u010ditate&#8221; teku\u0107i teniski me\u010d.<\/p>\n<h2>Alternativne stranice za kla\u0111enje na tenis ako se nalazite u SAD-u<\/h2>\n<p>Bet365 ne prima oklade od stanovnika SAD-a, ali sam otkrio da je Intertops izvrsna alternativa. S kla\u0111enjem u igri gotovo jednako dobrim kao Bet365 i \u0161irokim izborom kla\u0111enja na tenis op\u0107enito, bili bi mi omiljena sportska kladionica na ameri\u010dkom tr\u017ei\u0161tu. <strong><span style=\"text-decoration: underline;\"><a href=\"go\/intertopsen.html\" target=\"_blank\" rel=\"noopener\">Pogledajte ih ovdje.<\/a><\/span><\/strong><\/p>\n<h2>Kla\u0111enje na pobjednike teniskih me\u010deva i pobjednike turnira<\/h2>\n<p>Bilo da se radi o mu\u0161kom ATP krugu, \u017eenskom WTA doga\u0111aju, Davis Cupu ili Fed Cupu: Pogledat \u0107emo sve glavne doga\u0111aje tih krugova, provjeriti njihove \u017edrijebe i odabrati vjerojatne pobjednike s dobrim kvotama za vas. PostojiNema puno smisla kladiti se na Novaka \u0110okovi\u0107a da \u0107e pobijediti u me\u010du u kojem zaradite 2 dolara s okladom od 100 dolara. Ali kla\u0111enjem s odli\u010dnim koeficijentom na autsajdera u teniskom me\u010du prvog kola, kada je taj autsajder pokazao izvrsnu formu na prethodnim turnirima &#8211; to je vrsta oklade koju bih ja postavio.<\/p>\n<p>Odabir pobjednika na teniskom turniru najte\u017ei je zadatak od svih. Toliko se toga mo\u017ee dogoditi &#8211; vrhunski igra\u010d mo\u017ee zadobiti ozljedu ili imati lo\u0161 dan, na primjer. \u010cak ni tenisa\u010d broj 1 na svijetu nema jamstvo da \u0107e pobijediti na svakom turniru na kojem sudjeluje. Na\u0161i savjeti za kla\u0111enje na tenis pomo\u0107i \u0107e vam da izbjegnete skupe oklade s malim dobitkom i pobolj\u0161ate svoje rezultate kla\u0111enja.<\/p>\n","protected":false},"excerpt":{"rendered":"<p>Savjeti za kla\u0111enje na tenis Dakle, ljubitelj ste tenisa i sportskog kla\u0111enja? Ako je tako, do\u0161li ste na pravo mjesto. Na\u0161a web stranica ima za cilj pru\u017eiti vam detaljne informacije o: trenutnim teniskim doga\u0111ajima na koje se mo\u017eete kladiti recenzijama najboljih kladionica za tenisko kla\u0111enje savjetima i prognozama za nadolaze\u0107e teniske me\u010deve i, posebno va\u017eno: &#8230; <a title=\"Dom\" class=\"read-more\" href=\"https:\/\/tennisbet.net\/hr\/\" aria-label=\"Read more about Dom\">Op\u0161irnije<\/a><\/p>\n","protected":false},"author":1,"featured_media":0,"parent":0,"menu_order":0,"comment_status":"closed","ping_status":"closed","template":"","meta":{"footnotes":""},"class_list":["post-230","page","type-page","status-publish"],"yoast_head":"<!-- This site is optimized with the Yoast SEO plugin v27.5 - https:\/\/yoast.com\/product\/yoast-seo-wordpress\/ -->\n<title>Kla\u0111enje na tenis kod ku\u0107e<\/title>\n<meta name=\"robots\" content=\"index, follow, max-snippet:-1, max-image-preview:large, max-video-preview:-1\" \/>\n<link rel=\"canonical\" href=\"https:\/\/tennisbet.net\/hr\/\" \/>\n<meta property=\"og:locale\" content=\"hr_HR\" \/>\n<meta property=\"og:type\" content=\"article\" \/>\n<meta property=\"og:title\" content=\"Kla\u0111enje na tenis kod ku\u0107e\" \/>\n<meta property=\"og:description\" content=\"Savjeti za kla\u0111enje na tenis Dakle, ljubitelj ste tenisa i sportskog kla\u0111enja? Ako je tako, do\u0161li ste na pravo mjesto. Na\u0161a web stranica ima za cilj pru\u017eiti vam detaljne informacije o: trenutnim teniskim doga\u0111ajima na koje se mo\u017eete kladiti recenzijama najboljih kladionica za tenisko kla\u0111enje savjetima i prognozama za nadolaze\u0107e teniske me\u010deve i, posebno va\u017eno: ... Op\u0161irnije\" \/>\n<meta property=\"og:url\" content=\"https:\/\/tennisbet.net\/hr\/\" \/>\n<meta name=\"twitter:card\" content=\"summary_large_image\" \/>\n<meta name=\"twitter:label1\" content=\"Procijenjeno vrijeme \u010ditanja\" \/>\n\t<meta name=\"twitter:data1\" content=\"5 minuta\" \/>\n<script type=\"application\/ld+json\" class=\"yoast-schema-graph\">{\"@context\":\"https:\\\/\\\/schema.org\",\"@graph\":[{\"@type\":\"WebPage\",\"@id\":\"https:\\\/\\\/tennisbet.net\\\/hr\\\/\",\"url\":\"https:\\\/\\\/tennisbet.net\\\/hr\\\/\",\"name\":\"Kla\u0111enje na tenis kod ku\u0107e\",\"isPartOf\":{\"@id\":\"https:\\\/\\\/tennisbet.net\\\/hr\\\/#website\"},\"datePublished\":\"2025-08-02T14:17:24+00:00\",\"breadcrumb\":{\"@id\":\"https:\\\/\\\/tennisbet.net\\\/hr\\\/#breadcrumb\"},\"inLanguage\":\"hr\",\"potentialAction\":[{\"@type\":\"ReadAction\",\"target\":[\"https:\\\/\\\/tennisbet.net\\\/hr\\\/\"]}]},{\"@type\":\"BreadcrumbList\",\"@id\":\"https:\\\/\\\/tennisbet.net\\\/hr\\\/#breadcrumb\",\"itemListElement\":[{\"@type\":\"ListItem\",\"position\":1,\"name\":\"Home\",\"item\":\"https:\\\/\\\/tennisbet.net\\\/hr\\\/\"},{\"@type\":\"ListItem\",\"position\":2,\"name\":\"Dom\"}]},{\"@type\":\"WebSite\",\"@id\":\"https:\\\/\\\/tennisbet.net\\\/hr\\\/#website\",\"url\":\"https:\\\/\\\/tennisbet.net\\\/hr\\\/\",\"name\":\"\",\"description\":\"\",\"potentialAction\":[{\"@type\":\"SearchAction\",\"target\":{\"@type\":\"EntryPoint\",\"urlTemplate\":\"https:\\\/\\\/tennisbet.net\\\/hr\\\/?s={search_term_string}\"},\"query-input\":{\"@type\":\"PropertyValueSpecification\",\"valueRequired\":true,\"valueName\":\"search_term_string\"}}],\"inLanguage\":\"hr\"}]}<\/script>\n<!-- \/ Yoast SEO plugin. -->","yoast_head_json":{"title":"Kla\u0111enje na tenis kod ku\u0107e","robots":{"index":"index","follow":"follow","max-snippet":"max-snippet:-1","max-image-preview":"max-image-preview:large","max-video-preview":"max-video-preview:-1"},"canonical":"https:\/\/tennisbet.net\/hr\/","og_locale":"hr_HR","og_type":"article","og_title":"Kla\u0111enje na tenis kod ku\u0107e","og_description":"Savjeti za kla\u0111enje na tenis Dakle, ljubitelj ste tenisa i sportskog kla\u0111enja? Ako je tako, do\u0161li ste na pravo mjesto. Na\u0161a web stranica ima za cilj pru\u017eiti vam detaljne informacije o: trenutnim teniskim doga\u0111ajima na koje se mo\u017eete kladiti recenzijama najboljih kladionica za tenisko kla\u0111enje savjetima i prognozama za nadolaze\u0107e teniske me\u010deve i, posebno va\u017eno: ... Op\u0161irnije","og_url":"https:\/\/tennisbet.net\/hr\/","twitter_card":"summary_large_image","twitter_misc":{"Procijenjeno vrijeme \u010ditanja":"5 minuta"},"schema":{"@context":"https:\/\/schema.org","@graph":[{"@type":"WebPage","@id":"https:\/\/tennisbet.net\/hr\/","url":"https:\/\/tennisbet.net\/hr\/","name":"Kla\u0111enje na tenis kod ku\u0107e","isPartOf":{"@id":"https:\/\/tennisbet.net\/hr\/#website"},"datePublished":"2025-08-02T14:17:24+00:00","breadcrumb":{"@id":"https:\/\/tennisbet.net\/hr\/#breadcrumb"},"inLanguage":"hr","potentialAction":[{"@type":"ReadAction","target":["https:\/\/tennisbet.net\/hr\/"]}]},{"@type":"BreadcrumbList","@id":"https:\/\/tennisbet.net\/hr\/#breadcrumb","itemListElement":[{"@type":"ListItem","position":1,"name":"Home","item":"https:\/\/tennisbet.net\/hr\/"},{"@type":"ListItem","position":2,"name":"Dom"}]},{"@type":"WebSite","@id":"https:\/\/tennisbet.net\/hr\/#website","url":"https:\/\/tennisbet.net\/hr\/","name":"","description":"","potentialAction":[{"@type":"SearchAction","target":{"@type":"EntryPoint","urlTemplate":"https:\/\/tennisbet.net\/hr\/?s={search_term_string}"},"query-input":{"@type":"PropertyValueSpecification","valueRequired":true,"valueName":"search_term_string"}}],"inLanguage":"hr"}]}},"_links":{"self":[{"href":"https:\/\/tennisbet.net\/hr\/wp-json\/wp\/v2\/pages\/230","targetHints":{"allow":["GET"]}}],"collection":[{"href":"https:\/\/tennisbet.net\/hr\/wp-json\/wp\/v2\/pages"}],"about":[{"href":"https:\/\/tennisbet.net\/hr\/wp-json\/wp\/v2\/types\/page"}],"author":[{"embeddable":true,"href":"https:\/\/tennisbet.net\/hr\/wp-json\/wp\/v2\/users\/1"}],"replies":[{"embeddable":true,"href":"https:\/\/tennisbet.net\/hr\/wp-json\/wp\/v2\/comments?post=230"}],"version-history":[{"count":0,"href":"https:\/\/tennisbet.net\/hr\/wp-json\/wp\/v2\/pages\/230\/revisions"}],"wp:attachment":[{"href":"https:\/\/tennisbet.net\/hr\/wp-json\/wp\/v2\/media?parent=230"}],"curies":[{"name":"wp","href":"https:\/\/api.w.org\/{rel}","templated":true}]}}