{"id":254,"date":"2025-08-02T14:17:24","date_gmt":"2025-08-02T14:17:24","guid":{"rendered":"https:\/\/tennisbet.net\/otthon\/"},"modified":"2025-08-02T14:17:24","modified_gmt":"2025-08-02T14:17:24","slug":"otthon","status":"publish","type":"page","link":"https:\/\/tennisbet.net\/hu\/","title":{"rendered":"Otthon"},"content":{"rendered":"<h2>Tenisz fogad\u00e1si tippek<\/h2>\n<p><span style=\"font-size: 14pt;\">Sz\u00f3val \u00d6n teniszrajong\u00f3, \u00e9s a sportfogad\u00e1s is \u00e9rdekli? Ha igen, akkor j\u00f3 helyen j\u00e1r. Weboldalunk c\u00e9lja, hogy r\u00e9szletes inform\u00e1ci\u00f3kat ny\u00fajtson a k\u00f6vetkez\u0151kr\u0151l:<\/span><\/p>\n<ul>\n<li><span style=\"font-size: 14pt;\"><em><strong>jelenlegi teniszesem\u00e9nyek, amelyekre fogadhat<\/strong><\/em><\/span><\/li>\n<li><span style=\"font-size: 14pt;\"><em><strong>a legjobb teniszfogad\u00e1si oldalak \u00e9rt\u00e9kel\u00e9se<\/strong><\/em><\/span><\/li>\n<li><span style=\"font-size: 14pt;\"><em><strong>tippek \u00e9s tippek a k\u00f6zelg\u0151 teniszmeccsekhez<\/strong><\/em><\/span><\/li>\n<li><span style=\"font-size: 14pt;\"><em><strong>\u00e9s, ami k\u00fcl\u00f6n\u00f6sen fontos: tippek a teniszmeccsek alatti j\u00e1t\u00e9k k\u00f6zbeni fogad\u00e1shoz<\/strong><\/em><\/span><\/li>\n<\/ul>\n<p>A webmester egy kor\u00e1bbi teniszprofi, \u00e9vtizedes edz\u0151i tapasztalattal. Szakter\u00fclete a j\u00e1t\u00e9kelemz\u00e9s, valamint egy adott j\u00e1t\u00e9kos er\u0151ss\u00e9geinek \u00e9s gyenges\u00e9geinek felkutat\u00e1sa. Sok\u00e9ves tapasztalat\u00e1t felhaszn\u00e1lva tan\u00e1csot ad a m\u00e9rk\u0151z\u00e9sstrat\u00e9gi\u00e1kban \u00e9s figyeli a j\u00e1t\u00e9kosok viselked\u00e9sv\u00e1ltoz\u00e1sait egy j\u00e1t\u00e9k sor\u00e1n, el\u0151nyt biztos\u00edt a sportfogad\u00f3knak a &#8222;h\u00e1zzal&#8221;, p\u00e9ld\u00e1ul a sportfogad\u00f3 oldallal szemben.<\/p>\n<p><strong>Tenisz fogad\u00e1si tippjei<\/strong> seg\u00edtenek sportfogad\u00f3k\u00e9nt j\u00f6vedelmez\u0151 helyeket tal\u00e1lni bizonyos esem\u00e9nyekre val\u00f3 fogad\u00e1sra egy m\u00e9rk\u0151z\u00e9s sor\u00e1n, p\u00e9ld\u00e1ul annak megj\u00f3sl\u00e1s\u00e1ban, hogy ki lesz a k\u00f6vetkez\u0151 j\u00e1t\u00e9kos, aki elvesz\u00edti a szerv\u00e1j\u00e1t. Vagy k\u00e9pzelje el, hogy k\u00e9pes megmondani, hogy egy m\u00e9rk\u0151z\u00e9s hamarosan megfordul &#8211; fogadhat egy olyan j\u00e1t\u00e9kosra, aki jelenleg nagy es\u00e9lytelenebbnek t\u0171nik, amikor nagyszer\u0171ek az es\u00e9lyei a visszat\u00e9r\u00e9s\u00e9re.<\/p>\n<h2>Tenisz fogad\u00e1si weboldalak \u00e9rt\u00e9kel\u00e9se<\/h2>\n<p>Term\u00e9szetesen fontos, hogy melyik sportfogad\u00f3 weboldalt haszn\u00e1lja a tenisz fogad\u00e1s megt\u00e9tel\u00e9hez. Az oldalnak nagyszer\u0171 oddsokkal kell rendelkeznie, k\u00f6nnyen navig\u00e1lhat\u00f3nak kell lennie, kiv\u00e1l\u00f3 b\u00f3nuszt kell k\u00edn\u00e1lnia az els\u0151 befizet\u00e9shez, valamint nagyszer\u0171 prom\u00f3ci\u00f3kat kell k\u00edn\u00e1lnia a megl\u00e9v\u0151 \u00fcgyfelek sz\u00e1m\u00e1ra. A k\u00e9nyelmes \u00e9s biztons\u00e1gos befizet\u00e9si \u00e9s kifizet\u00e9si lehet\u0151s\u00e9gek is fontosak, valamint a kiv\u00e1l\u00f3 \u00e9s hozz\u00e1\u00e9rt\u0151 \u00fcgyf\u00e9lszolg\u00e1lat.<\/p>\n<p><strong>\u00c9s itt a legfontosabb elem:<\/strong> Milyen fogad\u00e1sokat k\u00edn\u00e1lnak teniszre? Sok fogad\u00e1si weboldalt ellen\u0151rizt\u00fcnk, \u00e9s csak nagyon kev\u00e9s igaz\u00e1n j\u00f3 a teniszfogad\u00e1s ter\u00e9n. Ha val\u00f3ban a legt\u00f6bbet szeretn\u00e9d kihozni a sportr\u00f3l megl\u00e9v\u0151 tud\u00e1sodb\u00f3l, \u00e9s maxim\u00e1lisan kihaszn\u00e1lni a weboldalunkon tal\u00e1lhat\u00f3 tenisz tippeket, akkor van egy weboldal, amelyet k\u00fcl\u00f6n\u00f6sen aj\u00e1nlani tudunk.<\/p>\n<p><strong>V\u00e9lem\u00e9ny\u00fcnk szerint nincs jobb hely, mint a Bet365<\/strong>. Vil\u00e1gsz\u00ednvonal\u00fa oldal mindenf\u00e9le szerencsej\u00e1t\u00e9khoz, mint p\u00e9ld\u00e1ul online kaszin\u00f3, val\u00f3di p\u00e9nzes nyer\u0151g\u00e9pek, online p\u00f3ker, s\u0151t online bing\u00f3, a sportfogad\u00e1si r\u00e9szleg\u00fck az, amely nagyszer\u0171 szorz\u00f3kkal \u00e9s a fogadhat\u00f3 sport\u00e1gak sz\u00e9les v\u00e1laszt\u00e9k\u00e1val t\u0171nik ki. <a href=\"index.php?option=com_content&amp;view=article&amp;id=58&amp;Itemid=220\"><span style=\"text-decoration: underline;\">Olvasd el a Bet365-r\u0151l sz\u00f3l\u00f3 ismertet\u0151t itt<\/span><\/a>, vagy <span style=\"text-decoration: underline;\"><a href=\"go\/bet365.html\" target=\"_blank\" rel=\"noopener\">kattints ide, hogy k\u00f6zvetlen\u00fcl a weboldalukra ugorj.<\/a><\/span><\/p>\n<p><strong>A legfontosabb sz\u00e1modra:<\/strong>\u00a0A Bet365-n\u00e9l messze a legjobb j\u00e1t\u00e9kon bel\u00fcli fogad\u00e1si program tal\u00e1lhat\u00f3 teniszre. Nemcsak a k\u00f6vetkez\u0151 j\u00e1t\u00e9k, szett vagy m\u00e9rk\u0151z\u00e9s megnyer\u00e9s\u00e9re tippelhetsz. Fogadhatsz arra is, hogy h\u00e1ny j\u00e1t\u00e9kb\u00f3l \u00e1ll majd a jelenlegi (vagy a k\u00f6vetkez\u0151) szett, kiv\u00e1laszthatod a k\u00f6vetkez\u0151 h\u00e1rom j\u00e1t\u00e9k eredm\u00e9ny\u00e9t, \u00e9s m\u00e9g sok m\u00e1s lehet\u0151s\u00e9g \u00e9s helysz\u00edn k\u00f6z\u00fcl v\u00e1laszthatsz, ahol nyeres\u00e9ges fogad\u00e1st k\u00f6thetsz. Ez az az oldal, ahol felhaszn\u00e1lhatod tenisz fogad\u00e1si tippjeinket, \u00e9s el\u00e9rheted a legjobb eredm\u00e9nyeket! <\/p>\n<h2>N\u00e9zd a meccsedet &#8211; \u00e9l\u0151 k\u00f6zvet\u00edt\u00e9sek a Bet365-\u00f6n<\/h2>\n<p>A teniszmeccsek \u00e9l\u0151 k\u00f6zvet\u00edt\u00e9s\u00e9nek ig\u00e9nybev\u00e9tel\u00e9hez be kell jelentkezned a Bet365-fi\u00f3kodba, \u00e9s fel kell t\u00f6ltened a sz\u00e1ml\u00e1dat, vagy az elm\u00falt 24 \u00f3r\u00e1ban fogadnod kell az adott m\u00e9rk\u0151z\u00e9sre. A Bet365 weboldal\u00e1n tal\u00e1lhat\u00f3 minden olyan esem\u00e9ny, amely mellett a Lej\u00e1tsz\u00e1s vagy Vide\u00f3 ikon l\u00e1that\u00f3, \u00e9l\u0151 k\u00f6zvet\u00edt\u00e9sben ker\u00fcl sug\u00e1rz\u00e1sra. Ez term\u00e9szetesen focimeccsek \u00e9s sok m\u00e1s sport\u00e1g eset\u00e9ben is m\u0171k\u00f6dik.<\/p>\n<p>Ezt csak a Bet365-\u00f6n tal\u00e1lod meg, \u00e9s ez az a fajta fogad\u00e1s, ami igaz\u00e1n \u00e9rdekes &#8211; ha tudod, mire kell figyelni, \u00e9s milyen t\u00e9nyez\u0151ket kell figyelembe venni, miel\u0151tt ilyen teniszfogad\u00e1st teszel. Felt\u00e9tlen\u00fcl olvasd el a weboldalunkon tal\u00e1lhat\u00f3 cikkeket, amelyek seg\u00edtenek j\u00f3 k\u00e9pet kapni egy folyamatban l\u00e9v\u0151 teniszmeccsr\u0151l.<\/p>\n<h2>Alternat\u00edv teniszfogad\u00e1si oldalak, ha az Egyes\u00fclt \u00c1llamokban \u00e9lsz<\/h2>\n<p>A Bet365 nem fogad el fogad\u00e1sokat amerikai lakosokt\u00f3l, de az Intertops-ot kiv\u00e1l\u00f3 alternat\u00edv\u00e1nak tal\u00e1ltam. Mivel a j\u00e1t\u00e9kon bel\u00fcli fogad\u00e1si lehet\u0151s\u00e9gek majdnem olyan j\u00f3k, mint a Bet365-\u00f6n, \u00e9s \u00e1ltal\u00e1ban v\u00e9ve is sz\u00e9les a teniszfogad\u00e1si v\u00e1laszt\u00e9kuk, \u0151k lenn\u00e9nek a kedvenc sportfogad\u00f3iroda az amerikai piacon. <strong><span style=\"text-decoration: underline;\"><a href=\"go\/intertopsen.html\" target=\"_blank\" rel=\"noopener\">N\u00e9zd meg \u0151ket itt.<\/a><\/span><\/strong><\/p>\n<h2>Fogad\u00e1s teniszmeccs-gy\u0151ztesekre \u00e9s tornaels\u0151kre<\/h2>\n<p>Legyen sz\u00f3 ak\u00e1r a f\u00e9rfi ATP-k\u00f6rversenyr\u0151l, a n\u0151i WTA-versenyr\u0151l, a Davis-kup\u00e1r\u00f3l vagy a Fed-kup\u00e1r\u00f3l: Megvizsg\u00e1ljuk ezen k\u00f6r\u00f6k \u00f6sszes f\u0151bb esem\u00e9ny\u00e9t, ellen\u0151rizz\u00fck a sorsol\u00e1saikat, \u00e9s j\u00f3 oddsokkal kiv\u00e1lasztjuk a val\u00f3sz\u00edn\u0171s\u00edthet\u0151 nyerteseket. Van ittNem sok \u00e9rtelme Novak Djokovics gy\u0151zelm\u00e9re fogadni egy olyan meccsen, ahol 2 doll\u00e1rt nyersz egy 100 doll\u00e1ros t\u00e9ttel. De ha egy els\u0151 fordul\u00f3s teniszmeccsen egy es\u00e9lytelenebb j\u00e1t\u00e9kosra fogadsz nagyszer\u0171 oddsokkal, amikor az illet\u0151 kiv\u00e1l\u00f3 form\u00e1t mutatott a kor\u00e1bbi versenyeken &#8211; az a fajta fogad\u00e1s, amit \u00e9n teniszversenyen teniszezn\u00e9k.<\/p>\n<p>Egy teniszversenyen a nyertes megj\u00f3sl\u00e1sa a legnehezebb feladat. Olyan sok minden t\u00f6rt\u00e9nhet &#8211; p\u00e9ld\u00e1ul egy top j\u00e1t\u00e9kos megs\u00e9r\u00fclhet, vagy rossz napja lehet. \u00c9s m\u00e9g a vil\u00e1gels\u0151 teniszez\u0151 sem garant\u00e1ltan megnyeri az \u00f6sszes versenyt, amelyen r\u00e9szt vesz. Teniszfogad\u00e1si tippjeink seg\u00edtenek elker\u00fclni a dr\u00e1ga, kis nyerem\u00e9ny\u0171 fogad\u00e1sokat, \u00e9s jav\u00edtani a fogad\u00e1si eredm\u00e9nyeidet.<\/p>\n","protected":false},"excerpt":{"rendered":"<p>Tenisz fogad\u00e1si tippek Sz\u00f3val \u00d6n teniszrajong\u00f3, \u00e9s a sportfogad\u00e1s is \u00e9rdekli? Ha igen, akkor j\u00f3 helyen j\u00e1r. Weboldalunk c\u00e9lja, hogy r\u00e9szletes inform\u00e1ci\u00f3kat ny\u00fajtson a k\u00f6vetkez\u0151kr\u0151l: jelenlegi teniszesem\u00e9nyek, amelyekre fogadhat a legjobb teniszfogad\u00e1si oldalak \u00e9rt\u00e9kel\u00e9se tippek \u00e9s tippek a k\u00f6zelg\u0151 teniszmeccsekhez \u00e9s, ami k\u00fcl\u00f6n\u00f6sen fontos: tippek a teniszmeccsek alatti j\u00e1t\u00e9k k\u00f6zbeni fogad\u00e1shoz A webmester egy kor\u00e1bbi &#8230; <a title=\"Otthon\" class=\"read-more\" href=\"https:\/\/tennisbet.net\/hu\/\" aria-label=\"Read more about Otthon\">Olvass tov\u00e1bb<\/a><\/p>\n","protected":false},"author":1,"featured_media":0,"parent":0,"menu_order":0,"comment_status":"closed","ping_status":"closed","template":"","meta":{"footnotes":""},"class_list":["post-254","page","type-page","status-publish"],"yoast_head":"<!-- This site is optimized with the Yoast SEO plugin v27.3 - https:\/\/yoast.com\/product\/yoast-seo-wordpress\/ -->\n<title>Otthoni tenisz fogad\u00e1s<\/title>\n<meta name=\"robots\" content=\"index, follow, max-snippet:-1, max-image-preview:large, max-video-preview:-1\" \/>\n<link rel=\"canonical\" href=\"https:\/\/tennisbet.net\/hu\/\" \/>\n<meta property=\"og:locale\" content=\"hu_HU\" \/>\n<meta property=\"og:type\" content=\"article\" \/>\n<meta property=\"og:title\" content=\"Otthoni tenisz fogad\u00e1s\" \/>\n<meta property=\"og:description\" content=\"Tenisz fogad\u00e1si tippek Sz\u00f3val \u00d6n teniszrajong\u00f3, \u00e9s a sportfogad\u00e1s is \u00e9rdekli? Ha igen, akkor j\u00f3 helyen j\u00e1r. Weboldalunk c\u00e9lja, hogy r\u00e9szletes inform\u00e1ci\u00f3kat ny\u00fajtson a k\u00f6vetkez\u0151kr\u0151l: jelenlegi teniszesem\u00e9nyek, amelyekre fogadhat a legjobb teniszfogad\u00e1si oldalak \u00e9rt\u00e9kel\u00e9se tippek \u00e9s tippek a k\u00f6zelg\u0151 teniszmeccsekhez \u00e9s, ami k\u00fcl\u00f6n\u00f6sen fontos: tippek a teniszmeccsek alatti j\u00e1t\u00e9k k\u00f6zbeni fogad\u00e1shoz A webmester egy kor\u00e1bbi ... Olvass tov\u00e1bb\" \/>\n<meta property=\"og:url\" content=\"https:\/\/tennisbet.net\/hu\/\" \/>\n<meta name=\"twitter:card\" content=\"summary_large_image\" \/>\n<meta name=\"twitter:label1\" content=\"Becs\u00fclt olvas\u00e1si id\u0151\" \/>\n\t<meta name=\"twitter:data1\" content=\"5 perc\" \/>\n<script type=\"application\/ld+json\" class=\"yoast-schema-graph\">{\"@context\":\"https:\\\/\\\/schema.org\",\"@graph\":[{\"@type\":\"WebPage\",\"@id\":\"https:\\\/\\\/tennisbet.net\\\/hu\\\/\",\"url\":\"https:\\\/\\\/tennisbet.net\\\/hu\\\/\",\"name\":\"Otthoni tenisz fogad\u00e1s\",\"isPartOf\":{\"@id\":\"https:\\\/\\\/tennisbet.net\\\/hu\\\/#website\"},\"datePublished\":\"2025-08-02T14:17:24+00:00\",\"breadcrumb\":{\"@id\":\"https:\\\/\\\/tennisbet.net\\\/hu\\\/#breadcrumb\"},\"inLanguage\":\"hu\",\"potentialAction\":[{\"@type\":\"ReadAction\",\"target\":[\"https:\\\/\\\/tennisbet.net\\\/hu\\\/\"]}]},{\"@type\":\"BreadcrumbList\",\"@id\":\"https:\\\/\\\/tennisbet.net\\\/hu\\\/#breadcrumb\",\"itemListElement\":[{\"@type\":\"ListItem\",\"position\":1,\"name\":\"Home\",\"item\":\"https:\\\/\\\/tennisbet.net\\\/hu\\\/\"},{\"@type\":\"ListItem\",\"position\":2,\"name\":\"Otthon\"}]},{\"@type\":\"WebSite\",\"@id\":\"https:\\\/\\\/tennisbet.net\\\/hu\\\/#website\",\"url\":\"https:\\\/\\\/tennisbet.net\\\/hu\\\/\",\"name\":\"\",\"description\":\"\",\"potentialAction\":[{\"@type\":\"SearchAction\",\"target\":{\"@type\":\"EntryPoint\",\"urlTemplate\":\"https:\\\/\\\/tennisbet.net\\\/hu\\\/?s={search_term_string}\"},\"query-input\":{\"@type\":\"PropertyValueSpecification\",\"valueRequired\":true,\"valueName\":\"search_term_string\"}}],\"inLanguage\":\"hu\"}]}<\/script>\n<!-- \/ Yoast SEO plugin. -->","yoast_head_json":{"title":"Otthoni tenisz fogad\u00e1s","robots":{"index":"index","follow":"follow","max-snippet":"max-snippet:-1","max-image-preview":"max-image-preview:large","max-video-preview":"max-video-preview:-1"},"canonical":"https:\/\/tennisbet.net\/hu\/","og_locale":"hu_HU","og_type":"article","og_title":"Otthoni tenisz fogad\u00e1s","og_description":"Tenisz fogad\u00e1si tippek Sz\u00f3val \u00d6n teniszrajong\u00f3, \u00e9s a sportfogad\u00e1s is \u00e9rdekli? Ha igen, akkor j\u00f3 helyen j\u00e1r. Weboldalunk c\u00e9lja, hogy r\u00e9szletes inform\u00e1ci\u00f3kat ny\u00fajtson a k\u00f6vetkez\u0151kr\u0151l: jelenlegi teniszesem\u00e9nyek, amelyekre fogadhat a legjobb teniszfogad\u00e1si oldalak \u00e9rt\u00e9kel\u00e9se tippek \u00e9s tippek a k\u00f6zelg\u0151 teniszmeccsekhez \u00e9s, ami k\u00fcl\u00f6n\u00f6sen fontos: tippek a teniszmeccsek alatti j\u00e1t\u00e9k k\u00f6zbeni fogad\u00e1shoz A webmester egy kor\u00e1bbi ... Olvass tov\u00e1bb","og_url":"https:\/\/tennisbet.net\/hu\/","twitter_card":"summary_large_image","twitter_misc":{"Becs\u00fclt olvas\u00e1si id\u0151":"5 perc"},"schema":{"@context":"https:\/\/schema.org","@graph":[{"@type":"WebPage","@id":"https:\/\/tennisbet.net\/hu\/","url":"https:\/\/tennisbet.net\/hu\/","name":"Otthoni tenisz fogad\u00e1s","isPartOf":{"@id":"https:\/\/tennisbet.net\/hu\/#website"},"datePublished":"2025-08-02T14:17:24+00:00","breadcrumb":{"@id":"https:\/\/tennisbet.net\/hu\/#breadcrumb"},"inLanguage":"hu","potentialAction":[{"@type":"ReadAction","target":["https:\/\/tennisbet.net\/hu\/"]}]},{"@type":"BreadcrumbList","@id":"https:\/\/tennisbet.net\/hu\/#breadcrumb","itemListElement":[{"@type":"ListItem","position":1,"name":"Home","item":"https:\/\/tennisbet.net\/hu\/"},{"@type":"ListItem","position":2,"name":"Otthon"}]},{"@type":"WebSite","@id":"https:\/\/tennisbet.net\/hu\/#website","url":"https:\/\/tennisbet.net\/hu\/","name":"","description":"","potentialAction":[{"@type":"SearchAction","target":{"@type":"EntryPoint","urlTemplate":"https:\/\/tennisbet.net\/hu\/?s={search_term_string}"},"query-input":{"@type":"PropertyValueSpecification","valueRequired":true,"valueName":"search_term_string"}}],"inLanguage":"hu"}]}},"_links":{"self":[{"href":"https:\/\/tennisbet.net\/hu\/wp-json\/wp\/v2\/pages\/254","targetHints":{"allow":["GET"]}}],"collection":[{"href":"https:\/\/tennisbet.net\/hu\/wp-json\/wp\/v2\/pages"}],"about":[{"href":"https:\/\/tennisbet.net\/hu\/wp-json\/wp\/v2\/types\/page"}],"author":[{"embeddable":true,"href":"https:\/\/tennisbet.net\/hu\/wp-json\/wp\/v2\/users\/1"}],"replies":[{"embeddable":true,"href":"https:\/\/tennisbet.net\/hu\/wp-json\/wp\/v2\/comments?post=254"}],"version-history":[{"count":0,"href":"https:\/\/tennisbet.net\/hu\/wp-json\/wp\/v2\/pages\/254\/revisions"}],"wp:attachment":[{"href":"https:\/\/tennisbet.net\/hu\/wp-json\/wp\/v2\/media?parent=254"}],"curies":[{"name":"wp","href":"https:\/\/api.w.org\/{rel}","templated":true}]}}