{"id":250,"date":"2025-08-02T14:17:24","date_gmt":"2025-08-02T14:17:24","guid":{"rendered":"https:\/\/tennisbet.net\/casa\/"},"modified":"2025-08-02T14:17:24","modified_gmt":"2025-08-02T14:17:24","slug":"casa","status":"publish","type":"page","link":"https:\/\/tennisbet.net\/it\/","title":{"rendered":"Casa"},"content":{"rendered":"<h2>Consigli per le scommesse sul tennis<\/h2>\n<p><span style=\"font-size: 14pt;\">Sei un appassionato di tennis e ti piacciono anche le scommesse sportive? Se \u00e8 cos\u00ec, sei nel posto giusto. Il nostro sito web si propone di fornirti informazioni approfondite su:<\/span><\/p>\n<ul>\n<li><span style=\"font-size: 14pt;\"><em><strong>eventi di tennis attuali su cui puoi scommettere<\/strong><\/em><\/span><\/li>\n<li><span style=\"font-size: 14pt;\"><em><strong>recensioni del miglior sito di scommesse sportive per scommesse sul tennis<\/strong><\/em><\/span><\/li>\n<li><span style=\"font-size: 14pt;\"><em><strong>suggerimenti e pronostici per le prossime partite di tennis<\/strong><\/em><\/span><\/li>\n<li><span style=\"font-size: 14pt;\"><em><strong>e, soprattutto importante: suggerimenti per le scommesse in-game durante le partite di tennis<\/strong><\/em><\/span><\/li>\n<\/ul>\n<p>Il webmaster \u00e8 un ex tennista professionista con decenni di esperienza come allenatore. La sua specialit\u00e0 \u00e8 l&#8217;analisi del gioco e l&#8217;individuazione dei punti di forza e di debolezza di un giocatore specifico. Utilizza la sua pluriennale esperienza nel consigliare strategie di gioco e nell&#8217;osservare i cambiamenti comportamentali dei giocatori durante una partita per offrire agli scommettitori sportivi un vantaggio rispetto alla &#8220;casa&#8221;, ad esempio il sito di scommesse sportive.<\/p>\n<p>I suoi <strong>consigli sulle scommesse sul tennis<\/strong> ti aiuteranno, come scommettitore sportivo, a trovare scommettere su determinati eventi durante una partita, ad esempio pronosticando chi sar\u00e0 il prossimo giocatore a perdere il suo game di servizio. Oppure, immagina di poter prevedere che una partita sta per cambiare direzione: potresti scommettere su un giocatore che al momento sembra essere il grande sfavorito, quando le probabilit\u00e0 che riesca a rimontare sono alte.<\/p>\n<h2>Recensioni dei siti web di scommesse sul tennis<\/h2>\n<p>Ovviamente \u00e8 importante il sito web di scommesse sportive che utilizzi per piazzare le tue scommesse sul tennis. Il sito dovrebbe offrire ottime quote, essere facile da navigare, offrire un bonus eccellente per il tuo primo deposito e ottime promozioni per i clienti esistenti. Anche opzioni di deposito e prelievo comode e sicure sono importanti, cos\u00ec come un servizio clienti eccellente e competente.<\/p>\n<p><strong>Ed ecco l&#8217;elemento pi\u00f9 cruciale:<\/strong> che tipo di scommesse offrono sul tennis? Abbiamo esaminato molti siti web di scommesse, e solo pochissimi sono davvero validi per quanto riguarda le scommesse sul tennis. Se vuoi davvero sfruttare al meglio le tue conoscenze attuali su questo sport e trarre il massimo vantaggio dai consigli sul tennis che trovi sul nostro sito web, allora c&#8217;\u00e8 un sito web in particolare che possiamo consigliarti.<\/p>\n<p><strong>Secondo noi, non c&#8217;\u00e8 posto migliore di Bet365<\/strong>. Un sito di livello mondiale per tutti i tipi di gioco d&#8217;azzardo, come casin\u00f2 online, slot machine con soldi veri, poker online e persino bingo online, la cui sezione dedicata alle scommesse sportive si distingue per le ottime quote e l&#8217;ampia variet\u00e0 di sport su cui scommettere. <a href=\"index.php?option=com_content&amp;view=article&amp;id=58&amp;Itemid=220\"><span style=\"text-decoration: underline;\">Leggi la recensione di Bet365 qui<\/span><\/a>, oppure <span style=\"text-decoration: underline;\"><a href=\"go\/bet365.html\" target=\"_blank\" rel=\"noopener\">clicca qui per andare direttamente al loro sito web.<\/a><\/span><\/p>\n<p><strong>La cosa pi\u00f9 importante per te:<\/strong> su Bet365, hanno di gran lunga il miglior programma di scommesse in-game per il tennis. Puoi piazzare scommesse pronosticando non solo chi vincer\u00e0 il prossimo game, set o partita. Puoi scommettere su quanti game ci saranno nel set in corso (o nel prossimo), pronosticare il risultato dei prossimi tre game e molte altre opzioni e punti su cui piazzare una scommessa redditizia. Questo \u00e8 il sito dove puoi mettere in pratica i nostri consigli sulle scommesse sul tennis e ottenere i migliori risultati!<\/p>\n<h2>Guarda la tua partita &#8211; streaming live su Bet365<\/h2>\n<p>Per utilizzare il servizio di streaming live per le partite di tennis, devi aver effettuato l&#8217;accesso al tuo account Bet365 e avere un saldo attivo sul conto o aver piazzato una scommessa su quella partita nelle ultime 24 ore. Qualsiasi evento sul sito web di Bet365 che abbia accanto l&#8217;icona &#8220;Play&#8221; o &#8220;Video&#8221; viene programmato per essere trasmesso in streaming live. Questo vale ovviamente anche per le partite di calcio e molti altri sport.<\/p>\n<p>Questo \u00e8 qualcosa che trovi solo su Bet365, ed \u00e8 il tipo di scommessa davvero interessante, se sai a cosa prestare attenzione e quali fattori considerare prima di piazzare una scommessa sul tennis. Assicurati di leggere gli articoli sul nostro sito web: ti aiuteranno a &#8220;leggere&#8221; bene una partita di tennis in corso. Siti di scommesse sul tennis alternativi per chi vive negli Stati Uniti<\/p>\n<p>Bet365 non accetta scommesse da residenti negli Stati Uniti, ma ho trovato Intertops un&#8217;ottima alternativa. Con scommesse in-game quasi pari a quelle di Bet365 e un&#8217;ampia scelta di scommesse sul tennis in generale, sarebbe il mio bookmaker preferito nel mercato statunitense. <strong><span style=\"text-decoration: underline;\"><a href=\"go\/intertopsen.html\" target=\"_blank\" rel=\"noopener\">Dai un&#8217;occhiata qui.<\/a><\/span><\/strong><\/p>\n<h2>Scommesse sui vincitori delle partite di tennis e sui vincitori assoluti dei tornei<\/h2>\n<p>Che si tratti del circuito ATP maschile, del torneo WTA femminile, della Coppa Davis o della Fed Cup: analizzeremo tutti gli eventi principali di questi circuiti, ne controlleremo i tabelloni e sceglieremo i probabili vincitori con buone quote per te.Non ha molto senso scommettere su Novak Djokovic per vincere una partita in cui si guadagnano 2 dollari con una scommessa di 100 dollari. Ma piazzare una scommessa con quote elevate su uno sfavorito in un primo turno di tennis, quando detto sfavorito ha mostrato un&#8217;ottima forma nei tornei precedenti, \u00e8 il tipo di scommessa che farei.<\/p>\n<p>Prevedere un vincitore assoluto in un torneo di tennis \u00e8 il compito pi\u00f9 difficile di tutti. Possono succedere tante cose: un giocatore di alto livello potrebbe subire un infortunio o avere una brutta giornata, per esempio. E anche il tennista numero 1 al mondo non ha la garanzia di vincere ogni torneo a cui partecipa. I nostri consigli sulle scommesse sul tennis ti aiuteranno a evitare scommesse costose con guadagni scarsi e a migliorare i tuoi risultati.<\/p>\n","protected":false},"excerpt":{"rendered":"<p>Consigli per le scommesse sul tennis Sei un appassionato di tennis e ti piacciono anche le scommesse sportive? Se \u00e8 cos\u00ec, sei nel posto giusto. Il nostro sito web si propone di fornirti informazioni approfondite su: eventi di tennis attuali su cui puoi scommettere recensioni del miglior sito di scommesse sportive per scommesse sul tennis &#8230; <a title=\"Casa\" class=\"read-more\" href=\"https:\/\/tennisbet.net\/it\/\" aria-label=\"Per saperne di pi\u00f9 su Casa\">Leggi tutto<\/a><\/p>\n","protected":false},"author":1,"featured_media":0,"parent":0,"menu_order":0,"comment_status":"closed","ping_status":"closed","template":"","meta":{"footnotes":""},"class_list":["post-250","page","type-page","status-publish"],"yoast_head":"<!-- This site is optimized with the Yoast SEO plugin v27.5 - https:\/\/yoast.com\/product\/yoast-seo-wordpress\/ -->\n<title>Scommessa sul tennis in casa<\/title>\n<meta name=\"robots\" content=\"index, follow, max-snippet:-1, max-image-preview:large, max-video-preview:-1\" \/>\n<link rel=\"canonical\" href=\"https:\/\/tennisbet.net\/it\/\" \/>\n<meta property=\"og:locale\" content=\"it_IT\" \/>\n<meta property=\"og:type\" content=\"article\" \/>\n<meta property=\"og:title\" content=\"Scommessa sul tennis in casa\" \/>\n<meta property=\"og:description\" content=\"Consigli per le scommesse sul tennis Sei un appassionato di tennis e ti piacciono anche le scommesse sportive? Se \u00e8 cos\u00ec, sei nel posto giusto. Il nostro sito web si propone di fornirti informazioni approfondite su: eventi di tennis attuali su cui puoi scommettere recensioni del miglior sito di scommesse sportive per scommesse sul tennis ... Leggi tutto\" \/>\n<meta property=\"og:url\" content=\"https:\/\/tennisbet.net\/it\/\" \/>\n<meta name=\"twitter:card\" content=\"summary_large_image\" \/>\n<meta name=\"twitter:label1\" content=\"Tempo di lettura stimato\" \/>\n\t<meta name=\"twitter:data1\" content=\"4 minuti\" \/>\n<script type=\"application\/ld+json\" class=\"yoast-schema-graph\">{\"@context\":\"https:\\\/\\\/schema.org\",\"@graph\":[{\"@type\":\"WebPage\",\"@id\":\"https:\\\/\\\/tennisbet.net\\\/it\\\/\",\"url\":\"https:\\\/\\\/tennisbet.net\\\/it\\\/\",\"name\":\"Scommessa sul tennis in casa\",\"isPartOf\":{\"@id\":\"https:\\\/\\\/tennisbet.net\\\/it\\\/#website\"},\"datePublished\":\"2025-08-02T14:17:24+00:00\",\"breadcrumb\":{\"@id\":\"https:\\\/\\\/tennisbet.net\\\/it\\\/#breadcrumb\"},\"inLanguage\":\"it-IT\",\"potentialAction\":[{\"@type\":\"ReadAction\",\"target\":[\"https:\\\/\\\/tennisbet.net\\\/it\\\/\"]}]},{\"@type\":\"BreadcrumbList\",\"@id\":\"https:\\\/\\\/tennisbet.net\\\/it\\\/#breadcrumb\",\"itemListElement\":[{\"@type\":\"ListItem\",\"position\":1,\"name\":\"Home\",\"item\":\"https:\\\/\\\/tennisbet.net\\\/it\\\/\"},{\"@type\":\"ListItem\",\"position\":2,\"name\":\"Casa\"}]},{\"@type\":\"WebSite\",\"@id\":\"https:\\\/\\\/tennisbet.net\\\/it\\\/#website\",\"url\":\"https:\\\/\\\/tennisbet.net\\\/it\\\/\",\"name\":\"\",\"description\":\"\",\"potentialAction\":[{\"@type\":\"SearchAction\",\"target\":{\"@type\":\"EntryPoint\",\"urlTemplate\":\"https:\\\/\\\/tennisbet.net\\\/it\\\/?s={search_term_string}\"},\"query-input\":{\"@type\":\"PropertyValueSpecification\",\"valueRequired\":true,\"valueName\":\"search_term_string\"}}],\"inLanguage\":\"it-IT\"}]}<\/script>\n<!-- \/ Yoast SEO plugin. -->","yoast_head_json":{"title":"Scommessa sul tennis in casa","robots":{"index":"index","follow":"follow","max-snippet":"max-snippet:-1","max-image-preview":"max-image-preview:large","max-video-preview":"max-video-preview:-1"},"canonical":"https:\/\/tennisbet.net\/it\/","og_locale":"it_IT","og_type":"article","og_title":"Scommessa sul tennis in casa","og_description":"Consigli per le scommesse sul tennis Sei un appassionato di tennis e ti piacciono anche le scommesse sportive? Se \u00e8 cos\u00ec, sei nel posto giusto. Il nostro sito web si propone di fornirti informazioni approfondite su: eventi di tennis attuali su cui puoi scommettere recensioni del miglior sito di scommesse sportive per scommesse sul tennis ... Leggi tutto","og_url":"https:\/\/tennisbet.net\/it\/","twitter_card":"summary_large_image","twitter_misc":{"Tempo di lettura stimato":"4 minuti"},"schema":{"@context":"https:\/\/schema.org","@graph":[{"@type":"WebPage","@id":"https:\/\/tennisbet.net\/it\/","url":"https:\/\/tennisbet.net\/it\/","name":"Scommessa sul tennis in casa","isPartOf":{"@id":"https:\/\/tennisbet.net\/it\/#website"},"datePublished":"2025-08-02T14:17:24+00:00","breadcrumb":{"@id":"https:\/\/tennisbet.net\/it\/#breadcrumb"},"inLanguage":"it-IT","potentialAction":[{"@type":"ReadAction","target":["https:\/\/tennisbet.net\/it\/"]}]},{"@type":"BreadcrumbList","@id":"https:\/\/tennisbet.net\/it\/#breadcrumb","itemListElement":[{"@type":"ListItem","position":1,"name":"Home","item":"https:\/\/tennisbet.net\/it\/"},{"@type":"ListItem","position":2,"name":"Casa"}]},{"@type":"WebSite","@id":"https:\/\/tennisbet.net\/it\/#website","url":"https:\/\/tennisbet.net\/it\/","name":"","description":"","potentialAction":[{"@type":"SearchAction","target":{"@type":"EntryPoint","urlTemplate":"https:\/\/tennisbet.net\/it\/?s={search_term_string}"},"query-input":{"@type":"PropertyValueSpecification","valueRequired":true,"valueName":"search_term_string"}}],"inLanguage":"it-IT"}]}},"_links":{"self":[{"href":"https:\/\/tennisbet.net\/it\/wp-json\/wp\/v2\/pages\/250","targetHints":{"allow":["GET"]}}],"collection":[{"href":"https:\/\/tennisbet.net\/it\/wp-json\/wp\/v2\/pages"}],"about":[{"href":"https:\/\/tennisbet.net\/it\/wp-json\/wp\/v2\/types\/page"}],"author":[{"embeddable":true,"href":"https:\/\/tennisbet.net\/it\/wp-json\/wp\/v2\/users\/1"}],"replies":[{"embeddable":true,"href":"https:\/\/tennisbet.net\/it\/wp-json\/wp\/v2\/comments?post=250"}],"version-history":[{"count":0,"href":"https:\/\/tennisbet.net\/it\/wp-json\/wp\/v2\/pages\/250\/revisions"}],"wp:attachment":[{"href":"https:\/\/tennisbet.net\/it\/wp-json\/wp\/v2\/media?parent=250"}],"curies":[{"name":"wp","href":"https:\/\/api.w.org\/{rel}","templated":true}]}}