{"id":237,"date":"2025-08-02T14:17:24","date_gmt":"2025-08-02T14:17:24","guid":{"rendered":"https:\/\/tennisbet.net\/pradzia\/"},"modified":"2025-08-02T14:17:24","modified_gmt":"2025-08-02T14:17:24","slug":"pradzia","status":"publish","type":"page","link":"https:\/\/tennisbet.net\/lt\/","title":{"rendered":"Prad\u017eia"},"content":{"rendered":"<h2>Teniso la\u017eyb\u0173 patarimai<\/h2>\n<p><span style=\"font-size: 14pt;\">Taigi, esate teniso gerb\u0117jas ir taip pat domit\u0117s sporto la\u017eybomis? Jei taip, at\u0117jote \u012f reikiam\u0105 viet\u0105. M\u016bs\u0173 svetain\u0117 siekia suteikti jums i\u0161sami\u0105 informacij\u0105 apie:<\/span><\/p>\n<ul>\n<li><span style=\"font-size: 14pt;\"><em><strong>dabartinius teniso \u012fvykius, d\u0117l kuri\u0173 galite la\u017eintis<\/strong><\/em><\/span><\/li>\n<li><span style=\"font-size: 14pt;\"><em><strong>geriausi\u0173 sporto la\u017eyb\u0173 svetaini\u0173, skirt\u0173 teniso la\u017eyboms, ap\u017evalgas<\/strong><\/em><\/span><\/li>\n<li><span style=\"font-size: 14pt;\"><em><strong>patarimus ir prognozes art\u0117jan\u010dioms teniso rungtyn\u0117ms<\/strong><\/em><\/span><\/li>\n<li><span style=\"font-size: 14pt;\"><em><strong>ir, ypa\u010d svarbu: patarimus, kaip la\u017eintis \u017eaidimo metu teniso rungtyni\u0173 metu<\/strong><\/em><\/span><\/li>\n<\/ul>\n<p>Tinklalapio administratorius yra buv\u0119s teniso profesionalas, turintis de\u0161imtme\u010di\u0173 trenerio patirt\u012f. Jo specializacija \u2013 \u017eaidimo analiz\u0117, taip pat konkretaus \u017eaid\u0117jo stipri\u0173j\u0173 ir silpn\u0173j\u0173 pusi\u0173 nustatymas. Jis pasitelkia savo ilgamet\u0119 patirt\u012f konsultuodamas d\u0117l rungtyni\u0173 strategijos ir steb\u0117damas \u017eaid\u0117j\u0173 elgesio poky\u010dius rungtyni\u0173 metu, kad suteikt\u0173 sporto la\u017eybininkams prana\u0161um\u0105 prie\u0161 \u201enam\u0105\u201c, pvz., sporto la\u017eyb\u0173 svetain\u0119.<\/p>\n<p>Jo <strong>teniso la\u017eyb\u0173 patarimai<\/strong> pad\u0117s jums, kaip sporto la\u017eybininkui, rasti pelningas vietas statyti u\u017e tam tikrus \u012fvykius rungtyni\u0173 metu, pavyzd\u017eiui, prognozuojant, kuris \u017eaid\u0117jas praras savo padavimo \u017eaidim\u0105. Arba \u012fsivaizduokite, kad galite pasakyti, jog rungtyni\u0173 rezultatas tuoj pasikeis \u2013 galite statyti u\u017e \u017eaid\u0117j\u0105, kuris \u0161iuo metu atrodo es\u0105s didelis autsaideris, kai tikimyb\u0117, kad jis atsigaus, yra didel\u0117.<\/p>\n<h2>Teniso la\u017eyb\u0173 svetaini\u0173 ap\u017evalgos<\/h2>\n<p>\u017dinoma, svarbu, kurioje sporto la\u017eyb\u0173 svetain\u0117je statote u\u017e tenis\u0105. Svetain\u0117je tur\u0117t\u0173 b\u016bti puik\u016bs koeficientai, ji tur\u0117t\u0173 b\u016bti lengvai nar\u0161oma, si\u016blyti puik\u0173 premij\u0105 u\u017e pirm\u0105j\u012f \u012fna\u0161\u0105, taip pat puikias akcijas esamiems klientams. Svarbios ir patogios bei saugios \u012fmok\u0173 ir i\u0161mok\u0173 galimyb\u0117s, taip pat puikus ir kompetentingas klient\u0173 aptarnavimas.<\/p>\n<p><strong>Ir \u0161tai pats svarbiausias elementas:<\/strong> Kokius teniso statymus jie si\u016blo? Mes patikrinome daugyb\u0119 la\u017eyb\u0173 svetaini\u0173 ir tik labai nedaug j\u0173 yra tikrai geros teniso la\u017eyb\u0173 srityje. Jei tikrai norite kuo geriau i\u0161naudoti savo turimas \u017einias apie sport\u0105 ir maksimaliai i\u0161naudoti teniso patarimus, kuriuos gaunate \u010dia, m\u016bs\u0173 svetain\u0117je, tuomet yra viena svetain\u0117, kuri\u0105 galime ypa\u010d rekomenduoti.<\/p>\n<p><strong>M\u016bs\u0173 nuomone, n\u0117ra geresn\u0117s vietos nei \u201eBet365\u201c<\/strong>. Tai pasaulinio lygio svetain\u0117 vis\u0173 r\u016b\u0161i\u0173 azartiniams lo\u0161imams, pavyzd\u017eiui, internetiniam kazino, lo\u0161imo automatams i\u0161 tikr\u0173 pinig\u0173, internetiniam pokeriui ir net internetiniam bingo, o j\u0173 sporto la\u017eyb\u0173 skyrius i\u0161siskiria puikiais koeficientais ir pla\u010diu sporto \u0161ak\u0173 pasirinkimu, ant kuri\u0173 galite statyti. <a href=\"index.php?option=com_content&amp;view=article&amp;id=58&amp;Itemid=220\"><span style=\"text-decoration: underline;\">Perskaitykite \u201eBet365\u201c ap\u017evalg\u0105 \u010dia<\/span><\/a> arba <span style=\"text-decoration: underline;\"><a href=\"go\/bet365.html\" target=\"_blank\" rel=\"noopener\">spustel\u0117kite \u010dia, kad patektum\u0117te tiesiai \u012f j\u0173 svetain\u0119.<\/a><\/span><\/p>\n<p><strong>Svarbiausia jums:<\/strong> \u201eBet365\u201c turi neabejotinai geriausi\u0105 la\u017eyb\u0173 program\u0105 tenisui. Galite la\u017eintis ne tik sp\u0117dami, kas laim\u0117s kit\u0105 \u017eaidim\u0105, set\u0105 ar rungtynes. Galite la\u017eintis, kiek \u017eaidim\u0173 bus dabartiniame (arba kitame) sete, pasirinkti kit\u0173 trij\u0173 \u017eaidim\u0173 rezultat\u0105 ir daugyb\u0119 kit\u0173 variant\u0173 bei viet\u0173, kur galite atlikti pelning\u0105 statym\u0105. Tai svetain\u0117, kurioje galite pritaikyti m\u016bs\u0173 teniso la\u017eyb\u0173 patarimus ir pasiekti geriausi\u0173 rezultat\u0173! <\/p>\n<h2>Steb\u0117kite savo rungtynes \u200b\u200b\u2013 tiesiogin\u0117s transliacijos svetain\u0117je \u201eBet365\u201c<\/h2>\n<p>Nor\u0117dami naudotis tiesiogin\u0117s transliacijos paslauga teniso rungtyn\u0117ms, turite b\u016bti prisijung\u0119 prie savo \u201eBet365\u201c paskyros ir tur\u0117ti papildyt\u0105 s\u0105skait\u0105 arba b\u016bti atlik\u0119 statym\u0105 u\u017e tas rungtynes \u200b\u200bper pastar\u0105sias 24 valandas. Bet kuris \u201eBet365\u201c svetain\u0117je esantis \u012fvykis, \u0161alia kurio yra piktograma \u201e\u017daisti\u201c arba \u201eVaizdo \u012fra\u0161as\u201c, yra suplanuotas transliuoti tiesiogin\u0117s transliacijos b\u016bdu. \u017dinoma, tai taip pat veikia futbolo rungtyn\u0117se ir daugelyje kit\u0173 sporto \u0161ak\u0173.<\/p>\n<p>Tai yra ka\u017ekas, k\u0105 rasite tik \u201eBet365\u201c, ir tai yra tokio tipo statymai, kurie yra tikrai \u012fdom\u016bs \u2013 jei \u017einote, \u012f k\u0105 atkreipti d\u0117mes\u012f ir kokius veiksnius reikia atsi\u017evelgti prie\u0161 atliekant tok\u012f teniso statym\u0105. B\u016btinai perskaitykite straipsnius m\u016bs\u0173 svetain\u0117je, jie pad\u0117s jums gerai \u201eperskaityti\u201c vykstan\u010dias teniso rungtynes.<\/p>\n<h2>Alternatyvios teniso la\u017eyb\u0173 svetain\u0117s, jei esate JAV<\/h2>\n<p>\u201eBet365\u201c nepriima statym\u0173 i\u0161 JAV gyventoj\u0173, bet a\u0161 pasteb\u0117jau, kad \u201eIntertops\u201c yra puiki alternatyva. Kadangi la\u017eyb\u0173 galimyb\u0117s \u017eaidimo metu yra beveik tokios pat geros kaip \u201eBet365\u201c, o apskritai si\u016blo plat\u0173 teniso la\u017eyb\u0173 pasirinkim\u0105, tai b\u016bt\u0173 mano m\u0117gstamiausia sporto la\u017eyb\u0173 bendrov\u0117 JAV rinkoje. <strong><span style=\"text-decoration: underline;\"><a href=\"go\/intertopsen.html\" target=\"_blank\" rel=\"noopener\">Per\u017ei\u016br\u0117kite jas \u010dia.<\/a><\/span><\/strong><\/p>\n<h2>La\u017eybos d\u0117l teniso rungtyni\u0173 nugal\u0117toj\u0173 ir turnyr\u0173 nugal\u0117toj\u0173<\/h2>\n<p>Nesvarbu, ar tai vyr\u0173 ATP turnyras, moter\u0173 WTA turnyras, Daviso taur\u0117 ar Fedo taur\u0117: ap\u017evelgsime visus pagrindinius \u0161i\u0173 turnyr\u0173 \u012fvykius, patikrinsime j\u0173 burtus ir parinksime tik\u0117tinus nugal\u0117tojus su gerais koeficientais. YraN\u0117ra prasm\u0117s statyti u\u017e Novako D\u017eokovi\u010diaus pergal\u0119 rungtyn\u0117se, kuriose laim\u0117site 2 USD su 100 USD statymu. Ta\u010diau statant u\u017e autsaider\u0105 pirmajame teniso rungtyni\u0173 rate su puikiais koeficientais, kai tas autsaideris ankstesniuose turnyruose demonstravo puiki\u0105 form\u0105 \u2013 b\u016btent tok\u012f statym\u0105 a\u0161 d\u0117\u010diau.<\/p>\n<p>Sp\u0117ti absoliut\u0173 nugal\u0117toj\u0105 teniso turnyre yra sunkiausia u\u017eduotis. Gali nutikti daugyb\u0117 dalyk\u0173 \u2013 pavyzd\u017eiui, geriausias \u017eaid\u0117jas gali patirti traum\u0105 arba tur\u0117ti blog\u0105 dien\u0105. Net ir pirmoje vietoje pasaulyje esantis tenisininkas negarantuoja pergal\u0117s kiekviename turnyre, kuriame dalyvauja. M\u016bs\u0173 teniso la\u017eyb\u0173 patarimai pad\u0117s i\u0161vengti brangi\u0173 statym\u0173 su ma\u017eu pelnu ir pagerins la\u017eyb\u0173 rezultatus.<\/p>\n","protected":false},"excerpt":{"rendered":"<p>Teniso la\u017eyb\u0173 patarimai Taigi, esate teniso gerb\u0117jas ir taip pat domit\u0117s sporto la\u017eybomis? Jei taip, at\u0117jote \u012f reikiam\u0105 viet\u0105. M\u016bs\u0173 svetain\u0117 siekia suteikti jums i\u0161sami\u0105 informacij\u0105 apie: dabartinius teniso \u012fvykius, d\u0117l kuri\u0173 galite la\u017eintis geriausi\u0173 sporto la\u017eyb\u0173 svetaini\u0173, skirt\u0173 teniso la\u017eyboms, ap\u017evalgas patarimus ir prognozes art\u0117jan\u010dioms teniso rungtyn\u0117ms ir, ypa\u010d svarbu: patarimus, kaip la\u017eintis \u017eaidimo &#8230; <a title=\"Prad\u017eia\" class=\"read-more\" href=\"https:\/\/tennisbet.net\/lt\/\" aria-label=\"Read more about Prad\u017eia\">Skaityti toliau<\/a><\/p>\n","protected":false},"author":1,"featured_media":0,"parent":0,"menu_order":0,"comment_status":"closed","ping_status":"closed","template":"","meta":{"footnotes":""},"class_list":["post-237","page","type-page","status-publish"],"yoast_head":"<!-- This site is optimized with the Yoast SEO plugin v27.4 - https:\/\/yoast.com\/product\/yoast-seo-wordpress\/ -->\n<title>Nam\u0173 teniso statymas<\/title>\n<meta name=\"robots\" content=\"index, follow, max-snippet:-1, max-image-preview:large, max-video-preview:-1\" \/>\n<link rel=\"canonical\" href=\"https:\/\/tennisbet.net\/lt\/\" \/>\n<meta property=\"og:locale\" content=\"lt_LT\" \/>\n<meta property=\"og:type\" content=\"article\" \/>\n<meta property=\"og:title\" content=\"Nam\u0173 teniso statymas\" \/>\n<meta property=\"og:description\" content=\"Teniso la\u017eyb\u0173 patarimai Taigi, esate teniso gerb\u0117jas ir taip pat domit\u0117s sporto la\u017eybomis? Jei taip, at\u0117jote \u012f reikiam\u0105 viet\u0105. M\u016bs\u0173 svetain\u0117 siekia suteikti jums i\u0161sami\u0105 informacij\u0105 apie: dabartinius teniso \u012fvykius, d\u0117l kuri\u0173 galite la\u017eintis geriausi\u0173 sporto la\u017eyb\u0173 svetaini\u0173, skirt\u0173 teniso la\u017eyboms, ap\u017evalgas patarimus ir prognozes art\u0117jan\u010dioms teniso rungtyn\u0117ms ir, ypa\u010d svarbu: patarimus, kaip la\u017eintis \u017eaidimo ... Skaityti toliau\" \/>\n<meta property=\"og:url\" content=\"https:\/\/tennisbet.net\/lt\/\" \/>\n<meta name=\"twitter:card\" content=\"summary_large_image\" \/>\n<meta name=\"twitter:label1\" content=\"Est. reading time\" \/>\n\t<meta name=\"twitter:data1\" content=\"4 minut\u0117s\" \/>\n<script type=\"application\/ld+json\" class=\"yoast-schema-graph\">{\"@context\":\"https:\\\/\\\/schema.org\",\"@graph\":[{\"@type\":\"WebPage\",\"@id\":\"https:\\\/\\\/tennisbet.net\\\/lt\\\/\",\"url\":\"https:\\\/\\\/tennisbet.net\\\/lt\\\/\",\"name\":\"Nam\u0173 teniso statymas\",\"isPartOf\":{\"@id\":\"https:\\\/\\\/tennisbet.net\\\/lt\\\/#website\"},\"datePublished\":\"2025-08-02T14:17:24+00:00\",\"breadcrumb\":{\"@id\":\"https:\\\/\\\/tennisbet.net\\\/lt\\\/#breadcrumb\"},\"inLanguage\":\"lt-LT\",\"potentialAction\":[{\"@type\":\"ReadAction\",\"target\":[\"https:\\\/\\\/tennisbet.net\\\/lt\\\/\"]}]},{\"@type\":\"BreadcrumbList\",\"@id\":\"https:\\\/\\\/tennisbet.net\\\/lt\\\/#breadcrumb\",\"itemListElement\":[{\"@type\":\"ListItem\",\"position\":1,\"name\":\"Home\",\"item\":\"https:\\\/\\\/tennisbet.net\\\/lt\\\/\"},{\"@type\":\"ListItem\",\"position\":2,\"name\":\"Prad\u017eia\"}]},{\"@type\":\"WebSite\",\"@id\":\"https:\\\/\\\/tennisbet.net\\\/lt\\\/#website\",\"url\":\"https:\\\/\\\/tennisbet.net\\\/lt\\\/\",\"name\":\"\",\"description\":\"\",\"potentialAction\":[{\"@type\":\"SearchAction\",\"target\":{\"@type\":\"EntryPoint\",\"urlTemplate\":\"https:\\\/\\\/tennisbet.net\\\/lt\\\/?s={search_term_string}\"},\"query-input\":{\"@type\":\"PropertyValueSpecification\",\"valueRequired\":true,\"valueName\":\"search_term_string\"}}],\"inLanguage\":\"lt-LT\"}]}<\/script>\n<!-- \/ Yoast SEO plugin. -->","yoast_head_json":{"title":"Nam\u0173 teniso statymas","robots":{"index":"index","follow":"follow","max-snippet":"max-snippet:-1","max-image-preview":"max-image-preview:large","max-video-preview":"max-video-preview:-1"},"canonical":"https:\/\/tennisbet.net\/lt\/","og_locale":"lt_LT","og_type":"article","og_title":"Nam\u0173 teniso statymas","og_description":"Teniso la\u017eyb\u0173 patarimai Taigi, esate teniso gerb\u0117jas ir taip pat domit\u0117s sporto la\u017eybomis? Jei taip, at\u0117jote \u012f reikiam\u0105 viet\u0105. M\u016bs\u0173 svetain\u0117 siekia suteikti jums i\u0161sami\u0105 informacij\u0105 apie: dabartinius teniso \u012fvykius, d\u0117l kuri\u0173 galite la\u017eintis geriausi\u0173 sporto la\u017eyb\u0173 svetaini\u0173, skirt\u0173 teniso la\u017eyboms, ap\u017evalgas patarimus ir prognozes art\u0117jan\u010dioms teniso rungtyn\u0117ms ir, ypa\u010d svarbu: patarimus, kaip la\u017eintis \u017eaidimo ... Skaityti toliau","og_url":"https:\/\/tennisbet.net\/lt\/","twitter_card":"summary_large_image","twitter_misc":{"Est. reading time":"4 minut\u0117s"},"schema":{"@context":"https:\/\/schema.org","@graph":[{"@type":"WebPage","@id":"https:\/\/tennisbet.net\/lt\/","url":"https:\/\/tennisbet.net\/lt\/","name":"Nam\u0173 teniso statymas","isPartOf":{"@id":"https:\/\/tennisbet.net\/lt\/#website"},"datePublished":"2025-08-02T14:17:24+00:00","breadcrumb":{"@id":"https:\/\/tennisbet.net\/lt\/#breadcrumb"},"inLanguage":"lt-LT","potentialAction":[{"@type":"ReadAction","target":["https:\/\/tennisbet.net\/lt\/"]}]},{"@type":"BreadcrumbList","@id":"https:\/\/tennisbet.net\/lt\/#breadcrumb","itemListElement":[{"@type":"ListItem","position":1,"name":"Home","item":"https:\/\/tennisbet.net\/lt\/"},{"@type":"ListItem","position":2,"name":"Prad\u017eia"}]},{"@type":"WebSite","@id":"https:\/\/tennisbet.net\/lt\/#website","url":"https:\/\/tennisbet.net\/lt\/","name":"","description":"","potentialAction":[{"@type":"SearchAction","target":{"@type":"EntryPoint","urlTemplate":"https:\/\/tennisbet.net\/lt\/?s={search_term_string}"},"query-input":{"@type":"PropertyValueSpecification","valueRequired":true,"valueName":"search_term_string"}}],"inLanguage":"lt-LT"}]}},"_links":{"self":[{"href":"https:\/\/tennisbet.net\/lt\/wp-json\/wp\/v2\/pages\/237","targetHints":{"allow":["GET"]}}],"collection":[{"href":"https:\/\/tennisbet.net\/lt\/wp-json\/wp\/v2\/pages"}],"about":[{"href":"https:\/\/tennisbet.net\/lt\/wp-json\/wp\/v2\/types\/page"}],"author":[{"embeddable":true,"href":"https:\/\/tennisbet.net\/lt\/wp-json\/wp\/v2\/users\/1"}],"replies":[{"embeddable":true,"href":"https:\/\/tennisbet.net\/lt\/wp-json\/wp\/v2\/comments?post=237"}],"version-history":[{"count":0,"href":"https:\/\/tennisbet.net\/lt\/wp-json\/wp\/v2\/pages\/237\/revisions"}],"wp:attachment":[{"href":"https:\/\/tennisbet.net\/lt\/wp-json\/wp\/v2\/media?parent=237"}],"curies":[{"name":"wp","href":"https:\/\/api.w.org\/{rel}","templated":true}]}}