{"id":235,"date":"2025-08-02T14:17:24","date_gmt":"2025-08-02T14:17:24","guid":{"rendered":"https:\/\/tennisbet.net\/sakums\/"},"modified":"2025-08-02T14:17:24","modified_gmt":"2025-08-02T14:17:24","slug":"sakums","status":"publish","type":"page","link":"https:\/\/tennisbet.net\/lv\/","title":{"rendered":"S\u0101kums"},"content":{"rendered":"<h2>Tenisa likmju padomi<\/h2>\n<p><span style=\"font-size: 14pt;\">T\u0101tad j\u016bs esat tenisa fans un ar\u012b sporta likmju sl\u0113dz\u0113js? Ja t\u0101, tad esat non\u0101cis \u012bstaj\u0101 viet\u0101. M\u016bsu t\u012bmek\u013ca vietnes m\u0113r\u0137is ir sniegt jums padzi\u013cin\u0101tu inform\u0101ciju par:<\/span><\/p>\n<ul>\n<li><span style=\"font-size: 14pt;\"><em><strong>pa\u0161reiz\u0113jiem tenisa notikumiem, uz kuriem varat veikt likmes<\/strong><\/em><\/span><\/li>\n<li><span style=\"font-size: 14pt;\"><em><strong>lab\u0101k\u0101s sporta totalizatoru vietnes tenisa likm\u0113m apskati<\/strong><\/em><\/span><\/li>\n<li><span style=\"font-size: 14pt;\"><em><strong>padomi un ieteikumi gaid\u0101maj\u0101m tenisa sp\u0113l\u0113m<\/strong><\/em><\/span><\/li>\n<li><span style=\"font-size: 14pt;\"><em><strong>un, \u012bpa\u0161i svar\u012bgi: padomi likmju veik\u0161anai sp\u0113les laik\u0101 tenisa sp\u0113\u013cu laik\u0101<\/strong><\/em><\/span><\/li>\n<\/ul>\n<p>T\u012bmek\u013ca vietnes p\u0101rvaldnieks ir biju\u0161ais tenisa profesion\u0101lis ar gadu desmitiem ilgu pieredzi trenera darb\u0101. Vi\u0146a specialit\u0101te ir sp\u0113les anal\u012bze, k\u0101 ar\u012b konkr\u0113ta sp\u0113l\u0113t\u0101ja stipro un v\u0101jo pu\u0161u atra\u0161ana. Vi\u0146\u0161 izmanto savu daudzu gadu pieredzi, sniedzot konsult\u0101cijas par sp\u0113les strat\u0113\u0123iju un nov\u0113rojot sp\u0113l\u0113t\u0101ju uzved\u012bbas izmai\u0146as sp\u0113les laik\u0101, lai dotu sporta totalizatoru sp\u0113l\u0113t\u0101jiem priek\u0161roc\u012bbas pret &#8220;m\u0101ju&#8221;, piem\u0113ram, sporta totalizatoru vietni.<\/p>\n<p>Vi\u0146a <strong>tenisa likmju padomi<\/strong> pal\u012bdz\u0113s jums k\u0101 sporta totalizatoram atrast ienes\u012bgas vietas, kur likt likmes uz noteiktiem notikumiem sp\u0113les laik\u0101, piem\u0113ram, prognoz\u0113jot, kur\u0161 b\u016bs n\u0101kamais sp\u0113l\u0113t\u0101js, kur\u0161 zaud\u0113s savu serves geimu. Vai ar\u012b iedom\u0101jieties, ka varat pateikt, ka sp\u0113les liktenis dr\u012bz main\u012bsies \u2013 j\u016bs var\u0113tu likt likmi uz sp\u0113l\u0113t\u0101ju, kur\u0161 \u0161obr\u012bd \u0161\u0137iet liels autsaiders, kad izredzes vi\u0146am atgriezties ir lieliskas.<\/p>\n<h2>Tenisa likmju viet\u0146u apskati<\/h2>\n<p>Protams, ir svar\u012bgi, kuru sporta totalizatora vietni j\u016bs izmantojat, lai veiktu savu tenisa likmi. Vietnei j\u0101b\u016bt ar lieliem izredz\u0113m, viegli p\u0101rskat\u0101mai, j\u0101pied\u0101v\u0101 lielisks bonuss j\u016bsu pirmajam depoz\u012btam, k\u0101 ar\u012b lieliskas akcijas eso\u0161ajiem klientiem. Svar\u012bgas ir ar\u012b \u0113rtas un dro\u0161as iemaksu un izmaksu iesp\u0113jas, k\u0101 ar\u012b lieliska un kompetenta klientu apkalpo\u0161ana.<\/p>\n<p><strong>Un \u0161eit ir vissvar\u012bg\u0101kais elements:<\/strong> K\u0101das likmes vi\u0146i pied\u0101v\u0101 tenisam? Esam p\u0101rbaud\u012bju\u0161i daudzas likmju vietnes, un tikai da\u017eas no t\u0101m ir patie\u0161\u0101m labas tenisa likmju zi\u0146\u0101. Ja j\u016bs patie\u0161\u0101m v\u0113laties maksim\u0101li izmantot savas eso\u0161\u0101s zin\u0101\u0161anas par sportu un maksim\u0101li izmantot tenisa padomus, ko sa\u0146emat \u0161eit, m\u016bsu vietn\u0113, tad ir viena vietne, ko m\u0113s \u012bpa\u0161i varam ieteikt.<\/p>\n<p><strong>M\u016bsupr\u0101t, nav lab\u0101kas vietas par Bet365<\/strong>. Pasaules klases vietne visu veidu azartsp\u0113l\u0113m, piem\u0113ram, tie\u0161saistes kazino, sp\u0113\u013cu autom\u0101tiem uz \u012bstu naudu, tie\u0161saistes pokeram un pat tie\u0161saistes bingo, tie\u0161i vi\u0146u sporta totalizatoru sada\u013ca izce\u013cas ar lielisk\u0101m koeficientiem un pla\u0161u sporta veidu kl\u0101stu, uz kuriem varat likt likmes. <a href=\"index.php?option=com_content&amp;view=article&amp;id=58&amp;Itemid=220\"><span style=\"text-decoration: underline;\">Izlasiet Bet365 apskatu \u0161eit<\/span><\/a> vai <span style=\"text-decoration: underline;\"><a href=\"go\/bet365.html\" target=\"_blank\" rel=\"noopener\">noklik\u0161\u0137iniet \u0161eit, lai dotos tie\u0161i uz vi\u0146u vietni.<\/a><\/span><\/p>\n<p><strong>Vissvar\u012bg\u0101kais jums:<\/strong> Bet365 pied\u0101v\u0101 nep\u0101rprotami lab\u0101ko tenisa likmju programmu sp\u0113\u013cu laik\u0101. J\u016bs varat veikt likmes, prognoz\u0113jot ne tikai to, kur\u0161 uzvar\u0113s n\u0101kamaj\u0101 sp\u0113l\u0113, set\u0101 vai ma\u010d\u0101. J\u016bs varat veikt likmes uz to, cik sp\u0113\u013cu b\u016bs pa\u0161reiz\u0113j\u0101 (vai n\u0101kamaj\u0101) set\u0101, izv\u0113l\u0113ties n\u0101kamo tr\u012bs sp\u0113\u013cu rezult\u0101tu un daudzas citas iesp\u0113jas un vietas, kur varat veikt ienes\u012bgu likmi. \u0160\u012b ir vietne, kur varat izmantot m\u016bsu tenisa likmju padomus un sasniegt lab\u0101kos rezult\u0101tus! <\/p>\n<h2>Skatieties savu sp\u0113li \u2014 tie\u0161raides vietn\u0113 Bet365<\/h2>\n<p>Lai izmantotu tie\u0161raides straum\u0113\u0161anas pakalpojumu tenisa sp\u0113l\u0113m, jums j\u0101piesak\u0101s sav\u0101 Bet365 kont\u0101 un j\u0101b\u016bt finans\u0113tam kontam vai ar\u012b p\u0113d\u0113jo 24 stundu laik\u0101 j\u0101b\u016bt veiku\u0161ai likmi uz \u0161o sp\u0113li. Jebkur\u0161 notikums Bet365 vietn\u0113, kuram blakus ir ikona \u201cSp\u0113l\u0113t\u201d vai \u201cVideo\u201d, ir paredz\u0113ts p\u0101rraid\u012bt tie\u0161raid\u0113. Tas, protams, darbojas ar\u012b futbola sp\u0113l\u0113m un daudziem citiem sporta veidiem.<\/p>\n<p>\u0160\u0101du likmi var atrast tikai Bet365, un \u0161\u0101da veida likmes ir patie\u0161\u0101m interesantas \u2014 ja zin\u0101t, kam piev\u0113rst uzman\u012bbu un k\u0101di faktori j\u0101\u0146em v\u0113r\u0101 pirms \u0161\u0101das tenisa likmes veik\u0161anas. Noteikti izlasiet rakstus m\u016bsu vietn\u0113, tie pal\u012bdz\u0113s jums ieg\u016bt labu priek\u0161statu par notieko\u0161o tenisa sp\u0113li.<\/p>\n<h2>Alternat\u012bvas tenisa likmju vietnes, ja atrodaties ASV<\/h2>\n<p>Bet365 nepie\u0146em likmes no ASV iedz\u012bvot\u0101jiem, ta\u010du esmu atkl\u0101jis, ka Intertops ir lieliska alternat\u012bva. Ar gandr\u012bz tikpat lab\u0101m likm\u0113m sp\u0113les laik\u0101 k\u0101 Bet365 un pla\u0161u tenisa likmju izv\u0113li kopum\u0101, vi\u0146i b\u016btu mans iecien\u012bt\u0101kais sporta totalizators ASV tirg\u016b. <strong><span style=\"text-decoration: underline;\"><a href=\"go\/intertopsen.html\" target=\"_blank\" rel=\"noopener\">Apskatiet tos \u0161eit.<\/a><\/span><\/strong><\/p>\n<h2>Likmju veik\u0161ana uz tenisa ma\u010du uzvar\u0113t\u0101jiem un turn\u012bru uzvar\u0113t\u0101jiem<\/h2>\n<p>Neatkar\u012bgi no t\u0101, vai tas ir v\u012brie\u0161u ATP turn\u012brs, sievie\u0161u WTA turn\u012brs, Deivisa kauss vai Fed kauss: m\u0113s apskat\u012bsim visus galvenos \u0161o turn\u012bru notikumus, p\u0101rbaud\u012bsim to izlozes un izv\u0113l\u0113simies iesp\u0113jamos uzvar\u0113t\u0101jus ar lab\u0101m koeficientiem. IrNav lielas j\u0113gas likt likmes uz Novaka D\u017eokovi\u010da uzvaru sp\u0113l\u0113, kur\u0101 ar 100 dol\u0101ru likmi var laim\u0113t 2 dol\u0101rus. Ta\u010du, liekot likmi ar lieliem koeficientiem uz autsaideru pirm\u0101s k\u0101rtas tenisa sp\u0113l\u0113, ja min\u0113tais autsaiders iepriek\u0161\u0113jos turn\u012bros ir par\u0101d\u012bjis izcilu formu, es liktu tie\u0161i \u0161\u0101du likmi.<\/p>\n<p>Tie\u0161as uzvar\u0113t\u0101ja izv\u0113le tenisa turn\u012br\u0101 ir vissare\u017e\u0123\u012bt\u0101kais uzdevums. Var notikt tik daudz kas \u2013 piem\u0113ram, augst\u0101k\u0101 l\u012bme\u0146a sp\u0113l\u0113t\u0101js var g\u016bt traumu vai vi\u0146am var b\u016bt slikta diena. Pat pasaules 1. vietas ieguv\u0113jam tenisistam nav garantijas, ka vi\u0146\u0161 uzvar\u0113s katr\u0101 turn\u012br\u0101, kur\u0101 vi\u0146\u0161 piedal\u0101s. M\u016bsu tenisa likmju padomi pal\u012bdz\u0113s izvair\u012bties no d\u0101rg\u0101m likm\u0113m ar nelielu ieguvumu un uzlabos likmju rezult\u0101tus.<\/p>\n","protected":false},"excerpt":{"rendered":"<p>Tenisa likmju padomi T\u0101tad j\u016bs esat tenisa fans un ar\u012b sporta likmju sl\u0113dz\u0113js? Ja t\u0101, tad esat non\u0101cis \u012bstaj\u0101 viet\u0101. M\u016bsu t\u012bmek\u013ca vietnes m\u0113r\u0137is ir sniegt jums padzi\u013cin\u0101tu inform\u0101ciju par: pa\u0161reiz\u0113jiem tenisa notikumiem, uz kuriem varat veikt likmes lab\u0101k\u0101s sporta totalizatoru vietnes tenisa likm\u0113m apskati padomi un ieteikumi gaid\u0101maj\u0101m tenisa sp\u0113l\u0113m un, \u012bpa\u0161i svar\u012bgi: padomi &#8230; <a title=\"S\u0101kums\" class=\"read-more\" href=\"https:\/\/tennisbet.net\/lv\/\" aria-label=\"Read more about S\u0101kums\">Read more<\/a><\/p>\n","protected":false},"author":1,"featured_media":0,"parent":0,"menu_order":0,"comment_status":"closed","ping_status":"closed","template":"","meta":{"footnotes":""},"class_list":["post-235","page","type-page","status-publish"],"yoast_head":"<!-- This site is optimized with the Yoast SEO plugin v27.3 - https:\/\/yoast.com\/product\/yoast-seo-wordpress\/ -->\n<title>M\u0101jas tenisa likme<\/title>\n<meta name=\"robots\" content=\"index, follow, max-snippet:-1, max-image-preview:large, max-video-preview:-1\" \/>\n<link rel=\"canonical\" href=\"https:\/\/tennisbet.net\/lv\/\" \/>\n<meta property=\"og:locale\" content=\"lv_LV\" \/>\n<meta property=\"og:type\" content=\"article\" \/>\n<meta property=\"og:title\" content=\"M\u0101jas tenisa likme\" \/>\n<meta property=\"og:description\" content=\"Tenisa likmju padomi T\u0101tad j\u016bs esat tenisa fans un ar\u012b sporta likmju sl\u0113dz\u0113js? Ja t\u0101, tad esat non\u0101cis \u012bstaj\u0101 viet\u0101. M\u016bsu t\u012bmek\u013ca vietnes m\u0113r\u0137is ir sniegt jums padzi\u013cin\u0101tu inform\u0101ciju par: pa\u0161reiz\u0113jiem tenisa notikumiem, uz kuriem varat veikt likmes lab\u0101k\u0101s sporta totalizatoru vietnes tenisa likm\u0113m apskati padomi un ieteikumi gaid\u0101maj\u0101m tenisa sp\u0113l\u0113m un, \u012bpa\u0161i svar\u012bgi: padomi ... Read more\" \/>\n<meta property=\"og:url\" content=\"https:\/\/tennisbet.net\/lv\/\" \/>\n<meta name=\"twitter:card\" content=\"summary_large_image\" \/>\n<meta name=\"twitter:label1\" content=\"Est. reading time\" \/>\n\t<meta name=\"twitter:data1\" content=\"5 minutes\" \/>\n<script type=\"application\/ld+json\" class=\"yoast-schema-graph\">{\"@context\":\"https:\\\/\\\/schema.org\",\"@graph\":[{\"@type\":\"WebPage\",\"@id\":\"https:\\\/\\\/tennisbet.net\\\/lv\\\/\",\"url\":\"https:\\\/\\\/tennisbet.net\\\/lv\\\/\",\"name\":\"M\u0101jas tenisa likme\",\"isPartOf\":{\"@id\":\"https:\\\/\\\/tennisbet.net\\\/lv\\\/#website\"},\"datePublished\":\"2025-08-02T14:17:24+00:00\",\"breadcrumb\":{\"@id\":\"https:\\\/\\\/tennisbet.net\\\/lv\\\/#breadcrumb\"},\"inLanguage\":\"lv-LV\",\"potentialAction\":[{\"@type\":\"ReadAction\",\"target\":[\"https:\\\/\\\/tennisbet.net\\\/lv\\\/\"]}]},{\"@type\":\"BreadcrumbList\",\"@id\":\"https:\\\/\\\/tennisbet.net\\\/lv\\\/#breadcrumb\",\"itemListElement\":[{\"@type\":\"ListItem\",\"position\":1,\"name\":\"Home\",\"item\":\"https:\\\/\\\/tennisbet.net\\\/lv\\\/\"},{\"@type\":\"ListItem\",\"position\":2,\"name\":\"S\u0101kums\"}]},{\"@type\":\"WebSite\",\"@id\":\"https:\\\/\\\/tennisbet.net\\\/lv\\\/#website\",\"url\":\"https:\\\/\\\/tennisbet.net\\\/lv\\\/\",\"name\":\"\",\"description\":\"\",\"potentialAction\":[{\"@type\":\"SearchAction\",\"target\":{\"@type\":\"EntryPoint\",\"urlTemplate\":\"https:\\\/\\\/tennisbet.net\\\/lv\\\/?s={search_term_string}\"},\"query-input\":{\"@type\":\"PropertyValueSpecification\",\"valueRequired\":true,\"valueName\":\"search_term_string\"}}],\"inLanguage\":\"lv-LV\"}]}<\/script>\n<!-- \/ Yoast SEO plugin. -->","yoast_head_json":{"title":"M\u0101jas tenisa likme","robots":{"index":"index","follow":"follow","max-snippet":"max-snippet:-1","max-image-preview":"max-image-preview:large","max-video-preview":"max-video-preview:-1"},"canonical":"https:\/\/tennisbet.net\/lv\/","og_locale":"lv_LV","og_type":"article","og_title":"M\u0101jas tenisa likme","og_description":"Tenisa likmju padomi T\u0101tad j\u016bs esat tenisa fans un ar\u012b sporta likmju sl\u0113dz\u0113js? Ja t\u0101, tad esat non\u0101cis \u012bstaj\u0101 viet\u0101. M\u016bsu t\u012bmek\u013ca vietnes m\u0113r\u0137is ir sniegt jums padzi\u013cin\u0101tu inform\u0101ciju par: pa\u0161reiz\u0113jiem tenisa notikumiem, uz kuriem varat veikt likmes lab\u0101k\u0101s sporta totalizatoru vietnes tenisa likm\u0113m apskati padomi un ieteikumi gaid\u0101maj\u0101m tenisa sp\u0113l\u0113m un, \u012bpa\u0161i svar\u012bgi: padomi ... Read more","og_url":"https:\/\/tennisbet.net\/lv\/","twitter_card":"summary_large_image","twitter_misc":{"Est. reading time":"5 minutes"},"schema":{"@context":"https:\/\/schema.org","@graph":[{"@type":"WebPage","@id":"https:\/\/tennisbet.net\/lv\/","url":"https:\/\/tennisbet.net\/lv\/","name":"M\u0101jas tenisa likme","isPartOf":{"@id":"https:\/\/tennisbet.net\/lv\/#website"},"datePublished":"2025-08-02T14:17:24+00:00","breadcrumb":{"@id":"https:\/\/tennisbet.net\/lv\/#breadcrumb"},"inLanguage":"lv-LV","potentialAction":[{"@type":"ReadAction","target":["https:\/\/tennisbet.net\/lv\/"]}]},{"@type":"BreadcrumbList","@id":"https:\/\/tennisbet.net\/lv\/#breadcrumb","itemListElement":[{"@type":"ListItem","position":1,"name":"Home","item":"https:\/\/tennisbet.net\/lv\/"},{"@type":"ListItem","position":2,"name":"S\u0101kums"}]},{"@type":"WebSite","@id":"https:\/\/tennisbet.net\/lv\/#website","url":"https:\/\/tennisbet.net\/lv\/","name":"","description":"","potentialAction":[{"@type":"SearchAction","target":{"@type":"EntryPoint","urlTemplate":"https:\/\/tennisbet.net\/lv\/?s={search_term_string}"},"query-input":{"@type":"PropertyValueSpecification","valueRequired":true,"valueName":"search_term_string"}}],"inLanguage":"lv-LV"}]}},"_links":{"self":[{"href":"https:\/\/tennisbet.net\/lv\/wp-json\/wp\/v2\/pages\/235","targetHints":{"allow":["GET"]}}],"collection":[{"href":"https:\/\/tennisbet.net\/lv\/wp-json\/wp\/v2\/pages"}],"about":[{"href":"https:\/\/tennisbet.net\/lv\/wp-json\/wp\/v2\/types\/page"}],"author":[{"embeddable":true,"href":"https:\/\/tennisbet.net\/lv\/wp-json\/wp\/v2\/users\/1"}],"replies":[{"embeddable":true,"href":"https:\/\/tennisbet.net\/lv\/wp-json\/wp\/v2\/comments?post=235"}],"version-history":[{"count":0,"href":"https:\/\/tennisbet.net\/lv\/wp-json\/wp\/v2\/pages\/235\/revisions"}],"wp:attachment":[{"href":"https:\/\/tennisbet.net\/lv\/wp-json\/wp\/v2\/media?parent=235"}],"curies":[{"name":"wp","href":"https:\/\/api.w.org\/{rel}","templated":true}]}}