{"id":239,"date":"2025-08-02T14:17:24","date_gmt":"2025-08-02T14:17:24","guid":{"rendered":"https:\/\/tennisbet.net\/hjem\/"},"modified":"2025-08-02T14:17:24","modified_gmt":"2025-08-02T14:17:24","slug":"hjem","status":"publish","type":"page","link":"https:\/\/tennisbet.net\/no\/","title":{"rendered":"Hjem"},"content":{"rendered":"<h2>Tips for tennisveddem\u00e5l<\/h2>\n<p><span style=\"font-size: 14pt;\">S\u00e5 du er en tennisfan og ogs\u00e5 interessert i sportsveddem\u00e5l? I s\u00e5 fall har du kommet til rett sted. Nettstedet v\u00e5rt har som m\u00e5l \u00e5 gi deg grundig informasjon om:<\/span><\/p>\n<ul>\n<li><span style=\"font-size: 14pt;\"><em><strong>aktuelle tennisbegivenheter du kan spille p\u00e5<\/strong><\/em><\/span><\/li>\n<li><span style=\"font-size: 14pt;\"><em><strong>anmeldelser av den beste sportsbook-siden for tennisspill<\/strong><\/em><\/span><\/li>\n<li><span style=\"font-size: 14pt;\"><em><strong>tips og valg for kommende tenniskamper<\/strong><\/em><\/span><\/li>\n<li><span style=\"font-size: 14pt;\"><em><strong>og, spesielt viktig: tips for spilling i kampen under tenniskamper<\/strong><\/em><\/span><\/li>\n<\/ul>\n<p>Webansvarlig er en tidligere tennisproff med flere ti\u00e5r med erfaring som coach. Hans spesialitet er spillanalyse samt \u00e5 finne styrker og svakheter hos en spesifikk spiller. Han bruker sin mange\u00e5rige erfaring med \u00e5 gi r\u00e5d om kampstrategi og observere atferdsendringer hos spillere under en kamp for \u00e5 gi sportsveddem\u00e5lere en fordel mot &laquo;huset&raquo;, f.eks. sportsbook-nettstedet.<\/p>\n<p>Hans \u00abtennisbettingtips\u00bb vil hjelpe deg som sportsveddem\u00e5ler med \u00e5 finne l\u00f8nnsomme steder \u00e5 satse p\u00e5 bestemte hendelser under en kamp, \u200b\u200bfor eksempel ved \u00e5 forutsi hvem som blir den neste spilleren som taper servegamet sitt. Eller tenk deg \u00e5 kunne si at en kamp er i ferd med \u00e5 snu \u2013 du kan satse p\u00e5 en spiller som ser ut til \u00e5 v\u00e6re den store underdoggen for \u00f8yeblikket, n\u00e5r oddsen for at han skal gj\u00f8re comeback er stor.<\/p>\n<h2>Anmeldelser av tennisbettingnettsteder<\/h2>\n<p>Selvf\u00f8lgelig er det viktig hvilket sportsbook-nettsted du bruker for \u00e5 plassere tennisspillet ditt. Nettstedet b\u00f8r ha gode odds, v\u00e6re enkelt \u00e5 navigere, tilby en utmerket bonus p\u00e5 ditt f\u00f8rste innskudd, samt gode kampanjer for eksisterende kunder. Komfortable og sikre innskudds- og uttaksalternativer er ogs\u00e5 viktige, og det samme er utmerket og kompetent kundeservice.<\/p>\n<p><strong>Og her er det viktigste elementet:<\/strong> Hva slags spill tilbyr de p\u00e5 tennis? Vi har sjekket mange spillsider, og bare noen f\u00e5 er virkelig gode n\u00e5r det gjelder tennistipping. Hvis du virkelig \u00f8nsker \u00e5 f\u00e5 mest mulig ut av din eksisterende kunnskap om sporten, og dra maksimal nytte av tennistipsene du f\u00e5r her p\u00e5 nettstedet v\u00e5rt, er det \u00e9n nettside vi kan anbefale.<\/p>\n<p><strong>Etter v\u00e5r mening finnes det ikke noe bedre sted enn Bet365<\/strong>. En nettside i verdensklasse for alle typer gambling, som nettcasino, spilleautomater med ekte penger, nettpoker, til og med nettbingo, er det sportsbook-seksjonen deres som skiller seg ut med gode odds og et bredt utvalg av sporter du kan tippe p\u00e5. <a href=\"index.php?option=com_content&amp;view=article&amp;id=58&amp;Itemid=220\"><span style=\"text-decoration: underline;\">Les anmeldelsen av Bet365 her<\/span><\/a>, eller <span style=\"text-decoration: underline;\"><a href=\"go\/bet365.html\" target=\"_blank\" rel=\"noopener\">klikk her for \u00e5 g\u00e5 direkte til nettstedet deres.<\/a><\/span><\/p>\n<p><strong>Viktigst for deg:<\/strong>\u00a0Hos Bet365 har de det desidert beste spillprogrammet for tennis. Du kan plassere spill som ikke bare forutsier hvem som vinner neste kamp, \u200b\u200bsett eller kamp. Du kan spille p\u00e5 hvor mange kamper det n\u00e5v\u00e6rende (eller neste) settet vil ha, velge resultatet av de neste tre kampene, og mange flere alternativer og steder hvor du kan plassere et l\u00f8nnsomt spill. Dette er nettstedet hvor du kan bruke v\u00e5re tennisspilltips og oppn\u00e5 de beste resultatene!<\/p>\n<h2>Se kampen din \u2013 direktestr\u00f8mmer hos Bet365<\/h2>\n<p>For \u00e5 bruke direktestr\u00f8mmingstjenesten for tenniskamper m\u00e5 du v\u00e6re logget inn p\u00e5 Bet365-kontoen din og ha en konto med penger, eller ha plassert et spill p\u00e5 kampen i l\u00f8pet av de siste 24 timene. Enhver begivenhet p\u00e5 Bet365-nettstedet som har Spill- eller Video-ikonet ved siden av, er planlagt vist via direktestr\u00f8mming. Dette fungerer selvf\u00f8lgelig ogs\u00e5 for fotballkamper og mange andre idretter.<\/p>\n<p>Dette er noe du bare finner hos Bet365, og dette er den typen spill som er veldig interessant \u2013 hvis du vet hva du skal se etter, og hvilke faktorer som m\u00e5 vurderes f\u00f8r du plasserer et slikt tennisspill. S\u00f8rg for \u00e5 lese artiklene p\u00e5 nettstedet v\u00e5rt, de vil hjelpe deg med \u00e5 f\u00e5 en god &laquo;lesning&raquo; av en p\u00e5g\u00e5ende tenniskamp.<\/p>\n<h2>Alternative tennisspillsider hvis du er basert i USA<\/h2>\n<p>Bet365 tar ikke imot spill fra amerikanske innbyggere, men jeg har funnet Intertops \u00e5 v\u00e6re et utmerket alternativ. Med tipping i spillet nesten like bra som Bet365, og et bredt utvalg av tennistipping generelt, ville de v\u00e6rt min favorittsportsbook p\u00e5 det amerikanske markedet. <strong><span style=\"text-decoration: underline;\"><a href=\"go\/intertopsen.html\" target=\"_blank\" rel=\"noopener\">Sjekk dem ut her.<\/a><\/span><\/strong><\/p>\n<h2>Tipping p\u00e5 vinnere av tenniskamper og direkte turneringsvinnere<\/h2>\n<p>Enten det er ATP for menn, WTA for kvinner, Davis Cup eller Fed Cup: Vi vil se p\u00e5 alle hovedbegivenhetene p\u00e5 disse kretsene, sjekke trekningene og velge sannsynlige vinnere med gode odds for deg. Det erDet er ikke mye poeng i \u00e5 satse p\u00e5 at Novak Djokovic vinner en kamp der du tjener 2 dollar med en innsats p\u00e5 100 dollar. Men ved \u00e5 plassere et spill med gode odds p\u00e5 en underdog i en f\u00f8rste runde av en tenniskamp, \u200b\u200bn\u00e5r nevnte underdog har vist utmerket form i tidligere turneringer \u2013 det er den typen spill jeg ville plassert.<\/p>\n<p>\u00c5 k\u00e5re en vinner i en tennisturnering er den vanskeligste oppgaven av dem alle. S\u00e5 mye kan skje \u2013 en toppspiller kan for eksempel bli skadet eller ha en d\u00e5rlig dag. Og selv den som er rangert som nummer 1 i verden er ikke garantert \u00e5 vinne hver turnering han deltar i. V\u00e5re tennisspilltips vil hjelpe deg med \u00e5 unng\u00e5 dyre spill med liten gevinst og forbedre spillresultatene dine.<\/p>\n","protected":false},"excerpt":{"rendered":"<p>Tips for tennisveddem\u00e5l S\u00e5 du er en tennisfan og ogs\u00e5 interessert i sportsveddem\u00e5l? I s\u00e5 fall har du kommet til rett sted. Nettstedet v\u00e5rt har som m\u00e5l \u00e5 gi deg grundig informasjon om: aktuelle tennisbegivenheter du kan spille p\u00e5 anmeldelser av den beste sportsbook-siden for tennisspill tips og valg for kommende tenniskamper og, spesielt viktig: &#8230; <a title=\"Hjem\" class=\"read-more\" href=\"https:\/\/tennisbet.net\/no\/\" aria-label=\"Read more about Hjem\">Les mer<\/a><\/p>\n","protected":false},"author":1,"featured_media":0,"parent":0,"menu_order":0,"comment_status":"closed","ping_status":"closed","template":"","meta":{"footnotes":""},"class_list":["post-239","page","type-page","status-publish"],"yoast_head":"<!-- This site is optimized with the Yoast SEO plugin v27.4 - https:\/\/yoast.com\/product\/yoast-seo-wordpress\/ -->\n<title>Hjemmetennisspill<\/title>\n<meta name=\"robots\" content=\"index, follow, max-snippet:-1, max-image-preview:large, max-video-preview:-1\" \/>\n<link rel=\"canonical\" href=\"https:\/\/tennisbet.net\/no\/\" \/>\n<meta property=\"og:locale\" content=\"nb_NO\" \/>\n<meta property=\"og:type\" content=\"article\" \/>\n<meta property=\"og:title\" content=\"Hjemmetennisspill\" \/>\n<meta property=\"og:description\" content=\"Tips for tennisveddem\u00e5l S\u00e5 du er en tennisfan og ogs\u00e5 interessert i sportsveddem\u00e5l? I s\u00e5 fall har du kommet til rett sted. Nettstedet v\u00e5rt har som m\u00e5l \u00e5 gi deg grundig informasjon om: aktuelle tennisbegivenheter du kan spille p\u00e5 anmeldelser av den beste sportsbook-siden for tennisspill tips og valg for kommende tenniskamper og, spesielt viktig: ... Les mer\" \/>\n<meta property=\"og:url\" content=\"https:\/\/tennisbet.net\/no\/\" \/>\n<meta name=\"twitter:card\" content=\"summary_large_image\" \/>\n<meta name=\"twitter:label1\" content=\"Ansl. lesetid\" \/>\n\t<meta name=\"twitter:data1\" content=\"4 minutter\" \/>\n<script type=\"application\/ld+json\" class=\"yoast-schema-graph\">{\"@context\":\"https:\\\/\\\/schema.org\",\"@graph\":[{\"@type\":\"WebPage\",\"@id\":\"https:\\\/\\\/tennisbet.net\\\/no\\\/\",\"url\":\"https:\\\/\\\/tennisbet.net\\\/no\\\/\",\"name\":\"Hjemmetennisspill\",\"isPartOf\":{\"@id\":\"https:\\\/\\\/tennisbet.net\\\/no\\\/#website\"},\"datePublished\":\"2025-08-02T14:17:24+00:00\",\"breadcrumb\":{\"@id\":\"https:\\\/\\\/tennisbet.net\\\/no\\\/#breadcrumb\"},\"inLanguage\":\"nb-NO\",\"potentialAction\":[{\"@type\":\"ReadAction\",\"target\":[\"https:\\\/\\\/tennisbet.net\\\/no\\\/\"]}]},{\"@type\":\"BreadcrumbList\",\"@id\":\"https:\\\/\\\/tennisbet.net\\\/no\\\/#breadcrumb\",\"itemListElement\":[{\"@type\":\"ListItem\",\"position\":1,\"name\":\"Home\",\"item\":\"https:\\\/\\\/tennisbet.net\\\/no\\\/\"},{\"@type\":\"ListItem\",\"position\":2,\"name\":\"Hjem\"}]},{\"@type\":\"WebSite\",\"@id\":\"https:\\\/\\\/tennisbet.net\\\/no\\\/#website\",\"url\":\"https:\\\/\\\/tennisbet.net\\\/no\\\/\",\"name\":\"\",\"description\":\"\",\"potentialAction\":[{\"@type\":\"SearchAction\",\"target\":{\"@type\":\"EntryPoint\",\"urlTemplate\":\"https:\\\/\\\/tennisbet.net\\\/no\\\/?s={search_term_string}\"},\"query-input\":{\"@type\":\"PropertyValueSpecification\",\"valueRequired\":true,\"valueName\":\"search_term_string\"}}],\"inLanguage\":\"nb-NO\"}]}<\/script>\n<!-- \/ Yoast SEO plugin. -->","yoast_head_json":{"title":"Hjemmetennisspill","robots":{"index":"index","follow":"follow","max-snippet":"max-snippet:-1","max-image-preview":"max-image-preview:large","max-video-preview":"max-video-preview:-1"},"canonical":"https:\/\/tennisbet.net\/no\/","og_locale":"nb_NO","og_type":"article","og_title":"Hjemmetennisspill","og_description":"Tips for tennisveddem\u00e5l S\u00e5 du er en tennisfan og ogs\u00e5 interessert i sportsveddem\u00e5l? I s\u00e5 fall har du kommet til rett sted. Nettstedet v\u00e5rt har som m\u00e5l \u00e5 gi deg grundig informasjon om: aktuelle tennisbegivenheter du kan spille p\u00e5 anmeldelser av den beste sportsbook-siden for tennisspill tips og valg for kommende tenniskamper og, spesielt viktig: ... Les mer","og_url":"https:\/\/tennisbet.net\/no\/","twitter_card":"summary_large_image","twitter_misc":{"Ansl. lesetid":"4 minutter"},"schema":{"@context":"https:\/\/schema.org","@graph":[{"@type":"WebPage","@id":"https:\/\/tennisbet.net\/no\/","url":"https:\/\/tennisbet.net\/no\/","name":"Hjemmetennisspill","isPartOf":{"@id":"https:\/\/tennisbet.net\/no\/#website"},"datePublished":"2025-08-02T14:17:24+00:00","breadcrumb":{"@id":"https:\/\/tennisbet.net\/no\/#breadcrumb"},"inLanguage":"nb-NO","potentialAction":[{"@type":"ReadAction","target":["https:\/\/tennisbet.net\/no\/"]}]},{"@type":"BreadcrumbList","@id":"https:\/\/tennisbet.net\/no\/#breadcrumb","itemListElement":[{"@type":"ListItem","position":1,"name":"Home","item":"https:\/\/tennisbet.net\/no\/"},{"@type":"ListItem","position":2,"name":"Hjem"}]},{"@type":"WebSite","@id":"https:\/\/tennisbet.net\/no\/#website","url":"https:\/\/tennisbet.net\/no\/","name":"","description":"","potentialAction":[{"@type":"SearchAction","target":{"@type":"EntryPoint","urlTemplate":"https:\/\/tennisbet.net\/no\/?s={search_term_string}"},"query-input":{"@type":"PropertyValueSpecification","valueRequired":true,"valueName":"search_term_string"}}],"inLanguage":"nb-NO"}]}},"_links":{"self":[{"href":"https:\/\/tennisbet.net\/no\/wp-json\/wp\/v2\/pages\/239","targetHints":{"allow":["GET"]}}],"collection":[{"href":"https:\/\/tennisbet.net\/no\/wp-json\/wp\/v2\/pages"}],"about":[{"href":"https:\/\/tennisbet.net\/no\/wp-json\/wp\/v2\/types\/page"}],"author":[{"embeddable":true,"href":"https:\/\/tennisbet.net\/no\/wp-json\/wp\/v2\/users\/1"}],"replies":[{"embeddable":true,"href":"https:\/\/tennisbet.net\/no\/wp-json\/wp\/v2\/comments?post=239"}],"version-history":[{"count":0,"href":"https:\/\/tennisbet.net\/no\/wp-json\/wp\/v2\/pages\/239\/revisions"}],"wp:attachment":[{"href":"https:\/\/tennisbet.net\/no\/wp-json\/wp\/v2\/media?parent=239"}],"curies":[{"name":"wp","href":"https:\/\/api.w.org\/{rel}","templated":true}]}}