{"id":240,"date":"2025-08-02T14:17:24","date_gmt":"2025-08-02T14:17:24","guid":{"rendered":"https:\/\/tennisbet.net\/dom\/"},"modified":"2025-08-02T14:17:24","modified_gmt":"2025-08-02T14:17:24","slug":"dom","status":"publish","type":"page","link":"https:\/\/tennisbet.net\/pl\/","title":{"rendered":"Dom"},"content":{"rendered":"<h2>Wskaz\u00f3wki dotycz\u0105ce zak\u0142ad\u00f3w tenisowych<\/h2>\n<p><span style=\"font-size: 14pt;\">Jeste\u015b fanem tenisa i interesujesz si\u0119 r\u00f3wnie\u017c zak\u0142adami sportowymi? Je\u015bli tak, to trafi\u0142e\u015b we w\u0142a\u015bciwe miejsce. Nasza strona internetowa ma na celu dostarczenie Ci szczeg\u00f3\u0142owych informacji na temat:<\/span><\/p>\n<ul>\n<li><span style=\"font-size: 14pt;\"><em><strong>aktualnych wydarze\u0144 tenisowych, na kt\u00f3re mo\u017cesz obstawia\u0107<\/strong><\/em><\/span><\/li>\n<li><span style=\"font-size: 14pt;\"><em><strong>recenzji najlepszych stron bukmacherskich do obstawiania tenisa<\/strong><\/em><\/span><\/li>\n<li><span style=\"font-size: 14pt;\"><em><strong>wskaz\u00f3wek i typ\u00f3w na nadchodz\u0105ce mecze tenisowe<\/strong><\/em><\/span><\/li>\n<li><span style=\"font-size: 14pt;\"><em><strong>oraz, co szczeg\u00f3lnie wa\u017cne: wskaz\u00f3wek dotycz\u0105cych obstawiania zak\u0142ad\u00f3w podczas mecz\u00f3w tenisowych<\/strong><\/em><\/span><\/li>\n<\/ul>\n<p>Webmaster jest by\u0142ym tenisist\u0105 zawodowym z wieloletnim do\u015bwiadczeniem w roli trenera. Jego specjalno\u015bci\u0105 jest analiza gry oraz znajdowanie mocnych i s\u0142abych stron konkretnego zawodnika. Wykorzystuje swoje wieloletnie do\u015bwiadczenie w doradzaniu w zakresie strategii meczowej i obserwowaniu zmian w zachowaniu zawodnik\u00f3w w trakcie meczu, aby zapewni\u0107 graczom przewag\u0119 nad \u201egospodarzem\u201d, np. serwisem bukmacherskim.<\/p>\n<p>Jego <strong>wskaz\u00f3wki dotycz\u0105ce zak\u0142ad\u00f3w tenisowych<\/strong> pomog\u0105 Ci, jako graczowi, znale\u017a\u0107 op\u0142acalne miejsca do obstawiania okre\u015blonych zdarze\u0144 w trakcie meczu, na przyk\u0142ad w przewidywaniu, kt\u00f3ry zawodnik przegra gema serwisowego. Wyobra\u017a sobie te\u017c, \u017ce jeste\u015b w stanie przewidzie\u0107, \u017ce mecz si\u0119 odwr\u00f3ci \u2013 mo\u017cesz postawi\u0107 na zawodnika, kt\u00f3ry w danym momencie wydaje si\u0119 by\u0107 zdecydowanym underdogiem, podczas gdy szanse na jego powr\u00f3t s\u0105 wysokie.<\/p>\n<h2>Recenzje serwis\u00f3w bukmacherskich oferuj\u0105cych zak\u0142ady tenisowe<\/h2>\n<p>Oczywi\u015bcie wa\u017cne jest, z kt\u00f3rego serwisu bukmacherskiego korzystasz, aby obstawi\u0107 tenis. Serwis powinien oferowa\u0107 atrakcyjne kursy, by\u0107 \u0142atwy w nawigacji, oferowa\u0107 atrakcyjny bonus za pierwsz\u0105 wp\u0142at\u0119 oraz atrakcyjne promocje dla sta\u0142ych klient\u00f3w. Wygodne i bezpieczne opcje wp\u0142at i wyp\u0142at s\u0105 r\u00f3wnie\u017c wa\u017cne, podobnie jak doskona\u0142a i kompetentna obs\u0142uga klienta.<\/p>\n<p><strong>A oto najwa\u017cniejszy element:<\/strong> Jakie rodzaje zak\u0142ad\u00f3w na tenis oferuj\u0105? Sprawdzili\u015bmy wiele stron bukmacherskich i tylko nieliczne s\u0105 naprawd\u0119 dobre, je\u015bli chodzi o obstawianie tenisa. Je\u015bli naprawd\u0119 chcesz w pe\u0142ni wykorzysta\u0107 swoj\u0105 wiedz\u0119 na temat tego sportu i maksymalnie wykorzysta\u0107 wskaz\u00f3wki dotycz\u0105ce tenisa, kt\u00f3re znajdziesz na naszej stronie, to jest jedna strona, kt\u00f3r\u0105 mo\u017cemy szczeg\u00f3lnie poleci\u0107.<\/p>\n<p><strong>Naszym zdaniem nie ma lepszego miejsca ni\u017c Bet365<\/strong>. \u015awiatowej klasy strona oferuj\u0105ca wszelkiego rodzaju gry hazardowe, takie jak kasyno online, sloty na prawdziwe pieni\u0105dze, poker online, a nawet bingo online, wyr\u00f3\u017cnia si\u0119 \u015bwietnymi kursami i szerok\u0105 gam\u0105 dyscyplin sportowych, na kt\u00f3re mo\u017cesz obstawia\u0107. <a href=\"index.php?option=com_content&amp;view=article&amp;id=58&amp;Itemid=220\"><span style=\"text-decoration: underline;\">Przeczytaj recenzj\u0119 Bet365 tutaj<\/span><\/a> lub <span style=\"text-decoration: underline;\"><a href=\"go\/bet365.html\" target=\"_blank\" rel=\"noopener\">kliknij tutaj, aby przej\u015b\u0107 bezpo\u015brednio do ich strony internetowej.<\/a><\/span><\/p>\n<p><strong>Najwa\u017cniejsze dla Ciebie:<\/strong> Bet365 oferuje zdecydowanie najlepszy program do obstawiania tenisa w trakcie meczu. Mo\u017cesz obstawia\u0107 nie tylko, kto wygra nast\u0119pnego gema, seta czy mecz. Mo\u017cesz obstawia\u0107, ile gem\u00f3w b\u0119dzie w bie\u017c\u0105cym (lub nast\u0119pnym) secie, typowa\u0107 wynik trzech kolejnych gem\u00f3w i korzysta\u0107 z wielu innych opcji i miejsc, w kt\u00f3rych mo\u017cesz obstawi\u0107 zyskowny zak\u0142ad. To strona, na kt\u00f3rej mo\u017cesz skorzysta\u0107 z naszych porad dotycz\u0105cych zak\u0142ad\u00f3w tenisowych i osi\u0105gn\u0105\u0107 najlepsze wyniki!<\/p>\n<h2>Ogl\u0105daj swoj\u0105 gr\u0119 \u2013 transmisje na \u017cywo w Bet365<\/h2>\n<p>Aby skorzysta\u0107 z us\u0142ugi transmisji na \u017cywo mecz\u00f3w tenisowych, musisz by\u0107 zalogowany na swoje konto Bet365 i mie\u0107 na nim \u015brodki lub postawi\u0107 zak\u0142ad na ten mecz w ci\u0105gu ostatnich 24 godzin. Ka\u017cde wydarzenie na stronie Bet365 oznaczone ikon\u0105 \u201eOdtw\u00f3rz\u201d lub \u201eWideo\u201d b\u0119dzie transmitowane w formie transmisji na \u017cywo. Oczywi\u015bcie dzia\u0142a to r\u00f3wnie\u017c w przypadku mecz\u00f3w pi\u0142ki no\u017cnej i wielu innych dyscyplin sportowych.<\/p>\n<p>To co\u015b, co znajdziesz tylko w Bet365 i jest to naprawd\u0119 interesuj\u0105cy rodzaj zak\u0142adu \u2013 je\u015bli wiesz, na co zwr\u00f3ci\u0107 uwag\u0119 i jakie czynniki nale\u017cy wzi\u0105\u0107 pod uwag\u0119 przed postawieniem takiego zak\u0142adu na tenis. Koniecznie przeczytaj artyku\u0142y na naszej stronie, pomog\u0105 Ci one dobrze \u201eprzejrze\u0107\u201d trwaj\u0105cy mecz tenisowy.<\/p>\n<h2>Alternatywne serwisy bukmacherskie do obstawiania tenisa, je\u015bli mieszkasz w USA<\/h2>\n<p>Bet365 nie przyjmuje zak\u0142ad\u00f3w od mieszka\u0144c\u00f3w USA, ale Intertops to doskona\u0142a alternatywa. Z zak\u0142adami na \u017cywo prawie tak dobrymi jak w Bet365 i szerokim wyborem zak\u0142ad\u00f3w tenisowych, by\u0142by to m\u00f3j ulubiony bukmacher na rynku ameryka\u0144skim. <strong><span style=\"text-decoration: underline;\"><a href=\"go\/intertopsen.html\" target=\"_blank\" rel=\"noopener\">Sprawd\u017a ich tutaj.<\/a><\/span><\/strong><\/p>\n<h2>Obstawianie zwyci\u0119zc\u00f3w mecz\u00f3w tenisowych i zwyci\u0119zc\u00f3w turniej\u00f3w<\/h2>\n<p>Niezale\u017cnie od tego, czy chodzi o turniej ATP m\u0119\u017cczyzn, turniej WTA kobiet, Puchar Davisa czy Puchar Federacji: przyjrzymy si\u0119 wszystkim najwa\u017cniejszym wydarzeniom tych turniej\u00f3w, sprawdzimy ich rozk\u0142ady i wytypujemy prawdopodobnych zwyci\u0119zc\u00f3w z dobrymi kursami. JestNie ma wi\u0119kszego sensu obstawia\u0107 zwyci\u0119stwa Novaka Djokovica w meczu, w kt\u00f3rym zarabiasz 2 dolary, stawiaj\u0105c 100 dolar\u00f3w. Ale obstawianie z wysokim kursem na underdoga w meczu tenisowym pierwszej rundy, gdy wspomniany underdog prezentowa\u0142 doskona\u0142\u0105 form\u0119 w poprzednich turniejach \u2013 to w\u0142a\u015bnie taki zak\u0142ad bym postawi\u0142.<\/p>\n<p>Wytypowanie zwyci\u0119zcy turnieju tenisowego to najtrudniejsze zadanie ze wszystkich. Wiele rzeczy mo\u017ce si\u0119 zdarzy\u0107 \u2013 na przyk\u0142ad czo\u0142owy tenisista mo\u017ce dozna\u0107 kontuzji lub mie\u0107 gorszy dzie\u0144. Nawet tenisista numer 1 na \u015bwiecie nie ma gwarancji wygranej w ka\u017cdym turnieju, w kt\u00f3rym bierze udzia\u0142. Nasze wskaz\u00f3wki dotycz\u0105ce zak\u0142ad\u00f3w tenisowych pomog\u0105 Ci unikn\u0105\u0107 drogich zak\u0142ad\u00f3w z niewielkim zyskiem i poprawi\u0107 Twoje wyniki.<\/p>\n","protected":false},"excerpt":{"rendered":"<p>Wskaz\u00f3wki dotycz\u0105ce zak\u0142ad\u00f3w tenisowych Jeste\u015b fanem tenisa i interesujesz si\u0119 r\u00f3wnie\u017c zak\u0142adami sportowymi? Je\u015bli tak, to trafi\u0142e\u015b we w\u0142a\u015bciwe miejsce. Nasza strona internetowa ma na celu dostarczenie Ci szczeg\u00f3\u0142owych informacji na temat: aktualnych wydarze\u0144 tenisowych, na kt\u00f3re mo\u017cesz obstawia\u0107 recenzji najlepszych stron bukmacherskich do obstawiania tenisa wskaz\u00f3wek i typ\u00f3w na nadchodz\u0105ce mecze tenisowe oraz, co &#8230; <a title=\"Dom\" class=\"read-more\" href=\"https:\/\/tennisbet.net\/pl\/\" aria-label=\"Dowiedz si\u0119 wi\u0119cej o Dom\">Dowiedz si\u0119 wi\u0119cej<\/a><\/p>\n","protected":false},"author":1,"featured_media":0,"parent":0,"menu_order":0,"comment_status":"closed","ping_status":"closed","template":"","meta":{"footnotes":""},"class_list":["post-240","page","type-page","status-publish"],"yoast_head":"<!-- This site is optimized with the Yoast SEO plugin v27.5 - https:\/\/yoast.com\/product\/yoast-seo-wordpress\/ -->\n<title>Zak\u0142ady na tenis domowy<\/title>\n<meta name=\"robots\" content=\"index, follow, max-snippet:-1, max-image-preview:large, max-video-preview:-1\" \/>\n<link rel=\"canonical\" href=\"https:\/\/tennisbet.net\/pl\/\" \/>\n<meta property=\"og:locale\" content=\"pl_PL\" \/>\n<meta property=\"og:type\" content=\"article\" \/>\n<meta property=\"og:title\" content=\"Zak\u0142ady na tenis domowy\" \/>\n<meta property=\"og:description\" content=\"Wskaz\u00f3wki dotycz\u0105ce zak\u0142ad\u00f3w tenisowych Jeste\u015b fanem tenisa i interesujesz si\u0119 r\u00f3wnie\u017c zak\u0142adami sportowymi? Je\u015bli tak, to trafi\u0142e\u015b we w\u0142a\u015bciwe miejsce. Nasza strona internetowa ma na celu dostarczenie Ci szczeg\u00f3\u0142owych informacji na temat: aktualnych wydarze\u0144 tenisowych, na kt\u00f3re mo\u017cesz obstawia\u0107 recenzji najlepszych stron bukmacherskich do obstawiania tenisa wskaz\u00f3wek i typ\u00f3w na nadchodz\u0105ce mecze tenisowe oraz, co ... Dowiedz si\u0119 wi\u0119cej\" \/>\n<meta property=\"og:url\" content=\"https:\/\/tennisbet.net\/pl\/\" \/>\n<meta name=\"twitter:card\" content=\"summary_large_image\" \/>\n<meta name=\"twitter:label1\" content=\"Szacowany czas czytania\" \/>\n\t<meta name=\"twitter:data1\" content=\"4 minuty\" \/>\n<script type=\"application\/ld+json\" class=\"yoast-schema-graph\">{\"@context\":\"https:\\\/\\\/schema.org\",\"@graph\":[{\"@type\":\"WebPage\",\"@id\":\"https:\\\/\\\/tennisbet.net\\\/pl\\\/\",\"url\":\"https:\\\/\\\/tennisbet.net\\\/pl\\\/\",\"name\":\"Zak\u0142ady na tenis domowy\",\"isPartOf\":{\"@id\":\"https:\\\/\\\/tennisbet.net\\\/pl\\\/#website\"},\"datePublished\":\"2025-08-02T14:17:24+00:00\",\"breadcrumb\":{\"@id\":\"https:\\\/\\\/tennisbet.net\\\/pl\\\/#breadcrumb\"},\"inLanguage\":\"pl-PL\",\"potentialAction\":[{\"@type\":\"ReadAction\",\"target\":[\"https:\\\/\\\/tennisbet.net\\\/pl\\\/\"]}]},{\"@type\":\"BreadcrumbList\",\"@id\":\"https:\\\/\\\/tennisbet.net\\\/pl\\\/#breadcrumb\",\"itemListElement\":[{\"@type\":\"ListItem\",\"position\":1,\"name\":\"Home\",\"item\":\"https:\\\/\\\/tennisbet.net\\\/pl\\\/\"},{\"@type\":\"ListItem\",\"position\":2,\"name\":\"Dom\"}]},{\"@type\":\"WebSite\",\"@id\":\"https:\\\/\\\/tennisbet.net\\\/pl\\\/#website\",\"url\":\"https:\\\/\\\/tennisbet.net\\\/pl\\\/\",\"name\":\"\",\"description\":\"\",\"potentialAction\":[{\"@type\":\"SearchAction\",\"target\":{\"@type\":\"EntryPoint\",\"urlTemplate\":\"https:\\\/\\\/tennisbet.net\\\/pl\\\/?s={search_term_string}\"},\"query-input\":{\"@type\":\"PropertyValueSpecification\",\"valueRequired\":true,\"valueName\":\"search_term_string\"}}],\"inLanguage\":\"pl-PL\"}]}<\/script>\n<!-- \/ Yoast SEO plugin. -->","yoast_head_json":{"title":"Zak\u0142ady na tenis domowy","robots":{"index":"index","follow":"follow","max-snippet":"max-snippet:-1","max-image-preview":"max-image-preview:large","max-video-preview":"max-video-preview:-1"},"canonical":"https:\/\/tennisbet.net\/pl\/","og_locale":"pl_PL","og_type":"article","og_title":"Zak\u0142ady na tenis domowy","og_description":"Wskaz\u00f3wki dotycz\u0105ce zak\u0142ad\u00f3w tenisowych Jeste\u015b fanem tenisa i interesujesz si\u0119 r\u00f3wnie\u017c zak\u0142adami sportowymi? Je\u015bli tak, to trafi\u0142e\u015b we w\u0142a\u015bciwe miejsce. Nasza strona internetowa ma na celu dostarczenie Ci szczeg\u00f3\u0142owych informacji na temat: aktualnych wydarze\u0144 tenisowych, na kt\u00f3re mo\u017cesz obstawia\u0107 recenzji najlepszych stron bukmacherskich do obstawiania tenisa wskaz\u00f3wek i typ\u00f3w na nadchodz\u0105ce mecze tenisowe oraz, co ... Dowiedz si\u0119 wi\u0119cej","og_url":"https:\/\/tennisbet.net\/pl\/","twitter_card":"summary_large_image","twitter_misc":{"Szacowany czas czytania":"4 minuty"},"schema":{"@context":"https:\/\/schema.org","@graph":[{"@type":"WebPage","@id":"https:\/\/tennisbet.net\/pl\/","url":"https:\/\/tennisbet.net\/pl\/","name":"Zak\u0142ady na tenis domowy","isPartOf":{"@id":"https:\/\/tennisbet.net\/pl\/#website"},"datePublished":"2025-08-02T14:17:24+00:00","breadcrumb":{"@id":"https:\/\/tennisbet.net\/pl\/#breadcrumb"},"inLanguage":"pl-PL","potentialAction":[{"@type":"ReadAction","target":["https:\/\/tennisbet.net\/pl\/"]}]},{"@type":"BreadcrumbList","@id":"https:\/\/tennisbet.net\/pl\/#breadcrumb","itemListElement":[{"@type":"ListItem","position":1,"name":"Home","item":"https:\/\/tennisbet.net\/pl\/"},{"@type":"ListItem","position":2,"name":"Dom"}]},{"@type":"WebSite","@id":"https:\/\/tennisbet.net\/pl\/#website","url":"https:\/\/tennisbet.net\/pl\/","name":"","description":"","potentialAction":[{"@type":"SearchAction","target":{"@type":"EntryPoint","urlTemplate":"https:\/\/tennisbet.net\/pl\/?s={search_term_string}"},"query-input":{"@type":"PropertyValueSpecification","valueRequired":true,"valueName":"search_term_string"}}],"inLanguage":"pl-PL"}]}},"_links":{"self":[{"href":"https:\/\/tennisbet.net\/pl\/wp-json\/wp\/v2\/pages\/240","targetHints":{"allow":["GET"]}}],"collection":[{"href":"https:\/\/tennisbet.net\/pl\/wp-json\/wp\/v2\/pages"}],"about":[{"href":"https:\/\/tennisbet.net\/pl\/wp-json\/wp\/v2\/types\/page"}],"author":[{"embeddable":true,"href":"https:\/\/tennisbet.net\/pl\/wp-json\/wp\/v2\/users\/1"}],"replies":[{"embeddable":true,"href":"https:\/\/tennisbet.net\/pl\/wp-json\/wp\/v2\/comments?post=240"}],"version-history":[{"count":0,"href":"https:\/\/tennisbet.net\/pl\/wp-json\/wp\/v2\/pages\/240\/revisions"}],"wp:attachment":[{"href":"https:\/\/tennisbet.net\/pl\/wp-json\/wp\/v2\/media?parent=240"}],"curies":[{"name":"wp","href":"https:\/\/api.w.org\/{rel}","templated":true}]}}