{"id":241,"date":"2025-08-02T14:17:24","date_gmt":"2025-08-02T14:17:24","guid":{"rendered":"https:\/\/tennisbet.net\/casa\/"},"modified":"2025-08-02T14:17:24","modified_gmt":"2025-08-02T14:17:24","slug":"casa","status":"publish","type":"page","link":"https:\/\/tennisbet.net\/pt-pt\/","title":{"rendered":"Casa"},"content":{"rendered":"<h2>Dicas de apostas em t\u00e9nis<\/h2>\n<p><span style=\"font-size: 14pt;\">Ent\u00e3o \u00e9 f\u00e3 de t\u00e9nis e tamb\u00e9m gosta de apostas desportivas? Se sim, veio ao s\u00edtio certo. O nosso site tem como objetivo fornecer informa\u00e7\u00f5es detalhadas sobre:<\/span><\/p>\n<ul>\n<li><span style=\"font-size: 14pt;\"><em><strong>eventos de t\u00e9nis atuais em que pode apostar<\/strong><\/em><\/span><\/li>\n<li><span style=\"font-size: 14pt;\"><em><strong>avalia\u00e7\u00f5es do melhor site de apostas desportivas para apostas em t\u00e9nis<\/strong><\/em><\/span><\/li>\n<li><span style=\"font-size: 14pt;\"><em><strong>dicas e progn\u00f3sticos para os pr\u00f3ximos jogos de t\u00e9nis<\/strong><\/em><\/span><\/li>\n<li><span style=\"font-size: 14pt;\"><em><strong>e, especialmente importante: dicas para apostas durante os jogos de t\u00e9nis<\/strong><\/em><\/span><\/li>\n<\/ul>\n<p>O webmaster \u00e9 um ex-jogador profissional de t\u00e9nis com d\u00e9cadas de experi\u00eancia como treinador. A sua especialidade \u00e9 a an\u00e1lise de jogos, bem como a identifica\u00e7\u00e3o dos pontos fortes e fracos de um jogador espec\u00edfico. Utiliza a sua experi\u00eancia de muitos anos a aconselhar sobre estrat\u00e9gias de jogo e a observar as mudan\u00e7as de comportamento dos jogadores durante a partida para dar aos apostadores desportivos uma vantagem contra a &#8220;casa&#8221;, por exemplo, o site de apostas desportivas.<\/p>\n<p>As suas <strong>dicas de apostas em t\u00e9nis<\/strong> ir\u00e3o ajud\u00e1-lo, enquanto apostador desportivo, a encontrar momentos lucrativos para apostar em determinados eventos durante um jogo, por exemplo, prevendo quem ser\u00e1 o pr\u00f3ximo jogador a perder o jogo de servi\u00e7o. Ou imagine ser capaz de prever que uma partida est\u00e1 prestes a virar o jogo \u2013 poderia apostar num jogador que parece ser o grande azar\u00e3o neste momento, quando as probabilidades de ele recuperar s\u00e3o grandes.<\/p>\n<h2>Avalia\u00e7\u00f5es de sites de apostas em t\u00e9nis<\/h2>\n<p>\u00c9 claro que \u00e9 importante o site de apostas desportivas que utiliza para fazer a sua aposta de t\u00e9nis. O site deve ter grandes probabilidades, ser f\u00e1cil de navegar, oferecer um excelente b\u00f3nus para o seu primeiro dep\u00f3sito, bem como grandes promo\u00e7\u00f5es para os clientes existentes. Op\u00e7\u00f5es de dep\u00f3sito e levantamento confort\u00e1veis \u200b\u200bs\u00e3o tamb\u00e9m importantes, assim como um servi\u00e7o ao cliente excelente e competente.<\/p>\n<p><strong>E aqui est\u00e1 o elemento mais crucial:<\/strong> Que tipo de apostas oferecem para os t\u00e9nis? Verific\u00e1mos muitos sites de apostas e apenas alguns s\u00e3o realmente bons no que diz respeito a apostas de t\u00e9nis. Se realmente quer aproveitar ao m\u00e1ximo o seu conhecimento sobre o desporto e tirar o m\u00e1ximo partido das dicas de t\u00e9nis que recebe aqui no nosso site, h\u00e1 um site em particular que podemos recomendar.<\/p>\n<p><strong>Na nossa opini\u00e3o, n\u00e3o h\u00e1 melhor lugar do que o Bet365<\/strong>. Um site de classe mundial para todos os tipos de jogo, como casino online, slot machines com dinheiro real, p\u00f3quer online e at\u00e9 bingo online, \u00e9 a sec\u00e7\u00e3o de apostas desportivas que se destaca com grandes probabilidades e uma grande variedade de desportos nos quais pode apostar. <a href=\"index.php?option=com_content&amp;view=article&amp;id=58&amp;Itemid=220\"><span style=\"text-decoration: underline;\">Leia aqui a an\u00e1lise da Bet365<\/span><\/a> ou <span style=\"text-decoration: underline;\"><a href=\"go\/bet365.html\" target=\"_blank\" rel=\"noopener\">clique aqui para aceder diretamente o site.<\/a><\/span><\/p>\n<p><strong>Mais importante para si:<\/strong> Na Bet365, t\u00eam, de longe, o melhor programa de apostas em jogos de t\u00e9nis. Pode fazer apostas prevendo n\u00e3o s\u00f3 quem vai ganhar o pr\u00f3ximo jogo, set ou a partida. Pode apostar em quantos jogos ter\u00e1 o set atual (ou o pr\u00f3ximo), escolher o resultado dos pr\u00f3ximos tr\u00eas jogos e muitas outras op\u00e7\u00f5es e locais onde pode fazer uma aposta lucrativa. Este \u00e9 o site onde pode utilizar as nossas dicas de apostas em t\u00e9nis e alcan\u00e7ar os melhores resultados!<\/p>\n<h2>Veja o seu jogo &#8211; transmiss\u00f5es em direto na Bet365<\/h2>\n<p>Para utilizar o servi\u00e7o Live Stream para jogos de t\u00e9nis, precisa de estar ligado \u00e0 sua conta Bet365 e ter uma conta com fundos ou ter feito uma aposta nessa partida nas \u00faltimas 24 horas. Qualquer evento no site da Bet365 que tenha o \u00edcone Play ou V\u00eddeo ao lado est\u00e1 programado para ser exibido via Live Stream. Isto, claro, tamb\u00e9m funciona para jogos de futebol e muitos outros desportos.<\/p>\n<p>Isto \u00e9 algo que s\u00f3 se encontra na Bet365, e este \u00e9 o tipo de aposta realmente interessante &#8211; se souber o que procurar e que fatores devem ser considerados antes de fazer uma aposta de t\u00e9nis. N\u00e3o deixe de ler os artigos no nosso site, eles v\u00e3o ajud\u00e1-lo a ter uma boa &#8220;leitura&#8221; de um jogo de t\u00e9nis em curso.<\/p>\n<h2>Sites alternativos de apostas em t\u00e9nis se vive nos EUA<\/h2>\n<p>A Bet365 n\u00e3o aceita apostas de residentes nos EUA, mas descobri que a Intertops \u00e9 uma excelente alternativa. Com apostas em jogo quase t\u00e3o boas como as da Bet365 e uma vasta sele\u00e7\u00e3o de apostas em t\u00e9nis em geral, seriam a minha casa de apostas desportivas favorita no mercado americano. <strong><span style=\"text-decoration: underline;\"><a href=\"go\/intertopsen.html\" target=\"_blank\" rel=\"noopener\">Veja aqui.<\/a><\/span><\/strong><\/p>\n<h2>Apostando em vencedores de jogos de t\u00e9nis e vencedores de torneios<\/h2>\n<p>Seja no circuito ATP masculino, no evento WTA feminino, na Ta\u00e7a Davis ou na Fed Cup: analisaremos todos os principais eventos destes circuitos, verificaremos os vossos sorteios e escolheremos os prov\u00e1veis \u200b\u200bvencedores com boas odds para voc\u00eas.N\u00e3o faz muito sentido apostar em Novak Djokovic para ganhar um encontro em que se ganha 2 d\u00f3lares com uma aposta de 100 d\u00f3lares. Mas apostar com grandes odds num underdog num jogo de t\u00e9nis da primeira ronda, quando esse underdog demonstrou uma excelente forma em torneios anteriores, \u00e9 o tipo de aposta que eu faria.<\/p>\n<p>Prever um vencedor absoluto num torneio de t\u00e9nis \u00e9 a tarefa mais dif\u00edcil de todas. Muitas coisas podem acontecer &#8211; um jogador de topo pode lesionar-se ou ter um mau dia, por exemplo. E mesmo o tenista n\u00famero 1 do mundo n\u00e3o tem a garantia de vencer todos os torneios em que participa. As nossas dicas de apostas em t\u00e9nis ir\u00e3o ajud\u00e1-lo a evitar apostas caras com pouco ganho e a melhorar os seus resultados.<\/p>\n","protected":false},"excerpt":{"rendered":"<p>Dicas de apostas em t\u00e9nis Ent\u00e3o \u00e9 f\u00e3 de t\u00e9nis e tamb\u00e9m gosta de apostas desportivas? Se sim, veio ao s\u00edtio certo. O nosso site tem como objetivo fornecer informa\u00e7\u00f5es detalhadas sobre: eventos de t\u00e9nis atuais em que pode apostar avalia\u00e7\u00f5es do melhor site de apostas desportivas para apostas em t\u00e9nis dicas e progn\u00f3sticos para &#8230; <a title=\"Casa\" class=\"read-more\" href=\"https:\/\/tennisbet.net\/pt-pt\/\" aria-label=\"Leia mais sobre Casa\">Ler mais<\/a><\/p>\n","protected":false},"author":1,"featured_media":0,"parent":0,"menu_order":0,"comment_status":"closed","ping_status":"closed","template":"","meta":{"footnotes":""},"class_list":["post-241","page","type-page","status-publish"],"yoast_head":"<!-- This site is optimized with the Yoast SEO plugin v27.3 - https:\/\/yoast.com\/product\/yoast-seo-wordpress\/ -->\n<title>Aposta de t\u00e9nis em casa<\/title>\n<meta name=\"robots\" content=\"index, follow, max-snippet:-1, max-image-preview:large, max-video-preview:-1\" \/>\n<link rel=\"canonical\" href=\"https:\/\/tennisbet.net\/pt-pt\/\" \/>\n<meta property=\"og:locale\" content=\"pt_PT\" \/>\n<meta property=\"og:type\" content=\"article\" \/>\n<meta property=\"og:title\" content=\"Aposta de t\u00e9nis em casa\" \/>\n<meta property=\"og:description\" content=\"Dicas de apostas em t\u00e9nis Ent\u00e3o \u00e9 f\u00e3 de t\u00e9nis e tamb\u00e9m gosta de apostas desportivas? Se sim, veio ao s\u00edtio certo. O nosso site tem como objetivo fornecer informa\u00e7\u00f5es detalhadas sobre: eventos de t\u00e9nis atuais em que pode apostar avalia\u00e7\u00f5es do melhor site de apostas desportivas para apostas em t\u00e9nis dicas e progn\u00f3sticos para ... Ler mais\" \/>\n<meta property=\"og:url\" content=\"https:\/\/tennisbet.net\/pt-pt\/\" \/>\n<meta name=\"twitter:card\" content=\"summary_large_image\" \/>\n<meta name=\"twitter:label1\" content=\"Tempo estimado de leitura\" \/>\n\t<meta name=\"twitter:data1\" content=\"5 minutos\" \/>\n<script type=\"application\/ld+json\" class=\"yoast-schema-graph\">{\"@context\":\"https:\\\/\\\/schema.org\",\"@graph\":[{\"@type\":\"WebPage\",\"@id\":\"https:\\\/\\\/tennisbet.net\\\/pt-pt\\\/\",\"url\":\"https:\\\/\\\/tennisbet.net\\\/pt-pt\\\/\",\"name\":\"Aposta de t\u00e9nis em casa\",\"isPartOf\":{\"@id\":\"https:\\\/\\\/tennisbet.net\\\/pt-pt\\\/#website\"},\"datePublished\":\"2025-08-02T14:17:24+00:00\",\"breadcrumb\":{\"@id\":\"https:\\\/\\\/tennisbet.net\\\/pt-pt\\\/#breadcrumb\"},\"inLanguage\":\"pt-PT\",\"potentialAction\":[{\"@type\":\"ReadAction\",\"target\":[\"https:\\\/\\\/tennisbet.net\\\/pt-pt\\\/\"]}]},{\"@type\":\"BreadcrumbList\",\"@id\":\"https:\\\/\\\/tennisbet.net\\\/pt-pt\\\/#breadcrumb\",\"itemListElement\":[{\"@type\":\"ListItem\",\"position\":1,\"name\":\"Home\",\"item\":\"https:\\\/\\\/tennisbet.net\\\/pt-pt\\\/\"},{\"@type\":\"ListItem\",\"position\":2,\"name\":\"Casa\"}]},{\"@type\":\"WebSite\",\"@id\":\"https:\\\/\\\/tennisbet.net\\\/pt-pt\\\/#website\",\"url\":\"https:\\\/\\\/tennisbet.net\\\/pt-pt\\\/\",\"name\":\"\",\"description\":\"\",\"potentialAction\":[{\"@type\":\"SearchAction\",\"target\":{\"@type\":\"EntryPoint\",\"urlTemplate\":\"https:\\\/\\\/tennisbet.net\\\/pt-pt\\\/?s={search_term_string}\"},\"query-input\":{\"@type\":\"PropertyValueSpecification\",\"valueRequired\":true,\"valueName\":\"search_term_string\"}}],\"inLanguage\":\"pt-PT\"}]}<\/script>\n<!-- \/ Yoast SEO plugin. -->","yoast_head_json":{"title":"Aposta de t\u00e9nis em casa","robots":{"index":"index","follow":"follow","max-snippet":"max-snippet:-1","max-image-preview":"max-image-preview:large","max-video-preview":"max-video-preview:-1"},"canonical":"https:\/\/tennisbet.net\/pt-pt\/","og_locale":"pt_PT","og_type":"article","og_title":"Aposta de t\u00e9nis em casa","og_description":"Dicas de apostas em t\u00e9nis Ent\u00e3o \u00e9 f\u00e3 de t\u00e9nis e tamb\u00e9m gosta de apostas desportivas? Se sim, veio ao s\u00edtio certo. O nosso site tem como objetivo fornecer informa\u00e7\u00f5es detalhadas sobre: eventos de t\u00e9nis atuais em que pode apostar avalia\u00e7\u00f5es do melhor site de apostas desportivas para apostas em t\u00e9nis dicas e progn\u00f3sticos para ... Ler mais","og_url":"https:\/\/tennisbet.net\/pt-pt\/","twitter_card":"summary_large_image","twitter_misc":{"Tempo estimado de leitura":"5 minutos"},"schema":{"@context":"https:\/\/schema.org","@graph":[{"@type":"WebPage","@id":"https:\/\/tennisbet.net\/pt-pt\/","url":"https:\/\/tennisbet.net\/pt-pt\/","name":"Aposta de t\u00e9nis em casa","isPartOf":{"@id":"https:\/\/tennisbet.net\/pt-pt\/#website"},"datePublished":"2025-08-02T14:17:24+00:00","breadcrumb":{"@id":"https:\/\/tennisbet.net\/pt-pt\/#breadcrumb"},"inLanguage":"pt-PT","potentialAction":[{"@type":"ReadAction","target":["https:\/\/tennisbet.net\/pt-pt\/"]}]},{"@type":"BreadcrumbList","@id":"https:\/\/tennisbet.net\/pt-pt\/#breadcrumb","itemListElement":[{"@type":"ListItem","position":1,"name":"Home","item":"https:\/\/tennisbet.net\/pt-pt\/"},{"@type":"ListItem","position":2,"name":"Casa"}]},{"@type":"WebSite","@id":"https:\/\/tennisbet.net\/pt-pt\/#website","url":"https:\/\/tennisbet.net\/pt-pt\/","name":"","description":"","potentialAction":[{"@type":"SearchAction","target":{"@type":"EntryPoint","urlTemplate":"https:\/\/tennisbet.net\/pt-pt\/?s={search_term_string}"},"query-input":{"@type":"PropertyValueSpecification","valueRequired":true,"valueName":"search_term_string"}}],"inLanguage":"pt-PT"}]}},"_links":{"self":[{"href":"https:\/\/tennisbet.net\/pt-pt\/wp-json\/wp\/v2\/pages\/241","targetHints":{"allow":["GET"]}}],"collection":[{"href":"https:\/\/tennisbet.net\/pt-pt\/wp-json\/wp\/v2\/pages"}],"about":[{"href":"https:\/\/tennisbet.net\/pt-pt\/wp-json\/wp\/v2\/types\/page"}],"author":[{"embeddable":true,"href":"https:\/\/tennisbet.net\/pt-pt\/wp-json\/wp\/v2\/users\/1"}],"replies":[{"embeddable":true,"href":"https:\/\/tennisbet.net\/pt-pt\/wp-json\/wp\/v2\/comments?post=241"}],"version-history":[{"count":0,"href":"https:\/\/tennisbet.net\/pt-pt\/wp-json\/wp\/v2\/pages\/241\/revisions"}],"wp:attachment":[{"href":"https:\/\/tennisbet.net\/pt-pt\/wp-json\/wp\/v2\/media?parent=241"}],"curies":[{"name":"wp","href":"https:\/\/api.w.org\/{rel}","templated":true}]}}