{"id":242,"date":"2025-08-02T14:17:24","date_gmt":"2025-08-02T14:17:24","guid":{"rendered":"https:\/\/tennisbet.net\/acasa\/"},"modified":"2025-08-02T14:17:24","modified_gmt":"2025-08-02T14:17:24","slug":"acasa","status":"publish","type":"page","link":"https:\/\/tennisbet.net\/ro\/","title":{"rendered":"Acas\u0103"},"content":{"rendered":"<h2>Sfaturi pentru pariuri pe tenis<\/h2>\n<p><span style=\"font-size: 14pt;\">E\u0219ti fan al tenisului \u0219i pariezi \u0219i pe sport? Dac\u0103 da, ai ajuns la locul potrivit. Site-ul nostru \u00ee\u0219i propune s\u0103 v\u0103 ofere informa\u021bii detaliate despre:<\/span><\/p>\n<ul>\n<li><span style=\"font-size: 14pt;\"><em><strong>evenimente actuale de tenis pe care pute\u021bi plasa pariuri<\/strong><\/em><\/span><\/li>\n<li><span style=\"font-size: 14pt;\"><em><strong>recenzii ale celor mai bune site-uri de pariuri sportive pentru pariuri pe tenis<\/strong><\/em><\/span><\/li>\n<li><span style=\"font-size: 14pt;\"><em><strong>sfaturi \u0219i ponturi pentru meciurile de tenis viitoare<\/strong><\/em><\/span><\/li>\n<li><span style=\"font-size: 14pt;\"><em><strong>\u0219i, deosebit de important: sfaturi pentru pariurile \u00een timpul meciurilor de tenis<\/strong><\/em><\/span><\/li>\n<\/ul>\n<p>Webmasterul este un fost profesionist de tenis cu zeci de ani de experien\u021b\u0103 \u00een antrenorat. Specialitatea sa este analiza jocului, precum \u0219i g\u0103sirea punctelor forte \u0219i a punctelor slabe ale unui anumit juc\u0103tor. \u00ce\u0219i folose\u0219te experien\u021ba de mul\u021bi ani \u00een consilierea privind strategia de meci \u0219i observarea schimb\u0103rilor de comportament ale juc\u0103torilor \u00een timpul unui joc pentru a oferi pariorilor sportivi un avantaj \u00eempotriva \u201ecasei\u201d, de exemplu, site-ului de pariuri sportive.<\/p>\n<p>**Sfaturile sale de pariuri pe tenis** v\u0103 vor ajuta, ca parior sportiv, s\u0103 g\u0103si\u021bi locuri profitabile pentru a paria pe anumite evenimente \u00een timpul unui meci, de exemplu, \u00een prezicerea cine va fi urm\u0103torul juc\u0103tor care va pierde serviciul. Sau, imagina\u021bi-v\u0103 c\u0103 pute\u021bi spune c\u0103 un meci este pe cale s\u0103 se schimbe &#8211; a\u021bi putea paria pe un juc\u0103tor care pare a fi marele outsider \u00een acel moment, c\u00e2nd \u0219ansele ca el s\u0103 revin\u0103 sunt mari.<\/p>\n<h2>Recenzii ale site-urilor de pariuri pe tenis<\/h2>\n<p>Desigur, este important ce site de pariuri sportive utiliza\u021bi pentru a plasa pariul pe tenis. Site-ul ar trebui s\u0103 aib\u0103 cote mari, s\u0103 fie u\u0219or de navigat, s\u0103 ofere un bonus excelent pentru prima depunere, precum \u0219i promo\u021bii excelente pentru clien\u021bii existen\u021bi. Op\u021biunile confortabile \u0219i sigure de depunere \u0219i retragere sunt, de asemenea, importante, la fel \u0219i serviciul clien\u021bi excelent \u0219i competent.<\/p>\n<p>**\u0218i iat\u0103 cel mai important element:** Ce fel de pariuri ofer\u0103 pentru tenis? Am verificat multe site-uri de pariuri \u0219i doar foarte pu\u021bine sunt cu adev\u0103rat bune \u00een ceea ce prive\u0219te pariurile pe tenis. Dac\u0103 dori\u021bi cu adev\u0103rat s\u0103 profita\u021bi la maximum de cuno\u0219tin\u021bele dvs. existente despre acest sport \u0219i s\u0103 profita\u021bi la maximum de sfaturile de tenis pe care le primi\u021bi aici, pe site-ul nostru, atunci exist\u0103 un site web special pe care \u00eel putem recomanda.<\/p>\n<p>**\u00cen opinia noastr\u0103, nu exist\u0103 un loc mai bun dec\u00e2t Bet365**. Un site de clas\u0103 mondial\u0103 pentru toate tipurile de jocuri de noroc, cum ar fi cazinou online, sloturi pe bani reali, poker online, chiar \u0219i bingo online, sec\u021biunea lor de pariuri sportive este cea care iese \u00een eviden\u021b\u0103 cu cote excelente \u0219i o gam\u0103 larg\u0103 de sporturi pe care pute\u021bi paria. <a href=\"index.php?option=com_content&amp;view=article&amp;id=58&amp;Itemid=220\"><span style=\"text-decoration: underline;\">Citi\u021bi recenzia pentru Bet365 aici<\/span><\/a> sau <span style=\"text-decoration: underline;\"><a href=\"go\/bet365.html\" target=\"_blank\" rel=\"noopener\">face\u021bi clic aici pentru a accesa direct site-ul lor web.<\/a><\/span><\/p>\n<p><strong>Cel mai important pentru dvs.:<\/strong>\u00a0La Bet365, au de departe cel mai bun program de pariuri \u00een joc pentru tenis. Pute\u021bi plasa pariuri prezic\u00e2nd nu doar cine va c\u00e2\u0219tiga urm\u0103torul game, setul sau meciul. Pute\u021bi paria pe c\u00e2te game-uri va avea setul curent (sau urm\u0103torul), pute\u021bi alege rezultatul urm\u0103toarelor trei game-uri \u0219i multe alte op\u021biuni \u0219i locuri unde pute\u021bi plasa un pariu profitabil. Acesta este site-ul unde pute\u021bi folosi sfaturile noastre de pariuri pe tenis \u0219i pute\u021bi ob\u021bine cele mai bune rezultate!<\/p>\n<h2>Urm\u0103re\u0219te-\u021bi meciul &#8211; transmisiuni live la Bet365<\/h2>\n<p>Pentru a utiliza serviciul de transmisiune live pentru meciurile de tenis, trebuie s\u0103 fii conectat la contul t\u0103u Bet365 \u0219i s\u0103 ai un cont alimentat sau s\u0103 fi plasat un pariu pe meciul respectiv \u00een ultimele 24 de ore. Orice eveniment de pe site-ul Bet365 care are pictograma Redare sau Video l\u00e2ng\u0103 el este programat s\u0103 fie transmis prin transmisiune live. Acest lucru func\u021bioneaz\u0103, desigur, \u0219i pentru meciurile de fotbal \u0219i multe alte sporturi.<\/p>\n<p>Acest lucru este ceva ce g\u0103se\u0219ti doar la Bet365 \u0219i acesta este genul de pariu cu adev\u0103rat interesant &#8211; dac\u0103 \u0219tii la ce s\u0103 fii atent \u0219i ce factori trebuie lua\u021bi \u00een considerare \u00eenainte de a face un astfel de pariu pe tenis. Asigur\u0103-te c\u0103 cite\u0219ti articolele de pe site-ul nostru, acestea te vor ajuta s\u0103 ob\u021bii o bun\u0103 \u201ecitire\u201d a unui meci de tenis \u00een desf\u0103\u0219urare.<\/p>\n<h2>Site-uri alternative de pariuri pe tenis dac\u0103 te afli \u00een SUA<\/h2>\n<p>Bet365 nu accept\u0103 pariuri de la reziden\u021bii din SUA, dar am considerat c\u0103 Intertops este o alternativ\u0103 excelent\u0103. Cu pariuri \u00een joc aproape la fel de bune ca la Bet365 \u0219i o gam\u0103 larg\u0103 de pariuri pe tenis \u00een general, ar fi casa mea de pariuri sportive preferat\u0103 de pe pia\u021ba american\u0103. <strong><span style=\"text-decoration: underline;\"><a href=\"go\/intertopsen.html\" target=\"_blank\" rel=\"noopener\">Consulta\u021bi-le aici.<\/a><\/span><\/strong><\/p>\n<h2>Pariuri pe c\u00e2\u0219tig\u0103torii meciurilor de tenis \u0219i pe c\u00e2\u0219tig\u0103torii finali ai turneelor<\/h2>\n<p>Fie c\u0103 este vorba de circuitul ATP masculin, de evenimentul WTA feminin, de Cupa Davis sau de Fed Cup: Vom analiza toate evenimentele principale ale acestor circuite, vom verifica tragerile la sor\u021bi \u0219i vom alege probabilii c\u00e2\u0219tig\u0103tori cu cote bune pentru dvs. Exist\u0103Nu prea are rost s\u0103 pariezi pe Novak Djokovic c\u0103 vei c\u00e2\u0219tiga un meci \u00een care c\u00e2\u0219tigi 2 dolari cu un pariu de 100 de dolari. Dar plas\u00e2nd un pariu cu cote mari pe un outsider \u00eentr-un meci de tenis din prima rund\u0103, atunci c\u00e2nd respectivul outsider a demonstrat o form\u0103 excelent\u0103 \u00een turneele anterioare &#8211; acesta este genul de pariu pe care l-a\u0219 plasa.<\/p>\n<p>Alegerea unui c\u00e2\u0219tig\u0103tor absolut \u00eentr-un turneu de tenis este cea mai dificil\u0103 sarcin\u0103 dintre toate. At\u00e2t de multe lucruri se pot \u00eent\u00e2mpla &#8211; un juc\u0103tor de top poate suferi o accidentare sau poate avea o zi proast\u0103, de exemplu. \u0218i chiar \u0219i juc\u0103torul de tenis num\u0103rul 1 \u00een lume nu are garan\u021bia c\u0103 va c\u00e2\u0219tiga fiecare turneu la care particip\u0103. Sfaturile noastre de pariuri pe tenis te vor ajuta s\u0103 evi\u021bi pariurile scumpe cu c\u00e2\u0219tiguri mici \u0219i s\u0103-\u021bi \u00eembun\u0103t\u0103\u021be\u0219ti rezultatele la pariuri.<\/p>\n","protected":false},"excerpt":{"rendered":"<p>Sfaturi pentru pariuri pe tenis E\u0219ti fan al tenisului \u0219i pariezi \u0219i pe sport? Dac\u0103 da, ai ajuns la locul potrivit. Site-ul nostru \u00ee\u0219i propune s\u0103 v\u0103 ofere informa\u021bii detaliate despre: evenimente actuale de tenis pe care pute\u021bi plasa pariuri recenzii ale celor mai bune site-uri de pariuri sportive pentru pariuri pe tenis sfaturi \u0219i &#8230; <a title=\"Acas\u0103\" class=\"read-more\" href=\"https:\/\/tennisbet.net\/ro\/\" aria-label=\"Cite\u0219te mai multe despre Acas\u0103\">Cite\u0219te mai mult<\/a><\/p>\n","protected":false},"author":1,"featured_media":0,"parent":0,"menu_order":0,"comment_status":"closed","ping_status":"closed","template":"","meta":{"footnotes":""},"class_list":["post-242","page","type-page","status-publish"],"yoast_head":"<!-- This site is optimized with the Yoast SEO plugin v27.5 - https:\/\/yoast.com\/product\/yoast-seo-wordpress\/ -->\n<title>Pariu tenis acas\u0103<\/title>\n<meta name=\"robots\" content=\"index, follow, max-snippet:-1, max-image-preview:large, max-video-preview:-1\" \/>\n<link rel=\"canonical\" href=\"https:\/\/tennisbet.net\/ro\/\" \/>\n<meta property=\"og:locale\" content=\"ro_RO\" \/>\n<meta property=\"og:type\" content=\"article\" \/>\n<meta property=\"og:title\" content=\"Pariu tenis acas\u0103\" \/>\n<meta property=\"og:description\" content=\"Sfaturi pentru pariuri pe tenis E\u0219ti fan al tenisului \u0219i pariezi \u0219i pe sport? Dac\u0103 da, ai ajuns la locul potrivit. Site-ul nostru \u00ee\u0219i propune s\u0103 v\u0103 ofere informa\u021bii detaliate despre: evenimente actuale de tenis pe care pute\u021bi plasa pariuri recenzii ale celor mai bune site-uri de pariuri sportive pentru pariuri pe tenis sfaturi \u0219i ... Cite\u0219te mai mult\" \/>\n<meta property=\"og:url\" content=\"https:\/\/tennisbet.net\/ro\/\" \/>\n<meta name=\"twitter:card\" content=\"summary_large_image\" \/>\n<meta name=\"twitter:label1\" content=\"Timp estimat pentru citire\" \/>\n\t<meta name=\"twitter:data1\" content=\"5 minute\" \/>\n<script type=\"application\/ld+json\" class=\"yoast-schema-graph\">{\"@context\":\"https:\\\/\\\/schema.org\",\"@graph\":[{\"@type\":\"WebPage\",\"@id\":\"https:\\\/\\\/tennisbet.net\\\/ro\\\/\",\"url\":\"https:\\\/\\\/tennisbet.net\\\/ro\\\/\",\"name\":\"Pariu tenis acas\u0103\",\"isPartOf\":{\"@id\":\"https:\\\/\\\/tennisbet.net\\\/ro\\\/#website\"},\"datePublished\":\"2025-08-02T14:17:24+00:00\",\"breadcrumb\":{\"@id\":\"https:\\\/\\\/tennisbet.net\\\/ro\\\/#breadcrumb\"},\"inLanguage\":\"ro-RO\",\"potentialAction\":[{\"@type\":\"ReadAction\",\"target\":[\"https:\\\/\\\/tennisbet.net\\\/ro\\\/\"]}]},{\"@type\":\"BreadcrumbList\",\"@id\":\"https:\\\/\\\/tennisbet.net\\\/ro\\\/#breadcrumb\",\"itemListElement\":[{\"@type\":\"ListItem\",\"position\":1,\"name\":\"Home\",\"item\":\"https:\\\/\\\/tennisbet.net\\\/ro\\\/\"},{\"@type\":\"ListItem\",\"position\":2,\"name\":\"Acas\u0103\"}]},{\"@type\":\"WebSite\",\"@id\":\"https:\\\/\\\/tennisbet.net\\\/ro\\\/#website\",\"url\":\"https:\\\/\\\/tennisbet.net\\\/ro\\\/\",\"name\":\"\",\"description\":\"\",\"potentialAction\":[{\"@type\":\"SearchAction\",\"target\":{\"@type\":\"EntryPoint\",\"urlTemplate\":\"https:\\\/\\\/tennisbet.net\\\/ro\\\/?s={search_term_string}\"},\"query-input\":{\"@type\":\"PropertyValueSpecification\",\"valueRequired\":true,\"valueName\":\"search_term_string\"}}],\"inLanguage\":\"ro-RO\"}]}<\/script>\n<!-- \/ Yoast SEO plugin. -->","yoast_head_json":{"title":"Pariu tenis acas\u0103","robots":{"index":"index","follow":"follow","max-snippet":"max-snippet:-1","max-image-preview":"max-image-preview:large","max-video-preview":"max-video-preview:-1"},"canonical":"https:\/\/tennisbet.net\/ro\/","og_locale":"ro_RO","og_type":"article","og_title":"Pariu tenis acas\u0103","og_description":"Sfaturi pentru pariuri pe tenis E\u0219ti fan al tenisului \u0219i pariezi \u0219i pe sport? Dac\u0103 da, ai ajuns la locul potrivit. Site-ul nostru \u00ee\u0219i propune s\u0103 v\u0103 ofere informa\u021bii detaliate despre: evenimente actuale de tenis pe care pute\u021bi plasa pariuri recenzii ale celor mai bune site-uri de pariuri sportive pentru pariuri pe tenis sfaturi \u0219i ... Cite\u0219te mai mult","og_url":"https:\/\/tennisbet.net\/ro\/","twitter_card":"summary_large_image","twitter_misc":{"Timp estimat pentru citire":"5 minute"},"schema":{"@context":"https:\/\/schema.org","@graph":[{"@type":"WebPage","@id":"https:\/\/tennisbet.net\/ro\/","url":"https:\/\/tennisbet.net\/ro\/","name":"Pariu tenis acas\u0103","isPartOf":{"@id":"https:\/\/tennisbet.net\/ro\/#website"},"datePublished":"2025-08-02T14:17:24+00:00","breadcrumb":{"@id":"https:\/\/tennisbet.net\/ro\/#breadcrumb"},"inLanguage":"ro-RO","potentialAction":[{"@type":"ReadAction","target":["https:\/\/tennisbet.net\/ro\/"]}]},{"@type":"BreadcrumbList","@id":"https:\/\/tennisbet.net\/ro\/#breadcrumb","itemListElement":[{"@type":"ListItem","position":1,"name":"Home","item":"https:\/\/tennisbet.net\/ro\/"},{"@type":"ListItem","position":2,"name":"Acas\u0103"}]},{"@type":"WebSite","@id":"https:\/\/tennisbet.net\/ro\/#website","url":"https:\/\/tennisbet.net\/ro\/","name":"","description":"","potentialAction":[{"@type":"SearchAction","target":{"@type":"EntryPoint","urlTemplate":"https:\/\/tennisbet.net\/ro\/?s={search_term_string}"},"query-input":{"@type":"PropertyValueSpecification","valueRequired":true,"valueName":"search_term_string"}}],"inLanguage":"ro-RO"}]}},"_links":{"self":[{"href":"https:\/\/tennisbet.net\/ro\/wp-json\/wp\/v2\/pages\/242","targetHints":{"allow":["GET"]}}],"collection":[{"href":"https:\/\/tennisbet.net\/ro\/wp-json\/wp\/v2\/pages"}],"about":[{"href":"https:\/\/tennisbet.net\/ro\/wp-json\/wp\/v2\/types\/page"}],"author":[{"embeddable":true,"href":"https:\/\/tennisbet.net\/ro\/wp-json\/wp\/v2\/users\/1"}],"replies":[{"embeddable":true,"href":"https:\/\/tennisbet.net\/ro\/wp-json\/wp\/v2\/comments?post=242"}],"version-history":[{"count":0,"href":"https:\/\/tennisbet.net\/ro\/wp-json\/wp\/v2\/pages\/242\/revisions"}],"wp:attachment":[{"href":"https:\/\/tennisbet.net\/ro\/wp-json\/wp\/v2\/media?parent=242"}],"curies":[{"name":"wp","href":"https:\/\/api.w.org\/{rel}","templated":true}]}}