{"id":255,"date":"2025-08-02T14:17:24","date_gmt":"2025-08-02T14:17:24","guid":{"rendered":"https:\/\/tennisbet.net\/domov\/"},"modified":"2025-08-02T14:17:24","modified_gmt":"2025-08-02T14:17:24","slug":"domov","status":"publish","type":"page","link":"https:\/\/tennisbet.net\/sk\/","title":{"rendered":"Domov"},"content":{"rendered":"<h2>Tipy na st\u00e1vkovanie na tenis<\/h2>\n<p><span style=\"font-size: 14pt;\">Tak\u017ee ste fan\u00fa\u0161ikom tenisu a z\u00e1rove\u0148 sa venujete \u0161portov\u00fdm st\u00e1vkam? Ak \u00e1no, ste na spr\u00e1vnom mieste. Na\u0161a webov\u00e1 str\u00e1nka sa zameriava na poskytnutie podrobn\u00fdch inform\u00e1ci\u00ed o:<\/span><\/p>\n<ul>\n<li><span style=\"font-size: 14pt;\"><em><strong>aktu\u00e1lnych tenisov\u00fdch udalostiach, na ktor\u00e9 m\u00f4\u017eete stavi\u0165<\/strong><\/em><\/span><\/li>\n<li><span style=\"font-size: 14pt;\"><em><strong>recenzi\u00e1ch najlep\u0161\u00edch st\u00e1vkov\u00fdch kancel\u00e1ri\u00ed na tenisov\u00e9 st\u00e1vky<\/strong><\/em><\/span><\/li>\n<li><span style=\"font-size: 14pt;\"><em><strong>tipoch a tipoch na nadch\u00e1dzaj\u00face tenisov\u00e9 z\u00e1pasy<\/strong><\/em><\/span><\/li>\n<li><span style=\"font-size: 14pt;\"><em><strong>a obzvl\u00e1\u0161\u0165 d\u00f4le\u017eit\u00e9: tipoch na st\u00e1vkovanie po\u010das hry po\u010das tenisov\u00fdch z\u00e1pasov<\/strong><\/em><\/span><\/li>\n<\/ul>\n<p>Spr\u00e1vca webu je b\u00fdval\u00fd tenisov\u00fd profesion\u00e1l s desa\u0165ro\u010diami sk\u00fasenost\u00ed v tr\u00e9nerstve. Jeho \u0161pecializ\u00e1ciou je anal\u00fdza hry, ako aj h\u013eadanie siln\u00fdch a slab\u00fdch str\u00e1nok konkr\u00e9tneho hr\u00e1\u010da. Vyu\u017e\u00edva svoje dlhoro\u010dn\u00e9 sk\u00fasenosti s poradenstvom v oblasti z\u00e1pasovej strat\u00e9gie a sledovan\u00edm zmien v spr\u00e1van\u00ed hr\u00e1\u010dov po\u010das hry, aby dal \u0161portov\u00fdm st\u00e1vkarom v\u00fdhodu oproti \u201ekancel\u00e1rii\u201c, napr. st\u00e1vkovej kancel\u00e1rii.<\/p>\n<p>Jeho **tipy na st\u00e1vkovanie na tenis** v\u00e1m ako \u0161portov\u00e9mu st\u00e1vkarovi pom\u00f4\u017eu n\u00e1js\u0165 ziskov\u00e9 miesta na st\u00e1vkovanie na ur\u010dit\u00e9 udalosti po\u010das z\u00e1pasu, napr\u00edklad pri predpovedan\u00ed, kto bude \u010fal\u0161\u00edm hr\u00e1\u010dom, ktor\u00fd prehr\u00e1 svoj servis. Alebo si predstavte, \u017ee viete poveda\u0165, \u017ee sa z\u00e1pas chyst\u00e1 oto\u010di\u0165 \u2013 mohli by ste stavi\u0165 na hr\u00e1\u010da, ktor\u00fd sa v danom momente jav\u00ed ako ve\u013ek\u00fd outsider, ke\u010f s\u00fa \u0161ance na jeho n\u00e1vrat skvel\u00e9.<br \/>\n**Recenzie st\u00e1vkov\u00fdch kancel\u00e1ri\u00ed na tenis**<\/p>\n<p>Samozrejme, je d\u00f4le\u017eit\u00e9, ktor\u00fa st\u00e1vkov\u00fa kancel\u00e1riu pou\u017eijete na podanie svojej tenisovej st\u00e1vky. Str\u00e1nka by mala ma\u0165 skvel\u00e9 kurzy, mala by sa \u013eahko ovl\u00e1da\u0165, mala by pon\u00faka\u0165 vynikaj\u00faci bonus za v\u00e1\u0161 prv\u00fd vklad, ako aj skvel\u00e9 propaga\u010dn\u00e9 akcie pre existuj\u00facich z\u00e1kazn\u00edkov. D\u00f4le\u017eit\u00e9 s\u00fa aj pohodln\u00e9 a bezpe\u010dn\u00e9 mo\u017enosti vkladu a v\u00fdberu, ako aj vynikaj\u00faci a kompetentn\u00fd z\u00e1kazn\u00edcky servis.<\/p>\n<p><strong>A tu je najd\u00f4le\u017eitej\u0161\u00ed prvok:<\/strong> Ak\u00e9 druhy st\u00e1vok pon\u00fakaj\u00fa na tenis? Skontrolovali sme mnoho st\u00e1vkov\u00fdch webov\u00fdch str\u00e1nok a len ve\u013emi m\u00e1lo z nich je skuto\u010dne dobr\u00fdch, pokia\u013e ide o st\u00e1vkovanie na tenis. Ak chcete naozaj \u010do najlep\u0161ie vyu\u017ei\u0165 svoje existuj\u00face znalosti o tomto \u0161porte a maxim\u00e1lne vyu\u017ei\u0165 tenisov\u00e9 tipy, ktor\u00e9 z\u00edskate tu na na\u0161ej webovej str\u00e1nke, potom je tu jedna webov\u00e1 str\u00e1nka, ktor\u00fa m\u00f4\u017eeme obzvl\u00e1\u0161\u0165 odporu\u010di\u0165.<\/p>\n<p><strong>Pod\u013ea n\u00e1\u0161ho n\u00e1zoru neexistuje lep\u0161ie miesto ako Bet365<\/strong>. Str\u00e1nka svetovej triedy pre v\u0161etky druhy hazardn\u00fdch hier, ako s\u00fa online kas\u00edna, hracie automaty o skuto\u010dn\u00e9 peniaze, online poker, dokonca aj online bingo, je to ich sekcia st\u00e1vkov\u00fdch kancel\u00e1ri\u00ed, ktor\u00e1 vynik\u00e1 skvel\u00fdmi kurzami a \u0161irokou \u0161k\u00e1lou \u0161portov, na ktor\u00e9 m\u00f4\u017eete stavi\u0165. <a href=\"index.php?option=com_content&amp;view=article&amp;id=58&amp;Itemid=220\"><span style=\"text-decoration: underline;\">Pre\u010d\u00edtajte si recenziu Bet365 tu<\/span><\/a> alebo <span style=\"text-decoration: underline;\"><a href=\"go\/bet365.html\" target=\"_blank\" rel=\"noopener\">kliknite sem a prejdite priamo na ich webov\u00fa str\u00e1nku.<\/a><\/span><\/p>\n<p><strong>Najd\u00f4le\u017eitej\u0161ie pre v\u00e1s:<\/strong>\u00a0V Bet365 maj\u00fa z\u010faleka najlep\u0161\u00ed program st\u00e1vok v hre na tenis. M\u00f4\u017eete stavi\u0165 nielen na to, kto vyhr\u00e1 \u010fal\u0161\u00ed gem, set alebo z\u00e1pas. M\u00f4\u017eete stavi\u0165 na to, ko\u013eko gemov bude ma\u0165 aktu\u00e1lny (alebo \u010fal\u0161\u00ed) set, tipova\u0165 v\u00fdsledok nasleduj\u00facich troch hier a mnoho \u010fal\u0161\u00edch mo\u017enost\u00ed a miest, kde m\u00f4\u017eete poda\u0165 ziskov\u00fa st\u00e1vku. Toto je str\u00e1nka, kde m\u00f4\u017eete vyu\u017ei\u0165 na\u0161e tipy na st\u00e1vkovanie na tenis a dosiahnu\u0165 najlep\u0161ie v\u00fdsledky!<\/p>\n<h2>Sledujte svoj z\u00e1pas &#8211; \u017eiv\u00e9 prenosy na Bet365<\/h2>\n<p>Ak chcete pou\u017e\u00edva\u0165 slu\u017ebu \u017eiv\u00e9ho vysielania tenisov\u00fdch z\u00e1pasov, mus\u00edte by\u0165 prihl\u00e1sen\u00ed do svojho \u00fa\u010dtu Bet365 a ma\u0165 vlo\u017een\u00fd \u00fa\u010det alebo ste na dan\u00fd z\u00e1pas v posledn\u00fdch 24 hodin\u00e1ch podali st\u00e1vku. Ak\u00e1ko\u013evek udalos\u0165 na webovej str\u00e1nke Bet365, ktor\u00e1 m\u00e1 ved\u013ea seba ikonu Prehra\u0165 alebo Video, sa m\u00e1 vysiela\u0165 prostredn\u00edctvom \u017eiv\u00e9ho vysielania. Toto samozrejme funguje aj pre futbalov\u00e9 z\u00e1pasy a mnoho \u010fal\u0161\u00edch \u0161portov.<\/p>\n<p>Toto n\u00e1jdete iba na Bet365 a je to typ st\u00e1vky, ktor\u00e1 je naozaj zauj\u00edmav\u00e1 &#8211; ak viete, na \u010do si da\u0165 pozor a ak\u00e9 faktory treba zv\u00e1\u017ei\u0165 pred podan\u00edm takejto tenisovej st\u00e1vky. Ur\u010dite si pre\u010d\u00edtajte \u010dl\u00e1nky na na\u0161ej webovej str\u00e1nke, pom\u00f4\u017eu v\u00e1m z\u00edska\u0165 dobr\u00fd preh\u013ead o prebiehaj\u00facom tenisovom z\u00e1pase.<\/p>\n<h2>Alternat\u00edvne str\u00e1nky na st\u00e1vkovanie na tenis, ak m\u00e1te s\u00eddlo v USA<\/h2>\n<p>Bet365 neprij\u00edma st\u00e1vky od obyvate\u013eov USA, ale Intertops je pre m\u0148a vynikaj\u00facou alternat\u00edvou. So st\u00e1vkami v hre, ktor\u00e9 s\u00fa takmer rovnako dobr\u00e9 ako v Bet365, a \u0161irok\u00fdm v\u00fdberom tenisov\u00fdch st\u00e1vok vo v\u0161eobecnosti, by boli mojou ob\u013e\u00fabenou st\u00e1vkovou kancel\u00e1riou na americkom trhu. <strong><span style=\"text-decoration: underline;\"><a href=\"go\/intertopsen.html\" target=\"_blank\" rel=\"noopener\">Pozrite si ich tu.<\/a><\/span><\/strong><\/p>\n<h2>St\u00e1vkovanie na v\u00ed\u0165azov tenisov\u00fdch z\u00e1pasov a celkov\u00fdch v\u00ed\u0165azov turnajov<\/h2>\n<p>\u010ci u\u017e ide o mu\u017esk\u00fd okruh ATP, \u017eensk\u00fd turnaj WTA, Davisov poh\u00e1r alebo Fed Cup: Pozrieme sa na v\u0161etky hlavn\u00e9 podujatia t\u00fdchto okruhov, skontrolujeme ich \u017erebovanie a vyberieme pre v\u00e1s pravdepodobn\u00fdch v\u00ed\u0165azov s dobr\u00fdmi kurzami. ExistujeNem\u00e1 ve\u013ek\u00fd zmysel stavi\u0165 na to, \u017ee Novak Djokovi\u010d vyhr\u00e1 z\u00e1pas, v ktorom zarob\u00edte 2 dol\u00e1re so st\u00e1vkou 100 dol\u00e1rov. Ale st\u00e1vkovan\u00edm s v\u00fdborn\u00fdm kurzom na outsidera v prvom kole tenisov\u00e9ho z\u00e1pasu, ktor\u00fd v predch\u00e1dzaj\u00facich turnajoch preuk\u00e1zal vynikaj\u00facu formu, by som to urobil ja.<\/p>\n<p>V\u00fdber celkov\u00e9ho v\u00ed\u0165aza v tenisovom turnaji je naj\u0165a\u017e\u0161ia \u00faloha zo v\u0161etk\u00fdch. M\u00f4\u017ee sa sta\u0165 to\u013eko vec\u00ed \u2013 napr\u00edklad \u0161pi\u010dkov\u00fd hr\u00e1\u010d sa m\u00f4\u017ee zrani\u0165 alebo ma\u0165 zl\u00fd de\u0148. A ani tenisov\u00e1 jednotka na svete nem\u00e1 zaru\u010den\u00e9, \u017ee vyhr\u00e1 ka\u017ed\u00fd turnaj, ktor\u00e9ho sa z\u00fa\u010dastn\u00ed. Na\u0161e tipy na st\u00e1vkovanie na tenis v\u00e1m pom\u00f4\u017eu vyhn\u00fa\u0165 sa drah\u00fdm st\u00e1vkam s mal\u00fdm ziskom a zlep\u0161i\u0165 va\u0161e st\u00e1vkov\u00e9 v\u00fdsledky.<\/p>\n","protected":false},"excerpt":{"rendered":"<p>Tipy na st\u00e1vkovanie na tenis Tak\u017ee ste fan\u00fa\u0161ikom tenisu a z\u00e1rove\u0148 sa venujete \u0161portov\u00fdm st\u00e1vkam? Ak \u00e1no, ste na spr\u00e1vnom mieste. Na\u0161a webov\u00e1 str\u00e1nka sa zameriava na poskytnutie podrobn\u00fdch inform\u00e1ci\u00ed o: aktu\u00e1lnych tenisov\u00fdch udalostiach, na ktor\u00e9 m\u00f4\u017eete stavi\u0165 recenzi\u00e1ch najlep\u0161\u00edch st\u00e1vkov\u00fdch kancel\u00e1ri\u00ed na tenisov\u00e9 st\u00e1vky tipoch a tipoch na nadch\u00e1dzaj\u00face tenisov\u00e9 z\u00e1pasy a obzvl\u00e1\u0161\u0165 d\u00f4le\u017eit\u00e9: &#8230; <a title=\"Domov\" class=\"read-more\" href=\"https:\/\/tennisbet.net\/sk\/\" aria-label=\"Pre\u010d\u00edtajte si viac o Domov\">\u010c\u00edta\u0165 viac<\/a><\/p>\n","protected":false},"author":1,"featured_media":0,"parent":0,"menu_order":0,"comment_status":"closed","ping_status":"closed","template":"","meta":{"footnotes":""},"class_list":["post-255","page","type-page","status-publish"],"yoast_head":"<!-- This site is optimized with the Yoast SEO plugin v27.3 - https:\/\/yoast.com\/product\/yoast-seo-wordpress\/ -->\n<title>Dom\u00e1ca tenisov\u00e1 st\u00e1vka<\/title>\n<meta name=\"robots\" content=\"index, follow, max-snippet:-1, max-image-preview:large, max-video-preview:-1\" \/>\n<link rel=\"canonical\" href=\"https:\/\/tennisbet.net\/sk\/\" \/>\n<meta property=\"og:locale\" content=\"sk_SK\" \/>\n<meta property=\"og:type\" content=\"article\" \/>\n<meta property=\"og:title\" content=\"Dom\u00e1ca tenisov\u00e1 st\u00e1vka\" \/>\n<meta property=\"og:description\" content=\"Tipy na st\u00e1vkovanie na tenis Tak\u017ee ste fan\u00fa\u0161ikom tenisu a z\u00e1rove\u0148 sa venujete \u0161portov\u00fdm st\u00e1vkam? Ak \u00e1no, ste na spr\u00e1vnom mieste. Na\u0161a webov\u00e1 str\u00e1nka sa zameriava na poskytnutie podrobn\u00fdch inform\u00e1ci\u00ed o: aktu\u00e1lnych tenisov\u00fdch udalostiach, na ktor\u00e9 m\u00f4\u017eete stavi\u0165 recenzi\u00e1ch najlep\u0161\u00edch st\u00e1vkov\u00fdch kancel\u00e1ri\u00ed na tenisov\u00e9 st\u00e1vky tipoch a tipoch na nadch\u00e1dzaj\u00face tenisov\u00e9 z\u00e1pasy a obzvl\u00e1\u0161\u0165 d\u00f4le\u017eit\u00e9: ... \u010c\u00edta\u0165 viac\" \/>\n<meta property=\"og:url\" content=\"https:\/\/tennisbet.net\/sk\/\" \/>\n<meta name=\"twitter:card\" content=\"summary_large_image\" \/>\n<meta name=\"twitter:label1\" content=\"Predpokladan\u00fd \u010das \u010d\u00edtania\" \/>\n\t<meta name=\"twitter:data1\" content=\"5 min\u00fat\" \/>\n<script type=\"application\/ld+json\" class=\"yoast-schema-graph\">{\"@context\":\"https:\\\/\\\/schema.org\",\"@graph\":[{\"@type\":\"WebPage\",\"@id\":\"https:\\\/\\\/tennisbet.net\\\/sk\\\/\",\"url\":\"https:\\\/\\\/tennisbet.net\\\/sk\\\/\",\"name\":\"Dom\u00e1ca tenisov\u00e1 st\u00e1vka\",\"isPartOf\":{\"@id\":\"https:\\\/\\\/tennisbet.net\\\/sk\\\/#website\"},\"datePublished\":\"2025-08-02T14:17:24+00:00\",\"breadcrumb\":{\"@id\":\"https:\\\/\\\/tennisbet.net\\\/sk\\\/#breadcrumb\"},\"inLanguage\":\"sk-SK\",\"potentialAction\":[{\"@type\":\"ReadAction\",\"target\":[\"https:\\\/\\\/tennisbet.net\\\/sk\\\/\"]}]},{\"@type\":\"BreadcrumbList\",\"@id\":\"https:\\\/\\\/tennisbet.net\\\/sk\\\/#breadcrumb\",\"itemListElement\":[{\"@type\":\"ListItem\",\"position\":1,\"name\":\"Home\",\"item\":\"https:\\\/\\\/tennisbet.net\\\/sk\\\/\"},{\"@type\":\"ListItem\",\"position\":2,\"name\":\"Domov\"}]},{\"@type\":\"WebSite\",\"@id\":\"https:\\\/\\\/tennisbet.net\\\/sk\\\/#website\",\"url\":\"https:\\\/\\\/tennisbet.net\\\/sk\\\/\",\"name\":\"\",\"description\":\"\",\"potentialAction\":[{\"@type\":\"SearchAction\",\"target\":{\"@type\":\"EntryPoint\",\"urlTemplate\":\"https:\\\/\\\/tennisbet.net\\\/sk\\\/?s={search_term_string}\"},\"query-input\":{\"@type\":\"PropertyValueSpecification\",\"valueRequired\":true,\"valueName\":\"search_term_string\"}}],\"inLanguage\":\"sk-SK\"}]}<\/script>\n<!-- \/ Yoast SEO plugin. -->","yoast_head_json":{"title":"Dom\u00e1ca tenisov\u00e1 st\u00e1vka","robots":{"index":"index","follow":"follow","max-snippet":"max-snippet:-1","max-image-preview":"max-image-preview:large","max-video-preview":"max-video-preview:-1"},"canonical":"https:\/\/tennisbet.net\/sk\/","og_locale":"sk_SK","og_type":"article","og_title":"Dom\u00e1ca tenisov\u00e1 st\u00e1vka","og_description":"Tipy na st\u00e1vkovanie na tenis Tak\u017ee ste fan\u00fa\u0161ikom tenisu a z\u00e1rove\u0148 sa venujete \u0161portov\u00fdm st\u00e1vkam? Ak \u00e1no, ste na spr\u00e1vnom mieste. Na\u0161a webov\u00e1 str\u00e1nka sa zameriava na poskytnutie podrobn\u00fdch inform\u00e1ci\u00ed o: aktu\u00e1lnych tenisov\u00fdch udalostiach, na ktor\u00e9 m\u00f4\u017eete stavi\u0165 recenzi\u00e1ch najlep\u0161\u00edch st\u00e1vkov\u00fdch kancel\u00e1ri\u00ed na tenisov\u00e9 st\u00e1vky tipoch a tipoch na nadch\u00e1dzaj\u00face tenisov\u00e9 z\u00e1pasy a obzvl\u00e1\u0161\u0165 d\u00f4le\u017eit\u00e9: ... \u010c\u00edta\u0165 viac","og_url":"https:\/\/tennisbet.net\/sk\/","twitter_card":"summary_large_image","twitter_misc":{"Predpokladan\u00fd \u010das \u010d\u00edtania":"5 min\u00fat"},"schema":{"@context":"https:\/\/schema.org","@graph":[{"@type":"WebPage","@id":"https:\/\/tennisbet.net\/sk\/","url":"https:\/\/tennisbet.net\/sk\/","name":"Dom\u00e1ca tenisov\u00e1 st\u00e1vka","isPartOf":{"@id":"https:\/\/tennisbet.net\/sk\/#website"},"datePublished":"2025-08-02T14:17:24+00:00","breadcrumb":{"@id":"https:\/\/tennisbet.net\/sk\/#breadcrumb"},"inLanguage":"sk-SK","potentialAction":[{"@type":"ReadAction","target":["https:\/\/tennisbet.net\/sk\/"]}]},{"@type":"BreadcrumbList","@id":"https:\/\/tennisbet.net\/sk\/#breadcrumb","itemListElement":[{"@type":"ListItem","position":1,"name":"Home","item":"https:\/\/tennisbet.net\/sk\/"},{"@type":"ListItem","position":2,"name":"Domov"}]},{"@type":"WebSite","@id":"https:\/\/tennisbet.net\/sk\/#website","url":"https:\/\/tennisbet.net\/sk\/","name":"","description":"","potentialAction":[{"@type":"SearchAction","target":{"@type":"EntryPoint","urlTemplate":"https:\/\/tennisbet.net\/sk\/?s={search_term_string}"},"query-input":{"@type":"PropertyValueSpecification","valueRequired":true,"valueName":"search_term_string"}}],"inLanguage":"sk-SK"}]}},"_links":{"self":[{"href":"https:\/\/tennisbet.net\/sk\/wp-json\/wp\/v2\/pages\/255","targetHints":{"allow":["GET"]}}],"collection":[{"href":"https:\/\/tennisbet.net\/sk\/wp-json\/wp\/v2\/pages"}],"about":[{"href":"https:\/\/tennisbet.net\/sk\/wp-json\/wp\/v2\/types\/page"}],"author":[{"embeddable":true,"href":"https:\/\/tennisbet.net\/sk\/wp-json\/wp\/v2\/users\/1"}],"replies":[{"embeddable":true,"href":"https:\/\/tennisbet.net\/sk\/wp-json\/wp\/v2\/comments?post=255"}],"version-history":[{"count":0,"href":"https:\/\/tennisbet.net\/sk\/wp-json\/wp\/v2\/pages\/255\/revisions"}],"wp:attachment":[{"href":"https:\/\/tennisbet.net\/sk\/wp-json\/wp\/v2\/media?parent=255"}],"curies":[{"name":"wp","href":"https:\/\/api.w.org\/{rel}","templated":true}]}}