{"id":253,"date":"2025-08-02T14:17:24","date_gmt":"2025-08-02T14:17:24","guid":{"rendered":"https:\/\/tennisbet.net\/domov\/"},"modified":"2025-08-02T14:17:24","modified_gmt":"2025-08-02T14:17:24","slug":"domov","status":"publish","type":"page","link":"https:\/\/tennisbet.net\/sl\/","title":{"rendered":"Domov"},"content":{"rendered":"<h2>Nasveti za stave na tenis<\/h2>\n<p><span style=\"font-size: 14pt;\">Torej ste ljubitelj tenisa in \u0161portnih stav? \u010ce je tako, ste pri\u0161li na pravo mesto. Na\u0161e spletno mesto vam \u017eeli ponuditi podrobne informacije o:<\/span><\/p>\n<ul>\n<li><span style=\"font-size: 14pt;\"><em><strong>trenutnih teni\u0161kih dogodkih, na katere lahko stavite<\/strong><\/em><\/span><\/li>\n<li><span style=\"font-size: 14pt;\"><em><strong>ocenah najbolj\u0161ih stavnic za teni\u0161ke stave<\/strong><\/em><\/span><\/li>\n<li><span style=\"font-size: 14pt;\"><em><strong>nasvetih in napovedih za prihajajo\u010de teni\u0161ke tekme<\/strong><\/em><\/span><\/li>\n<li><span style=\"font-size: 14pt;\"><em><strong>in, kar je \u0161e posebej pomembno: nasvetih za stave med teni\u0161kimi tekmami<\/strong><\/em><\/span><\/li>\n<\/ul>\n<p>Spletni skrbnik je nekdanji teni\u0161ki profesionalec z desetletji izku\u0161enj s treniranjem. Njegova specialnost je analiza igre ter iskanje prednosti in slabosti dolo\u010denega igralca. Svoje dolgoletne izku\u0161nje s svetovanjem o strategiji tekem in opazovanjem vedenjskih sprememb igralcev med igro uporablja za to, da \u0161portnim stavcem da prednost pred &#8220;hi\u0161o&#8221;, npr. spletnimi stranmi za stave.<\/p>\n<p>Njegovi **nasveti za stave na tenis** vam bodo kot \u0161portnemu stavniku pomagali najti donosne stave na dolo\u010dene dogodke med tekmo, na primer pri napovedovanju, kdo bo naslednji igralec, ki bo izgubil svojo servisno igro. Ali pa si predstavljajte, da lahko ugotovite, da se bo tekma obrnila \u2013 lahko stavite na igralca, ki se zdi v tistem trenutku veliki avtsajder, ko so mo\u017enosti za njegov preobrat odli\u010dne.<\/p>\n<h2>Ocene spletnih strani za stave na tenis<\/h2>\n<p>Seveda je pomembno, katero spletno stran za stave na tenis uporabite za oddajo teni\u0161ke stave. Spletna stran mora imeti odli\u010dne kvote, biti enostavna za navigacijo, ponujati odli\u010den bonus za va\u0161 prvi depozit ter odli\u010dne promocije za obstoje\u010de stranke. Pomembne so tudi udobne in varne mo\u017enosti pologa in dviga, prav tako pa tudi odli\u010dna in kompetentna storitev za stranke.<\/p>\n<p><strong>In tukaj je najpomembnej\u0161i element:<\/strong> Kak\u0161ne stave ponujajo za tenis? Preverili smo veliko spletnih strani za stave in le redke so resni\u010dno dobre, kar zadeva stave na tenis. \u010ce \u017eelite resni\u010dno kar najbolje izkoristiti svoje obstoje\u010de znanje o \u0161portu in kar najbolje izkoristiti teni\u0161ke nasvete, ki jih dobite tukaj na na\u0161i spletni strani, potem obstaja ena spletna stran, ki jo \u0161e posebej priporo\u010damo.<\/p>\n<p><strong>Po na\u0161em mnenju ni bolj\u0161ega mesta kot Bet365<\/strong>. Spletna stran svetovnega razreda za vse vrste iger na sre\u010do, kot so spletne igralnice, igralni avtomati za pravi denar, spletni poker, celo spletni bingo, izstopa pa njihov oddelek za \u0161portne stave z odli\u010dnimi kvotami in \u0161iroko paleto \u0161portov, na katere lahko stavite. <a href=\"index.php?option=com_content&amp;view=article&amp;id=58&amp;Itemid=220\"><span style=\"text-decoration: underline;\">Preberite oceno za Bet365 tukaj<\/span><\/a> ali <span style=\"text-decoration: underline;\"><a href=\"go\/bet365.html\" target=\"_blank\" rel=\"noopener\">kliknite tukaj, da greste neposredno na njihovo spletno stran.<\/a><\/span><\/p>\n<p><strong>Najpomembnej\u0161e za vas:<\/strong>\u00a0Pri Bet365 imajo dale\u010d najbolj\u0161i program za stave v igri za tenis. Stavite lahko in napovedujete ne le, kdo bo zmagal v naslednji igri, nizu ali tekmi. Stavite lahko na to, koliko iger bo imel trenutni (ali naslednji) niz, izberete rezultat naslednjih treh iger in \u0161e veliko ve\u010d mo\u017enosti ter mest, kjer lahko stavite dobi\u010dkonosno. To je spletno mesto, kjer lahko uporabite na\u0161e nasvete za stave na tenis in dose\u017eete najbolj\u0161e rezultate!<\/p>\n<h2>Oglejte si svojo igro &#8211; prenosi v \u017eivo na Bet365<\/h2>\n<p>Za uporabo storitve prenosa v \u017eivo za teni\u0161ke tekme morate biti prijavljeni v svoj ra\u010dun Bet365 in imeti na ra\u010dunu sredstva ali pa ste na to tekmo stavili v zadnjih 24 urah. Vsak dogodek na spletni strani Bet365, ki ima poleg sebe ikono Predvajaj ali Video, bo predvajan prek prenosa v \u017eivo. To seveda deluje tudi za nogometne tekme in \u0161tevilne druge \u0161porte.<\/p>\n<p>To je nekaj, kar najdete samo pri Bet365, in to je vrsta stave, ki je resni\u010dno zanimiva &#8211; \u010de veste, na kaj morate biti pozorni in katere dejavnike morate upo\u0161tevati, preden sklenete tak\u0161no teni\u0161ko stavo. Preberite \u010dlanke na na\u0161i spletni strani, ki vam bodo pomagali dobro &#8220;prebrati&#8221; teko\u010do teni\u0161ko tekmo.<\/p>\n<h2>Alternativna spletna mesta za stave na tenis, \u010de imate sede\u017e v ZDA<\/h2>\n<p>Bet365 ne sprejema stav od prebivalcev ZDA, vendar sem ugotovil, da je Intertops odli\u010dna alternativa. S stavami v igri, ki so skoraj tako dobre kot pri Bet365, in \u0161iroko izbiro stav na tenis na splo\u0161no, bi bila to moja najljub\u0161a stavnica na ameri\u0161kem trgu. <strong><span style=\"text-decoration: underline;\"><a href=\"go\/intertopsen.html\" target=\"_blank\" rel=\"noopener\">Oglejte si jih tukaj.<\/a><\/span><\/strong><\/p>\n<h2>Stave na zmagovalce teni\u0161kih tekem in skupne zmagovalce turnirjev<\/h2>\n<p>Ne glede na to, ali gre za mo\u0161ki ATP krog, \u017eenski WTA dogodek, Davisov pokal ali Fed pokal: ogledali si bomo vse glavne dogodke teh krogov, preverili njihove \u017erebe in izbrali verjetne zmagovalce z dobrimi kvotami za vas. ObstajaNi smiselno staviti na zmago Novaka \u0110okovi\u0107a v tekmi, kjer zaslu\u017eite 2 dolarja s stavo 100 dolarjev. \u010ce pa stavite z odli\u010dno kvoto na avtsajderja v prvem krogu tenisa, ki je na prej\u0161njih turnirjih pokazal odli\u010dno formo, bi to stavil jaz.<\/p>\n<p>Izbrati zmagovalca na teni\u0161kem turnirju je najte\u017eja naloga od vseh. Zgodi se lahko toliko stvari \u2013 na primer, vrhunski igralec se lahko po\u0161koduje ali ima slab dan. In tudi teni\u0161ki igralec \u0161t. 1 na svetu nima zagotovljene zmage na vsakem turnirju, na katerem sodeluje. Na\u0161i nasveti za stave na tenis vam bodo pomagali izogniti se dragim stavam z majhnim dobitkom in izbolj\u0161ati va\u0161e stavne rezultate.<\/p>\n","protected":false},"excerpt":{"rendered":"<p>Nasveti za stave na tenis Torej ste ljubitelj tenisa in \u0161portnih stav? \u010ce je tako, ste pri\u0161li na pravo mesto. Na\u0161e spletno mesto vam \u017eeli ponuditi podrobne informacije o: trenutnih teni\u0161kih dogodkih, na katere lahko stavite ocenah najbolj\u0161ih stavnic za teni\u0161ke stave nasvetih in napovedih za prihajajo\u010de teni\u0161ke tekme in, kar je \u0161e posebej pomembno: &#8230; <a title=\"Domov\" class=\"read-more\" href=\"https:\/\/tennisbet.net\/sl\/\" aria-label=\"Read more about Domov\">Read more<\/a><\/p>\n","protected":false},"author":1,"featured_media":0,"parent":0,"menu_order":0,"comment_status":"closed","ping_status":"closed","template":"","meta":{"footnotes":""},"class_list":["post-253","page","type-page","status-publish"],"yoast_head":"<!-- This site is optimized with the Yoast SEO plugin v27.5 - https:\/\/yoast.com\/product\/yoast-seo-wordpress\/ -->\n<title>Stave na tenis doma<\/title>\n<meta name=\"robots\" content=\"index, follow, max-snippet:-1, max-image-preview:large, max-video-preview:-1\" \/>\n<link rel=\"canonical\" href=\"https:\/\/tennisbet.net\/sl\/\" \/>\n<meta property=\"og:locale\" content=\"sl_SI\" \/>\n<meta property=\"og:type\" content=\"article\" \/>\n<meta property=\"og:title\" content=\"Stave na tenis doma\" \/>\n<meta property=\"og:description\" content=\"Nasveti za stave na tenis Torej ste ljubitelj tenisa in \u0161portnih stav? \u010ce je tako, ste pri\u0161li na pravo mesto. Na\u0161e spletno mesto vam \u017eeli ponuditi podrobne informacije o: trenutnih teni\u0161kih dogodkih, na katere lahko stavite ocenah najbolj\u0161ih stavnic za teni\u0161ke stave nasvetih in napovedih za prihajajo\u010de teni\u0161ke tekme in, kar je \u0161e posebej pomembno: ... Read more\" \/>\n<meta property=\"og:url\" content=\"https:\/\/tennisbet.net\/sl\/\" \/>\n<meta name=\"twitter:card\" content=\"summary_large_image\" \/>\n<meta name=\"twitter:label1\" content=\"Est. reading time\" \/>\n\t<meta name=\"twitter:data1\" content=\"4 minute\" \/>\n<script type=\"application\/ld+json\" class=\"yoast-schema-graph\">{\"@context\":\"https:\\\/\\\/schema.org\",\"@graph\":[{\"@type\":\"WebPage\",\"@id\":\"https:\\\/\\\/tennisbet.net\\\/sl\\\/\",\"url\":\"https:\\\/\\\/tennisbet.net\\\/sl\\\/\",\"name\":\"Stave na tenis doma\",\"isPartOf\":{\"@id\":\"https:\\\/\\\/tennisbet.net\\\/sl\\\/#website\"},\"datePublished\":\"2025-08-02T14:17:24+00:00\",\"breadcrumb\":{\"@id\":\"https:\\\/\\\/tennisbet.net\\\/sl\\\/#breadcrumb\"},\"inLanguage\":\"sl-SI\",\"potentialAction\":[{\"@type\":\"ReadAction\",\"target\":[\"https:\\\/\\\/tennisbet.net\\\/sl\\\/\"]}]},{\"@type\":\"BreadcrumbList\",\"@id\":\"https:\\\/\\\/tennisbet.net\\\/sl\\\/#breadcrumb\",\"itemListElement\":[{\"@type\":\"ListItem\",\"position\":1,\"name\":\"Home\",\"item\":\"https:\\\/\\\/tennisbet.net\\\/sl\\\/\"},{\"@type\":\"ListItem\",\"position\":2,\"name\":\"Domov\"}]},{\"@type\":\"WebSite\",\"@id\":\"https:\\\/\\\/tennisbet.net\\\/sl\\\/#website\",\"url\":\"https:\\\/\\\/tennisbet.net\\\/sl\\\/\",\"name\":\"\",\"description\":\"\",\"potentialAction\":[{\"@type\":\"SearchAction\",\"target\":{\"@type\":\"EntryPoint\",\"urlTemplate\":\"https:\\\/\\\/tennisbet.net\\\/sl\\\/?s={search_term_string}\"},\"query-input\":{\"@type\":\"PropertyValueSpecification\",\"valueRequired\":true,\"valueName\":\"search_term_string\"}}],\"inLanguage\":\"sl-SI\"}]}<\/script>\n<!-- \/ Yoast SEO plugin. -->","yoast_head_json":{"title":"Stave na tenis doma","robots":{"index":"index","follow":"follow","max-snippet":"max-snippet:-1","max-image-preview":"max-image-preview:large","max-video-preview":"max-video-preview:-1"},"canonical":"https:\/\/tennisbet.net\/sl\/","og_locale":"sl_SI","og_type":"article","og_title":"Stave na tenis doma","og_description":"Nasveti za stave na tenis Torej ste ljubitelj tenisa in \u0161portnih stav? \u010ce je tako, ste pri\u0161li na pravo mesto. Na\u0161e spletno mesto vam \u017eeli ponuditi podrobne informacije o: trenutnih teni\u0161kih dogodkih, na katere lahko stavite ocenah najbolj\u0161ih stavnic za teni\u0161ke stave nasvetih in napovedih za prihajajo\u010de teni\u0161ke tekme in, kar je \u0161e posebej pomembno: ... Read more","og_url":"https:\/\/tennisbet.net\/sl\/","twitter_card":"summary_large_image","twitter_misc":{"Est. reading time":"4 minute"},"schema":{"@context":"https:\/\/schema.org","@graph":[{"@type":"WebPage","@id":"https:\/\/tennisbet.net\/sl\/","url":"https:\/\/tennisbet.net\/sl\/","name":"Stave na tenis doma","isPartOf":{"@id":"https:\/\/tennisbet.net\/sl\/#website"},"datePublished":"2025-08-02T14:17:24+00:00","breadcrumb":{"@id":"https:\/\/tennisbet.net\/sl\/#breadcrumb"},"inLanguage":"sl-SI","potentialAction":[{"@type":"ReadAction","target":["https:\/\/tennisbet.net\/sl\/"]}]},{"@type":"BreadcrumbList","@id":"https:\/\/tennisbet.net\/sl\/#breadcrumb","itemListElement":[{"@type":"ListItem","position":1,"name":"Home","item":"https:\/\/tennisbet.net\/sl\/"},{"@type":"ListItem","position":2,"name":"Domov"}]},{"@type":"WebSite","@id":"https:\/\/tennisbet.net\/sl\/#website","url":"https:\/\/tennisbet.net\/sl\/","name":"","description":"","potentialAction":[{"@type":"SearchAction","target":{"@type":"EntryPoint","urlTemplate":"https:\/\/tennisbet.net\/sl\/?s={search_term_string}"},"query-input":{"@type":"PropertyValueSpecification","valueRequired":true,"valueName":"search_term_string"}}],"inLanguage":"sl-SI"}]}},"_links":{"self":[{"href":"https:\/\/tennisbet.net\/sl\/wp-json\/wp\/v2\/pages\/253","targetHints":{"allow":["GET"]}}],"collection":[{"href":"https:\/\/tennisbet.net\/sl\/wp-json\/wp\/v2\/pages"}],"about":[{"href":"https:\/\/tennisbet.net\/sl\/wp-json\/wp\/v2\/types\/page"}],"author":[{"embeddable":true,"href":"https:\/\/tennisbet.net\/sl\/wp-json\/wp\/v2\/users\/1"}],"replies":[{"embeddable":true,"href":"https:\/\/tennisbet.net\/sl\/wp-json\/wp\/v2\/comments?post=253"}],"version-history":[{"count":0,"href":"https:\/\/tennisbet.net\/sl\/wp-json\/wp\/v2\/pages\/253\/revisions"}],"wp:attachment":[{"href":"https:\/\/tennisbet.net\/sl\/wp-json\/wp\/v2\/media?parent=253"}],"curies":[{"name":"wp","href":"https:\/\/api.w.org\/{rel}","templated":true}]}}