{"id":251,"date":"2025-08-02T14:17:24","date_gmt":"2025-08-02T14:17:24","guid":{"rendered":"https:\/\/tennisbet.net\/hem\/"},"modified":"2025-08-02T14:17:24","modified_gmt":"2025-08-02T14:17:24","slug":"hem","status":"publish","type":"page","link":"https:\/\/tennisbet.net\/sv\/","title":{"rendered":"Hem"},"content":{"rendered":"<h2>Tips f\u00f6r tennisspel<\/h2>\n<p><span style=\"font-size: 14pt;\">S\u00e5 du \u00e4r ett tennisfan och \u00e4ven intresserad av sportspel? I s\u00e5 fall har du kommit till r\u00e4tt st\u00e4lle. V\u00e5r webbplats syftar till att ge dig djupg\u00e5ende information om:<\/span><\/p>\n<ul>\n<li><span style=\"font-size: 14pt;\"><em><strong>aktuella tennisevenemang som du kan spela p\u00e5<\/strong><\/em><\/span><\/li>\n<li><span style=\"font-size: 14pt;\"><em><strong>recensioner av den b\u00e4sta sportsbook-sajten f\u00f6r tennisspel<\/strong><\/em><\/span><\/li>\n<li><span style=\"font-size: 14pt;\"><em><strong>tips och tips f\u00f6r kommande tennismatcher<\/strong><\/em><\/span><\/li>\n<li><span style=\"font-size: 14pt;\"><em><strong>och, s\u00e4rskilt viktigt: tips f\u00f6r spel under tennismatcher<\/strong><\/em><\/span><\/li>\n<\/ul>\n<p>Webbansvarig \u00e4r en f\u00f6re detta tennisproffs med \u00e5rtionden av erfarenhet av coachning. Hans specialitet \u00e4r spelanalys samt att hitta styrkor och svagheter hos en specifik spelare. Han anv\u00e4nder sin m\u00e5nga\u00e5riga erfarenhet av att ge r\u00e5d om matchstrategi och att observera beteendef\u00f6r\u00e4ndringar hos spelare under en match f\u00f6r att ge sportspelare en f\u00f6rdel gentemot &#8221;huset&#8221;, t.ex. sportsbook-sajten.<\/p>\n<p>Hans **tennisspeltips** hj\u00e4lper dig som sportspelare att hitta l\u00f6nsamma platser att satsa p\u00e5 vissa h\u00e4ndelser under en match, till exempel f\u00f6r att f\u00f6ruts\u00e4ga vem som blir n\u00e4sta spelare att f\u00f6rlora sin servegame. Eller t\u00e4nk dig att kunna se att en match \u00e4r p\u00e5 v\u00e4g att v\u00e4nda &#8211; du kan satsa p\u00e5 en spelare som verkar vara den stora underdogen just nu, n\u00e4r oddsen f\u00f6r att han ska g\u00f6ra comeback \u00e4r stora.<\/p>\n<h2>Recensioner av tennisspel-sajter<\/h2>\n<p>Naturligtvis \u00e4r det viktigt vilken sportsbook-sajt du anv\u00e4nder f\u00f6r att placera ditt tennisspel. Sajten b\u00f6r ha bra odds, vara l\u00e4tt att navigera, erbjuda en utm\u00e4rkt bonus f\u00f6r din f\u00f6rsta ins\u00e4ttning samt bra kampanjer f\u00f6r befintliga kunder. Bekv\u00e4ma och s\u00e4kra ins\u00e4ttnings- och uttagsalternativ \u00e4r ocks\u00e5 viktiga, liksom utm\u00e4rkt och kompetent kundservice.<\/p>\n<p><strong>Och h\u00e4r \u00e4r det viktigaste:<\/strong> Vilken typ av spel erbjuder de p\u00e5 tennis? Vi har kollat \u200b\u200bm\u00e5nga spelsajter, och endast ett f\u00e5tal \u00e4r riktigt bra n\u00e4r det g\u00e4ller tennisspel. Om du verkligen vill f\u00e5 ut det mesta av din befintliga kunskap om sporten och dra maximal nytta av tennistipsen du f\u00e5r h\u00e4r p\u00e5 v\u00e5r webbplats, s\u00e5 finns det en webbplats som vi kan rekommendera s\u00e4rskilt.<\/p>\n<p><strong>Enligt v\u00e5r mening finns det inget b\u00e4ttre st\u00e4lle \u00e4n Bet365. En webbplats i v\u00e4rldsklass f\u00f6r alla typer av spel, som online casino, slots med riktiga pengar, online poker, till och med online bingo, det \u00e4r deras sportsbook-sektion som sticker ut med bra odds och ett brett utbud av sporter du kan spela p\u00e5. <a href=\"index.php?option=com_content&amp;view=article&amp;id=58&amp;Itemid=220\"><span style=\"text-decoration: underline;\">L\u00e4s recensionen av Bet365 h\u00e4r<\/span><\/a>, eller <span style=\"text-decoration: underline;\"><a href=\"go\/bet365.html\" target=\"_blank\" rel=\"noopener\">klicka h\u00e4r f\u00f6r att g\u00e5 direkt till deras webbplats.<\/a><\/span><\/p>\n<p><strong>Viktigast f\u00f6r dig:<\/strong>\u00a0P\u00e5 Bet365 har de det absolut b\u00e4sta spelprogrammet f\u00f6r tennis. Du kan l\u00e4gga spel som inte bara f\u00f6ruts\u00e4ger vem som vinner n\u00e4sta match, eller set, eller matchen. Du kan spela p\u00e5 hur m\u00e5nga matcher det nuvarande (eller n\u00e4sta) set kommer att ha, v\u00e4lja resultatet av de kommande tre matcherna och m\u00e5nga fler alternativ och platser d\u00e4r du kan l\u00e4gga ett l\u00f6nsamt spel. Det h\u00e4r \u00e4r webbplatsen d\u00e4r du kan anv\u00e4nda v\u00e5ra tennisspeltips och n\u00e5 b\u00e4sta resultat!<\/p>\n<h2>Se din match &#8211; livestreams hos Bet365<\/h2>\n<p>F\u00f6r att anv\u00e4nda livestreamingtj\u00e4nsten f\u00f6r tennismatcher m\u00e5ste du vara inloggad p\u00e5 ditt Bet365-konto och ha ett konto med pengar eller ha lagt ett spel p\u00e5 matchen under de senaste 24 timmarna. Alla evenemang p\u00e5 Bet365:s webbplats som har ikonen Spela eller Video bredvid \u00e4r schemalagda att visas via livestreaming. Detta fungerar naturligtvis \u00e4ven f\u00f6r fotbollsmatcher och m\u00e5nga andra sporter.<\/p>\n<p>Detta \u00e4r n\u00e5got du bara hittar hos Bet365, och det \u00e4r den typen av spel som \u00e4r riktigt intressant &#8211; om du vet vad du ska leta efter och vilka faktorer som m\u00e5ste beaktas innan du g\u00f6r ett s\u00e5dant tennisspel. Se till att l\u00e4sa artiklarna p\u00e5 v\u00e5r webbplats, de hj\u00e4lper dig att f\u00e5 en bra &#8221;l\u00e4sning&#8221; av en p\u00e5g\u00e5ende tennismatch.<\/p>\n<h2>Alternativa bettingsidor f\u00f6r tennis om du \u00e4r baserad i USA<\/h2>\n<p>Bet365 tar inte emot spel fr\u00e5n amerikanska inv\u00e5nare, men jag har funnit att Intertops \u00e4r ett utm\u00e4rkt alternativ. Med spelm\u00f6jligheter n\u00e4stan lika bra som Bet365, och ett brett utbud av tennisspel i allm\u00e4nhet, skulle de vara min favoritsportsbook p\u00e5 den amerikanska marknaden. <strong><span style=\"text-decoration: underline;\"><a href=\"go\/intertopsen.html\" target=\"_blank\" rel=\"noopener\">Kolla in dem h\u00e4r.<\/a><\/span><\/strong><\/p>\n<h2>Spela p\u00e5 vinnare av tennismatcher och turneringsvinnare<\/h2>\n<p>Oavsett om det \u00e4r herrarnas ATP, damernas WTA, Davis Cup eller Fed Cup: Vi kommer att titta p\u00e5 alla huvudevenemang p\u00e5 dessa banor, kontrollera deras lottningar och v\u00e4lja troliga vinnare med bra odds \u00e5t dig. Det finnsDet \u00e4r inte s\u00e4rskilt meningsfullt att satsa p\u00e5 att Novak Djokovic vinner en match d\u00e4r du tj\u00e4nar 2 dollar med en insats p\u00e5 100 dollar. Men genom att l\u00e4gga ett spel med bra odds p\u00e5 en underdog i en f\u00f6rsta omg\u00e5ngsmatch i tennis, n\u00e4r n\u00e4mnda underdog har visat utm\u00e4rkt form i tidigare turneringar \u2013 det \u00e4r den typen av spel jag skulle l\u00e4gga.<\/p>\n<p>Att v\u00e4lja en fullst\u00e4ndig vinnare i en tennisturnering \u00e4r den sv\u00e5raste uppgiften av dem alla. S\u00e5 m\u00e5nga saker kan h\u00e4nda \u2013 en toppspelare kan till exempel drabbas av en skada eller ha en d\u00e5lig dag. Och \u00e4ven den #1-rankade tennisspelaren i v\u00e4rlden \u00e4r inte garanterad att vinna varje turnering han deltar i. V\u00e5ra tennisspeltips hj\u00e4lper dig att undvika dyra spel med liten vinst och f\u00f6rb\u00e4ttra dina spelresultat.<\/p>\n","protected":false},"excerpt":{"rendered":"<p>Tips f\u00f6r tennisspel S\u00e5 du \u00e4r ett tennisfan och \u00e4ven intresserad av sportspel? I s\u00e5 fall har du kommit till r\u00e4tt st\u00e4lle. V\u00e5r webbplats syftar till att ge dig djupg\u00e5ende information om: aktuella tennisevenemang som du kan spela p\u00e5 recensioner av den b\u00e4sta sportsbook-sajten f\u00f6r tennisspel tips och tips f\u00f6r kommande tennismatcher och, s\u00e4rskilt viktigt: &#8230; <a title=\"Hem\" class=\"read-more\" href=\"https:\/\/tennisbet.net\/sv\/\" aria-label=\"L\u00e4s mer om Hem\">L\u00e4s mer<\/a><\/p>\n","protected":false},"author":1,"featured_media":0,"parent":0,"menu_order":0,"comment_status":"closed","ping_status":"closed","template":"","meta":{"footnotes":""},"class_list":["post-251","page","type-page","status-publish"],"yoast_head":"<!-- This site is optimized with the Yoast SEO plugin v27.3 - https:\/\/yoast.com\/product\/yoast-seo-wordpress\/ -->\n<title>Hemma Tennisspel<\/title>\n<meta name=\"robots\" content=\"index, follow, max-snippet:-1, max-image-preview:large, max-video-preview:-1\" \/>\n<link rel=\"canonical\" href=\"https:\/\/tennisbet.net\/sv\/\" \/>\n<meta property=\"og:locale\" content=\"sv_SE\" \/>\n<meta property=\"og:type\" content=\"article\" \/>\n<meta property=\"og:title\" content=\"Hemma Tennisspel\" \/>\n<meta property=\"og:description\" content=\"Tips f\u00f6r tennisspel S\u00e5 du \u00e4r ett tennisfan och \u00e4ven intresserad av sportspel? I s\u00e5 fall har du kommit till r\u00e4tt st\u00e4lle. V\u00e5r webbplats syftar till att ge dig djupg\u00e5ende information om: aktuella tennisevenemang som du kan spela p\u00e5 recensioner av den b\u00e4sta sportsbook-sajten f\u00f6r tennisspel tips och tips f\u00f6r kommande tennismatcher och, s\u00e4rskilt viktigt: ... L\u00e4s mer\" \/>\n<meta property=\"og:url\" content=\"https:\/\/tennisbet.net\/sv\/\" \/>\n<meta name=\"twitter:card\" content=\"summary_large_image\" \/>\n<meta name=\"twitter:label1\" content=\"Ber\u00e4knad l\u00e4stid\" \/>\n\t<meta name=\"twitter:data1\" content=\"5 minuter\" \/>\n<script type=\"application\/ld+json\" class=\"yoast-schema-graph\">{\"@context\":\"https:\\\/\\\/schema.org\",\"@graph\":[{\"@type\":\"WebPage\",\"@id\":\"https:\\\/\\\/tennisbet.net\\\/sv\\\/\",\"url\":\"https:\\\/\\\/tennisbet.net\\\/sv\\\/\",\"name\":\"Hemma Tennisspel\",\"isPartOf\":{\"@id\":\"https:\\\/\\\/tennisbet.net\\\/sv\\\/#website\"},\"datePublished\":\"2025-08-02T14:17:24+00:00\",\"breadcrumb\":{\"@id\":\"https:\\\/\\\/tennisbet.net\\\/sv\\\/#breadcrumb\"},\"inLanguage\":\"sv-SE\",\"potentialAction\":[{\"@type\":\"ReadAction\",\"target\":[\"https:\\\/\\\/tennisbet.net\\\/sv\\\/\"]}]},{\"@type\":\"BreadcrumbList\",\"@id\":\"https:\\\/\\\/tennisbet.net\\\/sv\\\/#breadcrumb\",\"itemListElement\":[{\"@type\":\"ListItem\",\"position\":1,\"name\":\"Home\",\"item\":\"https:\\\/\\\/tennisbet.net\\\/sv\\\/\"},{\"@type\":\"ListItem\",\"position\":2,\"name\":\"Hem\"}]},{\"@type\":\"WebSite\",\"@id\":\"https:\\\/\\\/tennisbet.net\\\/sv\\\/#website\",\"url\":\"https:\\\/\\\/tennisbet.net\\\/sv\\\/\",\"name\":\"\",\"description\":\"\",\"potentialAction\":[{\"@type\":\"SearchAction\",\"target\":{\"@type\":\"EntryPoint\",\"urlTemplate\":\"https:\\\/\\\/tennisbet.net\\\/sv\\\/?s={search_term_string}\"},\"query-input\":{\"@type\":\"PropertyValueSpecification\",\"valueRequired\":true,\"valueName\":\"search_term_string\"}}],\"inLanguage\":\"sv-SE\"}]}<\/script>\n<!-- \/ Yoast SEO plugin. -->","yoast_head_json":{"title":"Hemma Tennisspel","robots":{"index":"index","follow":"follow","max-snippet":"max-snippet:-1","max-image-preview":"max-image-preview:large","max-video-preview":"max-video-preview:-1"},"canonical":"https:\/\/tennisbet.net\/sv\/","og_locale":"sv_SE","og_type":"article","og_title":"Hemma Tennisspel","og_description":"Tips f\u00f6r tennisspel S\u00e5 du \u00e4r ett tennisfan och \u00e4ven intresserad av sportspel? I s\u00e5 fall har du kommit till r\u00e4tt st\u00e4lle. V\u00e5r webbplats syftar till att ge dig djupg\u00e5ende information om: aktuella tennisevenemang som du kan spela p\u00e5 recensioner av den b\u00e4sta sportsbook-sajten f\u00f6r tennisspel tips och tips f\u00f6r kommande tennismatcher och, s\u00e4rskilt viktigt: ... L\u00e4s mer","og_url":"https:\/\/tennisbet.net\/sv\/","twitter_card":"summary_large_image","twitter_misc":{"Ber\u00e4knad l\u00e4stid":"5 minuter"},"schema":{"@context":"https:\/\/schema.org","@graph":[{"@type":"WebPage","@id":"https:\/\/tennisbet.net\/sv\/","url":"https:\/\/tennisbet.net\/sv\/","name":"Hemma Tennisspel","isPartOf":{"@id":"https:\/\/tennisbet.net\/sv\/#website"},"datePublished":"2025-08-02T14:17:24+00:00","breadcrumb":{"@id":"https:\/\/tennisbet.net\/sv\/#breadcrumb"},"inLanguage":"sv-SE","potentialAction":[{"@type":"ReadAction","target":["https:\/\/tennisbet.net\/sv\/"]}]},{"@type":"BreadcrumbList","@id":"https:\/\/tennisbet.net\/sv\/#breadcrumb","itemListElement":[{"@type":"ListItem","position":1,"name":"Home","item":"https:\/\/tennisbet.net\/sv\/"},{"@type":"ListItem","position":2,"name":"Hem"}]},{"@type":"WebSite","@id":"https:\/\/tennisbet.net\/sv\/#website","url":"https:\/\/tennisbet.net\/sv\/","name":"","description":"","potentialAction":[{"@type":"SearchAction","target":{"@type":"EntryPoint","urlTemplate":"https:\/\/tennisbet.net\/sv\/?s={search_term_string}"},"query-input":{"@type":"PropertyValueSpecification","valueRequired":true,"valueName":"search_term_string"}}],"inLanguage":"sv-SE"}]}},"_links":{"self":[{"href":"https:\/\/tennisbet.net\/sv\/wp-json\/wp\/v2\/pages\/251","targetHints":{"allow":["GET"]}}],"collection":[{"href":"https:\/\/tennisbet.net\/sv\/wp-json\/wp\/v2\/pages"}],"about":[{"href":"https:\/\/tennisbet.net\/sv\/wp-json\/wp\/v2\/types\/page"}],"author":[{"embeddable":true,"href":"https:\/\/tennisbet.net\/sv\/wp-json\/wp\/v2\/users\/1"}],"replies":[{"embeddable":true,"href":"https:\/\/tennisbet.net\/sv\/wp-json\/wp\/v2\/comments?post=251"}],"version-history":[{"count":0,"href":"https:\/\/tennisbet.net\/sv\/wp-json\/wp\/v2\/pages\/251\/revisions"}],"wp:attachment":[{"href":"https:\/\/tennisbet.net\/sv\/wp-json\/wp\/v2\/media?parent=251"}],"curies":[{"name":"wp","href":"https:\/\/api.w.org\/{rel}","templated":true}]}}