{"id":249,"date":"2025-08-02T14:17:24","date_gmt":"2025-08-02T14:17:24","guid":{"rendered":"https:\/\/tennisbet.net\/ev\/"},"modified":"2025-08-02T14:17:24","modified_gmt":"2025-08-02T14:17:24","slug":"ev","status":"publish","type":"page","link":"https:\/\/tennisbet.net\/tr\/","title":{"rendered":"Ev"},"content":{"rendered":"<h2>Tenis Bahis \u0130pu\u00e7lar\u0131<\/h2>\n<p><span style=\"font-size: 14pt;\">Tenis hayran\u0131s\u0131n\u0131z ve ayn\u0131 zamanda spor bahislerine de merakl\u0131s\u0131n\u0131z, \u00f6yle mi? \u00d6yleyse do\u011fru yerdesiniz. Web sitemiz size \u015fu konularda derinlemesine bilgi vermeyi ama\u00e7lamaktad\u0131r:<\/span><\/p>\n<ul>\n<li><span style=\"font-size: 14pt;\"><em><strong>bahis oynayabilece\u011finiz g\u00fcncel tenis etkinlikleri<\/strong><\/em><\/span><\/li>\n<li><span style=\"font-size: 14pt;\"><em><strong>tenis bahisleri i\u00e7in en iyi spor bahis sitesi incelemeleri<\/strong><\/em><\/span><\/li>\n<li><span style=\"font-size: 14pt;\"><em><strong>yakla\u015fan tenis ma\u00e7lar\u0131 i\u00e7in ipu\u00e7lar\u0131 ve se\u00e7imler<\/strong><\/em><\/span><\/li>\n<li><span style=\"font-size: 14pt;\"><em><strong>ve \u00f6zellikle \u00f6nemli olan\u0131: tenis ma\u00e7lar\u0131 s\u0131ras\u0131nda oyun i\u00e7i bahis ipu\u00e7lar\u0131<\/strong><\/em><\/span><\/li>\n<\/ul>\n<p>Web y\u00f6neticisi, onlarca y\u0131ll\u0131k ko\u00e7luk deneyimine sahip eski bir tenis profesyonelidir. Uzmanl\u0131k alan\u0131, oyun analizi ve belirli bir oyuncunun g\u00fc\u00e7l\u00fc ve zay\u0131f y\u00f6nlerini bulmakt\u0131r. Ma\u00e7 stratejileri konusunda uzun y\u0131llara dayanan dan\u0131\u015fmanl\u0131k deneyimini ve oyuncular\u0131n oyun s\u0131ras\u0131ndaki davran\u0131\u015f de\u011fi\u015fikliklerini g\u00f6zlemleyerek spor bahis\u00e7ilerine &#8220;kumarhaneye&#8221; (\u00f6rne\u011fin spor bahisleri sitesi) kar\u015f\u0131 bir avantaj sa\u011flamak i\u00e7in kullan\u0131yor.<\/p>\n<p><strong>Tenis bahis ipu\u00e7lar\u0131<\/strong>, bir spor bahis\u00e7isi olarak, \u00f6rne\u011fin servis oyununu kaybedecek bir sonraki oyuncunun kim olaca\u011f\u0131n\u0131 tahmin etmek gibi, ma\u00e7 s\u0131ras\u0131nda belirli olaylara bahis oynamak i\u00e7in karl\u0131 noktalar bulman\u0131za yard\u0131mc\u0131 olacakt\u0131r. Ya da bir ma\u00e7\u0131n d\u00f6nmek \u00fczere oldu\u011funu tahmin edebildi\u011finizi d\u00fc\u015f\u00fcn\u00fcn; o anda b\u00fcy\u00fck bir dezavantajl\u0131 gibi g\u00f6r\u00fcnen, ancak geri d\u00f6n\u00fc\u015f yapma olas\u0131l\u0131\u011f\u0131 y\u00fcksek bir oyuncuya bahis oynayabilirsiniz.<\/p>\n<h2>Tenis bahis siteleri incelemeleri<\/h2>\n<p>Elbette tenis bahsinizi hangi spor bahisleri sitesini kullanarak yapt\u0131\u011f\u0131n\u0131z \u00f6nemlidir. Sitenin harika oranlara sahip olmas\u0131, gezinmesi kolay olmas\u0131, ilk para yat\u0131rma i\u015flemi i\u00e7in m\u00fckemmel bir bonus ve mevcut m\u00fc\u015fteriler i\u00e7in harika promosyonlar sunmas\u0131 gerekir. Rahat ve g\u00fcvenli para yat\u0131rma ve \u00e7ekme se\u00e7enekleri ve m\u00fckemmel ve yetkin m\u00fc\u015fteri hizmetleri de \u00f6nemlidir.<\/p>\n<p><strong>Ve i\u015fte en \u00f6nemli unsur:<\/strong> Tenis i\u00e7in ne t\u00fcr bahisler sunuyorlar? Bir\u00e7ok bahis sitesini inceledik ve tenis bahisleri konusunda ger\u00e7ekten iyi olan \u00e7ok az site var. Spor hakk\u0131ndaki mevcut bilginizden en iyi \u015fekilde yararlanmak ve web sitemizde bulabilece\u011finiz tenis ipu\u00e7lar\u0131ndan maksimum d\u00fczeyde yararlanmak istiyorsan\u0131z, \u00f6zellikle tavsiye edebilece\u011fimiz bir web sitesi var.<\/p>\n<p><strong>Bize g\u00f6re, Bet365&#8217;ten daha iyi bir yer yok<\/strong>. \u00c7evrimi\u00e7i casino, ger\u00e7ek paral\u0131 slotlar, \u00e7evrimi\u00e7i poker ve hatta \u00e7evrimi\u00e7i bingo gibi her t\u00fcrl\u00fc kumar i\u00e7in d\u00fcnya standartlar\u0131nda bir site olan spor bahisleri b\u00f6l\u00fcm\u00fc, harika oranlar\u0131 ve bahis oynayabilece\u011finiz \u00e7ok \u00e7e\u015fitli spor dallar\u0131yla \u00f6ne \u00e7\u0131k\u0131yor. <a href=\"index.php?option=com_content&amp;view=article&amp;id=58&amp;Itemid=220\"><span style=\"text-decoration: underline;\">Bet365 incelemesini buradan okuyun<\/span><\/a> veya <span style=\"text-decoration: underline;\"><a href=\"go\/bet365.html\" target=\"_blank\" rel=\"noopener\">do\u011frudan web sitelerine gitmek i\u00e7in buraya t\u0131klay\u0131n.<\/a><\/span><\/p>\n<p><strong>Sizin i\u00e7in en \u00f6nemlisi:<\/strong>\u00a0Bet365, tenis i\u00e7in a\u00e7\u0131k ara en iyi oyun i\u00e7i bahis program\u0131na sahip. Sadece bir sonraki oyunu, seti veya ma\u00e7\u0131 kimin kazanaca\u011f\u0131n\u0131 tahmin ederek de\u011fil, mevcut (veya bir sonraki) setin ka\u00e7 oyun s\u00fcrece\u011fine, sonraki \u00fc\u00e7 oyunun sonucunu tahmin ederek ve karl\u0131 bir bahis oynayabilece\u011finiz daha bir\u00e7ok se\u00e7enek ve nokta \u00fczerine bahis oynayabilirsiniz. Tenis bahis ipu\u00e7lar\u0131m\u0131z\u0131 kullanabilece\u011finiz ve en iyi sonu\u00e7lara ula\u015fabilece\u011finiz site buras\u0131!<\/p>\n<p>Ma\u00e7\u0131n\u0131z\u0131 Bet365&#8217;te canl\u0131 yay\u0131nlarla izleyin<\/p>\n<p>Tenis ma\u00e7lar\u0131 i\u00e7in Canl\u0131 Yay\u0131n hizmetini kullanmak i\u00e7in Bet365 hesab\u0131n\u0131za giri\u015f yapm\u0131\u015f olman\u0131z ve hesab\u0131n\u0131za para yat\u0131rm\u0131\u015f olman\u0131z veya son 24 saat i\u00e7inde o ma\u00e7a bahis oynam\u0131\u015f olman\u0131z gerekir. Bet365 web sitesinde, yan\u0131nda Oynat veya Video simgesi bulunan t\u00fcm etkinlikler Canl\u0131 Yay\u0131n arac\u0131l\u0131\u011f\u0131yla yay\u0131nlanacakt\u0131r. Bu, elbette futbol ma\u00e7lar\u0131 ve di\u011fer bir\u00e7ok spor dal\u0131 i\u00e7in de ge\u00e7erlidir.<\/p>\n<p>Bu, yaln\u0131zca Bet365&#8217;te bulabilece\u011finiz bir \u015feydir ve ger\u00e7ekten ilgi \u00e7ekici bir bahis t\u00fcr\u00fcd\u00fcr &#8211; e\u011fer nelere dikkat etmeniz gerekti\u011fini ve b\u00f6yle bir tenis bahsi yapmadan \u00f6nce hangi fakt\u00f6rlerin dikkate al\u0131nmas\u0131 gerekti\u011fini biliyorsan\u0131z. Web sitemizdeki makaleleri mutlaka okuyun, devam eden bir tenis ma\u00e7\u0131 hakk\u0131nda iyi bir fikir edinmenize yard\u0131mc\u0131 olacakt\u0131r. <\/p>\n<h2>ABD&#8217;deyseniz alternatif tenis bahis siteleri<\/h2>\n<p>Bet365, ABD&#8217;de ikamet edenlerden bahis kabul etmiyor, ancak Intertops&#8217;un m\u00fckemmel bir alternatif oldu\u011funu d\u00fc\u015f\u00fcn\u00fcyorum. Oyun i\u00e7i bahisleri neredeyse Bet365 kadar iyi ve genel olarak geni\u015f bir tenis bahis yelpazesi sunan Intertops, ABD pazar\u0131ndaki en sevdi\u011fim spor bahis sitesi. <strong><span style=\"text-decoration: underline;\"><a href=\"go\/intertopsen.html\" target=\"_blank\" rel=\"noopener\">Buradan inceleyin.<\/a><\/span><\/strong><\/p>\n<h2>Tenis ma\u00e7\u0131 kazananlar\u0131na ve turnuva kazananlar\u0131na bahis<\/h2>\n<p>\u0130ster Erkekler ATP turu, ister Kad\u0131nlar WTA etkinli\u011fi, ister Davis Kupas\u0131 veya Fed Kupas\u0131 olsun: Bu turlar\u0131n t\u00fcm ana etkinliklerine bakaca\u011f\u0131z, kuralar\u0131n\u0131 kontrol edece\u011fiz ve sizin i\u00e7in iyi oranlarla muhtemel kazananlar\u0131 se\u00e7ece\u011fiz.100 dolarl\u0131k bir bahisle 2 dolar kazand\u0131\u011f\u0131n\u0131z bir ma\u00e7ta Novak Djokovic&#8217;in kazanmas\u0131na bahis oynaman\u0131n pek bir anlam\u0131 yok. Ancak, ilk turdaki bir tenis ma\u00e7\u0131nda, s\u00f6z konusu zay\u0131f tak\u0131m\u0131n \u00f6nceki turnuvalarda m\u00fckemmel bir performans sergilemi\u015f olmas\u0131 durumunda, harika oranlarla bahis oynamak, benim yapaca\u011f\u0131m t\u00fcrden bir bahis.<\/p>\n<p>Bir tenis turnuvas\u0131nda a\u00e7\u0131k ara kazanan\u0131 belirlemek, en zor i\u015ftir. Bir\u00e7ok \u015fey olabilir; \u00f6rne\u011fin, en iyi oyunculardan biri sakatlanabilir veya k\u00f6t\u00fc bir g\u00fcn ge\u00e7irebilir. Ve d\u00fcnyan\u0131n 1 numaral\u0131 tenis oyuncusu bile kat\u0131ld\u0131\u011f\u0131 her turnuvay\u0131 kazanaca\u011f\u0131n\u0131n garantisini veremez. Tenis bahis ipu\u00e7lar\u0131m\u0131z, az kazan\u00e7la pahal\u0131 bahislerden ka\u00e7\u0131nman\u0131za ve bahis sonu\u00e7lar\u0131n\u0131z\u0131 iyile\u015ftirmenize yard\u0131mc\u0131 olacakt\u0131r.<\/p>\n","protected":false},"excerpt":{"rendered":"<p>Tenis Bahis \u0130pu\u00e7lar\u0131 Tenis hayran\u0131s\u0131n\u0131z ve ayn\u0131 zamanda spor bahislerine de merakl\u0131s\u0131n\u0131z, \u00f6yle mi? \u00d6yleyse do\u011fru yerdesiniz. Web sitemiz size \u015fu konularda derinlemesine bilgi vermeyi ama\u00e7lamaktad\u0131r: bahis oynayabilece\u011finiz g\u00fcncel tenis etkinlikleri tenis bahisleri i\u00e7in en iyi spor bahis sitesi incelemeleri yakla\u015fan tenis ma\u00e7lar\u0131 i\u00e7in ipu\u00e7lar\u0131 ve se\u00e7imler ve \u00f6zellikle \u00f6nemli olan\u0131: tenis ma\u00e7lar\u0131 s\u0131ras\u0131nda oyun &#8230; <a title=\"Ev\" class=\"read-more\" href=\"https:\/\/tennisbet.net\/tr\/\" aria-label=\"Read more about Ev\">Devam\u0131n\u0131 oku<\/a><\/p>\n","protected":false},"author":1,"featured_media":0,"parent":0,"menu_order":0,"comment_status":"closed","ping_status":"closed","template":"","meta":{"footnotes":""},"class_list":["post-249","page","type-page","status-publish"],"yoast_head":"<!-- This site is optimized with the Yoast SEO plugin v27.5 - https:\/\/yoast.com\/product\/yoast-seo-wordpress\/ -->\n<title>Ana Sayfa Tenis Bahisleri<\/title>\n<meta name=\"robots\" content=\"index, follow, max-snippet:-1, max-image-preview:large, max-video-preview:-1\" \/>\n<link rel=\"canonical\" href=\"https:\/\/tennisbet.net\/tr\/\" \/>\n<meta property=\"og:locale\" content=\"tr_TR\" \/>\n<meta property=\"og:type\" content=\"article\" \/>\n<meta property=\"og:title\" content=\"Ana Sayfa Tenis Bahisleri\" \/>\n<meta property=\"og:description\" content=\"Tenis Bahis \u0130pu\u00e7lar\u0131 Tenis hayran\u0131s\u0131n\u0131z ve ayn\u0131 zamanda spor bahislerine de merakl\u0131s\u0131n\u0131z, \u00f6yle mi? \u00d6yleyse do\u011fru yerdesiniz. Web sitemiz size \u015fu konularda derinlemesine bilgi vermeyi ama\u00e7lamaktad\u0131r: bahis oynayabilece\u011finiz g\u00fcncel tenis etkinlikleri tenis bahisleri i\u00e7in en iyi spor bahis sitesi incelemeleri yakla\u015fan tenis ma\u00e7lar\u0131 i\u00e7in ipu\u00e7lar\u0131 ve se\u00e7imler ve \u00f6zellikle \u00f6nemli olan\u0131: tenis ma\u00e7lar\u0131 s\u0131ras\u0131nda oyun ... Devam\u0131n\u0131 oku\" \/>\n<meta property=\"og:url\" content=\"https:\/\/tennisbet.net\/tr\/\" \/>\n<meta name=\"twitter:card\" content=\"summary_large_image\" \/>\n<meta name=\"twitter:label1\" content=\"Tahmini okuma s\u00fcresi\" \/>\n\t<meta name=\"twitter:data1\" content=\"5 dakika\" \/>\n<script type=\"application\/ld+json\" class=\"yoast-schema-graph\">{\"@context\":\"https:\\\/\\\/schema.org\",\"@graph\":[{\"@type\":\"WebPage\",\"@id\":\"https:\\\/\\\/tennisbet.net\\\/tr\\\/\",\"url\":\"https:\\\/\\\/tennisbet.net\\\/tr\\\/\",\"name\":\"Ana Sayfa Tenis Bahisleri\",\"isPartOf\":{\"@id\":\"https:\\\/\\\/tennisbet.net\\\/tr\\\/#website\"},\"datePublished\":\"2025-08-02T14:17:24+00:00\",\"breadcrumb\":{\"@id\":\"https:\\\/\\\/tennisbet.net\\\/tr\\\/#breadcrumb\"},\"inLanguage\":\"tr\",\"potentialAction\":[{\"@type\":\"ReadAction\",\"target\":[\"https:\\\/\\\/tennisbet.net\\\/tr\\\/\"]}]},{\"@type\":\"BreadcrumbList\",\"@id\":\"https:\\\/\\\/tennisbet.net\\\/tr\\\/#breadcrumb\",\"itemListElement\":[{\"@type\":\"ListItem\",\"position\":1,\"name\":\"Home\",\"item\":\"https:\\\/\\\/tennisbet.net\\\/tr\\\/\"},{\"@type\":\"ListItem\",\"position\":2,\"name\":\"Ev\"}]},{\"@type\":\"WebSite\",\"@id\":\"https:\\\/\\\/tennisbet.net\\\/tr\\\/#website\",\"url\":\"https:\\\/\\\/tennisbet.net\\\/tr\\\/\",\"name\":\"\",\"description\":\"\",\"potentialAction\":[{\"@type\":\"SearchAction\",\"target\":{\"@type\":\"EntryPoint\",\"urlTemplate\":\"https:\\\/\\\/tennisbet.net\\\/tr\\\/?s={search_term_string}\"},\"query-input\":{\"@type\":\"PropertyValueSpecification\",\"valueRequired\":true,\"valueName\":\"search_term_string\"}}],\"inLanguage\":\"tr\"}]}<\/script>\n<!-- \/ Yoast SEO plugin. -->","yoast_head_json":{"title":"Ana Sayfa Tenis Bahisleri","robots":{"index":"index","follow":"follow","max-snippet":"max-snippet:-1","max-image-preview":"max-image-preview:large","max-video-preview":"max-video-preview:-1"},"canonical":"https:\/\/tennisbet.net\/tr\/","og_locale":"tr_TR","og_type":"article","og_title":"Ana Sayfa Tenis Bahisleri","og_description":"Tenis Bahis \u0130pu\u00e7lar\u0131 Tenis hayran\u0131s\u0131n\u0131z ve ayn\u0131 zamanda spor bahislerine de merakl\u0131s\u0131n\u0131z, \u00f6yle mi? \u00d6yleyse do\u011fru yerdesiniz. Web sitemiz size \u015fu konularda derinlemesine bilgi vermeyi ama\u00e7lamaktad\u0131r: bahis oynayabilece\u011finiz g\u00fcncel tenis etkinlikleri tenis bahisleri i\u00e7in en iyi spor bahis sitesi incelemeleri yakla\u015fan tenis ma\u00e7lar\u0131 i\u00e7in ipu\u00e7lar\u0131 ve se\u00e7imler ve \u00f6zellikle \u00f6nemli olan\u0131: tenis ma\u00e7lar\u0131 s\u0131ras\u0131nda oyun ... Devam\u0131n\u0131 oku","og_url":"https:\/\/tennisbet.net\/tr\/","twitter_card":"summary_large_image","twitter_misc":{"Tahmini okuma s\u00fcresi":"5 dakika"},"schema":{"@context":"https:\/\/schema.org","@graph":[{"@type":"WebPage","@id":"https:\/\/tennisbet.net\/tr\/","url":"https:\/\/tennisbet.net\/tr\/","name":"Ana Sayfa Tenis Bahisleri","isPartOf":{"@id":"https:\/\/tennisbet.net\/tr\/#website"},"datePublished":"2025-08-02T14:17:24+00:00","breadcrumb":{"@id":"https:\/\/tennisbet.net\/tr\/#breadcrumb"},"inLanguage":"tr","potentialAction":[{"@type":"ReadAction","target":["https:\/\/tennisbet.net\/tr\/"]}]},{"@type":"BreadcrumbList","@id":"https:\/\/tennisbet.net\/tr\/#breadcrumb","itemListElement":[{"@type":"ListItem","position":1,"name":"Home","item":"https:\/\/tennisbet.net\/tr\/"},{"@type":"ListItem","position":2,"name":"Ev"}]},{"@type":"WebSite","@id":"https:\/\/tennisbet.net\/tr\/#website","url":"https:\/\/tennisbet.net\/tr\/","name":"","description":"","potentialAction":[{"@type":"SearchAction","target":{"@type":"EntryPoint","urlTemplate":"https:\/\/tennisbet.net\/tr\/?s={search_term_string}"},"query-input":{"@type":"PropertyValueSpecification","valueRequired":true,"valueName":"search_term_string"}}],"inLanguage":"tr"}]}},"_links":{"self":[{"href":"https:\/\/tennisbet.net\/tr\/wp-json\/wp\/v2\/pages\/249","targetHints":{"allow":["GET"]}}],"collection":[{"href":"https:\/\/tennisbet.net\/tr\/wp-json\/wp\/v2\/pages"}],"about":[{"href":"https:\/\/tennisbet.net\/tr\/wp-json\/wp\/v2\/types\/page"}],"author":[{"embeddable":true,"href":"https:\/\/tennisbet.net\/tr\/wp-json\/wp\/v2\/users\/1"}],"replies":[{"embeddable":true,"href":"https:\/\/tennisbet.net\/tr\/wp-json\/wp\/v2\/comments?post=249"}],"version-history":[{"count":0,"href":"https:\/\/tennisbet.net\/tr\/wp-json\/wp\/v2\/pages\/249\/revisions"}],"wp:attachment":[{"href":"https:\/\/tennisbet.net\/tr\/wp-json\/wp\/v2\/media?parent=249"}],"curies":[{"name":"wp","href":"https:\/\/api.w.org\/{rel}","templated":true}]}}